{"id":793,"date":"2018-04-24T17:17:31","date_gmt":"2018-04-24T20:17:31","guid":{"rendered":"https:\/\/saude.ufpr.br\/medicina\/?page_id=793"},"modified":"2018-04-26T18:05:59","modified_gmt":"2018-04-26T21:05:59","slug":"monitoria","status":"publish","type":"page","link":"https:\/\/saude.ufpr.br\/medicina\/monitoria\/","title":{"rendered":"Monitoria"},"content":{"rendered":"<p>Tradicional nas universidades brasileiras, a monitoria tem passado por diversas transforma\u00e7\u00f5es. A partir de 2008, na UFPR, a monitoria passou a ser chamada PID e ganhou contornos mais formativos. Transcorrida quase uma d\u00e9cada, a monitoria ganha novas caracter\u00edsticas, a fim de atender com mais \u00eanfase a um dos seus objetivos tradicionais. A saber, o de proporcionar apoio e acompanhamento aos estudantes, em hor\u00e1rios alternativos \u00e0s aulas e demais atividades curriculares, particularmente na execu\u00e7\u00e3o de trabalhos, estudos complementares e no desenvolvimento de habilidades especificas requeridas para o pleno cumprimento do projeto pedag\u00f3gico do curso.<\/p>\n<p>PARA MAIORES INFORMA\u00c7\u00d5ES ACESSE O SITE DA <a href=\"http:\/\/www.prograd.ufpr.br\/copeg\/monitoriapidpim\/\" target=\"_blank\" rel=\"noopener\">PR\u00d3-REITORIA DE EDUCA\u00c7\u00c3O E GRADUA\u00c7\u00c3O PROFISSIONAL\u00a0<\/a><\/p>\n","protected":false},"excerpt":{"rendered":"<p>Tradicional nas universidades brasileiras, a monitoria tem passado por diversas transforma\u00e7\u00f5es. A partir de 2008, na UFPR, a monitoria passou a ser chamada PID e ganhou contornos mais formativos. Transcorrida quase uma d\u00e9cada, a monitoria ganha novas caracter\u00edsticas, a fim de atender com mais \u00eanfase a um dos seus objetivos tradicionais. A saber, o de<br \/> <a href=\"https:\/\/saude.ufpr.br\/medicina\/monitoria\/\" class=\"button success small readmore\">Leia mais<\/a><\/p>\n","protected":false},"author":15,"featured_media":0,"parent":0,"menu_order":0,"comment_status":"closed","ping_status":"closed","template":"","meta":{"_acf_changed":false,"_uag_custom_page_level_css":"","footnotes":""},"class_list":["post-793","page","type-page","status-publish","hentry"],"acf":[],"featured_image_src":null,"uagb_featured_image_src":{"full":false,"thumbnail":false,"medium":false,"medium_large":false,"large":false,"1536x1536":false,"2048x2048":false,"noticias-thumb":false,"banners-thumb":false,"maisnoticias-thumb":false,"post-thumbnail":false},"uagb_author_info":{"display_name":"Andrea Jankoski","author_link":"https:\/\/saude.ufpr.br\/medicina\/author\/andrea\/"},"uagb_comment_info":0,"uagb_excerpt":"Tradicional nas universidades brasileiras, a monitoria tem passado por diversas transforma\u00e7\u00f5es. A partir de 2008, na UFPR, a monitoria passou a ser chamada PID e ganhou contornos mais formativos. Transcorrida quase uma d\u00e9cada, a monitoria ganha novas caracter\u00edsticas, a fim de atender com mais \u00eanfase a um dos seus objetivos tradicionais. A saber, o de&hellip;","publishpress_future_action":{"enabled":false,"date":"2026-04-25 05:32:00","action":"change-status","newStatus":"draft","terms":[],"taxonomy":"","extraData":[]},"publishpress_future_workflow_manual_trigger":{"enabledWorkflows":[]},"_links":{"self":[{"href":"https:\/\/saude.ufpr.br\/medicina\/wp-json\/wp\/v2\/pages\/793","targetHints":{"allow":["GET"]}}],"collection":[{"href":"https:\/\/saude.ufpr.br\/medicina\/wp-json\/wp\/v2\/pages"}],"about":[{"href":"https:\/\/saude.ufpr.br\/medicina\/wp-json\/wp\/v2\/types\/page"}],"author":[{"embeddable":true,"href":"https:\/\/saude.ufpr.br\/medicina\/wp-json\/wp\/v2\/users\/15"}],"replies":[{"embeddable":true,"href":"https:\/\/saude.ufpr.br\/medicina\/wp-json\/wp\/v2\/comments?post=793"}],"version-history":[{"count":3,"href":"https:\/\/saude.ufpr.br\/medicina\/wp-json\/wp\/v2\/pages\/793\/revisions"}],"predecessor-version":[{"id":823,"href":"https:\/\/saude.ufpr.br\/medicina\/wp-json\/wp\/v2\/pages\/793\/revisions\/823"}],"wp:attachment":[{"href":"https:\/\/saude.ufpr.br\/medicina\/wp-json\/wp\/v2\/media?parent=793"}],"curies":[{"name":"wp","href":"https:\/\/api.w.org\/{rel}","templated":true}]}}