{"id":795,"date":"2018-04-24T17:17:45","date_gmt":"2018-04-24T20:17:45","guid":{"rendered":"https:\/\/saude.ufpr.br\/medicina\/?page_id=795"},"modified":"2018-04-26T18:07:28","modified_gmt":"2018-04-26T21:07:28","slug":"pva","status":"publish","type":"page","link":"https:\/\/saude.ufpr.br\/medicina\/pva\/","title":{"rendered":"PVA"},"content":{"rendered":"<p>Visa oportunizar a participa\u00e7\u00e3o do corpo discente em atividades acad\u00eamicas de natureza educacional e cient\u00edfica, sob a orienta\u00e7\u00e3o de um professor, no \u00e2mbito da UFPR.\u00a0A participa\u00e7\u00e3o do estudante no PVA \u00e9 regulamenta pela Resolu\u00e7\u00e3o 76\/09 do CEPE e n\u00e3o gera v\u00ednculo empregat\u00edcio, obriga\u00e7\u00e3o trabalhista, previdenci\u00e1ria ou afim, conforme a legisla\u00e7\u00e3o em vigor.<\/p>\n<p>Poder\u00e3o participar do Programa de Voluntariado Acad\u00eamico os alunos regularmente matriculados em cursos de gradua\u00e7\u00e3o ou profissionalizante da UFPR. O hor\u00e1rio destinado \u00e0s atividades do programa n\u00e3o poder\u00e1, em hip\u00f3tese alguma, coincidir com a grade hor\u00e1ria das disciplinas em que o aluno estiver matriculado. A participa\u00e7\u00e3o do estudante no PVA ser\u00e1 considerada como atividade formativa complementar, desde que previsto no projeto pol\u00edtico pedag\u00f3gico do curso.<\/p>\n<p>PARA MAIORES INFORMA\u00c7\u00d5ES ACESSE O SITE DA\u00a0<a href=\"http:\/\/www.prograd.ufpr.br\/copeg\/pva-programa-voluntariado-academico\/\" target=\"_blank\" rel=\"noopener\">PR\u00d3-REITORIA DE EDUCA\u00c7\u00c3O E GRADUA\u00c7\u00c3O PROFISSIONAL\u00a0<\/a><\/p>\n","protected":false},"excerpt":{"rendered":"<p>Visa oportunizar a participa\u00e7\u00e3o do corpo discente em atividades acad\u00eamicas de natureza educacional e cient\u00edfica, sob a orienta\u00e7\u00e3o de um professor, no \u00e2mbito da UFPR.\u00a0A participa\u00e7\u00e3o do estudante no PVA \u00e9 regulamenta pela Resolu\u00e7\u00e3o 76\/09 do CEPE e n\u00e3o gera v\u00ednculo empregat\u00edcio, obriga\u00e7\u00e3o trabalhista, previdenci\u00e1ria ou afim, conforme a legisla\u00e7\u00e3o em vigor. Poder\u00e3o participar do<br \/> <a href=\"https:\/\/saude.ufpr.br\/medicina\/pva\/\" class=\"button success small readmore\">Leia mais<\/a><\/p>\n","protected":false},"author":15,"featured_media":0,"parent":0,"menu_order":0,"comment_status":"closed","ping_status":"closed","template":"","meta":{"_acf_changed":false,"_uag_custom_page_level_css":"","footnotes":""},"class_list":["post-795","page","type-page","status-publish","hentry"],"acf":[],"featured_image_src":null,"uagb_featured_image_src":{"full":false,"thumbnail":false,"medium":false,"medium_large":false,"large":false,"1536x1536":false,"2048x2048":false,"noticias-thumb":false,"banners-thumb":false,"maisnoticias-thumb":false,"post-thumbnail":false},"uagb_author_info":{"display_name":"Andrea Jankoski","author_link":"https:\/\/saude.ufpr.br\/medicina\/author\/andrea\/"},"uagb_comment_info":0,"uagb_excerpt":"Visa oportunizar a participa\u00e7\u00e3o do corpo discente em atividades acad\u00eamicas de natureza educacional e cient\u00edfica, sob a orienta\u00e7\u00e3o de um professor, no \u00e2mbito da UFPR.\u00a0A participa\u00e7\u00e3o do estudante no PVA \u00e9 regulamenta pela Resolu\u00e7\u00e3o 76\/09 do CEPE e n\u00e3o gera v\u00ednculo empregat\u00edcio, obriga\u00e7\u00e3o trabalhista, previdenci\u00e1ria ou afim, conforme a legisla\u00e7\u00e3o em vigor. Poder\u00e3o participar do&hellip;","publishpress_future_action":{"enabled":false,"date":"2026-04-22 06:44:44","action":"change-status","newStatus":"draft","terms":[],"taxonomy":"","extraData":[]},"publishpress_future_workflow_manual_trigger":{"enabledWorkflows":[]},"_links":{"self":[{"href":"https:\/\/saude.ufpr.br\/medicina\/wp-json\/wp\/v2\/pages\/795","targetHints":{"allow":["GET"]}}],"collection":[{"href":"https:\/\/saude.ufpr.br\/medicina\/wp-json\/wp\/v2\/pages"}],"about":[{"href":"https:\/\/saude.ufpr.br\/medicina\/wp-json\/wp\/v2\/types\/page"}],"author":[{"embeddable":true,"href":"https:\/\/saude.ufpr.br\/medicina\/wp-json\/wp\/v2\/users\/15"}],"replies":[{"embeddable":true,"href":"https:\/\/saude.ufpr.br\/medicina\/wp-json\/wp\/v2\/comments?post=795"}],"version-history":[{"count":3,"href":"https:\/\/saude.ufpr.br\/medicina\/wp-json\/wp\/v2\/pages\/795\/revisions"}],"predecessor-version":[{"id":825,"href":"https:\/\/saude.ufpr.br\/medicina\/wp-json\/wp\/v2\/pages\/795\/revisions\/825"}],"wp:attachment":[{"href":"https:\/\/saude.ufpr.br\/medicina\/wp-json\/wp\/v2\/media?parent=795"}],"curies":[{"name":"wp","href":"https:\/\/api.w.org\/{rel}","templated":true}]}}