{"id":48,"date":"2016-08-23T19:03:28","date_gmt":"2016-08-23T19:03:28","guid":{"rendered":"https:\/\/saude.ufpr.br\/medicinadoexercicio\/?page_id=48"},"modified":"2019-11-24T14:46:58","modified_gmt":"2019-11-24T14:46:58","slug":"sobre-o-curso","status":"publish","type":"page","link":"https:\/\/saude.ufpr.br\/medicinadoexercicio\/sobre-o-curso\/","title":{"rendered":"Sobre o Curso"},"content":{"rendered":"<p>A amplia\u00e7\u00e3o da forma\u00e7\u00e3o M\u00e9dica e profissionais da \u00e1rea da sa\u00fade tem avan\u00e7ado nos \u00faltimos anos, o que eleva o desafio e a responsabilidade da universidade no seu papel formador. Os envolvimentos com a \u00e1rea do exerc\u00edcio f\u00edsico nas \u00faltimas d\u00e9cadas aumentam a interdisciplinaridade e levam a uma conscientiza\u00e7\u00e3o cada vez maior na \u00e1rea da manuten\u00e7\u00e3o da promo\u00e7\u00e3o da sa\u00fade e da medicina com foco no exerc\u00edcio f\u00edsico como tratamento n\u00e3o farmacol\u00f3gico para diversas doen\u00e7as. Estas \u00e1reas adquirindo cada vez mais import\u00e2ncia n\u00e3o somente no campo da atividade f\u00edsica, em que \u00e9 a protagonista, mas tamb\u00e9m na \u00e1rea da sa\u00fade, na aplica\u00e7\u00e3o de importantes programas de preven\u00e7\u00e3o de reabilita\u00e7\u00e3o de doen\u00e7as cr\u00f4nicas degenerativas, declarada epid\u00eamica neste s\u00e9culo. Em foco \u00e0 Medicina com foco na Atividade F\u00edsica, encarregada de manter a sa\u00fade e oferecer aten\u00e7\u00e3o preventivo-curativa a fim de elevar seu rendimento e ganho com a atividade f\u00edsica. Por\u00e9m, essa especialidade atualmente objetiva-se fundamentalmente no diagn\u00f3stico e o desenvolvimento do estado morfol\u00f3gico e funcional do atleta e menos para a popula\u00e7\u00e3o em geral, com vistas a longevidade por meio da atividade f\u00edsica, \u00e0 qualidade de vida da popula\u00e7\u00e3o e a preven\u00e7\u00e3o e ao tratamento de les\u00f5es.<\/p>\n<p>Ambas as \u00e1reas, indissoci\u00e1veis, tem apresentado um vasto desenvolvimento, um representativo n\u00famero de m\u00e9dicos, cientistas e t\u00e9cnicos interessados no aprofundamento do seu conte\u00fado program\u00e1tico. Desta forma, a demanda nos conduz a uma reflex\u00e3o permanente sobre a pr\u00e1tica M\u00e9dica enquanto preocupa\u00e7\u00e3o com a \u00e1rea do exerc\u00edcio, sa\u00fade como estrat\u00e9gia de: preven\u00e7\u00e3o e reabilita\u00e7\u00e3o.<\/p>\n<p>Desta forma, o presente curso pretende especializar academicamente \u00e0 forma\u00e7\u00e3o de m\u00e9dicos e profissionais da \u00e1rea da sa\u00fade com foco na Promo\u00e7\u00e3o da Sa\u00fade e da Medicina com foco na atividade f\u00edsica, contemplada no artigo 23, par\u00e1grafo VI das Diretrizes Curriculares do Curso de Gradua\u00e7\u00e3o em Medicina (Resolu\u00e7\u00e3o n\u00b0 3, de 20 de junho de 2014).<\/p>\n<p><strong>OBJETIVOS DO CURSO:<\/strong><!--more--><\/p>\n<p>Proporcionar compet\u00eancias cient\u00edficas aos profissionais graduados na \u00e1rea da sa\u00fade, com foco de atua\u00e7\u00e3o na \u00e1rea da medicina do exerc\u00edcio e promo\u00e7\u00e3o da sa\u00fade, em suas diversas manifesta\u00e7\u00f5es e na avalia\u00e7\u00e3o pr\u00e9-participa\u00e7\u00e3o e acompanhamento de\u00a0indiv\u00edduos atletas e n\u00e3o atletas engajados em programas de exerc\u00edcio e atividade f\u00edsica.<\/p>\n<p>Incentivara melhor forma\u00e7\u00e3o novos professores na \u00e1rea da promo\u00e7\u00e3o da sa\u00fade associada ao exerc\u00edcio f\u00edsico.<\/p>\n<p>Ampliar as a\u00e7\u00f5es de pesquisa e extens\u00e3o dentro da UFPR. Desenvolvendo compet\u00eancias para elaborar e desenvolver projetos de pesquisa e programas no \u00e2mbito da Sa\u00fade, e dotados das habilidades necess\u00e1rias para a transmiss\u00e3o e divulga\u00e7\u00e3o dos conhecimentos t\u00e9cnico-cient\u00edficos da \u00e1rea.<\/p>\n<p>Demonstrar as v\u00e1rias possibilidades metodol\u00f3gicas nas pesquisas em promo\u00e7\u00e3o da sa\u00fade e medicina do exerc\u00edcio f\u00edsico.\u200b<\/p>\n<p>&nbsp;<\/p>\n<p><strong>P\u00daBLICO ALVO:\u00a0<\/strong>Professores do Curso de Medicina da UFPR; Professores dos Cursos do Setor de Ci\u00eancias da Sa\u00fade da UFPR; M\u00e9dicos, Nutricionistas, Farmac\u00eauticos, Terapeutas ocupacionais, Enfermeiros, Fisioterapeutas, Profissionais da Educa\u00e7\u00e3o F\u00edsica da UFPR;\u00a0Profissionais \u00e1rea da sa\u00fade externos da UFPR.<\/p>\n<p><strong>CARGA HOR\u00c1RIA TOTAL: 410\u00a0horas<\/strong><\/p>\n<p><strong>QUANTOS M\u00d3DULOS<\/strong>: 24 m\u00f3dulos<\/p>\n<p><strong>TURNO:<\/strong> Aulas diurnas<\/p>\n<p><strong>DIAS DA SEMANA:<\/strong> S\u00e1bado (manh\u00e3 e tarde) e Domingo (manh\u00e3)<\/p>\n<p><strong>HOR\u00c1RIO DAS AULAS<\/strong>: manh\u00e3 (8:00 as 12:00) e Tarde (13:00 as 18:00)<\/p>\n<p><strong>LOCAL:<\/strong> Setor de Ci\u00eancias da Sa\u00fade, na Rua Padre Camargo n\u00ba 280, Alto da Gl\u00f3ria.<\/p>\n<p><strong>COORDENADOR:<\/strong>\u00a0Prof. Dr. Anderson Zampier Ulbrich<\/p>\n<p><strong>E-MAIL PARA CONTATO:<\/strong>\u00a0 <a href=\"mailto:med.exercicio.ufpr@gmail.com\">med.exercicio.ufpr@gmail.com<\/a> OU <a href=\"mailto:anderson_u@hotmail.com\">anderson_u@hotmail.com<\/a><\/p>\n<p><strong>TELEFONE:<\/strong> 41 3360-7228<\/p>\n<p>&nbsp;<\/p>\n","protected":false},"excerpt":{"rendered":"<p>A amplia\u00e7\u00e3o da forma\u00e7\u00e3o M\u00e9dica e profissionais da \u00e1rea da sa\u00fade tem avan\u00e7ado nos \u00faltimos anos, o que eleva o desafio e a responsabilidade da universidade no seu papel formador. Os envolvimentos com a \u00e1rea do exerc\u00edcio f\u00edsico nas \u00faltimas d\u00e9cadas aumentam a interdisciplinaridade e levam a uma conscientiza\u00e7\u00e3o cada vez maior na \u00e1rea da<br \/> <a href=\"https:\/\/saude.ufpr.br\/medicinadoexercicio\/sobre-o-curso\/\" class=\"button success small readmore\">Leia mais<\/a><\/p>\n","protected":false},"author":15,"featured_media":0,"parent":0,"menu_order":0,"comment_status":"closed","ping_status":"closed","template":"","meta":{"_acf_changed":false,"_uag_custom_page_level_css":"","footnotes":""},"class_list":["post-48","page","type-page","status-publish","hentry"],"acf":[],"featured_image_src":null,"uagb_featured_image_src":{"full":false,"thumbnail":false,"medium":false,"medium_large":false,"large":false,"1536x1536":false,"2048x2048":false,"noticias-thumb":false,"banners-thumb":false,"maisnoticias-thumb":false,"post-thumbnail":false},"uagb_author_info":{"display_name":"Andrea Jankoski","author_link":"https:\/\/saude.ufpr.br\/medicinadoexercicio\/author\/andrea\/"},"uagb_comment_info":0,"uagb_excerpt":"A amplia\u00e7\u00e3o da forma\u00e7\u00e3o M\u00e9dica e profissionais da \u00e1rea da sa\u00fade tem avan\u00e7ado nos \u00faltimos anos, o que eleva o desafio e a responsabilidade da universidade no seu papel formador. Os envolvimentos com a \u00e1rea do exerc\u00edcio f\u00edsico nas \u00faltimas d\u00e9cadas aumentam a interdisciplinaridade e levam a uma conscientiza\u00e7\u00e3o cada vez maior na \u00e1rea da&hellip;","publishpress_future_action":{"enabled":false,"date":"2026-04-11 02:52:09","action":"change-status","newStatus":"draft","terms":[],"taxonomy":"","extraData":[]},"publishpress_future_workflow_manual_trigger":{"enabledWorkflows":[]},"_links":{"self":[{"href":"https:\/\/saude.ufpr.br\/medicinadoexercicio\/wp-json\/wp\/v2\/pages\/48","targetHints":{"allow":["GET"]}}],"collection":[{"href":"https:\/\/saude.ufpr.br\/medicinadoexercicio\/wp-json\/wp\/v2\/pages"}],"about":[{"href":"https:\/\/saude.ufpr.br\/medicinadoexercicio\/wp-json\/wp\/v2\/types\/page"}],"author":[{"embeddable":true,"href":"https:\/\/saude.ufpr.br\/medicinadoexercicio\/wp-json\/wp\/v2\/users\/15"}],"replies":[{"embeddable":true,"href":"https:\/\/saude.ufpr.br\/medicinadoexercicio\/wp-json\/wp\/v2\/comments?post=48"}],"version-history":[{"count":12,"href":"https:\/\/saude.ufpr.br\/medicinadoexercicio\/wp-json\/wp\/v2\/pages\/48\/revisions"}],"predecessor-version":[{"id":471,"href":"https:\/\/saude.ufpr.br\/medicinadoexercicio\/wp-json\/wp\/v2\/pages\/48\/revisions\/471"}],"wp:attachment":[{"href":"https:\/\/saude.ufpr.br\/medicinadoexercicio\/wp-json\/wp\/v2\/media?parent=48"}],"curies":[{"name":"wp","href":"https:\/\/api.w.org\/{rel}","templated":true}]}}