{"id":50,"date":"2016-08-23T19:03:38","date_gmt":"2016-08-23T19:03:38","guid":{"rendered":"https:\/\/saude.ufpr.br\/medicinadoexercicio\/?page_id=50"},"modified":"2023-01-17T19:53:23","modified_gmt":"2023-01-17T19:53:23","slug":"disciplinas","status":"publish","type":"page","link":"https:\/\/saude.ufpr.br\/medicinadoexercicio\/disciplinas\/","title":{"rendered":"Disciplinas"},"content":{"rendered":"<p>&nbsp;<\/p>\n<p>&nbsp;<\/p>\n<table width=\"566\">\n<tbody>\n<tr>\n<td width=\"400\"><span style=\"color: #339966\"><strong>Disciplina\u00a0<\/strong><\/span><\/td>\n<td width=\"89\"><span style=\"color: #339966\"><strong>Carga Hor\u00e1ria<\/strong><\/span><\/td>\n<td width=\"77\"><\/td>\n<\/tr>\n<tr>\n<td width=\"400\">1. Metodologia de Pesquisa<\/td>\n<td width=\"89\">15h<\/td>\n<td><\/td>\n<\/tr>\n<tr>\n<td width=\"400\">2. Mecanismos Bioqu\u00edmicos e Fisiol\u00f3gicos do Exerc\u00edcio F\u00edsico<\/td>\n<td width=\"89\">15h<\/td>\n<td><\/td>\n<\/tr>\n<tr>\n<td width=\"400\">3. Mecanismos Adaptativos Cardiovasculares no Exerc\u00edcio F\u00edsico<\/td>\n<td width=\"89\">15h<\/td>\n<td><\/td>\n<\/tr>\n<tr>\n<td width=\"400\">4. Mecanismos Adaptativos Cardiorrespirat\u00f3rios no Exerc\u00edcio F\u00edsico<\/td>\n<td width=\"89\">15h<\/td>\n<td><\/td>\n<\/tr>\n<tr>\n<td width=\"400\">5. Bases da Farmacologia \/ Toxicologia e Exerc\u00edcio F\u00edsico<\/td>\n<td width=\"89\">15h<\/td>\n<td><\/td>\n<\/tr>\n<tr>\n<td width=\"400\">6. Urg\u00eancia e emerg\u00eancia na Medicina do Exerc\u00edcio<\/td>\n<td width=\"89\">15h<\/td>\n<td><\/td>\n<\/tr>\n<tr>\n<td width=\"400\">7. Respostas Imunometab\u00f3licas frente ao Exerc\u00edcio F\u00edsico<\/td>\n<td width=\"89\">15h<\/td>\n<td><\/td>\n<\/tr>\n<tr>\n<td width=\"400\">8. Psicologia do Esporte<\/td>\n<td width=\"89\">15h<\/td>\n<td><\/td>\n<\/tr>\n<tr>\n<td width=\"400\">9. Planejamento, Organiza\u00e7\u00e3o e Periodiza\u00e7\u00e3o no Controle do Exerc\u00edcio f\u00edsico para a Sa\u00fade<\/td>\n<td width=\"89\">15h<\/td>\n<td><\/td>\n<\/tr>\n<tr>\n<td width=\"400\">10. Bases da Nutri\u00e7\u00e3o Esportiva<\/td>\n<td width=\"89\">15h<\/td>\n<td><\/td>\n<\/tr>\n<tr>\n<td width=\"400\">11. Atualiza\u00e7\u00f5es em Nutri\u00e7\u00e3o Esportiva: Recursos Ergog\u00eanicos e Nutricionais no Esporte<\/td>\n<td width=\"89\">15h<\/td>\n<td><\/td>\n<\/tr>\n<tr>\n<td width=\"400\">12. M\u00e9todos Avaliativos Funcionais e Interpretativos da Atividade e Exerc\u00edcio F\u00edsico<\/td>\n<td width=\"89\">15h<\/td>\n<td><\/td>\n<\/tr>\n<tr>\n<td width=\"400\">13. Metodologias de Prescri\u00e7\u00e3o de Exerc\u00edcio F\u00edsico Aer\u00f3bio\/Anaer\u00f3bio na Promo\u00e7\u00e3o da Sa\u00fade<\/td>\n<td width=\"89\">15h<\/td>\n<td><\/td>\n<\/tr>\n<tr>\n<td width=\"400\">14. Metodologias de Prescri\u00e7\u00e3o de Exerc\u00edcio F\u00edsico Resistido e Modelos Alternativos Funcionais na Promo\u00e7\u00e3o da Sa\u00fade<\/td>\n<td width=\"89\">15h<\/td>\n<td><\/td>\n<\/tr>\n<tr>\n<td width=\"400\">15. Programas de Exerc\u00edcio F\u00edsico\/ Reabilita\u00e7\u00e3o nas Doen\u00e7as Cardiovasculares<\/td>\n<td width=\"89\">15h<\/td>\n<td><\/td>\n<\/tr>\n<tr>\n<td width=\"400\">16. Exerc\u00edcio em Condi\u00e7\u00f5es Especiais: Diabetes Mellitus e Doen\u00e7a Renal<\/td>\n<td width=\"89\">15h<\/td>\n<td><\/td>\n<\/tr>\n<tr>\n<td width=\"400\">17. Exerc\u00edcio em Condi\u00e7\u00f5es Especiais: Doen\u00e7as Respirat\u00f3rias<\/td>\n<td width=\"89\">15h<\/td>\n<td><\/td>\n<\/tr>\n<tr>\n<td width=\"400\">18. Exerc\u00edcio em Condi\u00e7\u00f5es Especiais: C\u00e2ncer<\/td>\n<td width=\"89\">15h<\/td>\n<td><\/td>\n<\/tr>\n<tr>\n<td width=\"400\">19. Exerc\u00edcio em Popula\u00e7\u00f5es Especiais: Crian\u00e7as e Adolescentes<\/td>\n<td width=\"89\">15h<\/td>\n<td><\/td>\n<\/tr>\n<tr>\n<td width=\"400\">20. Exerc\u00edcio em Popula\u00e7\u00f5es Especiais: Idosos<\/td>\n<td width=\"89\">15h<\/td>\n<td><\/td>\n<\/tr>\n<tr>\n<td width=\"400\">21. Exerc\u00edcio em Popula\u00e7\u00f5es Especiais: Mulheres, Gestantes e Lactantes<\/td>\n<td width=\"89\">15h<\/td>\n<td><\/td>\n<\/tr>\n<tr>\n<td width=\"400\">22. Traumatologia na Atividade F\u00edsica e no Esporte<\/td>\n<td width=\"89\">15h<\/td>\n<td><\/td>\n<\/tr>\n<tr>\n<td width=\"400\">23. Bioestat\u00edstica B\u00e1sica e Avan\u00e7ada<\/td>\n<td width=\"89\">15h<\/td>\n<td><\/td>\n<\/tr>\n<tr>\n<td width=\"400\">24. Apresenta\u00e7\u00e3o de Monografias<\/td>\n<td width=\"89\">45h<\/td>\n<td><\/td>\n<\/tr>\n<tr>\n<td width=\"400\"><strong>\u00a0CARGA HOR\u00c1RIA TOTAL<\/strong><\/td>\n<td width=\"89\"><strong>390 h<\/strong><\/td>\n<td><\/td>\n<\/tr>\n<\/tbody>\n<\/table>\n<p>&nbsp;<\/p>\n<ul>\n<li>Crit\u00e9rio para obten\u00e7\u00e3o do certificado de Especialista:\u00a0cumprimento de toda a carga hor\u00e1ria, incluindo monografia ou trabalho cient\u00edfico.<\/li>\n<li>Crit\u00e9rio para obten\u00e7\u00e3o do certificado de Aperfei\u00e7oamento:\u00a0cumprimento de, no m\u00ednimo 180 horas, frequentando\u00a0as disciplinas obrigat\u00f3rias.<\/li>\n<\/ul>\n","protected":false},"excerpt":{"rendered":"<p>&nbsp; &nbsp; Disciplina\u00a0 Carga Hor\u00e1ria 1. Metodologia de Pesquisa 15h 2. Mecanismos Bioqu\u00edmicos e Fisiol\u00f3gicos do Exerc\u00edcio F\u00edsico 15h 3. Mecanismos Adaptativos Cardiovasculares no Exerc\u00edcio F\u00edsico 15h 4. Mecanismos Adaptativos Cardiorrespirat\u00f3rios no Exerc\u00edcio F\u00edsico 15h 5. Bases da Farmacologia \/ Toxicologia e Exerc\u00edcio F\u00edsico 15h 6. Urg\u00eancia e emerg\u00eancia na Medicina do Exerc\u00edcio 15h 7.<br \/> <a href=\"https:\/\/saude.ufpr.br\/medicinadoexercicio\/disciplinas\/\" class=\"button success small readmore\">Leia mais<\/a><\/p>\n","protected":false},"author":15,"featured_media":0,"parent":0,"menu_order":0,"comment_status":"closed","ping_status":"closed","template":"","meta":{"_acf_changed":false,"_uag_custom_page_level_css":"","footnotes":""},"class_list":["post-50","page","type-page","status-publish","hentry"],"acf":[],"featured_image_src":null,"uagb_featured_image_src":{"full":false,"thumbnail":false,"medium":false,"medium_large":false,"large":false,"1536x1536":false,"2048x2048":false,"noticias-thumb":false,"banners-thumb":false,"maisnoticias-thumb":false,"post-thumbnail":false},"uagb_author_info":{"display_name":"Andrea Jankoski","author_link":"https:\/\/saude.ufpr.br\/medicinadoexercicio\/author\/andrea\/"},"uagb_comment_info":0,"uagb_excerpt":"&nbsp; &nbsp; Disciplina\u00a0 Carga Hor\u00e1ria 1. Metodologia de Pesquisa 15h 2. Mecanismos Bioqu\u00edmicos e Fisiol\u00f3gicos do Exerc\u00edcio F\u00edsico 15h 3. Mecanismos Adaptativos Cardiovasculares no Exerc\u00edcio F\u00edsico 15h 4. Mecanismos Adaptativos Cardiorrespirat\u00f3rios no Exerc\u00edcio F\u00edsico 15h 5. Bases da Farmacologia \/ Toxicologia e Exerc\u00edcio F\u00edsico 15h 6. Urg\u00eancia e emerg\u00eancia na Medicina do Exerc\u00edcio 15h 7.&hellip;","publishpress_future_action":{"enabled":false,"date":"2026-05-03 02:54:58","action":"change-status","newStatus":"draft","terms":[],"taxonomy":"","extraData":[]},"publishpress_future_workflow_manual_trigger":{"enabledWorkflows":[]},"_links":{"self":[{"href":"https:\/\/saude.ufpr.br\/medicinadoexercicio\/wp-json\/wp\/v2\/pages\/50","targetHints":{"allow":["GET"]}}],"collection":[{"href":"https:\/\/saude.ufpr.br\/medicinadoexercicio\/wp-json\/wp\/v2\/pages"}],"about":[{"href":"https:\/\/saude.ufpr.br\/medicinadoexercicio\/wp-json\/wp\/v2\/types\/page"}],"author":[{"embeddable":true,"href":"https:\/\/saude.ufpr.br\/medicinadoexercicio\/wp-json\/wp\/v2\/users\/15"}],"replies":[{"embeddable":true,"href":"https:\/\/saude.ufpr.br\/medicinadoexercicio\/wp-json\/wp\/v2\/comments?post=50"}],"version-history":[{"count":16,"href":"https:\/\/saude.ufpr.br\/medicinadoexercicio\/wp-json\/wp\/v2\/pages\/50\/revisions"}],"predecessor-version":[{"id":704,"href":"https:\/\/saude.ufpr.br\/medicinadoexercicio\/wp-json\/wp\/v2\/pages\/50\/revisions\/704"}],"wp:attachment":[{"href":"https:\/\/saude.ufpr.br\/medicinadoexercicio\/wp-json\/wp\/v2\/media?parent=50"}],"curies":[{"name":"wp","href":"https:\/\/api.w.org\/{rel}","templated":true}]}}