{"id":1064,"date":"2018-02-08T13:25:26","date_gmt":"2018-02-08T13:25:26","guid":{"rendered":"https:\/\/saude.ufpr.br\/medintegrada\/?page_id=1064"},"modified":"2022-07-25T16:41:05","modified_gmt":"2022-07-25T16:41:05","slug":"disciplinas","status":"publish","type":"page","link":"https:\/\/saude.ufpr.br\/medintegrada\/disciplinas\/","title":{"rendered":"Disciplinas"},"content":{"rendered":"\n<figure class=\"wp-block-table alignleft is-style-regular\"><table class=\"has-subtle-pale-blue-background-color has-background\"><thead><tr><th class=\"has-text-align-center\" data-align=\"center\"><strong>C\u00f3digo(s)<\/strong><\/th><th class=\"has-text-align-center\" data-align=\"center\"><strong>Disciplina<\/strong><\/th><th class=\"has-text-align-center\" data-align=\"center\">Carga Hor\u00e1ria<\/th><\/tr><\/thead><tbody><tr><td class=\"has-text-align-center\" data-align=\"center\">MI044<\/td><td class=\"has-text-align-center\" data-align=\"center\">Est\u00e1gio Curricular Optativo Externo \u00e0 UFPR<\/td><td class=\"has-text-align-center\" data-align=\"center\">200h<\/td><\/tr><tr><td class=\"has-text-align-center\" data-align=\"center\">MI045<\/td><td class=\"has-text-align-center\" data-align=\"center\">Est\u00e1gio Curricular Optativo Externo \u00e0 UFPR<\/td><td class=\"has-text-align-center\" data-align=\"center\">240h<\/td><\/tr><tr><td class=\"has-text-align-center\" data-align=\"center\">MI079 <\/td><td class=\"has-text-align-center\" data-align=\"center\">Bases de Promo\u00e7\u00e3o \u00e0 Sa\u00fade e Preven\u00e7\u00e3o de Doen\u00e7as<\/td><td class=\"has-text-align-center\" data-align=\"center\">60h<\/td><\/tr><tr><td class=\"has-text-align-center\" data-align=\"center\">MI080 <\/td><td class=\"has-text-align-center\" data-align=\"center\"> Habilidades Cl\u00ednicas<\/td><td class=\"has-text-align-center\" data-align=\"center\">20h<\/td><\/tr><tr><td class=\"has-text-align-center\" data-align=\"center\">MI071 <\/td><td class=\"has-text-align-center\" data-align=\"center\"> Integra\u00e7\u00e3o de Conte\u00fados<\/td><td class=\"has-text-align-center\" data-align=\"center\">30h<\/td><\/tr><tr><td class=\"has-text-align-center\" data-align=\"center\">MI081 <\/td><td class=\"has-text-align-center\" data-align=\"center\">Trabalho de Curso I<\/td><td class=\"has-text-align-center\" data-align=\"center\">20h<\/td><\/tr><tr><td class=\"has-text-align-center\" data-align=\"center\">MI074 <\/td><td class=\"has-text-align-center\" data-align=\"center\">Treinamento e Simula\u00e7\u00e3o I<\/td><td class=\"has-text-align-center\" data-align=\"center\">60h<\/td><\/tr><tr><td class=\"has-text-align-center\" data-align=\"center\">MI075 <\/td><td class=\"has-text-align-center\" data-align=\"center\">Treinamento e Simula\u00e7\u00e3o II<\/td><td class=\"has-text-align-center\" data-align=\"center\">60h<\/td><\/tr><tr><td class=\"has-text-align-center\" data-align=\"center\">MI076 <\/td><td class=\"has-text-align-center\" data-align=\"center\">Treinamento e Simula\u00e7\u00e3o III<\/td><td class=\"has-text-align-center\" data-align=\"center\">60h<\/td><\/tr><tr><td class=\"has-text-align-center\" data-align=\"center\">MI077 <\/td><td class=\"has-text-align-center\" data-align=\"center\">Treinamento e Simula\u00e7\u00e3o IV<\/td><td class=\"has-text-align-center\" data-align=\"center\">60h<\/td><\/tr><tr><td class=\"has-text-align-center\" data-align=\"center\">MI078 <\/td><td class=\"has-text-align-center\" data-align=\"center\">Cuidados Paliativos<\/td><td class=\"has-text-align-center\" data-align=\"center\">80h<\/td><\/tr><tr><td class=\"has-text-align-center\" data-align=\"center\">MI047 <\/td><td class=\"has-text-align-center\" data-align=\"center\">Administra\u00e7\u00e3o M\u00e9dica<\/td><td class=\"has-text-align-center\" data-align=\"center\">40h<\/td><\/tr><tr><td class=\"has-text-align-center\" data-align=\"center\">MI056 \u00e0 MI059 <\/td><td class=\"has-text-align-center\" data-align=\"center\">Est\u00e1gio Multidisciplinar Integrado<\/td><td class=\"has-text-align-center\" data-align=\"center\">20h<\/td><\/tr><tr><td class=\"has-text-align-center\" data-align=\"center\">MI082 <\/td><td class=\"has-text-align-center\" data-align=\"center\">TC 2 em Medicina Integrada<\/td><td class=\"has-text-align-center\" data-align=\"center\">20h<\/td><\/tr><tr><td class=\"has-text-align-center\" data-align=\"center\">MI083 <\/td><td class=\"has-text-align-center\" data-align=\"center\">TC 3 em Medicina Integrada<\/td><td class=\"has-text-align-center\" data-align=\"center\">40h<\/td><\/tr><tr><td class=\"has-text-align-center\" data-align=\"center\">MI084 <\/td><td class=\"has-text-align-center\" data-align=\"center\">TC 4 em Medicina Integrada<\/td><td class=\"has-text-align-center\" data-align=\"center\">20h<\/td><\/tr><tr><td class=\"has-text-align-center\" data-align=\"center\">MI072<\/td><td class=\"has-text-align-center\" data-align=\"center\">Reabilita\u00e7\u00e3o Cardiovascular, Respirat\u00f3ria e Metab\u00f3lica<\/td><td class=\"has-text-align-center\" data-align=\"center\">40h<\/td><\/tr><\/tbody><\/table><\/figure>\n\n\n\n<p class=\"has-drop-cap has-vivid-cyan-blue-color has-white-background-color has-text-color has-background\" style=\"font-size:14px\"><\/p>\n\n\n\n<p>As fichas das Disciplinas com os Planos de Ensino est\u00e3o dispon\u00edveis no <a href=\"https:\/\/siga.ufpr.br\/\" target=\"_blank\" rel=\"noreferrer noopener\">Sistema SIGA<\/a><\/p>\n","protected":false},"excerpt":{"rendered":"<p>C\u00f3digo(s) Disciplina Carga Hor\u00e1ria MI044 Est\u00e1gio Curricular Optativo Externo \u00e0 UFPR 200h MI045 Est\u00e1gio Curricular Optativo Externo \u00e0 UFPR 240h MI079 Bases de Promo\u00e7\u00e3o \u00e0 Sa\u00fade e Preven\u00e7\u00e3o de Doen\u00e7as 60h MI080 Habilidades Cl\u00ednicas 20h MI071 Integra\u00e7\u00e3o de Conte\u00fados 30h MI081 Trabalho de Curso I 20h MI074 Treinamento e Simula\u00e7\u00e3o I 60h MI075 Treinamento e<br \/> <a href=\"https:\/\/saude.ufpr.br\/medintegrada\/disciplinas\/\" class=\"button success small readmore\">Leia mais<\/a><\/p>\n","protected":false},"author":1615,"featured_media":0,"parent":0,"menu_order":0,"comment_status":"closed","ping_status":"closed","template":"","meta":{"_acf_changed":false,"_uag_custom_page_level_css":"","footnotes":""},"class_list":["post-1064","page","type-page","status-publish","hentry"],"acf":[],"featured_image_src":null,"uagb_featured_image_src":{"full":false,"thumbnail":false,"medium":false,"medium_large":false,"large":false,"1536x1536":false,"2048x2048":false,"noticias-thumb":false,"banners-thumb":false,"maisnoticias-thumb":false,"post-thumbnail":false},"uagb_author_info":{"display_name":"Guilherme","author_link":"https:\/\/saude.ufpr.br\/medintegrada\/author\/guilhermematos\/"},"uagb_comment_info":0,"uagb_excerpt":"C\u00f3digo(s) Disciplina Carga Hor\u00e1ria MI044 Est\u00e1gio Curricular Optativo Externo \u00e0 UFPR 200h MI045 Est\u00e1gio Curricular Optativo Externo \u00e0 UFPR 240h MI079 Bases de Promo\u00e7\u00e3o \u00e0 Sa\u00fade e Preven\u00e7\u00e3o de Doen\u00e7as 60h MI080 Habilidades Cl\u00ednicas 20h MI071 Integra\u00e7\u00e3o de Conte\u00fados 30h MI081 Trabalho de Curso I 20h MI074 Treinamento e Simula\u00e7\u00e3o I 60h MI075 Treinamento e&hellip;","publishpress_future_action":{"enabled":false,"date":"2026-04-10 17:35:05","action":"change-status","newStatus":"draft","terms":[],"taxonomy":"","extraData":[]},"publishpress_future_workflow_manual_trigger":{"enabledWorkflows":[]},"_links":{"self":[{"href":"https:\/\/saude.ufpr.br\/medintegrada\/wp-json\/wp\/v2\/pages\/1064","targetHints":{"allow":["GET"]}}],"collection":[{"href":"https:\/\/saude.ufpr.br\/medintegrada\/wp-json\/wp\/v2\/pages"}],"about":[{"href":"https:\/\/saude.ufpr.br\/medintegrada\/wp-json\/wp\/v2\/types\/page"}],"author":[{"embeddable":true,"href":"https:\/\/saude.ufpr.br\/medintegrada\/wp-json\/wp\/v2\/users\/1615"}],"replies":[{"embeddable":true,"href":"https:\/\/saude.ufpr.br\/medintegrada\/wp-json\/wp\/v2\/comments?post=1064"}],"version-history":[{"count":6,"href":"https:\/\/saude.ufpr.br\/medintegrada\/wp-json\/wp\/v2\/pages\/1064\/revisions"}],"predecessor-version":[{"id":1692,"href":"https:\/\/saude.ufpr.br\/medintegrada\/wp-json\/wp\/v2\/pages\/1064\/revisions\/1692"}],"wp:attachment":[{"href":"https:\/\/saude.ufpr.br\/medintegrada\/wp-json\/wp\/v2\/media?parent=1064"}],"curies":[{"name":"wp","href":"https:\/\/api.w.org\/{rel}","templated":true}]}}