{"id":1077,"date":"2018-03-16T16:08:11","date_gmt":"2018-03-16T16:08:11","guid":{"rendered":"https:\/\/saude.ufpr.br\/medintegrada\/?page_id=1077"},"modified":"2021-03-22T18:36:17","modified_gmt":"2021-03-22T18:36:17","slug":"historia","status":"publish","type":"page","link":"https:\/\/saude.ufpr.br\/medintegrada\/historia\/","title":{"rendered":"Hist\u00f3ria"},"content":{"rendered":"<p align=\"justify\"><span style=\"font-family: Arial, serif\"><span style=\"font-size: small\">Uma breve narrativa da cria\u00e7\u00e3o do departamento. <\/span><\/span><\/p>\n<p align=\"justify\"><span style=\"font-family: Arial, serif\"><span style=\"font-size: small\">O Departamento de Medicina Integrada est\u00e1 vinculado ao Setor de Ci\u00eancias da Sa\u00fade da UFPR, atendendo o curso de gradua\u00e7\u00e3o de Medicina e os de p\u00f3s-gradua\u00e7\u00e3o ofertados pelo Setor de Ci\u00eancias da Sa\u00fade.<\/span><\/span><\/p>\n<p align=\"justify\"><span style=\"font-family: Arial, serif\"><span style=\"font-size: small\"><span lang=\"pt-BR\">O departamento de Medicina Integrada abrange \u00e1reas de Promo\u00e7\u00e3o da Sa\u00fade, Integra\u00e7\u00e3o de Conte\u00fados, Habilidades Cl\u00ednicas, Trabalho de Curso, Treinamento e Simula\u00e7\u00e3o, Administra\u00e7\u00e3o M\u00e9dica e os Est\u00e1gios Integrado e Externo \u00e0 UFPR<\/span><\/span><\/span><span style=\"font-family: Arial, serif\"><span style=\"font-size: small\"><span lang=\"pt-BR\">.<\/span><\/span><\/span><\/p>\n<p align=\"justify\"><span style=\"font-family: Arial, serif\"><span style=\"font-size: small\"><span lang=\"pt-BR\">A qualidade de aten\u00e7\u00e3o pautada no pensamento cr\u00edtico, nas evid\u00eancias cient\u00edficas e na integralidade dos diversos saberes e \u00e1reas do conhecimento, principalmente as \u00e1reas b\u00e1sicas com o profissionalizante ser\u00e1 oferecido por duas disciplinas deste novo departamento. \u00c9 fundamental para o aprendizado, a pr\u00e1tica m\u00e9dica ser realizada em ambientes protegidos e controlados com simuladores da realidade, avaliando o erro de cada aluno como suporte pedag\u00f3gico ao processo ensino-aprendizado. N\u00e3o \u00e9 mais poss\u00edvel e \u00e9tico que os alunos encontrem nos pacientes dos hospitais e das unidades de sa\u00fade seu meio de aprender a fazer. Este novo departamento conta com laborat\u00f3rio de Treinamento e Simula\u00e7\u00e3o e professores treinados em metodologias ativas de ensino. Estas disciplinas complementam o aprendizado obtido nos outros departamentos, visando o lado saber-fazer nos simuladores, garantindo alto padr\u00e3o da pr\u00e1tica m\u00e9dica de modo a evitar riscos, efeitos adversos e danos aos usu\u00e1rios.<\/span><\/span><\/span><\/p>\n<p align=\"justify\"><span style=\"font-family: Arial, serif\"><span style=\"font-size: small\"><span lang=\"pt-BR\">Atrav\u00e9s das disciplinas do Trabalho de curso, tamb\u00e9m integradas neste departamento, \u00e9 buscado a an\u00e1lise cr\u00edtica e contextualizada nas evid\u00eancias cient\u00edficas de modo a otimizar a aplica\u00e7\u00e3o de conhecimentos e metodologias, de modo a produzir melhorias na qualidade integral \u00e0 sa\u00fade da popula\u00e7\u00e3o e no desenvolvimento cient\u00edfico, tecnol\u00f3gico e de inova\u00e7\u00e3o. <\/span><\/span><\/span><\/p>\n<p align=\"justify\"><span style=\"font-family: Times New Roman, serif\"><span style=\"font-size: medium\"><span style=\"font-family: Arial, serif\"><span style=\"font-size: small\"><span lang=\"pt-BR\">No Est\u00e1gio Integrado o aluno <\/span><\/span><\/span><\/span><\/span><span style=\"font-family: Times New Roman, serif\"><span style=\"font-size: medium\"><span style=\"font-family: Arial, serif\"><span style=\"font-size: small\"><span lang=\"pt-BR\">desenvolve a capacidade de aprendizado individual e em grupo e criar esp\u00edrito cr\u00edtico para reconhecer os pontos fundamentais da carreira. E o<\/span><\/span><\/span><span style=\"font-family: Arial, serif\"><span style=\"font-size: small\"><span lang=\"pt-BR\"> Est\u00e1gio Optativo Externo possui a oportunidade ao aluno conhecer outras Universidades brasileiras e do exterior no 12\u00ba per\u00edodo. <\/span><\/span><\/span><\/span><\/span><\/p>\n<p align=\"justify\"><span style=\"font-family: Arial, serif\"><span style=\"font-size: small\"><span lang=\"pt-BR\">A justificativa principal para cria\u00e7\u00e3o do novo departamento \u00e9 a integra\u00e7\u00e3o na forma\u00e7\u00e3o m\u00e9dica<\/span><\/span><\/span><span style=\"font-family: Arial, serif\"><span style=\"font-size: small\"><span lang=\"pt-BR\">. C<\/span><\/span><\/span><span style=\"font-family: Arial, serif\"><span style=\"font-size: small\"><span lang=\"pt-BR\">ontar\u00e1 com 14 professores efetivos (2 em remo\u00e7\u00e3o) e 1 professor substituto. Al\u00e9m de ter 1 vaga de Assistente Administrativo (T\u00e9cnico Administrativo em Educa\u00e7\u00e3o \u2013 TAE), com a Fun\u00e7\u00e3o Gratificada de Secret\u00e1rio; essa servidora atualmente est\u00e1 lotada na Dire\u00e7\u00e3o do Setor de Ci\u00eancias da Sa\u00fade.<\/span><\/span><\/span><\/p>\n<p align=\"justify\"><span style=\"font-family: Arial, serif\"><span style=\"font-size: small\">De acordo com o Artigo 38 d<\/span><\/span><span style=\"font-family: Arial, serif\"><span style=\"font-size: small\">o Estatuto da UFPR, \u201c<\/span><\/span><span style=\"font-family: Arial, serif\"><span style=\"font-size: small\"><i>O departamento, subunidade da estrutura universit\u00e1ria para efeito de organiza\u00e7\u00e3o administrativa, did\u00e1tico-cient\u00edfica e de distribui\u00e7\u00e3o de pessoal, compreender\u00e1 as disciplinas afins e congregar\u00e1 os docentes respectivos com o objetivo comum do ensino e da pesquisa<\/i><\/span><\/span><span style=\"font-family: Arial, serif\"><span style=\"font-size: small\">. <\/span><\/span><span style=\"font-family: Arial, serif\"><span style=\"font-size: small\"><i>\u00a72\u00ba Na cria\u00e7\u00e3o de departamentos ser\u00e3o atendidos os seguintes requisitos: a) agrupamento de disciplinas afins abrangendo \u00e1reas significativas de conhecimento; b) disponibilidade de instala\u00e7\u00f5es e equipamentos; e c) n\u00famero de docentes n\u00e3o inferior a quinze<\/i><\/span><\/span><span style=\"font-family: Arial, serif\"><span style=\"font-size: small\">&#8230;\u201d <\/span><\/span><span style=\"font-family: Arial, serif\"><span style=\"font-size: small\">E segundo, o Artigo 79, Par\u00e1grafo \u00danico, do Estatuto da UFPR: \u201c<\/span><\/span><span style=\"font-family: Arial, serif\"><span style=\"font-size: small\"><i>A cria\u00e7\u00e3o de departamentos, sem a condi\u00e7\u00e3o estabelecida na letra \u201cc\u201d do \u00a72\u00ba do art. 38, ser\u00e1 admitida excepcionalmente, no caso de se encarregarem de ensino de p\u00f3s-gradua\u00e7\u00e3o e contarem pelo menos com dez docentes<\/i><\/span><\/span><span style=\"font-family: Arial, serif\"><span style=\"font-size: small\">. \u201d, que no caso, o novo Departamento j\u00e1 disp\u00f5e de dois programas de P\u00f3s-Gradua\u00e7\u00e3o lato-sensu.<\/span><\/span><\/p>\n<p align=\"justify\"><span style=\"font-family: Times New Roman, serif\"><span style=\"font-size: medium\"><span style=\"font-family: Arial, serif\"><span style=\"font-size: small\">O Departamento de Medicina Integrada possui como objetivo integrar diversas \u00e1reas do conhecimento (justificativa do nome), comprometendo-se com a forma\u00e7\u00e3o generalista, envolvendo-se no ensino, na pesquisa e na extens\u00e3o, observando o desenvolvimento social e cient\u00edfico que melhora a forma\u00e7\u00e3o dos profissionais da sa\u00fade. <\/span><\/span><span style=\"font-family: Arial, serif\"><span style=\"font-size: small\">O Departamento estar\u00e1 localizado no 4\u00ba andar do <\/span><\/span><span style=\"font-family: Arial, serif\"><span style=\"font-size: small\">Setor de Ci\u00eancias da Sa\u00fade, na Rua Padre Camargo, n\u00ba 280. <\/span><\/span><\/span><\/span><\/p>\n<p align=\"justify\"><span style=\"font-family: Times New Roman, serif\"><span style=\"font-size: medium\"><span style=\"font-family: Arial, serif\"><span style=\"font-size: small\">Disciplinas do Departamento de Medicina Integrada: Bases de promo\u00e7\u00e3o \u00e0 sa\u00fade e preven\u00e7\u00e3o de doen\u00e7as, Habilidades cl\u00ednicas, Integra\u00e7\u00e3o de conte\u00fados, Trabalho de curso I, Treinamento e simula\u00e7\u00e3o I, Trabalho de curso II, Treinamento e simula\u00e7\u00e3o II, Trabalho de curso III, Treinamento e simula\u00e7\u00e3o III, Trabalho de curso IV, Treinamento e simula\u00e7\u00e3o IV, Administra\u00e7\u00e3o m\u00e9dica, Est\u00e1gio multidisciplinar integrado, Est\u00e1gio optativo externo, Bases do exerc\u00edcio f\u00edsico e farmacologia \u2013 optativa, Reabilita\u00e7\u00e3o cardiovascular, respirat\u00f3ria e metab\u00f3lica \u2013 optativa, Bases filos\u00f3ficas da pr\u00e1tica m\u00e9dica.<\/span><\/span><\/span><\/span><\/p>\n<p align=\"justify\"><span style=\"font-family: Times New Roman, serif\"><span style=\"font-size: medium\"><span style=\"font-family: Arial, serif\"><span style=\"font-size: small\">Material do processo de cria\u00e7\u00e3o do Departamento de Medicina Integrada:<\/span><\/span><\/span><\/span><\/p>\n<ol>\n<li>\n<p align=\"justify\"><a href=\"https:\/\/saude.ufpr.br\/medintegrada\/wp-content\/uploads\/sites\/40\/2021\/03\/Criacao-Departamento-de-Medicina-Integrada-RES-13-17.pdf\" target=\"_blank\" rel=\"noopener\">Resolu\u00e7\u00e3o n\u00ba\u00a013\/17-COUN<\/a><\/p>\n<\/li>\n<li>\n<p align=\"justify\"><a href=\"https:\/\/saude.ufpr.br\/medintegrada\/wp-content\/uploads\/sites\/40\/2021\/03\/OF-381-CRIACAO-DPTO.pdf\" target=\"_blank\" rel=\"noopener\">Of\u00edcio no 381\/16-SD\/CMED<\/a><\/p>\n<\/li>\n<li>\n<p align=\"justify\"><a href=\"https:\/\/saude.ufpr.br\/medintegrada\/wp-content\/uploads\/sites\/40\/2021\/03\/Processo-160769-2016-83-Criacao-do-Departamento-de-Medicina-Integrada.pdf\" target=\"_blank\" rel=\"noopener\">Processo 23075.160769\/2016-83<\/a><\/p>\n<\/li>\n<\/ol>\n<p>&nbsp;<\/p>\n<p>&nbsp;<\/p>\n<p>&nbsp;<\/p>\n<p>&nbsp;<\/p>\n<p>&nbsp;<\/p>\n","protected":false},"excerpt":{"rendered":"<p>Uma breve narrativa da cria\u00e7\u00e3o do departamento. O Departamento de Medicina Integrada est\u00e1 vinculado ao Setor de Ci\u00eancias da Sa\u00fade da UFPR, atendendo o curso de gradua\u00e7\u00e3o de Medicina e os de p\u00f3s-gradua\u00e7\u00e3o ofertados pelo Setor de Ci\u00eancias da Sa\u00fade. O departamento de Medicina Integrada abrange \u00e1reas de Promo\u00e7\u00e3o da Sa\u00fade, Integra\u00e7\u00e3o de Conte\u00fados, Habilidades<br \/> <a href=\"https:\/\/saude.ufpr.br\/medintegrada\/historia\/\" class=\"button success small readmore\">Leia mais<\/a><\/p>\n","protected":false},"author":1615,"featured_media":0,"parent":0,"menu_order":0,"comment_status":"closed","ping_status":"closed","template":"","meta":{"_acf_changed":false,"_uag_custom_page_level_css":"","footnotes":""},"class_list":["post-1077","page","type-page","status-publish","hentry"],"acf":[],"featured_image_src":null,"uagb_featured_image_src":{"full":false,"thumbnail":false,"medium":false,"medium_large":false,"large":false,"1536x1536":false,"2048x2048":false,"noticias-thumb":false,"banners-thumb":false,"maisnoticias-thumb":false,"post-thumbnail":false},"uagb_author_info":{"display_name":"Guilherme","author_link":"https:\/\/saude.ufpr.br\/medintegrada\/author\/guilhermematos\/"},"uagb_comment_info":0,"uagb_excerpt":"Uma breve narrativa da cria\u00e7\u00e3o do departamento. O Departamento de Medicina Integrada est\u00e1 vinculado ao Setor de Ci\u00eancias da Sa\u00fade da UFPR, atendendo o curso de gradua\u00e7\u00e3o de Medicina e os de p\u00f3s-gradua\u00e7\u00e3o ofertados pelo Setor de Ci\u00eancias da Sa\u00fade. O departamento de Medicina Integrada abrange \u00e1reas de Promo\u00e7\u00e3o da Sa\u00fade, Integra\u00e7\u00e3o de Conte\u00fados, Habilidades&hellip;","publishpress_future_action":{"enabled":false,"date":"2026-04-10 17:35:04","action":"change-status","newStatus":"draft","terms":[],"taxonomy":"","extraData":[]},"publishpress_future_workflow_manual_trigger":{"enabledWorkflows":[]},"_links":{"self":[{"href":"https:\/\/saude.ufpr.br\/medintegrada\/wp-json\/wp\/v2\/pages\/1077","targetHints":{"allow":["GET"]}}],"collection":[{"href":"https:\/\/saude.ufpr.br\/medintegrada\/wp-json\/wp\/v2\/pages"}],"about":[{"href":"https:\/\/saude.ufpr.br\/medintegrada\/wp-json\/wp\/v2\/types\/page"}],"author":[{"embeddable":true,"href":"https:\/\/saude.ufpr.br\/medintegrada\/wp-json\/wp\/v2\/users\/1615"}],"replies":[{"embeddable":true,"href":"https:\/\/saude.ufpr.br\/medintegrada\/wp-json\/wp\/v2\/comments?post=1077"}],"version-history":[{"count":5,"href":"https:\/\/saude.ufpr.br\/medintegrada\/wp-json\/wp\/v2\/pages\/1077\/revisions"}],"predecessor-version":[{"id":1326,"href":"https:\/\/saude.ufpr.br\/medintegrada\/wp-json\/wp\/v2\/pages\/1077\/revisions\/1326"}],"wp:attachment":[{"href":"https:\/\/saude.ufpr.br\/medintegrada\/wp-json\/wp\/v2\/media?parent=1077"}],"curies":[{"name":"wp","href":"https:\/\/api.w.org\/{rel}","templated":true}]}}