{"id":1144,"date":"2020-11-25T20:09:04","date_gmt":"2020-11-25T20:09:04","guid":{"rendered":"https:\/\/saude.ufpr.br\/medintegrada\/?page_id=1144"},"modified":"2025-04-29T17:40:06","modified_gmt":"2025-04-29T17:40:06","slug":"estagio-curricular-optativo-externo-a-ufpr","status":"publish","type":"page","link":"https:\/\/saude.ufpr.br\/medintegrada\/estagio-curricular-optativo-externo-a-ufpr\/","title":{"rendered":"Est\u00e1gio (MI044 e MI045)"},"content":{"rendered":"\n<div class=\"wp-block-group\"><div class=\"wp-block-group__inner-container is-layout-constrained wp-block-group-is-layout-constrained\">\n<p><a href=\"https:\/\/saude.ufpr.br\/medintegrada\/wp-content\/uploads\/sites\/40\/2024\/12\/orientacoes-estagio-externo.pdf\" target=\"_blank\" rel=\"noopener\">Informa\u00e7\u00f5es sobre o Est\u00e1gio Curricular Optativo Externo \u00e0 UFPR (C\u00f3digos MI044 e MI045)<\/a><\/p>\n<p><a href=\"https:\/\/saude.ufpr.br\/medintegrada\/wp-content\/uploads\/sites\/40\/2021\/12\/Avaliacao-ESTAGIO-EXTERNO.pdf\" target=\"_blank\" rel=\"noopener\">Avalia\u00e7\u00e3o &#8211; EST\u00c1GIO EXTERNO<\/a><\/p>\n<p><a href=\"https:\/\/saude.ufpr.br\/medintegrada\/wp-content\/uploads\/sites\/40\/2021\/12\/Avaliacao-ESTAGIO-EXTERNO-Ingles_editado.pdf\" target=\"_blank\" rel=\"noopener\">Avalia\u00e7\u00e3o &#8211; EST\u00c1GIO EXTERNO <\/a><\/p>\n<p><a href=\"https:\/\/saude.ufpr.br\/medintegrada\/wp-content\/uploads\/sites\/40\/2025\/02\/manual-estagio.pdf\" target=\"_blank\" rel=\"noopener\">Manual_Estagio_Curricular_Optativo_Externo<\/a><\/p>\n<p><a href=\"https:\/\/saude.ufpr.br\/medintegrada\/wp-content\/uploads\/sites\/40\/2025\/04\/Estagios-FEAS.pdf\" target=\"_blank\" rel=\"noopener\">Orienta\u00e7\u00f5es Est\u00e1gio FEAS <em>(novo)<\/em><\/a><\/p>\n<p><a href=\"https:\/\/saude.ufpr.br\/medintegrada\/wp-content\/uploads\/sites\/40\/2025\/04\/Relatorio-estagio-HUEM.docx-2.pdf\" target=\"_blank\" rel=\"noopener\">Orienta\u00e7\u00f5es Est\u00e1gio Hospital Evang\u00e9lico (novo)<\/a><\/p>\n<p><a href=\"https:\/\/saude.ufpr.br\/medintegrada\/wp-content\/uploads\/sites\/40\/2025\/04\/Estagio-FMRP-USP.pdf\" target=\"_blank\" rel=\"noopener\">Orienta\u00e7\u00f5es Est\u00e1gio USP &#8211; Ribeir\u00e3o Preto (novo).<\/a><\/p>\n<p>\u00a0<\/p>\n<p>\u00a0<\/p>\n<\/div><\/div>\n","protected":false},"excerpt":{"rendered":"<p>Informa\u00e7\u00f5es sobre o Est\u00e1gio Curricular Optativo Externo \u00e0 UFPR (C\u00f3digos MI044 e MI045) Avalia\u00e7\u00e3o &#8211; EST\u00c1GIO EXTERNO Avalia\u00e7\u00e3o &#8211; EST\u00c1GIO EXTERNO Manual_Estagio_Curricular_Optativo_Externo Orienta\u00e7\u00f5es Est\u00e1gio FEAS (novo) Orienta\u00e7\u00f5es Est\u00e1gio Hospital Evang\u00e9lico (novo) Orienta\u00e7\u00f5es Est\u00e1gio USP &#8211; Ribeir\u00e3o Preto (novo). \u00a0 \u00a0<\/p>\n","protected":false},"author":1670,"featured_media":0,"parent":0,"menu_order":0,"comment_status":"closed","ping_status":"closed","template":"","meta":{"_acf_changed":false,"_uag_custom_page_level_css":"","footnotes":""},"class_list":["post-1144","page","type-page","status-publish","hentry"],"acf":[],"featured_image_src":null,"uagb_featured_image_src":{"full":false,"thumbnail":false,"medium":false,"medium_large":false,"large":false,"1536x1536":false,"2048x2048":false,"noticias-thumb":false,"banners-thumb":false,"maisnoticias-thumb":false,"post-thumbnail":false},"uagb_author_info":{"display_name":"diegoramos","author_link":"https:\/\/saude.ufpr.br\/medintegrada\/author\/diegoramos\/"},"uagb_comment_info":0,"uagb_excerpt":"Informa\u00e7\u00f5es sobre o Est\u00e1gio Curricular Optativo Externo \u00e0 UFPR (C\u00f3digos MI044 e MI045) Avalia\u00e7\u00e3o &#8211; EST\u00c1GIO EXTERNO Avalia\u00e7\u00e3o &#8211; EST\u00c1GIO EXTERNO Manual_Estagio_Curricular_Optativo_Externo Orienta\u00e7\u00f5es Est\u00e1gio FEAS (novo) Orienta\u00e7\u00f5es Est\u00e1gio Hospital Evang\u00e9lico (novo) Orienta\u00e7\u00f5es Est\u00e1gio USP &#8211; Ribeir\u00e3o Preto (novo). \u00a0 \u00a0","publishpress_future_action":{"enabled":false,"date":"2026-04-12 14:58:25","action":"change-status","newStatus":"draft","terms":[],"taxonomy":"","extraData":[]},"publishpress_future_workflow_manual_trigger":{"enabledWorkflows":[]},"_links":{"self":[{"href":"https:\/\/saude.ufpr.br\/medintegrada\/wp-json\/wp\/v2\/pages\/1144","targetHints":{"allow":["GET"]}}],"collection":[{"href":"https:\/\/saude.ufpr.br\/medintegrada\/wp-json\/wp\/v2\/pages"}],"about":[{"href":"https:\/\/saude.ufpr.br\/medintegrada\/wp-json\/wp\/v2\/types\/page"}],"author":[{"embeddable":true,"href":"https:\/\/saude.ufpr.br\/medintegrada\/wp-json\/wp\/v2\/users\/1670"}],"replies":[{"embeddable":true,"href":"https:\/\/saude.ufpr.br\/medintegrada\/wp-json\/wp\/v2\/comments?post=1144"}],"version-history":[{"count":16,"href":"https:\/\/saude.ufpr.br\/medintegrada\/wp-json\/wp\/v2\/pages\/1144\/revisions"}],"predecessor-version":[{"id":2209,"href":"https:\/\/saude.ufpr.br\/medintegrada\/wp-json\/wp\/v2\/pages\/1144\/revisions\/2209"}],"wp:attachment":[{"href":"https:\/\/saude.ufpr.br\/medintegrada\/wp-json\/wp\/v2\/media?parent=1144"}],"curies":[{"name":"wp","href":"https:\/\/api.w.org\/{rel}","templated":true}]}}