{"id":1203,"date":"2020-12-30T18:28:08","date_gmt":"2020-12-30T18:28:08","guid":{"rendered":"https:\/\/saude.ufpr.br\/medintegrada\/?page_id=1203"},"modified":"2021-01-25T18:51:24","modified_gmt":"2021-01-25T18:51:24","slug":"sugestao-de-conteudos","status":"publish","type":"page","link":"https:\/\/saude.ufpr.br\/medintegrada\/sugestao-de-conteudos\/","title":{"rendered":"Sugest\u00e3o de conte\u00fados"},"content":{"rendered":"<p>Professor Brenno &#8211; 22\/01\/2021<\/p>\n<p><a href=\"https:\/\/saude.ufpr.br\/medintegrada\/wp-content\/uploads\/sites\/40\/2021\/01\/ACLS-2020.pdf\">ACLS 2020<\/a><\/p>\n<p><a href=\"https:\/\/www.dropbox.com\/s\/0anpn19nqs03fmf\/ATLS%209%C2%B0Ed.pdf?dl=0\">ATLS 9\u00b0Ed<\/a><\/p>\n<p><a href=\"https:\/\/saude.ufpr.br\/medintegrada\/wp-content\/uploads\/sites\/40\/2021\/01\/Communication-simulation-training-in-medical-education.pdf\">Communication simulation training in medical education<\/a><\/p>\n<p><a href=\"https:\/\/saude.ufpr.br\/medintegrada\/wp-content\/uploads\/sites\/40\/2021\/01\/Comunicacao-medico_paciente.pdf\">Comunica\u00e7\u00e3o m\u00e9dico_paciente<\/a><\/p>\n<p><a href=\"https:\/\/saude.ufpr.br\/medintegrada\/wp-content\/uploads\/sites\/40\/2021\/01\/Ensino-mediado-por-tecnicas-de-simulacao.pdf\">Ensino mediado por t\u00e9cnicas de simula\u00e7\u00e3o<\/a><\/p>\n<p><a href=\"https:\/\/saude.ufpr.br\/medintegrada\/wp-content\/uploads\/sites\/40\/2021\/01\/Executive-Summary-2.pdf\">Executive Summary 2<\/a><\/p>\n<p><a href=\"https:\/\/saude.ufpr.br\/medintegrada\/wp-content\/uploads\/sites\/40\/2021\/01\/Executive-Summary.pdf\">Executive Summary<\/a><\/p>\n<p><a href=\"https:\/\/saude.ufpr.br\/medintegrada\/wp-content\/uploads\/sites\/40\/2021\/01\/Hghlghts_2020_ECC_Guidelines_English.pdf\">Hghlghts_2020_ECC_Guidelines_English<\/a><\/p>\n<p><a href=\"https:\/\/saude.ufpr.br\/medintegrada\/wp-content\/uploads\/sites\/40\/2021\/01\/jama-the-rational-clinical-examination.pdf\">jama-the-rational-clinical-examination<\/a><\/p>\n<p><a href=\"https:\/\/saude.ufpr.br\/medintegrada\/wp-content\/uploads\/sites\/40\/2021\/01\/Medical-Error.pdf\">Medical Error<\/a><\/p>\n<p><a href=\"https:\/\/www.dropbox.com\/s\/sfjsv99fgwgoqlb\/PALS%20Pediatric%20Advanced%20Life%20Support%20Study%20Guide%204th%20Edition%202018.pdf?dl=0\">PALS Pediatric Advanced Life Support Study Guide 4th Edition 2018<\/a><\/p>\n<p><a href=\"https:\/\/saude.ufpr.br\/medintegrada\/wp-content\/uploads\/sites\/40\/2021\/01\/RaciocinioClinico-RAMB1998.pdf\">RaciocinioClinico-RAMB1998<\/a><\/p>\n<p><a href=\"https:\/\/www.dropbox.com\/s\/l1undabhg9xe7e1\/Resumo_de_Semiologia_Medica.pdf?dl=0\">Resumo_de_Semiologia_Medica<\/a><\/p>\n<p><a href=\"https:\/\/saude.ufpr.br\/medintegrada\/wp-content\/uploads\/sites\/40\/2021\/01\/The-Case-Presentation.pdf\">The Case Presentation<\/a><\/p>\n<p><a href=\"https:\/\/saude.ufpr.br\/medintegrada\/wp-content\/uploads\/sites\/40\/2021\/01\/Update-ACLS.pdf\">Update ACLS<\/a><\/p>\n<p><a href=\"https:\/\/saude.ufpr.br\/medintegrada\/wp-content\/uploads\/sites\/40\/2021\/01\/Who-is-the-captain.pdf\">Who is the captain<\/a><\/p>\n<p><a href=\"https:\/\/saude.ufpr.br\/medintegrada\/wp-content\/uploads\/sites\/40\/2021\/01\/Writing-scientific-articles-like-a-native-English_clinics.pdf\">Writing scientific articles like a native English_clinics<\/a><\/p>\n<p><a href=\"https:\/\/saude.ufpr.br\/medintegrada\/wp-content\/uploads\/sites\/40\/2021\/01\/WRITING-THE-CURRICULUM-VITAE.pdf\">WRITING THE CURRICULUM VITAE<\/a><\/p>\n<p>&nbsp;<\/p>\n","protected":false},"excerpt":{"rendered":"<p>Professor Brenno &#8211; 22\/01\/2021 ACLS 2020 ATLS 9\u00b0Ed Communication simulation training in medical education Comunica\u00e7\u00e3o m\u00e9dico_paciente Ensino mediado por t\u00e9cnicas de simula\u00e7\u00e3o Executive Summary 2 Executive Summary Hghlghts_2020_ECC_Guidelines_English jama-the-rational-clinical-examination Medical Error PALS Pediatric Advanced Life Support Study Guide 4th Edition 2018 RaciocinioClinico-RAMB1998 Resumo_de_Semiologia_Medica The Case Presentation Update ACLS Who is the captain Writing scientific articles<br \/> <a href=\"https:\/\/saude.ufpr.br\/medintegrada\/sugestao-de-conteudos\/\" class=\"button success small readmore\">Leia mais<\/a><\/p>\n","protected":false},"author":1670,"featured_media":0,"parent":0,"menu_order":0,"comment_status":"closed","ping_status":"closed","template":"","meta":{"_acf_changed":false,"_uag_custom_page_level_css":"","footnotes":""},"class_list":["post-1203","page","type-page","status-publish","hentry"],"acf":[],"featured_image_src":null,"uagb_featured_image_src":{"full":false,"thumbnail":false,"medium":false,"medium_large":false,"large":false,"1536x1536":false,"2048x2048":false,"noticias-thumb":false,"banners-thumb":false,"maisnoticias-thumb":false,"post-thumbnail":false},"uagb_author_info":{"display_name":"diegoramos","author_link":"https:\/\/saude.ufpr.br\/medintegrada\/author\/diegoramos\/"},"uagb_comment_info":0,"uagb_excerpt":"Professor Brenno &#8211; 22\/01\/2021 ACLS 2020 ATLS 9\u00b0Ed Communication simulation training in medical education Comunica\u00e7\u00e3o m\u00e9dico_paciente Ensino mediado por t\u00e9cnicas de simula\u00e7\u00e3o Executive Summary 2 Executive Summary Hghlghts_2020_ECC_Guidelines_English jama-the-rational-clinical-examination Medical Error PALS Pediatric Advanced Life Support Study Guide 4th Edition 2018 RaciocinioClinico-RAMB1998 Resumo_de_Semiologia_Medica The Case Presentation Update ACLS Who is the captain Writing scientific articles&hellip;","publishpress_future_action":{"enabled":false,"date":"2026-04-10 21:19:22","action":"change-status","newStatus":"draft","terms":[],"taxonomy":"","extraData":[]},"publishpress_future_workflow_manual_trigger":{"enabledWorkflows":[]},"_links":{"self":[{"href":"https:\/\/saude.ufpr.br\/medintegrada\/wp-json\/wp\/v2\/pages\/1203","targetHints":{"allow":["GET"]}}],"collection":[{"href":"https:\/\/saude.ufpr.br\/medintegrada\/wp-json\/wp\/v2\/pages"}],"about":[{"href":"https:\/\/saude.ufpr.br\/medintegrada\/wp-json\/wp\/v2\/types\/page"}],"author":[{"embeddable":true,"href":"https:\/\/saude.ufpr.br\/medintegrada\/wp-json\/wp\/v2\/users\/1670"}],"replies":[{"embeddable":true,"href":"https:\/\/saude.ufpr.br\/medintegrada\/wp-json\/wp\/v2\/comments?post=1203"}],"version-history":[{"count":6,"href":"https:\/\/saude.ufpr.br\/medintegrada\/wp-json\/wp\/v2\/pages\/1203\/revisions"}],"predecessor-version":[{"id":1304,"href":"https:\/\/saude.ufpr.br\/medintegrada\/wp-json\/wp\/v2\/pages\/1203\/revisions\/1304"}],"wp:attachment":[{"href":"https:\/\/saude.ufpr.br\/medintegrada\/wp-json\/wp\/v2\/media?parent=1203"}],"curies":[{"name":"wp","href":"https:\/\/api.w.org\/{rel}","templated":true}]}}