{"id":1244,"date":"2020-12-30T19:34:25","date_gmt":"2020-12-30T19:34:25","guid":{"rendered":"https:\/\/saude.ufpr.br\/medintegrada\/?page_id=1244"},"modified":"2025-01-22T13:21:19","modified_gmt":"2025-01-22T13:21:19","slug":"agendas-cronogramas-reunioes","status":"publish","type":"page","link":"https:\/\/saude.ufpr.br\/medintegrada\/agendas-cronogramas-reunioes\/","title":{"rendered":"Agendas \/ Cronogramas \/ Reuni\u00f5es"},"content":{"rendered":"<p><strong><a href=\"https:\/\/saude.ufpr.br\/medintegrada\/wp-content\/uploads\/sites\/40\/2025\/01\/calendario-reunioes-DMI-2025-2.pdf\" target=\"_blank\" rel=\"noopener\">Calend\u00e1rio das Reuni\u00f5es Plen\u00e1rias DMI<\/a><\/strong><\/p>\n<p><a href=\"https:\/\/saude.ufpr.br\/medicina\/calendario-2\/\" target=\"_blank\" rel=\"noopener\"><strong>Calend\u00e1rio das Reuni\u00f5es do Colegiado do Curso<\/strong><\/a><\/p>\n<p><a href=\"https:\/\/saude.ufpr.br\/composicao-do-conselho\/\" target=\"_blank\" rel=\"noopener\"><strong>Calend\u00e1rio das Reuni\u00f5es do Conselho Setorial<\/strong><\/a><\/p>\n<p><a href=\"https:\/\/saude.ufpr.br\/comite-de-extensao\/\" target=\"_blank\" rel=\"noopener\"><strong>Calend\u00e1rio das Reuni\u00f5es do Comit\u00ea Setorial de Extens\u00e3o<\/strong><\/a><\/p>\n","protected":false},"excerpt":{"rendered":"<p>Calend\u00e1rio das Reuni\u00f5es Plen\u00e1rias DMI Calend\u00e1rio das Reuni\u00f5es do Colegiado do Curso Calend\u00e1rio das Reuni\u00f5es do Conselho Setorial Calend\u00e1rio das Reuni\u00f5es do Comit\u00ea Setorial de Extens\u00e3o<\/p>\n","protected":false},"author":1670,"featured_media":0,"parent":0,"menu_order":0,"comment_status":"closed","ping_status":"closed","template":"","meta":{"_acf_changed":false,"_uag_custom_page_level_css":"","footnotes":""},"class_list":["post-1244","page","type-page","status-publish","hentry"],"acf":[],"featured_image_src":null,"uagb_featured_image_src":{"full":false,"thumbnail":false,"medium":false,"medium_large":false,"large":false,"1536x1536":false,"2048x2048":false,"noticias-thumb":false,"banners-thumb":false,"maisnoticias-thumb":false,"post-thumbnail":false},"uagb_author_info":{"display_name":"diegoramos","author_link":"https:\/\/saude.ufpr.br\/medintegrada\/author\/diegoramos\/"},"uagb_comment_info":0,"uagb_excerpt":"Calend\u00e1rio das Reuni\u00f5es Plen\u00e1rias DMI Calend\u00e1rio das Reuni\u00f5es do Colegiado do Curso Calend\u00e1rio das Reuni\u00f5es do Conselho Setorial Calend\u00e1rio das Reuni\u00f5es do Comit\u00ea Setorial de Extens\u00e3o","publishpress_future_action":{"enabled":false,"date":"2026-04-10 17:54:24","action":"change-status","newStatus":"draft","terms":[],"taxonomy":"","extraData":[]},"publishpress_future_workflow_manual_trigger":{"enabledWorkflows":[]},"_links":{"self":[{"href":"https:\/\/saude.ufpr.br\/medintegrada\/wp-json\/wp\/v2\/pages\/1244","targetHints":{"allow":["GET"]}}],"collection":[{"href":"https:\/\/saude.ufpr.br\/medintegrada\/wp-json\/wp\/v2\/pages"}],"about":[{"href":"https:\/\/saude.ufpr.br\/medintegrada\/wp-json\/wp\/v2\/types\/page"}],"author":[{"embeddable":true,"href":"https:\/\/saude.ufpr.br\/medintegrada\/wp-json\/wp\/v2\/users\/1670"}],"replies":[{"embeddable":true,"href":"https:\/\/saude.ufpr.br\/medintegrada\/wp-json\/wp\/v2\/comments?post=1244"}],"version-history":[{"count":12,"href":"https:\/\/saude.ufpr.br\/medintegrada\/wp-json\/wp\/v2\/pages\/1244\/revisions"}],"predecessor-version":[{"id":2152,"href":"https:\/\/saude.ufpr.br\/medintegrada\/wp-json\/wp\/v2\/pages\/1244\/revisions\/2152"}],"wp:attachment":[{"href":"https:\/\/saude.ufpr.br\/medintegrada\/wp-json\/wp\/v2\/media?parent=1244"}],"curies":[{"name":"wp","href":"https:\/\/api.w.org\/{rel}","templated":true}]}}