{"id":1252,"date":"2020-07-07T11:05:28","date_gmt":"2020-07-07T14:05:28","guid":{"rendered":"https:\/\/saude.ufpr.br\/medtrab\/?page_id=1252"},"modified":"2022-06-30T08:27:09","modified_gmt":"2022-06-30T11:27:09","slug":"anos-2020-2022","status":"publish","type":"page","link":"https:\/\/saude.ufpr.br\/medtrab\/anos-2020-2022\/","title":{"rendered":"Anos 2020\/2022"},"content":{"rendered":"<table width=\"0\">\n<tbody>\n<tr>\n<td width=\"42\"><strong>\u00a0<\/strong><\/td>\n<td width=\"119\"><strong>DISCIPLINA<\/strong><\/td>\n<td width=\"402\"><strong>MATERIAL DE AULA<\/strong><\/td>\n<\/tr>\n<tr>\n<td width=\"42\">1.<\/td>\n<td width=\"119\">Introdu\u00e7\u00e3o ao exerc\u00edcio profissional da especialidade<\/td>\n<td width=\"402\">\n<ol>\n<li><a href=\"https:\/\/saude.ufpr.br\/medtrab\/wp-content\/uploads\/sites\/25\/2020\/07\/Introdu\u00e7\u00e3o-ao-Exerc\u00edcio-Profissional-da-Especialidade.pdf\">Introdu\u00e7\u00e3o ao Exerc\u00edcio Profissional da Especialidade<\/a>;<\/li>\n<li><a href=\"https:\/\/saude.ufpr.br\/medtrab\/wp-content\/uploads\/sites\/25\/2020\/07\/Compet\u00eancias-Essenciais-Requeridas-para-o-Exerc\u00edcio-da-Medicina-do-Trabalho-Atualiza\u00e7\u00e3o-2018_PORTUGUES.pdf\">Compet\u00eancias-Essenciais-Requeridas-para-o-Exerc\u00edcio-da-Medicina-do-Trabalho-Atualiza\u00e7\u00e3o-2018<\/a>;<\/li>\n<li><a href=\"https:\/\/saude.ufpr.br\/medtrab\/wp-content\/uploads\/sites\/25\/2020\/07\/A-Medicina-do-Trabalho-no-mundo-Contempor\u00e2neo.pdf\">A Medicina do Trabalho no mundo Contempor\u00e2neo<\/a><\/li>\n<\/ol>\n<\/td>\n<\/tr>\n<tr>\n<td width=\"42\">2.<\/td>\n<td width=\"119\">Pol\u00edticas p\u00fablicas e privadas de sa\u00fade<\/td>\n<td width=\"402\"><\/td>\n<\/tr>\n<tr>\n<td width=\"42\">3.<\/td>\n<td width=\"119\">Sociologia do trabalho<\/td>\n<td width=\"402\">\n<ol>\n<li><a href=\"https:\/\/saude.ufpr.br\/medtrab\/wp-content\/uploads\/sites\/25\/2020\/09\/APOSTILA-UNIDADE-1.pdf\">Apostila &#8211; Unidade 1<\/a><\/li>\n<\/ol>\n<\/td>\n<\/tr>\n<tr>\n<td width=\"42\">4.<\/td>\n<td width=\"119\">Legisla\u00e7\u00e3o do Trabalho<\/td>\n<td width=\"402\"><\/td>\n<\/tr>\n<tr>\n<td width=\"42\">5.<\/td>\n<td width=\"119\">Seguran\u00e7a do Trabalho<\/td>\n<td width=\"402\"><\/td>\n<\/tr>\n<tr>\n<td width=\"42\">6.<\/td>\n<td width=\"119\">\u00c9tica M\u00e9dica em ST<\/td>\n<td width=\"402\"><\/td>\n<\/tr>\n<tr>\n<td width=\"42\">7.<\/td>\n<td width=\"119\">Epidemiologia ocupacional<\/td>\n<td width=\"402\"><\/td>\n<\/tr>\n<tr>\n<td width=\"42\">8.<\/td>\n<td width=\"119\">Bioestat\u00edstica aplicada<\/td>\n<td width=\"402\"><\/td>\n<\/tr>\n<tr>\n<td width=\"42\">9.<\/td>\n<td width=\"119\">Sa\u00fade Ambiental<\/td>\n<td width=\"402\">\n<ol>\n<li><a href=\"https:\/\/saude.ufpr.br\/medtrab\/wp-content\/uploads\/sites\/25\/2021\/03\/Links-filmes-e-atividade.pdf\">Links de filmes e atividade<\/a><\/li>\n<li><a href=\"https:\/\/saude.ufpr.br\/medtrab\/wp-content\/uploads\/sites\/25\/2021\/03\/Occupational-and-Environmental-Medicine.pdf\">Occupational and Environmental Medicine<\/a><\/li>\n<li><a href=\"https:\/\/saude.ufpr.br\/medtrab\/wp-content\/uploads\/sites\/25\/2021\/03\/Saude-ambiental-Medicina-do-Trabalho.pdf\">Sa\u00fade ambiental &amp; Medicina do Trabalho<\/a><\/li>\n<li><a href=\"https:\/\/saude.ufpr.br\/medtrab\/wp-content\/uploads\/sites\/25\/2021\/03\/An-Overview-of-Occupational-Risks-From-Climate-Change.pdf\">An Overview of Occupational Risks From Climate Change<\/a><\/li>\n<li><a href=\"https:\/\/saude.ufpr.br\/medtrab\/wp-content\/uploads\/sites\/25\/2021\/03\/As-profissoes-e-o-cancer.pdf\">As profiss\u00f5es e o c\u00e2ncer<\/a><\/li>\n<li><a href=\"https:\/\/saude.ufpr.br\/medtrab\/wp-content\/uploads\/sites\/25\/2021\/03\/Responsibilities-of-the-Occupational-and-Environmental-Medicine-Provider-in-the.pdf\">Responsibilities of the Occupational and Environmental Medicine Provider in the Treatment and Prevention of Climate Change-Related Health Problems<\/a><\/li>\n<li>\u00a0<a href=\"https:\/\/saude.ufpr.br\/medtrab\/wp-content\/uploads\/sites\/25\/2021\/03\/atividade_assincrona_saude_ambiental.pdf\">Atividade ass\u00edncrona<\/a><\/li>\n<li>\u00a0<a href=\"https:\/\/saude.ufpr.br\/medtrab\/wp-content\/uploads\/sites\/25\/2021\/03\/Material-complementar.pdf\">Material complementar<\/a><\/li>\n<li><a href=\"https:\/\/saude.ufpr.br\/medtrab\/wp-content\/uploads\/sites\/25\/2021\/03\/Pesticides-in-drinking-water-\u2013-the-Brazilian-monitoring-program.pdf\">Pesticides in drinking water \u2013 the Brazilian monitoring program<\/a><\/li>\n<li><a href=\"https:\/\/saude.ufpr.br\/medtrab\/wp-content\/uploads\/sites\/25\/2021\/03\/Shifts-in-global-bat-diversity-suggest-a-possible-role-of-climate-change-in-the-emergence-of-SARS-CoV-1-and-SARS-CoV-2.pdf\">Shifts in global bat diversity suggest a possible role of climate change in the emergence of SARS-CoV-1 and SARS-CoV-2<\/a><\/li>\n<li><a href=\"https:\/\/saude.ufpr.br\/medtrab\/wp-content\/uploads\/sites\/25\/2021\/03\/relatorio_nacional_vigilancia_populacoes_expostas_agrotoxicos.pdf\">Relat\u00f3rio Nacional de Vigil\u00e2ncia em Sa\u00fade de Popula\u00e7\u00f5es Expostas a Agrot\u00f3xicos<\/a><\/li>\n<\/ol>\n<\/td>\n<\/tr>\n<tr>\n<td width=\"42\">10.<\/td>\n<td width=\"119\">Psicologia do Trabalho<\/td>\n<td width=\"402\"><\/td>\n<\/tr>\n<tr>\n<td width=\"42\">11.<\/td>\n<td width=\"119\">Higiene Ocupacional<\/td>\n<td width=\"402\">\n<ol>\n<li><a href=\"http:\/\/www.cpn-nr18.com.br\/uploads\/documentos-gerais\/tcnicas_de_avaliao_de_agentes_ambientais_.pdf\">Manual de avalia\u00e7\u00e3o Higiene Ocupacional SESI<\/a><\/li>\n<li>Leia o artigo sobre elabora\u00e7\u00e3o do Mapa de Riscos que \u00e9 atribui\u00e7\u00e3o da CIPA conforme a NR n\u00ba5 em: <a href=\"http:\/\/www.sgc.goias.gov.br\/upload\/arquivos\/2012-11\/manual-de-elaboracao-de-mapa-risco.pdf\">http:\/\/www.sgc.goias.gov.br\/upload\/arquivos\/2012-11\/manual-de-elaboracao-de-mapa-risco.pdf<\/a><\/li>\n<li>Elabore o Mapa de Riscos do local onde voc\u00ea habitualmente participa das atividades remotas de ensino do Curso de Especializa\u00e7\u00e3o de Medicina do Trabalho (em casa, escrit\u00f3rio, etc.) Fa\u00e7a um desenho representativo deste c\u00f4modo com os m\u00f3veis, portas e janelas e principalmente teu posto de trabalho\/aula. Insira a representa\u00e7\u00e3o dos agentes e da avalia\u00e7\u00e3o de riscos. Utilize como modelo as \u201cImagens de mapa de riscos da Cipa\u201d buscadas em teu navegador. Exemplo: <a href=\"https:\/\/www.google.com\/search?q=imagens+de+mapa+de+riscos+da+cipa&amp;oq=imagens+de+mapa+de+riscos+da+cipa&amp;aqs=chrome..69i57j33l5.6807j0j7&amp;sourceid=chrome&amp;ie=UTF-8\">clique aqui<\/a><\/li>\n<li>\u00a0<a href=\"https:\/\/www.iloencyclopaedia.org\/\">ILO Encyclopaedia of Occupational Health &amp;Safety<\/a><\/li>\n<li><a href=\"https:\/\/saude.ufpr.br\/medtrab\/wp-content\/uploads\/sites\/25\/2021\/09\/glossario-de-Higiene_Ocupacional.pdf\">Gloss\u00e1rio de Higiene Ocupacional<\/a><\/li>\n<\/ol>\n<\/td>\n<\/tr>\n<tr>\n<td width=\"42\">12.<\/td>\n<td width=\"119\">Metodologia da Pesquisa e TCC<\/td>\n<td width=\"402\">\n<ol>\n<li><a href=\"https:\/\/saude.ufpr.br\/medtrab\/wp-content\/uploads\/sites\/25\/2021\/03\/Manual_de_normalizacao_UFPR-artigo-1.pdf\">Manual de Normaliza\u00e7\u00e3o de Documentos Cient\u00edficos -UFPR \u2013 Exemplo de Artigo de Peri\u00f3dico<\/a><\/li>\n<li><a href=\"https:\/\/saude.ufpr.br\/medtrab\/wp-content\/uploads\/sites\/25\/2021\/03\/Modelo_TCC_Medicina-do-Trabalho-2018-1.pdf\">Modelo TCC<\/a><\/li>\n<li><a href=\"https:\/\/saude.ufpr.br\/medtrab\/wp-content\/uploads\/sites\/25\/2021\/03\/Modelo_TCC-Revisao-da-Literatura_Medicina-do-Trabalho-2018-1.pdf\">Modelo TCC \u2013 Revis\u00e3o da Literatura<\/a><\/li>\n<li><a href=\"https:\/\/saude.ufpr.br\/medtrab\/wp-content\/uploads\/sites\/25\/2021\/03\/folha-rosto-artigo.doc\">Folha rosto \u2013 artigo UFPR<\/a><\/li>\n<li><a href=\"https:\/\/saude.ufpr.br\/medtrab\/wp-content\/uploads\/sites\/25\/2021\/03\/capa-artigo-1.doc\">Capa \u2013 artigo UFPR<\/a><\/li>\n<li><a href=\"https:\/\/saude.ufpr.br\/epmufpr\/wp-content\/uploads\/sites\/42\/2020\/10\/template-artigo-de-periodico.doc\">Template de artigo de peri\u00f3dico<\/a><\/li>\n<li><a href=\"https:\/\/youtu.be\/8nAtk2-GHHY\">V\u00eddeo Aula \u2013 Introdu\u00e7\u00e3o e Elabora\u00e7\u00e3o de Projetos de Pesquisa Cient\u00edfica \u2013 Profa Solena Kusma<\/a><\/li>\n<li><a href=\"https:\/\/youtu.be\/BAdcfgxktFI\">V\u00eddeo Aula \u2013 Busca de Artigos Cient\u00edficos- Profa Solena Kusma<\/a><\/li>\n<li><a href=\"https:\/\/youtu.be\/DkHw89h0X_s\">V\u00eddeo Aula \u2013 Gerenciador de Refer\u00eancia Bibliogr\u00e1fica \u2013 MENDELEY- Profa Solena Kusma<\/a><\/li>\n<li><a href=\"https:\/\/youtu.be\/zVw9nIebvmg\">V\u00eddeo Aula &#8211; Profa Solena Kusma<\/a><\/li>\n<li><a href=\"https:\/\/youtu.be\/UxQT9cTGBk8\">V\u00eddeo Aula Tira D\u00favidas \u2013 Profa Solena Kusma<\/a><\/li>\n<li><a href=\"https:\/\/saude.ufpr.br\/medtrab\/wp-content\/uploads\/sites\/25\/2021\/07\/AtividadePraticaPreProjeto-medtrab.pdf\">Atividade Pr\u00e1tica: Metodologia Cientifica: Elabora\u00e7\u00e3o do Pre\u0301-Projeto<\/a><\/li>\n<li><a href=\"https:\/\/youtu.be\/IKPHustcuBw\">Video-aula<\/a><\/li>\n<li><a href=\"https:\/\/saude.ufpr.br\/medtrab\/wp-content\/uploads\/sites\/25\/2021\/09\/Artigo_Medicina_do_Trabalho-UFPR.pdf\">Dicas de escrita de Projeto Cient\u00edfico &#8211; Profa. Solena Kusma<\/a><\/li>\n<\/ol>\n<\/td>\n<\/tr>\n<tr>\n<td width=\"42\">13.<\/td>\n<td width=\"119\">Sa\u00fade mental no trabalho<\/td>\n<td width=\"402\"><\/td>\n<\/tr>\n<tr>\n<td width=\"42\">14.<\/td>\n<td width=\"119\">Ergonomia<\/td>\n<td width=\"402\">\n<ol>\n<li><a href=\"https:\/\/saude.ufpr.br\/medtrab\/wp-content\/uploads\/sites\/25\/2021\/11\/Analise-de-Cenarios-prof.-Alison.pdf\" target=\"_blank\" rel=\"noopener\">Pr\u00e1tica de Ergonomia &#8211; aula prof. Alisson Klein<\/a><\/li>\n<\/ol>\n<\/td>\n<\/tr>\n<tr>\n<td width=\"42\">15.<\/td>\n<td width=\"119\">Programa de Controle M\u00e9dico de Sa\u00fade Ocupacional\u00a0-PCMSO<\/td>\n<td width=\"402\">\n<ol>\n<li><a href=\"https:\/\/saude.ufpr.br\/medtrab\/wp-content\/uploads\/sites\/25\/2021\/04\/PCMSO.pdf\">O que constitui um PCMSO \u2013 Programas Internos da Institui\u00e7\u00e3o e suas Rela\u00e7\u00f5es<\/a><\/li>\n<li><a href=\"https:\/\/saude.ufpr.br\/medtrab\/wp-content\/uploads\/sites\/25\/2021\/10\/PCMSO.pdf\">Interfaces Sa\u00fade Ocupacional: Promo\u00e7\u00e3o de sa\u00fade &#8211; Aula 22 e 23\/10\/2021<\/a><\/li>\n<li><a href=\"https:\/\/saude.ufpr.br\/wp-content\/uploads\/2021\/11\/Aula_ProfGuilherme_Murta.mp4\" target=\"_blank\" rel=\"noopener\">Aula em v\u00eddeo Prof. Guilherme Murta &#8211; dia 26\/10\/2021<\/a><\/li>\n<\/ol>\n<\/td>\n<\/tr>\n<tr>\n<td width=\"42\">16.<\/td>\n<td width=\"119\">Toxicologia Ocupacional<\/td>\n<td width=\"402\">\n<ol>\n<li><a href=\"https:\/\/saude.ufpr.br\/medtrab\/wp-content\/uploads\/sites\/25\/2021\/07\/Toxicologia-basica-ocupacional-parte-1.pdf\">Toxicologia b\u00e1sica ocupacional parte 1<\/a><\/li>\n<li><a href=\"https:\/\/saude.ufpr.br\/medtrab\/wp-content\/uploads\/sites\/25\/2021\/07\/Toxicologia-Ocupacional-Apostila-base.pdf\">Toxicologia Ocupacional Apostila base<\/a><\/li>\n<li><a href=\"https:\/\/saude.ufpr.br\/wp-content\/uploads\/2021\/12\/aula%20Tarefas%20HO%20toxic%2026%20nov.mp4\" target=\"_blank\" rel=\"noopener\">An\u00e1lise Cr\u00edtica do Monitoramento biol\u00f3gico &#8211; V\u00eddeo aula<\/a><\/li>\n<\/ol>\n<\/td>\n<\/tr>\n<tr>\n<td width=\"42\">17.<\/td>\n<td width=\"119\">Per\u00edcias em Medicina do Trabalho<\/td>\n<td width=\"402\">\n<ol>\n<li><a href=\"https:\/\/saude.ufpr.br\/wp-content\/uploads\/2021\/09\/Aula_Prof_Geraldo-20-8-2021.mp4\" target=\"_blank\" rel=\"noopener\">Aula em v\u00eddeo Prof. Geraldo &#8211; dia 20\/08\/2021<\/a><\/li>\n<\/ol>\n<\/td>\n<\/tr>\n<tr>\n<td width=\"42\">18.<\/td>\n<td width=\"119\">Gest\u00e3o da Sa\u00fade do Trabalhador e da Medicina do Trabalho<\/p>\n<p>Sa\u00fade do servidor p\u00fablico<\/td>\n<td width=\"402\">\n<ol>\n<li><a href=\"https:\/\/saude.ufpr.br\/medtrab\/wp-content\/uploads\/sites\/25\/2021\/11\/Conceitos-Tipo-Vinculacao-Profissional-SCNES.pdf\">Conceitos-Tipo-Vincula\u00e7\u00e3o-Profissional-SCNES\u00a0<\/a><\/li>\n<li><a href=\"https:\/\/saude.ufpr.br\/medtrab\/wp-content\/uploads\/sites\/25\/2021\/11\/Constituicao-Compilado-secao-II.pdf\">Constituic\u00e3o-Compilado se\u00e7\u00e3o II<\/a><\/li>\n<li><a href=\"https:\/\/saude.ufpr.br\/medtrab\/wp-content\/uploads\/sites\/25\/2021\/11\/Constituicao-Compilado.pdf\">Constitui\u00e7\u00e3o-Compilado<\/a><\/li>\n<li><a href=\"https:\/\/saude.ufpr.br\/medtrab\/wp-content\/uploads\/sites\/25\/2021\/11\/Decreto-no-6856.pdf\">Decreto n\u00ba 6856<\/a><\/li>\n<li><a href=\"https:\/\/saude.ufpr.br\/medtrab\/wp-content\/uploads\/sites\/25\/2021\/11\/Folder-PASS.pdf\">Folder PASS<\/a><\/li>\n<li><a href=\"https:\/\/saude.ufpr.br\/medtrab\/wp-content\/uploads\/sites\/25\/2021\/11\/IN-No-01-2008-EXAMES-MEDICOS-PERIODICOS.pdf\">IN N\u00ba 01- 2008 &#8211; EXAMES M\u00c9DICOS PERI\u00d3DICOS<\/a><\/li>\n<li><a href=\"https:\/\/saude.ufpr.br\/medtrab\/wp-content\/uploads\/sites\/25\/2021\/11\/L8112compilado.pdf\">L8112 compilado<\/a><\/li>\n<li><a href=\"https:\/\/saude.ufpr.br\/medtrab\/wp-content\/uploads\/sites\/25\/2021\/11\/nr-01_vigente.pdf\">NR-01_vigente<\/a><\/li>\n<li><a href=\"https:\/\/saude.ufpr.br\/medtrab\/wp-content\/uploads\/sites\/25\/2021\/11\/nr-01-atualizada-2020_inicio-em-2022.pdf\">NR-01-atualizada-2020_in\u00edcio em 2022<\/a><\/li>\n<li><a href=\"https:\/\/saude.ufpr.br\/medtrab\/wp-content\/uploads\/sites\/25\/2021\/11\/NR-01-original.pdf\">NR-01-original<\/a> <a href=\"https:\/\/saude.ufpr.br\/medtrab\/wp-content\/uploads\/sites\/25\/2021\/11\/NR1.pdf\">N<\/a><\/li>\n<li><a href=\"https:\/\/saude.ufpr.br\/medtrab\/wp-content\/uploads\/sites\/25\/2021\/11\/NR1.pdf\">R1<\/a><\/li>\n<li><a href=\"https:\/\/saude.ufpr.br\/medtrab\/wp-content\/uploads\/sites\/25\/2021\/11\/nr-07_atualizada_2020_inicio-em-2022.pdf\">NR-07_atualizada_2020_in\u00edcio em 2022<\/a> <a href=\"https:\/\/saude.ufpr.br\/medtrab\/wp-content\/uploads\/sites\/25\/2021\/11\/nr-07_vigente.pdf\">n<\/a><\/li>\n<li><a href=\"https:\/\/saude.ufpr.br\/medtrab\/wp-content\/uploads\/sites\/25\/2021\/11\/nr-07_vigente.pdf\">R-07_vigente<\/a> <a href=\"https:\/\/saude.ufpr.br\/medtrab\/wp-content\/uploads\/sites\/25\/2021\/11\/NR-07-original.pdf\">N<\/a><\/li>\n<li><a href=\"https:\/\/saude.ufpr.br\/medtrab\/wp-content\/uploads\/sites\/25\/2021\/11\/NR-07-original.pdf\">R-07-original<\/a> <a href=\"https:\/\/saude.ufpr.br\/medtrab\/wp-content\/uploads\/sites\/25\/2021\/11\/NR7.pdf\">N<\/a><\/li>\n<li><a href=\"https:\/\/saude.ufpr.br\/medtrab\/wp-content\/uploads\/sites\/25\/2021\/11\/NR7.pdf\">R7<\/a> <a href=\"https:\/\/saude.ufpr.br\/medtrab\/wp-content\/uploads\/sites\/25\/2021\/11\/PORTARIA-NORMATIVA-3-2010.pdf\">PORTARIA <\/a><\/li>\n<li><a href=\"https:\/\/saude.ufpr.br\/medtrab\/wp-content\/uploads\/sites\/25\/2021\/11\/PORTARIA-NORMATIVA-3-2010.pdf\">NORMATIVA 3 &#8211; 2010<\/a><\/li>\n<li><a href=\"https:\/\/saude.ufpr.br\/medtrab\/wp-content\/uploads\/sites\/25\/2021\/11\/PORTARIA-NORMATIVA-4-2009.pdf\">PORTARIA NORMATIVA 4 &#8211; 2009<\/a><\/li>\n<li><a href=\"https:\/\/saude.ufpr.br\/medtrab\/wp-content\/uploads\/sites\/25\/2021\/11\/Portaria-SSST-24-de-29-de-dezembro-de-1994-st13.pdf\">Portaria SSST 24 de 29 de dezembro de 1994 &#8211; st13<\/a><\/li>\n<li><a href=\"https:\/\/saude.ufpr.br\/medtrab\/wp-content\/uploads\/sites\/25\/2021\/11\/Portaria_SIT_3214-1978.pdf\">Portaria_SIT_3214-1978<\/a> <a href=\"https:\/\/saude.ufpr.br\/medtrab\/wp-content\/uploads\/sites\/25\/2021\/11\/RESOLUCAO-CFM-N-2.2972021.pdf\">R<\/a><\/li>\n<li><a href=\"https:\/\/saude.ufpr.br\/medtrab\/wp-content\/uploads\/sites\/25\/2021\/11\/RESOLUCAO-CFM-N-2.2972021.pdf\">ESOLU\u00c7\u00c3O CFM N 2.2972021<\/a><\/li>\n<li><a href=\"https:\/\/saude.ufpr.br\/medtrab\/wp-content\/uploads\/sites\/25\/2021\/11\/RMSS-EP-Rotina-de-Monitoramento-de-Saude-do-Servidor-Exame-Periodico.pdf\">RMSS-EP &#8211; Rotina de Monitoramento de Sa\u00fade do Servidor &#8211; Exame Peri\u00f3dico<\/a><\/li>\n<li><a href=\"https:\/\/saude.ufpr.br\/medtrab\/wp-content\/uploads\/sites\/25\/2021\/12\/Saude_Trabalho_Servidor_Publico.pdf\" target=\"_blank\" rel=\"noopener\">Sa\u00fade no Trabalho do Servidor P\u00fablico &#8211; aula Prof. Raffaello Popa Di Bernardi<\/a><\/li>\n<li><a href=\"https:\/\/saude.ufpr.br\/medtrab\/wp-content\/uploads\/sites\/25\/2022\/06\/Cultura-e-aspectos-organizacionais-dia-6-de-junho-2022.pdf\" target=\"_blank\" rel=\"noopener\">Cultura e aspectos organizacionais &#8211; Prof. Dr. Paulo Z\u00e9tola<\/a><\/li>\n<li><a href=\"https:\/\/saude.ufpr.br\/medtrab\/wp-content\/uploads\/sites\/25\/2022\/06\/Gestao-Administrativa-e-Funcional-Izeta.pdf\" target=\"_blank\" rel=\"noopener\">Gest\u00e3o Administrativa e Funcional &#8211; Prof. Dr. Paulo Z\u00e9tola<\/a><\/li>\n<li><a href=\"https:\/\/saude.ufpr.br\/medtrab\/wp-content\/uploads\/sites\/25\/2022\/06\/Gestao-da-Qualidade-em-SST.pdf\" target=\"_blank\" rel=\"noopener\">Gest\u00e3o da Qualidade em SST &#8211; Prof. Dr. Paulo Z\u00e9tola<\/a><\/li>\n<\/ol>\n<\/td>\n<\/tr>\n<tr>\n<td width=\"42\">19.<\/td>\n<td width=\"119\">Revis\u00e3o da Fisiologia do Trabalho<\/td>\n<td width=\"402\"><\/td>\n<\/tr>\n<tr>\n<td width=\"42\">20.<\/td>\n<td width=\"119\">Adoecimento relacionado ao Trabalho<\/td>\n<td width=\"402\">\n<ol>\n<li><a href=\"https:\/\/saude.ufpr.br\/medtrab\/wp-content\/uploads\/sites\/25\/2022\/04\/1-Hematologia-do-Trabalho-1.pdf\" target=\"_blank\" rel=\"noopener\">Hematologia do Trabalho<\/a><\/li>\n<li><a href=\"https:\/\/saude.ufpr.br\/medtrab\/wp-content\/uploads\/sites\/25\/2022\/04\/2-cancer-relacionado-ao-trabalho-1.pdf\" target=\"_blank\" rel=\"noopener\">C\u00e2ncer relacionado ao trabalho<\/a><\/li>\n<li><a href=\"https:\/\/youtu.be\/ejx4UwSDWTk\" target=\"_blank\" rel=\"noopener\">V\u00eddeo aula &#8211; Parte 1<\/a><\/li>\n<li><a href=\"https:\/\/youtu.be\/oSnKAqSI6UI\" target=\"_blank\" rel=\"noopener\">V\u00eddeo aula &#8211; Parte 2<\/a><\/li>\n<\/ol>\n<hr \/>\n<ul>\n<li><strong>Dermatoses Ocupacionais<\/strong><\/li>\n<\/ul>\n<ol>\n<li><a href=\"https:\/\/saude.ufpr.br\/medtrab\/wp-content\/uploads\/sites\/25\/2022\/05\/Cadernoab_saude_do_trabalhador.pdf\">Caderno de Saude do trabalhador<\/a> <a href=\"https:\/\/saude.ufpr.br\/medtrab\/wp-content\/uploads\/sites\/25\/2022\/05\/2022-Artigo-sobre-Dermatoses-ocupacionais.pdf\" target=\"_blank\" rel=\"noopener\">2022 <\/a><\/li>\n<li><a href=\"https:\/\/saude.ufpr.br\/medtrab\/wp-content\/uploads\/sites\/25\/2022\/05\/2022-Artigo-sobre-Dermatoses-ocupacionais.pdf\" target=\"_blank\" rel=\"noopener\">Artigo sobre Dermatoses ocupacionais<\/a><\/li>\n<li><a href=\"https:\/\/saude.ufpr.br\/medtrab\/wp-content\/uploads\/sites\/25\/2022\/05\/Artigo-basico-Dermatoses-ocupacionais-ABD.pdf\" target=\"_blank\" rel=\"noopener\">Artigo b\u00e1sico Dermatoses ocupacionais ABD<\/a><\/li>\n<li><a href=\"https:\/\/saude.ufpr.br\/medtrab\/wp-content\/uploads\/sites\/25\/2022\/05\/Ficha-SINAN-Dermatoses-ocupacionais.pdf\" target=\"_blank\" rel=\"noopener\">Ficha SINAN Dermatoses ocupacionais<\/a><\/li>\n<\/ol>\n<hr \/>\n<ul>\n<li><strong>Doen\u00e7as pulmonares<\/strong><\/li>\n<\/ul>\n<p style=\"text-align: center;\"><strong><u>WEBINAR FUNDACENTRO. Minist\u00e9rio da Economia. 2020.<\/u><\/strong><\/p>\n<p style=\"text-align: center;\">NR 07 Anexo III. <strong>Controle Radiol\u00f3gico e Espirom\u00e9trico da Exposi\u00e7\u00e3o a Agentes Qu\u00edmicos<\/strong><\/p>\n<p style=\"text-align: center;\">Atendendo requisitos da PORTARIA MTP N\u00ba 567, DE 10 DE MAR\u00c7O DE 2022 (DOU 01\/04)<\/p>\n<ul>\n<li><strong><a href=\"https:\/\/youtu.be\/HuFvukoQxWg\" target=\"_blank\" rel=\"noopener\">Rela\u00e7\u00f5es da NR 01= PGR com a NR 07 anexo III<\/a> &#8211; Parte 1<br \/>\n<\/strong>Carlos Eduardo Ferreira Domingues<br \/>\nAuditor Fiscal do Trabalho. Ligado ao Programa de Prote\u00e7\u00e3o Respirat\u00f3ria<\/li>\n<li><strong><a href=\"https:\/\/youtu.be\/gFJkjdeiP-0\" target=\"_blank\" rel=\"noopener\">Poeiras Minerais<\/a> &#8211; Parte 2<br \/>\n<\/strong>Jos\u00e9 Tarc\u00edsio Buschinelli<br \/>\nM\u00e9dico Pesquisador da Fundacentro. Doutor em Toxicologia.<\/li>\n<li><strong><a href=\"https:\/\/youtu.be\/NT0ys0rnkYc\" target=\"_blank\" rel=\"noopener\">Controle Radiol\u00f3gico<\/a> &#8211; Parte 3<\/strong><\/li>\n<li><strong><a href=\"https:\/\/youtu.be\/WXnEk46RwLg\" target=\"_blank\" rel=\"noopener\">Controle Espirom\u00e9trico<\/a> &#8211; Parte 4<br \/>\n<\/strong>Eduardo Algranti<br \/>\nM\u00e9dico pneumologista pesquisador da Fundacentro<\/li>\n<li><strong><a href=\"https:\/\/youtu.be\/thU4RwFpd78\" target=\"_blank\" rel=\"noopener\">Debates<\/a> &#8211; Parte final<br \/>\n<\/strong>Apresentadores acima + Gilmar Trivelatto<br \/>\nHigienista da Fundacentro<strong><br \/>\n<\/strong><\/li>\n<li><a href=\"https:\/\/saude.ufpr.br\/medtrab\/wp-content\/uploads\/sites\/25\/2022\/05\/apresentacao-nr7-webinar_dralgranti-1.pdf\" target=\"_blank\" rel=\"noopener\">\u00a0<strong>Apresenta\u00e7\u00e3o do pneumologista Eduardo Algranti<\/strong><\/a> (PowerPoint gravado em pdf).<\/li>\n<\/ul>\n<\/td>\n<\/tr>\n<tr>\n<td width=\"42\">21.<\/td>\n<td width=\"119\">Urg\u00eancias e emerg\u00eancias em MT<\/td>\n<td width=\"402\"><\/td>\n<\/tr>\n<tr>\n<td width=\"42\">22.<\/td>\n<td width=\"119\">Reuni\u00f5es de grupos e supervis\u00e3o<\/td>\n<td width=\"402\"><\/td>\n<\/tr>\n<\/tbody>\n<\/table>\n","protected":false},"excerpt":{"rendered":"<p>\u00a0 DISCIPLINA MATERIAL DE AULA 1. Introdu\u00e7\u00e3o ao exerc\u00edcio profissional da especialidade Introdu\u00e7\u00e3o ao Exerc\u00edcio Profissional da Especialidade; Compet\u00eancias-Essenciais-Requeridas-para-o-Exerc\u00edcio-da-Medicina-do-Trabalho-Atualiza\u00e7\u00e3o-2018; A Medicina do Trabalho no mundo Contempor\u00e2neo 2. Pol\u00edticas p\u00fablicas e privadas de sa\u00fade 3. Sociologia do trabalho Apostila &#8211; Unidade 1 4. Legisla\u00e7\u00e3o do Trabalho 5. Seguran\u00e7a do Trabalho 6. \u00c9tica M\u00e9dica em ST 7.<br \/> <a href=\"https:\/\/saude.ufpr.br\/medtrab\/anos-2020-2022\/\" class=\"button success small readmore\">Leia mais<\/a><\/p>\n","protected":false},"author":15,"featured_media":0,"parent":0,"menu_order":0,"comment_status":"closed","ping_status":"closed","template":"","meta":{"_acf_changed":false,"_uag_custom_page_level_css":"","footnotes":""},"class_list":["post-1252","page","type-page","status-publish","hentry"],"acf":[],"featured_image_src":null,"uagb_featured_image_src":{"full":false,"thumbnail":false,"medium":false,"medium_large":false,"large":false,"1536x1536":false,"2048x2048":false,"noticias-thumb":false,"banners-thumb":false,"maisnoticias-thumb":false,"post-thumbnail":false},"uagb_author_info":{"display_name":"Andrea Jankoski","author_link":"https:\/\/saude.ufpr.br\/medtrab\/author\/andrea\/"},"uagb_comment_info":0,"uagb_excerpt":"\u00a0 DISCIPLINA MATERIAL DE AULA 1. Introdu\u00e7\u00e3o ao exerc\u00edcio profissional da especialidade Introdu\u00e7\u00e3o ao Exerc\u00edcio Profissional da Especialidade; Compet\u00eancias-Essenciais-Requeridas-para-o-Exerc\u00edcio-da-Medicina-do-Trabalho-Atualiza\u00e7\u00e3o-2018; A Medicina do Trabalho no mundo Contempor\u00e2neo 2. Pol\u00edticas p\u00fablicas e privadas de sa\u00fade 3. Sociologia do trabalho Apostila &#8211; Unidade 1 4. Legisla\u00e7\u00e3o do Trabalho 5. Seguran\u00e7a do Trabalho 6. \u00c9tica M\u00e9dica em ST 7.&hellip;","publishpress_future_action":{"enabled":false,"date":"2026-05-13 17:38:09","action":"change-status","newStatus":"draft","terms":[],"taxonomy":"","extraData":[]},"publishpress_future_workflow_manual_trigger":{"enabledWorkflows":[]},"_links":{"self":[{"href":"https:\/\/saude.ufpr.br\/medtrab\/wp-json\/wp\/v2\/pages\/1252","targetHints":{"allow":["GET"]}}],"collection":[{"href":"https:\/\/saude.ufpr.br\/medtrab\/wp-json\/wp\/v2\/pages"}],"about":[{"href":"https:\/\/saude.ufpr.br\/medtrab\/wp-json\/wp\/v2\/types\/page"}],"author":[{"embeddable":true,"href":"https:\/\/saude.ufpr.br\/medtrab\/wp-json\/wp\/v2\/users\/15"}],"replies":[{"embeddable":true,"href":"https:\/\/saude.ufpr.br\/medtrab\/wp-json\/wp\/v2\/comments?post=1252"}],"version-history":[{"count":62,"href":"https:\/\/saude.ufpr.br\/medtrab\/wp-json\/wp\/v2\/pages\/1252\/revisions"}],"predecessor-version":[{"id":1511,"href":"https:\/\/saude.ufpr.br\/medtrab\/wp-json\/wp\/v2\/pages\/1252\/revisions\/1511"}],"wp:attachment":[{"href":"https:\/\/saude.ufpr.br\/medtrab\/wp-json\/wp\/v2\/media?parent=1252"}],"curies":[{"name":"wp","href":"https:\/\/api.w.org\/{rel}","templated":true}]}}