{"id":366,"date":"2017-09-18T13:14:16","date_gmt":"2017-09-18T16:14:16","guid":{"rendered":"https:\/\/saude.ufpr.br\/medtrab\/?page_id=366"},"modified":"2018-01-31T13:29:36","modified_gmt":"2018-01-31T15:29:36","slug":"curso-de-especializacao-em-pericias-medicas","status":"publish","type":"page","link":"https:\/\/saude.ufpr.br\/medtrab\/curso-de-especializacao-em-pericias-medicas\/","title":{"rendered":"Curso de Especializa\u00e7\u00e3o em Per\u00edcias M\u00e9dicas"},"content":{"rendered":"<h4 style=\"text-align: center;\"><strong>EDITAL IV &#8211; 2018<\/strong><\/h4>\n<p><strong>RESULTADO FINAL dos selecionados para o curso <a href=\"https:\/\/saude.ufpr.br\/medtrab\/wp-content\/uploads\/sites\/25\/2017\/09\/relacao-decanditados-selecionados.pdf\" target=\"_blank\" rel=\"noopener\">clique aqui.<\/a><\/strong><\/p>\n<p><strong><a href=\"https:\/\/saude.ufpr.br\/medtrab\/wp-content\/uploads\/sites\/25\/2016\/08\/bul_red.gif\"><img decoding=\"async\" class=\"alignnone size-full wp-image-156\" src=\"https:\/\/saude.ufpr.br\/medtrab\/wp-content\/uploads\/sites\/25\/2016\/08\/bul_red.gif\" alt=\"\" width=\"15\" height=\"10\" \/><\/a>MATR\u00cdCULA:\u00a0o link ser\u00e1 disponibilizado posteriormente, devido a problemas no sistema. Fica mantida a lista dos selecionados no Resultado Final e o inicio das aulas no dia 02\/03\/2018.<\/strong><\/p>\n<blockquote><p><span style=\"color: #ff6600;\"><strong><span style=\"color: #ff6600;\">Documentos para a matr\u00edcula<\/span>:<\/strong><\/span><\/p><\/blockquote>\n<ul>\n<li>C\u00f3pia do Diploma ou Comprovante de Conclus\u00e3o do Curso de M\u00e9dico;<\/li>\n<li>C\u00f3pia do registro CRM;<\/li>\n<li>C\u00f3pia da Carteira de Identidade (RG);<\/li>\n<li>C\u00f3pia do CPF;<\/li>\n<li>Comprovante de endere\u00e7o;<\/li>\n<\/ul>\n<p><strong>\u00a0OBS.:<\/strong>\u00a0O candidato que n\u00e3o efetuar sua matricula no per\u00edodo acima ser\u00e1 considerado desistente e haver\u00e1 uma chamada para complementa\u00e7\u00e3o das vagas<strong>.<\/strong><\/p>\n<p><strong><a href=\"https:\/\/saude.ufpr.br\/medtrab\/wp-content\/uploads\/sites\/25\/2016\/08\/bul_red.gif\"><img decoding=\"async\" class=\"alignnone size-full wp-image-156\" src=\"https:\/\/saude.ufpr.br\/medtrab\/wp-content\/uploads\/sites\/25\/2016\/08\/bul_red.gif\" alt=\"\" width=\"15\" height=\"10\" \/><\/a>INICIO DAS AULAS<\/strong>:\u00a0<strong><u>02\/03\/2018<\/u>, \u00e0s 19h.<\/strong><\/p>\n<p>Audit\u00f3rio do Setor de Ci\u00eancias da Sa\u00fade<\/p>\n<p>Rua Padre Camargo, 280 \u2013 1\u00ba andar \u2013 Bairro Alto da Gl\u00f3ria \u2013 Curitiba \u2013 PR<\/p>\n<p>Curitiba, 01\/02\/2018.<\/p>\n<p><strong>Coordena\u00e7\u00e3o do Curso<\/strong><\/p>\n<hr \/>\n<h3 style=\"text-align: center;\"><strong>Edital n\u00ba I<\/strong><\/h3>\n<p>O Curso de Especializa\u00e7\u00e3o em Pericias M\u00e9dicas encontra-se aprovado e regulamentado na Universidade Federal do Paran\u00e1 e segue as normas e resolu\u00e7\u00f5es para os cursos de P\u00f3s-Gradua\u00e7\u00e3o da UFPR (RESOLU\u00c7\u00c3O N\u00ba 42\/03-COUN e N\u00ba 17\/11-COPLAD), \u00e0s exig\u00eancias estabelecidas pelo Minist\u00e9rio da Educa\u00e7\u00e3o para os Cursos de Especializa\u00e7\u00e3o (P\u00f3s Gradua\u00e7\u00e3o <em>sensu-lato<\/em>), e as orienta\u00e7\u00f5es do Conselho Federal de Medicina (Resolu\u00e7\u00f5es CFM n\u00ba 1634\/2002 e n\u00ba 1666\/2003)<\/p>\n<p><strong><a href=\"https:\/\/saude.ufpr.br\/medtrab\/wp-content\/uploads\/sites\/25\/2016\/08\/bul_red.gif\"><img decoding=\"async\" class=\"alignnone size-full wp-image-156\" src=\"https:\/\/saude.ufpr.br\/medtrab\/wp-content\/uploads\/sites\/25\/2016\/08\/bul_red.gif\" alt=\"\" width=\"15\" height=\"10\" \/><\/a>Per\u00edodo do Curso:<\/strong><\/p>\n<p>Dura\u00e7\u00e3o de 18 (dezoito) meses com inicio em fevereiro de 2018.<\/p>\n<p><strong><a href=\"https:\/\/saude.ufpr.br\/medtrab\/wp-content\/uploads\/sites\/25\/2016\/08\/bul_red.gif\"><img decoding=\"async\" class=\"alignnone size-full wp-image-156\" src=\"https:\/\/saude.ufpr.br\/medtrab\/wp-content\/uploads\/sites\/25\/2016\/08\/bul_red.gif\" alt=\"\" width=\"15\" height=\"10\" \/><\/a>Conte\u00fado Program\u00e1tico:\u00a0<a href=\"https:\/\/saude.ufpr.br\/medtrab\/wp-content\/uploads\/sites\/25\/2017\/09\/Conteudo_Programatico-Pericias-Medicas.pdf\" target=\"_blank\" rel=\"noopener\">clique aqui<\/a><\/strong><\/p>\n<p><strong><a href=\"https:\/\/saude.ufpr.br\/medtrab\/wp-content\/uploads\/sites\/25\/2016\/08\/bul_red.gif\"><img decoding=\"async\" class=\"alignnone size-full wp-image-156\" src=\"https:\/\/saude.ufpr.br\/medtrab\/wp-content\/uploads\/sites\/25\/2016\/08\/bul_red.gif\" alt=\"\" width=\"15\" height=\"10\" \/><\/a>Carga Hor\u00e1ria Total: <\/strong>546 horas<\/p>\n<p><strong><a href=\"https:\/\/saude.ufpr.br\/medtrab\/wp-content\/uploads\/sites\/25\/2016\/08\/bul_red.gif\"><img decoding=\"async\" class=\"alignnone size-full wp-image-156\" src=\"https:\/\/saude.ufpr.br\/medtrab\/wp-content\/uploads\/sites\/25\/2016\/08\/bul_red.gif\" alt=\"\" width=\"15\" height=\"10\" \/><\/a>Clientela alvo: <\/strong>M\u00e9dicos.<\/p>\n<p><strong><a href=\"https:\/\/saude.ufpr.br\/medtrab\/wp-content\/uploads\/sites\/25\/2016\/08\/bul_red.gif\"><img decoding=\"async\" class=\"alignnone size-full wp-image-156\" src=\"https:\/\/saude.ufpr.br\/medtrab\/wp-content\/uploads\/sites\/25\/2016\/08\/bul_red.gif\" alt=\"\" width=\"15\" height=\"10\" \/><\/a>Vagas: <\/strong>40<\/p>\n<p><strong><a href=\"https:\/\/saude.ufpr.br\/medtrab\/wp-content\/uploads\/sites\/25\/2016\/08\/bul_red.gif\"><img decoding=\"async\" class=\"alignnone size-full wp-image-156\" src=\"https:\/\/saude.ufpr.br\/medtrab\/wp-content\/uploads\/sites\/25\/2016\/08\/bul_red.gif\" alt=\"\" width=\"15\" height=\"10\" \/><\/a>Per\u00edodo de Inscri\u00e7\u00e3o: <span style=\"color: #ff0000;\">INSCRI\u00c7\u00d5ES ENCERRADAS!<\/span><\/strong><\/p>\n<p><strong><a href=\"https:\/\/saude.ufpr.br\/medtrab\/wp-content\/uploads\/sites\/25\/2016\/08\/bul_red.gif\"><img decoding=\"async\" class=\"alignnone size-full wp-image-156\" src=\"https:\/\/saude.ufpr.br\/medtrab\/wp-content\/uploads\/sites\/25\/2016\/08\/bul_red.gif\" alt=\"\" width=\"15\" height=\"10\" \/><\/a>Documenta\u00e7\u00e3o Exigida<\/strong>:<\/p>\n<p style=\"padding-left: 30px;\">\u21d2<strong><span style=\"color: #0000ff;\"><span style=\"color: #000080;\">Ficha de inscri\u00e7\u00e3o do curso<\/span> clique aqui<\/span><\/strong><\/p>\n<p><strong><a href=\"https:\/\/saude.ufpr.br\/medtrab\/wp-content\/uploads\/sites\/25\/2016\/08\/bul_red.gif\"><img decoding=\"async\" class=\"alignnone size-full wp-image-156\" src=\"https:\/\/saude.ufpr.br\/medtrab\/wp-content\/uploads\/sites\/25\/2016\/08\/bul_red.gif\" alt=\"\" width=\"15\" height=\"10\" \/><\/a>Crit\u00e9rios para a sele\u00e7\u00e3o:<\/strong><\/p>\n<p>Se houver um n\u00famero maior de inscritos que o n\u00famero de vagas, o crit\u00e9rio de sele\u00e7\u00e3o para matricula, ser\u00e1 atrav\u00e9s do tempo de atua\u00e7\u00e3o na \u00e1rea de Per\u00edcia M\u00e9dica.<\/p>\n<p>Edital dos selecionados ser\u00e1 divulgado at\u00e9 o dia 07\/11\/2017.<\/p>\n<p><strong><a href=\"https:\/\/saude.ufpr.br\/medtrab\/wp-content\/uploads\/sites\/25\/2016\/08\/bul_red.gif\"><img decoding=\"async\" class=\"alignnone size-full wp-image-156\" src=\"https:\/\/saude.ufpr.br\/medtrab\/wp-content\/uploads\/sites\/25\/2016\/08\/bul_red.gif\" alt=\"\" width=\"15\" height=\"10\" \/><\/a>TAXAS <\/strong><\/p>\n<p>18 (dezoito) parcelas mensais de R$ 650,00 (seiscentos e cinquenta reais) na forma de boleto banc\u00e1rio.<\/p>\n<p><strong><a href=\"https:\/\/saude.ufpr.br\/medtrab\/wp-content\/uploads\/sites\/25\/2016\/08\/bul_red.gif\"><img decoding=\"async\" class=\"alignnone size-full wp-image-156\" src=\"https:\/\/saude.ufpr.br\/medtrab\/wp-content\/uploads\/sites\/25\/2016\/08\/bul_red.gif\" alt=\"\" width=\"15\" height=\"10\" \/><\/a>Informa\u00e7\u00f5es<\/strong>:<\/p>\n<p>Site: <strong>www.medtrab.ufpr.br<\/strong><br \/>\nE-mail: <strong><a href=\"mailto:periciaufpr@hotmail.com\">periciaufpr@hotmail.com<\/a><\/strong><\/p>\n<p><strong><a href=\"https:\/\/saude.ufpr.br\/medtrab\/wp-content\/uploads\/sites\/25\/2016\/08\/bul_red.gif\"><img decoding=\"async\" class=\"alignnone size-full wp-image-156\" src=\"https:\/\/saude.ufpr.br\/medtrab\/wp-content\/uploads\/sites\/25\/2016\/08\/bul_red.gif\" alt=\"\" width=\"15\" height=\"10\" \/><\/a>Secretaria do Curso <\/strong><\/p>\n<p>Rua Padre Camargo, 280 \u2013 7\u00ba andar &#8211; Bairro Alto da Gl\u00f3ria &#8211; Curitiba \u2013 PR<\/p>\n<p>Hor\u00e1rio de 8h00 \u00e0s 12h00\/13h00 \u00e0s 16h00\u00a0 de 3\u00aa \u00e0 6\u00aa-feira<br \/>\nCEP 80060-240<br \/>\nFone: (41) 3360-7268<\/p>\n<p><strong><a href=\"https:\/\/saude.ufpr.br\/medtrab\/wp-content\/uploads\/sites\/25\/2016\/08\/bul_red.gif\"><img decoding=\"async\" class=\"alignnone size-full wp-image-156\" src=\"https:\/\/saude.ufpr.br\/medtrab\/wp-content\/uploads\/sites\/25\/2016\/08\/bul_red.gif\" alt=\"\" width=\"15\" height=\"10\" \/><\/a>Observa\u00e7\u00f5es:<\/strong><\/p>\n<ul>\n<li>A UFPR reserva-se o direito de n\u00e3o ofertar o curso caso n\u00e3o haja um n\u00famero m\u00ednimo de alunos matriculados.<\/li>\n<li>Os casos omissos deste Edital ser\u00e3o resolvidos pelo Departamento de Sa\u00fade Coletiva\/UFPR<\/li>\n<\/ul>\n<p>Curitiba, setembro\/2017.<\/p>\n<p><strong>Coordena\u00e7\u00e3o do Curso<\/strong><\/p>\n","protected":false},"excerpt":{"rendered":"<p>EDITAL IV &#8211; 2018 RESULTADO FINAL dos selecionados para o curso clique aqui. MATR\u00cdCULA:\u00a0o link ser\u00e1 disponibilizado posteriormente, devido a problemas no sistema. Fica mantida a lista dos selecionados no Resultado Final e o inicio das aulas no dia 02\/03\/2018. Documentos para a matr\u00edcula: C\u00f3pia do Diploma ou Comprovante de Conclus\u00e3o do Curso de M\u00e9dico;<br \/> <a href=\"https:\/\/saude.ufpr.br\/medtrab\/curso-de-especializacao-em-pericias-medicas\/\" class=\"button success small readmore\">Leia mais<\/a><\/p>\n","protected":false},"author":15,"featured_media":0,"parent":0,"menu_order":0,"comment_status":"closed","ping_status":"closed","template":"","meta":{"_acf_changed":false,"_uag_custom_page_level_css":"","footnotes":""},"class_list":["post-366","page","type-page","status-publish","hentry"],"acf":[],"featured_image_src":null,"uagb_featured_image_src":{"full":false,"thumbnail":false,"medium":false,"medium_large":false,"large":false,"1536x1536":false,"2048x2048":false,"noticias-thumb":false,"banners-thumb":false,"maisnoticias-thumb":false,"post-thumbnail":false},"uagb_author_info":{"display_name":"Andrea Jankoski","author_link":"https:\/\/saude.ufpr.br\/medtrab\/author\/andrea\/"},"uagb_comment_info":0,"uagb_excerpt":"EDITAL IV &#8211; 2018 RESULTADO FINAL dos selecionados para o curso clique aqui. MATR\u00cdCULA:\u00a0o link ser\u00e1 disponibilizado posteriormente, devido a problemas no sistema. Fica mantida a lista dos selecionados no Resultado Final e o inicio das aulas no dia 02\/03\/2018. Documentos para a matr\u00edcula: C\u00f3pia do Diploma ou Comprovante de Conclus\u00e3o do Curso de M\u00e9dico;&hellip;","publishpress_future_action":{"enabled":false,"date":"2026-04-12 03:13:41","action":"change-status","newStatus":"draft","terms":[],"taxonomy":"","extraData":[]},"publishpress_future_workflow_manual_trigger":{"enabledWorkflows":[]},"_links":{"self":[{"href":"https:\/\/saude.ufpr.br\/medtrab\/wp-json\/wp\/v2\/pages\/366","targetHints":{"allow":["GET"]}}],"collection":[{"href":"https:\/\/saude.ufpr.br\/medtrab\/wp-json\/wp\/v2\/pages"}],"about":[{"href":"https:\/\/saude.ufpr.br\/medtrab\/wp-json\/wp\/v2\/types\/page"}],"author":[{"embeddable":true,"href":"https:\/\/saude.ufpr.br\/medtrab\/wp-json\/wp\/v2\/users\/15"}],"replies":[{"embeddable":true,"href":"https:\/\/saude.ufpr.br\/medtrab\/wp-json\/wp\/v2\/comments?post=366"}],"version-history":[{"count":23,"href":"https:\/\/saude.ufpr.br\/medtrab\/wp-json\/wp\/v2\/pages\/366\/revisions"}],"predecessor-version":[{"id":459,"href":"https:\/\/saude.ufpr.br\/medtrab\/wp-json\/wp\/v2\/pages\/366\/revisions\/459"}],"wp:attachment":[{"href":"https:\/\/saude.ufpr.br\/medtrab\/wp-json\/wp\/v2\/media?parent=366"}],"curies":[{"name":"wp","href":"https:\/\/api.w.org\/{rel}","templated":true}]}}