{"id":49,"date":"2016-08-16T16:44:47","date_gmt":"2016-08-16T16:44:47","guid":{"rendered":"https:\/\/saude.ufpr.br\/medtrab\/?page_id=49"},"modified":"2016-08-19T20:12:06","modified_gmt":"2016-08-19T20:12:06","slug":"legislacao","status":"publish","type":"page","link":"https:\/\/saude.ufpr.br\/medtrab\/legislacao\/","title":{"rendered":"Legisla\u00e7\u00e3o"},"content":{"rendered":"<p><a href=\"http:\/\/www.medtrab.ufpr.br\/arquivos%20para%20dowload%202011\/DIRETRIZES.pdf\" target=\"_blank\">Diretrizes Gerais para o exerc\u00edcio da Medicina do Trabalho<\/a><br \/>\n<a href=\"http:\/\/www.mte.gov.br\/legislacao\/normas_regulamentadoras\/default.asp\" target=\"_blank\">Normas Regulamentadoras (NRs) de Seguran\u00e7a e Sa\u00fade no Trabalho &#8211; Brasil<\/a><br \/>\n<a href=\"https:\/\/www.planalto.gov.br\/ccivil_03\/decreto-lei\/Del5452.htm\" target=\"_blank\">Consolida\u00e7\u00e3o das Leis do Trabalho (CLT) &#8211; Brasil<\/a><br \/>\n<a href=\"http:\/\/www.senado.gov.br\/sf\/legislacao\/const\/\" target=\"_blank\">Constitui\u00e7\u00e3o Federal de 1988 &#8211; Brasil<\/a><br \/>\n<a href=\"http:\/\/www.mte.gov.br\/legislacao\/convencoes\/default.asp\" target=\"_blank\">Conven\u00e7\u00f5es Internacionais da OIT\/ILO &#8211; MTE<\/a><br \/>\n<a href=\"http:\/.in.gov.br\/imprensa\" target=\"_blank\">Di\u00e1rio Oficial da Uni\u00e3o (DOU) &#8211; Brasil<\/a><br \/>\n<a href=\"http:\/\/bases.bireme.br\/cgi-bin\/wxislind.exe\/iah\/online\/?IsisScript=iah\/iah.xis&amp;base=LEYES&amp;lang=p\" target=\"_blank\">Legisla\u00e7\u00e3o B\u00e1sica de Sa\u00fade da Am\u00e9rica Latina e Caribe &#8211; LEYES<\/a><br \/>\n<a href=\"http:\/\/e-legis.bvs.br\/leisref\/public\/home.php\" target=\"_blank\">Legisla\u00e7\u00e3o em Vigil\u00e2ncia Sanit\u00e1ria &#8211; VISALEGIS\/Brasil<\/a><br \/>\n<a href=\"http:\/\/osha.europa.eu\/legislation\" target=\"_blank\">Legisla\u00e7\u00e3o Europ\u00e9ia sobre SST &#8211; OSHA.EU<\/a><br \/>\n<a href=\"http:\/\/www81.dataprev.gov.br\/sislex\" target=\"_blank\">Legisla\u00e7\u00e3o Previdenci\u00e1ria Brasileira &#8211; SISLEX<\/a><br \/>\n<a href=\"http:\/\/www.ilo.org\/dyn\/natlex\/natlex_browse.home\" target=\"_blank\">Legisla\u00e7\u00f5es Nacionais sobre Trabalho &#8211; NATLEX\/OIT<\/a><br \/>\n<a href=\"http:\/\/www.segurancaetrabalho.com.br\/download_2\/lista-europeia.pdf\" target=\"_blank\">Lista Europ\u00e9ia das Doen\u00e7as Profissionais<\/a><br \/>\n<a href=\"http:\/\/www6.senado.gov.br\/sicon\/PreparaFormPesquisa.action\" target=\"_blank\">Pesquisa Legisla\u00e7\u00e3o Brasileira &#8211; Senado\/Brasil<\/a><br \/>\n<a href=\"http:\/\/www.catalaw.com\/\" target=\"_blank\">Pesquisa Legisla\u00e7\u00e3o Mundial &#8211; CataLaw<\/a><br \/>\n<a href=\"http:\/\/www.segurancaetrabalho.com.br\/download_2\/legislacao-portadores-deficiencia.doc\" target=\"_blank\">Portadores de Defici\u00eancia &#8211; Legisla\u00e7\u00e3o Brasileira<\/a><br \/>\n<a href=\"http:\/\/www.segurancaetrabalho.com.br\/download_2\/o-trabalhador-do-setor-saude.pdf\" target=\"_blank\">Trabalhador do setor sa\u00fade &#8211; Legisla\u00e7\u00e3o Brasileira<\/a><\/p>\n","protected":false},"excerpt":{"rendered":"<p>Diretrizes Gerais para o exerc\u00edcio da Medicina do Trabalho Normas Regulamentadoras (NRs) de Seguran\u00e7a e Sa\u00fade no Trabalho &#8211; Brasil Consolida\u00e7\u00e3o das Leis do Trabalho (CLT) &#8211; Brasil Constitui\u00e7\u00e3o Federal de 1988 &#8211; Brasil Conven\u00e7\u00f5es Internacionais da OIT\/ILO &#8211; MTE Di\u00e1rio Oficial da Uni\u00e3o (DOU) &#8211; Brasil Legisla\u00e7\u00e3o B\u00e1sica de Sa\u00fade da Am\u00e9rica Latina e<br \/> <a href=\"https:\/\/saude.ufpr.br\/medtrab\/legislacao\/\" class=\"button success small readmore\">Leia mais<\/a><\/p>\n","protected":false},"author":15,"featured_media":0,"parent":0,"menu_order":0,"comment_status":"closed","ping_status":"closed","template":"","meta":{"_acf_changed":false,"_uag_custom_page_level_css":"","footnotes":""},"class_list":["post-49","page","type-page","status-publish","hentry"],"acf":[],"featured_image_src":null,"uagb_featured_image_src":{"full":false,"thumbnail":false,"medium":false,"medium_large":false,"large":false,"1536x1536":false,"2048x2048":false,"noticias-thumb":false,"banners-thumb":false,"maisnoticias-thumb":false,"post-thumbnail":false},"uagb_author_info":{"display_name":"Andrea Jankoski","author_link":"https:\/\/saude.ufpr.br\/medtrab\/author\/andrea\/"},"uagb_comment_info":0,"uagb_excerpt":"Diretrizes Gerais para o exerc\u00edcio da Medicina do Trabalho Normas Regulamentadoras (NRs) de Seguran\u00e7a e Sa\u00fade no Trabalho &#8211; Brasil Consolida\u00e7\u00e3o das Leis do Trabalho (CLT) &#8211; Brasil Constitui\u00e7\u00e3o Federal de 1988 &#8211; Brasil Conven\u00e7\u00f5es Internacionais da OIT\/ILO &#8211; MTE Di\u00e1rio Oficial da Uni\u00e3o (DOU) &#8211; Brasil Legisla\u00e7\u00e3o B\u00e1sica de Sa\u00fade da Am\u00e9rica Latina e&hellip;","publishpress_future_action":{"enabled":false,"date":"2026-04-30 06:51:27","action":"change-status","newStatus":"draft","terms":[],"taxonomy":"","extraData":[]},"publishpress_future_workflow_manual_trigger":{"enabledWorkflows":[]},"_links":{"self":[{"href":"https:\/\/saude.ufpr.br\/medtrab\/wp-json\/wp\/v2\/pages\/49","targetHints":{"allow":["GET"]}}],"collection":[{"href":"https:\/\/saude.ufpr.br\/medtrab\/wp-json\/wp\/v2\/pages"}],"about":[{"href":"https:\/\/saude.ufpr.br\/medtrab\/wp-json\/wp\/v2\/types\/page"}],"author":[{"embeddable":true,"href":"https:\/\/saude.ufpr.br\/medtrab\/wp-json\/wp\/v2\/users\/15"}],"replies":[{"embeddable":true,"href":"https:\/\/saude.ufpr.br\/medtrab\/wp-json\/wp\/v2\/comments?post=49"}],"version-history":[{"count":2,"href":"https:\/\/saude.ufpr.br\/medtrab\/wp-json\/wp\/v2\/pages\/49\/revisions"}],"predecessor-version":[{"id":147,"href":"https:\/\/saude.ufpr.br\/medtrab\/wp-json\/wp\/v2\/pages\/49\/revisions\/147"}],"wp:attachment":[{"href":"https:\/\/saude.ufpr.br\/medtrab\/wp-json\/wp\/v2\/media?parent=49"}],"curies":[{"name":"wp","href":"https:\/\/api.w.org\/{rel}","templated":true}]}}