{"id":55,"date":"2016-08-16T16:45:31","date_gmt":"2016-08-16T16:45:31","guid":{"rendered":"https:\/\/saude.ufpr.br\/medtrab\/?page_id=55"},"modified":"2020-07-07T17:17:35","modified_gmt":"2020-07-07T20:17:35","slug":"cronograma","status":"publish","type":"page","link":"https:\/\/saude.ufpr.br\/medtrab\/cronograma\/","title":{"rendered":"Cronograma"},"content":{"rendered":"<p style=\"text-align: center;\"><strong>CRONOGRAMA DE AULAS 2020, vers\u00e3o 22\/06\/20<\/strong><\/p>\n<p>Observar que:<\/p>\n<ol>\n<li>Os m\u00f3dulos do curso tem in\u00edcio e fim independentes, e podem ser concomitantes no tempo de acordo com a inter-rela\u00e7\u00e3o dos conte\u00fados did\u00e1ticos (ex. M7 do 2\u00ba ao 20\u00b0 m\u00eas de aulas).<\/li>\n<li>As atividades te\u00f3ricas normais est\u00e3o programadas para sextas-feiras \u00e0 noite e s\u00e1bados durante o dia, em salas de aulas do Setor de Ci\u00eancias da Sa\u00fade \u00e0 rua Padre Camargo, 280, em distribui\u00e7\u00e3o conforme necessidade do conte\u00fado did\u00e1tico pedag\u00f3gico.<\/li>\n<li>\u00a0As atividades pr\u00e1ticas habituais de supervis\u00e3o de campo e discuss\u00f5es cl\u00ednicas constantes deste cronograma ser\u00e3o \u00e0s sextas-feiras \u00e0 tarde tamb\u00e9m no Setor de Sa\u00fade, em grupos ou com a turma toda.<\/li>\n<li>As vistas \u00e0s empresas ter\u00e3o escala de data e local conforme os grupos de alunos, sob tutoria dos profissionais das institui\u00e7\u00f5es parceiras, tamb\u00e9m \u00e0s sextas-feiras \u00e0 tarde.<\/li>\n<li>Outras atividades mensais de supervis\u00e3o ser\u00e3o articuladas pelos grupos de alunos com seus respectivos supervisores de pr\u00e1tica quanto \u00e0 datas, hor\u00e1rios, locais e conte\u00fado espec\u00edficos.<\/li>\n<li>Durante a fase de isolamento relativa ao SARS-COV2 as atividades did\u00e1ticas ser\u00e3o remotas, evoluindo para presenciais em pequenos grupos e atendendo as recomenda\u00e7\u00f5es das autoridades sanit\u00e1rias e da Reitoria da UFPR, obedecendo prioritariamente os dias e hor\u00e1rios estabelecidos desde os editais de chamamento. Atividades pr\u00e1ticas nas empresas est\u00e3o por hora suspensas.<\/li>\n<\/ol>\n","protected":false},"excerpt":{"rendered":"<p>CRONOGRAMA DE AULAS 2020, vers\u00e3o 22\/06\/20 Observar que: Os m\u00f3dulos do curso tem in\u00edcio e fim independentes, e podem ser concomitantes no tempo de acordo com a inter-rela\u00e7\u00e3o dos conte\u00fados did\u00e1ticos (ex. M7 do 2\u00ba ao 20\u00b0 m\u00eas de aulas). As atividades te\u00f3ricas normais est\u00e3o programadas para sextas-feiras \u00e0 noite e s\u00e1bados durante o dia,<br \/> <a href=\"https:\/\/saude.ufpr.br\/medtrab\/cronograma\/\" class=\"button success small readmore\">Leia mais<\/a><\/p>\n","protected":false},"author":15,"featured_media":0,"parent":0,"menu_order":0,"comment_status":"closed","ping_status":"closed","template":"","meta":{"_acf_changed":false,"_uag_custom_page_level_css":"","footnotes":""},"class_list":["post-55","page","type-page","status-publish","hentry"],"acf":[],"featured_image_src":null,"uagb_featured_image_src":{"full":false,"thumbnail":false,"medium":false,"medium_large":false,"large":false,"1536x1536":false,"2048x2048":false,"noticias-thumb":false,"banners-thumb":false,"maisnoticias-thumb":false,"post-thumbnail":false},"uagb_author_info":{"display_name":"Andrea Jankoski","author_link":"https:\/\/saude.ufpr.br\/medtrab\/author\/andrea\/"},"uagb_comment_info":0,"uagb_excerpt":"CRONOGRAMA DE AULAS 2020, vers\u00e3o 22\/06\/20 Observar que: Os m\u00f3dulos do curso tem in\u00edcio e fim independentes, e podem ser concomitantes no tempo de acordo com a inter-rela\u00e7\u00e3o dos conte\u00fados did\u00e1ticos (ex. M7 do 2\u00ba ao 20\u00b0 m\u00eas de aulas). As atividades te\u00f3ricas normais est\u00e3o programadas para sextas-feiras \u00e0 noite e s\u00e1bados durante o dia,&hellip;","publishpress_future_action":{"enabled":false,"date":"2026-04-10 16:23:29","action":"change-status","newStatus":"draft","terms":[],"taxonomy":"","extraData":[]},"publishpress_future_workflow_manual_trigger":{"enabledWorkflows":[]},"_links":{"self":[{"href":"https:\/\/saude.ufpr.br\/medtrab\/wp-json\/wp\/v2\/pages\/55","targetHints":{"allow":["GET"]}}],"collection":[{"href":"https:\/\/saude.ufpr.br\/medtrab\/wp-json\/wp\/v2\/pages"}],"about":[{"href":"https:\/\/saude.ufpr.br\/medtrab\/wp-json\/wp\/v2\/types\/page"}],"author":[{"embeddable":true,"href":"https:\/\/saude.ufpr.br\/medtrab\/wp-json\/wp\/v2\/users\/15"}],"replies":[{"embeddable":true,"href":"https:\/\/saude.ufpr.br\/medtrab\/wp-json\/wp\/v2\/comments?post=55"}],"version-history":[{"count":14,"href":"https:\/\/saude.ufpr.br\/medtrab\/wp-json\/wp\/v2\/pages\/55\/revisions"}],"predecessor-version":[{"id":1278,"href":"https:\/\/saude.ufpr.br\/medtrab\/wp-json\/wp\/v2\/pages\/55\/revisions\/1278"}],"wp:attachment":[{"href":"https:\/\/saude.ufpr.br\/medtrab\/wp-json\/wp\/v2\/media?parent=55"}],"curies":[{"name":"wp","href":"https:\/\/api.w.org\/{rel}","templated":true}]}}