{"id":71,"date":"2016-08-16T16:48:36","date_gmt":"2016-08-16T16:48:36","guid":{"rendered":"https:\/\/saude.ufpr.br\/medtrab\/?page_id=71"},"modified":"2024-04-10T12:54:09","modified_gmt":"2024-04-10T15:54:09","slug":"locais-das-visitas","status":"publish","type":"page","link":"https:\/\/saude.ufpr.br\/medtrab\/locais-das-visitas\/","title":{"rendered":"Locais das visitas"},"content":{"rendered":"<p><strong>COMPLEXO HOSPITALAR DO TRABALHADOR &#8211; USD<br \/>\n<\/strong>Unidade de Sa\u00fade do Trabalhador<br \/>\nAv. Rep\u00fablica Argentina, 4406 &#8211; Novo Mundo<\/p>\n<p><strong>SESS\u00c3O DE AVALIA\u00c7\u00c3O E PERICIAS DA UFPR<br \/>\n<\/strong>RUA DR. FAIVRE 590 T\u00c9RREO<strong><br \/>\n<\/strong><\/p>\n<p><strong>UNIDADE DE SEGURAN\u00c7A DO TRABALHO DA UFPR<br \/>\n<\/strong>RUA DR. FAIVRE 590 MESANINO<\/p>\n<p><strong>SESI<br \/>\n<\/strong>RUA CANDIDO DE ABREU, 200 &#8211; 3\u00ba ANDAR<\/p>\n<p><strong>SESAO UFPR &#8211; SERVI\u00c7O DE SEGURAN\u00c7A E SA\u00daDE OCUPACIONAL DA UNIVERSIDADE FEDERAL DO PARAN\u00c1<br \/>\n<\/strong>Rua Evaristo Ferreira da Costa, 368 &#8211; Jd das Am\u00e9ricas &#8211; Centro Polit\u00e9cnico &#8211; UFPR<\/p>\n","protected":false},"excerpt":{"rendered":"<p>COMPLEXO HOSPITALAR DO TRABALHADOR &#8211; USD Unidade de Sa\u00fade do Trabalhador Av. Rep\u00fablica Argentina, 4406 &#8211; Novo Mundo SESS\u00c3O DE AVALIA\u00c7\u00c3O E PERICIAS DA UFPR RUA DR. FAIVRE 590 T\u00c9RREO UNIDADE DE SEGURAN\u00c7A DO TRABALHO DA UFPR RUA DR. FAIVRE 590 MESANINO SESI RUA CANDIDO DE ABREU, 200 &#8211; 3\u00ba ANDAR SESAO UFPR &#8211; SERVI\u00c7O<br \/> <a href=\"https:\/\/saude.ufpr.br\/medtrab\/locais-das-visitas\/\" class=\"button success small readmore\">Leia mais<\/a><\/p>\n","protected":false},"author":15,"featured_media":0,"parent":0,"menu_order":0,"comment_status":"closed","ping_status":"closed","template":"","meta":{"_acf_changed":false,"_uag_custom_page_level_css":"","footnotes":""},"class_list":["post-71","page","type-page","status-publish","hentry"],"acf":[],"featured_image_src":null,"uagb_featured_image_src":{"full":false,"thumbnail":false,"medium":false,"medium_large":false,"large":false,"1536x1536":false,"2048x2048":false,"noticias-thumb":false,"banners-thumb":false,"maisnoticias-thumb":false,"post-thumbnail":false},"uagb_author_info":{"display_name":"Andrea Jankoski","author_link":"https:\/\/saude.ufpr.br\/medtrab\/author\/andrea\/"},"uagb_comment_info":0,"uagb_excerpt":"COMPLEXO HOSPITALAR DO TRABALHADOR &#8211; USD Unidade de Sa\u00fade do Trabalhador Av. Rep\u00fablica Argentina, 4406 &#8211; Novo Mundo SESS\u00c3O DE AVALIA\u00c7\u00c3O E PERICIAS DA UFPR RUA DR. FAIVRE 590 T\u00c9RREO UNIDADE DE SEGURAN\u00c7A DO TRABALHO DA UFPR RUA DR. FAIVRE 590 MESANINO SESI RUA CANDIDO DE ABREU, 200 &#8211; 3\u00ba ANDAR SESAO UFPR &#8211; SERVI\u00c7O&hellip;","publishpress_future_action":{"enabled":false,"date":"2026-04-25 06:54:21","action":"change-status","newStatus":"draft","terms":[],"taxonomy":"","extraData":[]},"publishpress_future_workflow_manual_trigger":{"enabledWorkflows":[]},"_links":{"self":[{"href":"https:\/\/saude.ufpr.br\/medtrab\/wp-json\/wp\/v2\/pages\/71","targetHints":{"allow":["GET"]}}],"collection":[{"href":"https:\/\/saude.ufpr.br\/medtrab\/wp-json\/wp\/v2\/pages"}],"about":[{"href":"https:\/\/saude.ufpr.br\/medtrab\/wp-json\/wp\/v2\/types\/page"}],"author":[{"embeddable":true,"href":"https:\/\/saude.ufpr.br\/medtrab\/wp-json\/wp\/v2\/users\/15"}],"replies":[{"embeddable":true,"href":"https:\/\/saude.ufpr.br\/medtrab\/wp-json\/wp\/v2\/comments?post=71"}],"version-history":[{"count":7,"href":"https:\/\/saude.ufpr.br\/medtrab\/wp-json\/wp\/v2\/pages\/71\/revisions"}],"predecessor-version":[{"id":1639,"href":"https:\/\/saude.ufpr.br\/medtrab\/wp-json\/wp\/v2\/pages\/71\/revisions\/1639"}],"wp:attachment":[{"href":"https:\/\/saude.ufpr.br\/medtrab\/wp-json\/wp\/v2\/media?parent=71"}],"curies":[{"name":"wp","href":"https:\/\/api.w.org\/{rel}","templated":true}]}}