{"id":10,"date":"2015-07-27T16:42:52","date_gmt":"2015-07-27T16:42:52","guid":{"rendered":"https:\/\/saude.ufpr.br\/nesc\/?page_id=10"},"modified":"2017-09-12T18:55:16","modified_gmt":"2017-09-12T18:55:16","slug":"eventos","status":"publish","type":"page","link":"https:\/\/saude.ufpr.br\/nesc\/eventos\/","title":{"rendered":"Eventos"},"content":{"rendered":"<p>O NESC &#8211; N\u00facleo de Estudos em Sa\u00fade Coletiva promove eventos todos os anos sobre sa\u00fade e sociedade, sa\u00fade humana, estudos sobre sa\u00fade, sa\u00fade e o mundo entre outros.<br \/>\nSiga nossos eventos e fique por dentro dos pr\u00f3ximos que ir\u00e3o acontecer!<\/p>\n<ul>\n<li><span style=\"color: #0000ff;\"><em><strong><a href=\"https:\/\/saude.ufpr.br\/nesc\/2016-2\/\">2016<\/a><\/strong><\/em><\/span><\/li>\n<li><span style=\"color: #0000ff;\"><em><strong><a href=\"https:\/\/saude.ufpr.br\/nesc\/2015-2\/\">2015<\/a><\/strong><\/em><\/span><\/li>\n<li><span style=\"color: #0000ff;\"><em><strong><a href=\"https:\/\/saude.ufpr.br\/nesc\/2014-2\/\">2014<\/a><\/strong><\/em><\/span><\/li>\n<li><span style=\"color: #0000ff;\"><em><strong><a href=\"https:\/\/saude.ufpr.br\/nesc\/2013-2\/\">2013<\/a><\/strong><\/em><\/span><\/li>\n<li><span style=\"color: #0000ff;\"><em><strong><a href=\"https:\/\/saude.ufpr.br\/nesc\/2012-2\/\">2012<\/a><\/strong><\/em><\/span><\/li>\n<li><span style=\"color: #0000ff;\"><em><strong><a href=\"https:\/\/saude.ufpr.br\/nesc\/2011-2\/\">2011<\/a><\/strong><\/em><\/span><\/li>\n<li><span style=\"color: #0000ff;\"><em><strong><a href=\"https:\/\/saude.ufpr.br\/nesc\/2010-2\/\">2010<\/a><\/strong><\/em><\/span><\/li>\n<li><span style=\"color: #0000ff;\"><em><strong><a href=\"https:\/\/saude.ufpr.br\/nesc\/2009-2\/\">2009<\/a><\/strong><\/em><\/span><\/li>\n<li><span style=\"color: #0000ff;\"><em><strong><a href=\"https:\/\/saude.ufpr.br\/nesc\/2008-2\/\">2008<\/a><\/strong><\/em><\/span><\/li>\n<li><span style=\"color: #0000ff;\"><em><strong><a href=\"https:\/\/saude.ufpr.br\/nesc\/2007-2\/\">2007<\/a><\/strong><\/em><\/span><\/li>\n<li><span style=\"color: #0000ff;\"><em><strong><a href=\"https:\/\/saude.ufpr.br\/nesc\/eventos\/2006-2\/\">2006<\/a><\/strong><\/em><\/span><\/li>\n<\/ul>\n<p>&nbsp;<\/p>\n<p>&nbsp;<\/p>\n","protected":false},"excerpt":{"rendered":"<p>O NESC &#8211; N\u00facleo de Estudos em Sa\u00fade Coletiva promove eventos todos os anos sobre sa\u00fade e sociedade, sa\u00fade humana, estudos sobre sa\u00fade, sa\u00fade e o mundo entre outros. Siga nossos eventos e fique por dentro dos pr\u00f3ximos que ir\u00e3o acontecer! 2016 2015 2014 2013 2012 2011 2010 2009 2008 2007 2006 &nbsp; &nbsp;<\/p>\n","protected":false},"author":15,"featured_media":0,"parent":0,"menu_order":0,"comment_status":"open","ping_status":"open","template":"","meta":{"_acf_changed":false,"_uag_custom_page_level_css":"","footnotes":""},"class_list":["post-10","page","type-page","status-publish","hentry"],"acf":[],"featured_image_src":null,"uagb_featured_image_src":{"full":false,"thumbnail":false,"medium":false,"medium_large":false,"large":false,"1536x1536":false,"2048x2048":false,"noticias-thumb":false,"banners-thumb":false,"maisnoticias-thumb":false,"post-thumbnail":false},"uagb_author_info":{"display_name":"Andrea Jankoski","author_link":"https:\/\/saude.ufpr.br\/nesc\/author\/andrea\/"},"uagb_comment_info":0,"uagb_excerpt":"O NESC &#8211; N\u00facleo de Estudos em Sa\u00fade Coletiva promove eventos todos os anos sobre sa\u00fade e sociedade, sa\u00fade humana, estudos sobre sa\u00fade, sa\u00fade e o mundo entre outros. Siga nossos eventos e fique por dentro dos pr\u00f3ximos que ir\u00e3o acontecer! 2016 2015 2014 2013 2012 2011 2010 2009 2008 2007 2006 &nbsp; &nbsp;","publishpress_future_action":{"enabled":false,"date":"2026-04-10 18:01:09","action":"change-status","newStatus":"draft","terms":[],"taxonomy":"","extraData":[]},"publishpress_future_workflow_manual_trigger":{"enabledWorkflows":[]},"_links":{"self":[{"href":"https:\/\/saude.ufpr.br\/nesc\/wp-json\/wp\/v2\/pages\/10","targetHints":{"allow":["GET"]}}],"collection":[{"href":"https:\/\/saude.ufpr.br\/nesc\/wp-json\/wp\/v2\/pages"}],"about":[{"href":"https:\/\/saude.ufpr.br\/nesc\/wp-json\/wp\/v2\/types\/page"}],"author":[{"embeddable":true,"href":"https:\/\/saude.ufpr.br\/nesc\/wp-json\/wp\/v2\/users\/15"}],"replies":[{"embeddable":true,"href":"https:\/\/saude.ufpr.br\/nesc\/wp-json\/wp\/v2\/comments?post=10"}],"version-history":[{"count":15,"href":"https:\/\/saude.ufpr.br\/nesc\/wp-json\/wp\/v2\/pages\/10\/revisions"}],"predecessor-version":[{"id":980,"href":"https:\/\/saude.ufpr.br\/nesc\/wp-json\/wp\/v2\/pages\/10\/revisions\/980"}],"wp:attachment":[{"href":"https:\/\/saude.ufpr.br\/nesc\/wp-json\/wp\/v2\/media?parent=10"}],"curies":[{"name":"wp","href":"https:\/\/api.w.org\/{rel}","templated":true}]}}