{"id":102,"date":"2016-04-08T12:38:48","date_gmt":"2016-04-08T12:38:48","guid":{"rendered":"https:\/\/saude.ufpr.br\/nesc\/?page_id=102"},"modified":"2016-04-08T12:38:48","modified_gmt":"2016-04-08T12:38:48","slug":"artigos-2009","status":"publish","type":"page","link":"https:\/\/saude.ufpr.br\/nesc\/artigos-2009\/","title":{"rendered":"Artigos 2009"},"content":{"rendered":"<p style=\"text-align: justify\"><span style=\"color: #000000\">EGRY, EY;\u00a0OLIVEIRA, MAC; CIOSAK, SI; MAEDA, ST; BARRIENTOS, DMS;\u00a0FONSECA, RMGS;\u00a0CHAVES, MMN; HINO, P.<strong><a style=\"color: #000000\" href=\"www.scielo.br\/pdf\/reeusp\/v43nspe2\/a06v43s2.pdf\" target=\"_blank\">Instrumentos de avalia\u00e7\u00e3o de necessidades em sa\u00fade aplic\u00e1veis na estrat\u00e9gia de Sa\u00fade da Fam\u00edlia<\/a><\/strong>. Revista da Escola de Enfermagem da USP (Impresso), v. 43, p. 1181-1186, 2009.<\/span><\/p>\n<p style=\"text-align: justify\"><span style=\"color: #000000\">LAROCCA, LM; LUCCAS, DS. <strong><a style=\"color: #000000\" href=\"http:\/\/www.cesumar.br\/pesquisa\/periodicos\/index.php\/saudpesq\/article\/view\/1112\/890\" target=\"_blank\">Rela\u00e7\u00f5es de poder no territ\u00f3rio de uma unidade b\u00e1sica de sa\u00fade<\/a><\/strong>. Sa\u00fade e Pesquisa, v. 2, p. 309-316, 2009.<\/span><\/p>\n<p style=\"text-align: justify\"><span style=\"color: #000000\">VENTURI, KK; VIECZOREK, AL; WOLFF, LDG; PERES, AM; MONTEZELI, JH. <strong><a style=\"color: #000000\" href=\"http:\/\/www.revista.ufpe.br\/revistaenfermagem\/index.php\/revista\/article\/view\/302\" target=\"_blank\">A enfermagem no contexto dos programas de incentivo \u00e0 pesquisa do CNPq: estudo retrospectivo<\/a><\/strong>. Revista de enfermagem UFPE on line, v. 3, n. 2, p. 141-145, 2009.<\/span><\/p>\n<p style=\"text-align: justify\"><span style=\"color: #000000\">ROTHBARTH, S; WOLFF, LDG; PERES, AM. <a style=\"color: #000000\" href=\"http:\/\/www.scielo.br\/pdf\/tce\/v18n2\/16.pdf\" target=\"_blank\"><strong>O desenvolvimento de compet\u00eancias gerenciais do enfermeiro na perspectiva de docentes de disciplinas de Administra\u00e7\u00e3o aplicada \u00e0 Enfermagem<\/strong><\/a>. Texto &amp; Contexto Enfermagem (UFSC. Impresso), v. 18, p. 321-329, 2009.<\/span><\/p>\n<p style=\"text-align: justify\"><span style=\"color: #000000\">MONTEZELI, JH; MEIER, MJ; PERES, AM; VENTURI, KK; WOLFF, LDG. <a style=\"color: #000000\" href=\"http:\/\/ojs.c3sl.ufpr.br\/ojs2\/index.php\/cogitare\/article\/view\/15634\/10405\" target=\"_blank\"><strong>Enfermagem em emerg\u00eancia: humaniza\u00e7\u00e3o do atendimento inicial ao politraumatizado \u00e0 luz da teoria de Imogenes King<\/strong><\/a>. Cogitare Enfermagem (UFPR), v. 14, 2009.<\/span><\/p>\n<p style=\"text-align: justify\"><span style=\"color: #000000\">VENTURI, KK; WOLFF, LDG; MEIER, MJ; MONTEZELI, JH; PERES, AM. <a style=\"color: #000000\" href=\"http:\/\/www.periodicos.uem.br\/ojs\/index.php\/CiencCuidSaude\/article\/download\/8212\/4935\" target=\"_blank\"><strong>Modelo qualidade-cuidado: uma mid-range theory de enfermagem fundamentada em Watson e Donabedian<\/strong><\/a>. Ci\u00eancia, Cuidado &amp; Sa\u00fade, v. 8, p. 280-285, 2009.<\/span><\/p>\n<p style=\"text-align: justify\"><span style=\"color: #000000\">HERMAN, AP; BONIN, YCR; PERES, AM; WOLFF, LDG; LACERDA, MR; HOLANDA, AF. <a style=\"color: #000000\" href=\"http:\/\/www.objnursing.uff.br\/index.php\/nursing\/article\/view\/2653\" target=\"_blank\"><strong>Methodologies used in the dissertations of a Post graduation degree program: bibliographical research<\/strong><\/a>. Online Brazilian Journal of Nursing, v. 08, p. 1676-4285, 2009.<\/span><\/p>\n<p style=\"text-align: justify\"><span style=\"color: #000000\">MONTEZELI, JH; PERES, AM; VENTURI, KK; MAFTUM, MA; LABRONICI, LM; WOLFF, LDG. <strong><a style=\"color: #000000\" href=\"http:\/\/www.objnursing.uff.br\/index.php\/nursing\/article\/view\/2055\" target=\"_blank\">Horta\u00b4s benchmark as a tool of Nursing teaching-learning: assistential convergent research<\/a><\/strong>. Online Brazilian Journal of Nursing, v. 8, 2009.<\/span><\/p>\n","protected":false},"excerpt":{"rendered":"<p>EGRY, EY;\u00a0OLIVEIRA, MAC; CIOSAK, SI; MAEDA, ST; BARRIENTOS, DMS;\u00a0FONSECA, RMGS;\u00a0CHAVES, MMN; HINO, P.Instrumentos de avalia\u00e7\u00e3o de necessidades em sa\u00fade aplic\u00e1veis na estrat\u00e9gia de Sa\u00fade da Fam\u00edlia. Revista da Escola de Enfermagem da USP (Impresso), v. 43, p. 1181-1186, 2009. LAROCCA, LM; LUCCAS, DS. Rela\u00e7\u00f5es de poder no territ\u00f3rio de uma unidade b\u00e1sica de sa\u00fade. Sa\u00fade<br \/> <a href=\"https:\/\/saude.ufpr.br\/nesc\/artigos-2009\/\" class=\"button success small readmore\">Leia mais<\/a><\/p>\n","protected":false},"author":1583,"featured_media":0,"parent":0,"menu_order":0,"comment_status":"closed","ping_status":"closed","template":"","meta":{"_acf_changed":false,"_uag_custom_page_level_css":"","footnotes":""},"class_list":["post-102","page","type-page","status-publish","hentry"],"acf":[],"featured_image_src":null,"uagb_featured_image_src":{"full":false,"thumbnail":false,"medium":false,"medium_large":false,"large":false,"1536x1536":false,"2048x2048":false,"noticias-thumb":false,"banners-thumb":false,"maisnoticias-thumb":false,"post-thumbnail":false},"uagb_author_info":{"display_name":"guilherme albuquerque","author_link":"https:\/\/saude.ufpr.br\/nesc\/author\/guilherme\/"},"uagb_comment_info":0,"uagb_excerpt":"EGRY, EY;\u00a0OLIVEIRA, MAC; CIOSAK, SI; MAEDA, ST; BARRIENTOS, DMS;\u00a0FONSECA, RMGS;\u00a0CHAVES, MMN; HINO, P.Instrumentos de avalia\u00e7\u00e3o de necessidades em sa\u00fade aplic\u00e1veis na estrat\u00e9gia de Sa\u00fade da Fam\u00edlia. Revista da Escola de Enfermagem da USP (Impresso), v. 43, p. 1181-1186, 2009. LAROCCA, LM; LUCCAS, DS. Rela\u00e7\u00f5es de poder no territ\u00f3rio de uma unidade b\u00e1sica de sa\u00fade. Sa\u00fade&hellip;","publishpress_future_action":{"enabled":false,"date":"2026-04-11 09:26:13","action":"change-status","newStatus":"draft","terms":[],"taxonomy":"","extraData":[]},"publishpress_future_workflow_manual_trigger":{"enabledWorkflows":[]},"_links":{"self":[{"href":"https:\/\/saude.ufpr.br\/nesc\/wp-json\/wp\/v2\/pages\/102","targetHints":{"allow":["GET"]}}],"collection":[{"href":"https:\/\/saude.ufpr.br\/nesc\/wp-json\/wp\/v2\/pages"}],"about":[{"href":"https:\/\/saude.ufpr.br\/nesc\/wp-json\/wp\/v2\/types\/page"}],"author":[{"embeddable":true,"href":"https:\/\/saude.ufpr.br\/nesc\/wp-json\/wp\/v2\/users\/1583"}],"replies":[{"embeddable":true,"href":"https:\/\/saude.ufpr.br\/nesc\/wp-json\/wp\/v2\/comments?post=102"}],"version-history":[{"count":1,"href":"https:\/\/saude.ufpr.br\/nesc\/wp-json\/wp\/v2\/pages\/102\/revisions"}],"predecessor-version":[{"id":103,"href":"https:\/\/saude.ufpr.br\/nesc\/wp-json\/wp\/v2\/pages\/102\/revisions\/103"}],"wp:attachment":[{"href":"https:\/\/saude.ufpr.br\/nesc\/wp-json\/wp\/v2\/media?parent=102"}],"curies":[{"name":"wp","href":"https:\/\/api.w.org\/{rel}","templated":true}]}}