{"id":107,"date":"2016-04-08T12:39:37","date_gmt":"2016-04-08T12:39:37","guid":{"rendered":"https:\/\/saude.ufpr.br\/nesc\/?page_id=107"},"modified":"2016-04-08T12:39:37","modified_gmt":"2016-04-08T12:39:37","slug":"artigos-2007","status":"publish","type":"page","link":"https:\/\/saude.ufpr.br\/nesc\/artigos-2007\/","title":{"rendered":"Artigos 2007"},"content":{"rendered":"<p style=\"text-align: justify\"><span style=\"color: #000000\">MACEDO, LC;\u00a0LAROCCA, LM;\u00a0PERNA, PO;\u00a0CHAVES, MMN; MUNTSCH, SMA;\u00a0DAMACENO, EFC;\u00a0SOUZA, TS;\u00a0POLIQUESI, CB;\u00a0TRUPPEL, TC;\u00a0SOUZA, C. <strong><a style=\"color: #000000\" href=\"http:\/\/ojs.c3sl.ufpr.br\/ojs2\/index.php\/cogitare\/article\/viewFile\/6803\/6729\" target=\"_blank\">Segrega\u00e7\u00e3o de res\u00edduos nos servi\u00e7os de sa\u00fade: a educa\u00e7\u00e3o ambiental em um hospital-escola<\/a><\/strong>. Cogitare Enfermagem (UFPR), v. 12, p. 183-188, 2007.<\/span><\/p>\n<p style=\"text-align: justify\"><span style=\"color: #000000\">WOLFF, LDG; MAZUR, CS; BARROS, CB; WIEZBK, C; QUADROS, VAS. <a style=\"color: #000000\" href=\"http:\/\/ojs.c3sl.ufpr.br\/ojs2\/index.php\/cogitare\/article\/view\/9823\/6734\" target=\"_blank\"><strong>Dimensionamento de pessoal de enfermagem na unidade semi-intensiva de um hospital universit\u00e1rio de Curitiba<\/strong><\/a>. Cogitare Enfermagem (UFPR), v. 12, n. 2, p. 171-182, 2007.<\/span><\/p>\n<p style=\"text-align: justify\"><span style=\"color: #000000\">MAZUR, CS; LABRONICI, LM; WOLFF, LDG. <strong><a style=\"color: #000000\" href=\"http:\/\/ojs.c3sl.ufpr.br\/ojs2\/index.php\/cogitare\/article\/view\/10037\/6894\" target=\"_blank\">\u00c9tica e ger\u00eancia no cuidado de Enfermagem<\/a><\/strong>. Cogitare Enfermagem (UFPR), v. 12, p. 371-376, 2007.<\/span><\/p>\n<p style=\"text-align: justify\"><span style=\"color: #000000\">LUDWIG, G; AGUIAR, LM; MIRANDA, JMD; TEIXEIRA, GM; SVOBODA, WK; MALANSKI, LS; SHIOZAWA, MM; HILST, CLS; NAVARRO, IT; PASSOS, FC. <strong>Cougar Predation on Black-and-Gold Howlers on Mutum Island, Southern Brazil<\/strong>. International Journal of Primatology, v. 28, n.1, p. 39-46, 2007.<\/span><\/p>\n<p style=\"text-align: justify\"><span style=\"color: #000000\">ROCHA, VJ; AGUIAR, LM; LUDWIG, G; HILST, CLS; TEIXEIRA, GM; SVOBODA, WK; SHIOZAWA, MM; MALANSKI, LS; NAVARRO, IT; MARI\u00d1O, JHF; PASSOS, FC. <strong>Techniques and Trap Models for Capturing Wild Tufted Capuchins<\/strong>. International Journal of Primatology, v. 28, n.1, p. 231-243, 2007.<\/span><\/p>\n<p style=\"text-align: justify\"><span style=\"color: #000000\">AGUIAR, LM; LUDWIG, G; SVOBODA, WK; TEIXEIRA, GM; HILST, CLS; SHIOZAWA, MM; MALANSKI, LS; MELLO, \u00c2M; NAVARRO, IT; PASSOS, FC. <a style=\"color: #000000\" href=\"http:\/\/onlinelibrary.wiley.com\/doi\/10.1002\/ajp.20372\/abstract\" target=\"_blank\"><strong>Use of traps to capture black and gold howlers (Alouatta caraya) on the Islands of the upper paran\u00e1 river, Southern Brazil<\/strong><\/a>. American Journal of Primatology, v. 69, p. 241-247, 2007.<\/span><\/p>\n<p style=\"text-align: justify\"><span style=\"color: #000000\">CORTE, AC; SVOBODA, WK; NAVARRO, IT; FREIRE, RL; MALANSKI, LS; SHIOZAWA, MM; LUDWIG, G; AGUIAR, LM; PASSOS, FC; MARON, \u00c2; CAMARGO, ZP; ITANO, EN; ONO, MA. <a style=\"color: #000000\" href=\"http:\/\/www.ncbi.nlm.nih.gov\/pubmed\/17914662\" target=\"_blank\"><strong>Paracoccidiodomycosis in wild monkeys from Paran\u00e1 State, Brazil<\/strong><\/a>. Mycopathologia, v. 164, p. 225-228, 2007.<\/span><\/p>\n<p style=\"text-align: justify\"><span style=\"color: #000000\">AGUIAR, LM; LUDWIG, G; SVOBODA, WK; HILST, CLS; NAVARRO, IT; PASSOS, FC. <a style=\"color: #000000\" href=\"www.scielo.br\/pdf\/rbzool\/v24n4\/06.pdf\u200e\" target=\"_blank\"><strong>Occurrence, local extinction and conservation of Primates in the corridor of the Upper Paran\u00e1 River, with notes on other mammals<\/strong><\/a>. Revista Brasileira de Zoologia, v. 24, p. 898-906, 2007.<\/span><\/p>\n<p style=\"text-align: justify\"><span style=\"color: #000000\">SILVA-ZACARIAS, FG; SPOHR, KAH; Lima, BAC; Svoboda, WK; MALANSKI, LS; ALVES, LA; SHIOZAWA, MM; HILST, CLS; MARON, \u00c2; AGUIAR, LM; LUDWIG, G; PASSOS, FC; SILVA, VO; NAVARRO, IT; Freitas, JC. <strong>Leptospirose em primatas n\u00e3o humanos de vida livre da esp\u00e9cie Alouatta caraya no munic\u00edpio de Porto Rico-PR<\/strong>. Acta Scientiae Veterinariae (Online), v. 35, n. 2, p. 401-402, 2007.<\/span><\/p>\n","protected":false},"excerpt":{"rendered":"<p>MACEDO, LC;\u00a0LAROCCA, LM;\u00a0PERNA, PO;\u00a0CHAVES, MMN; MUNTSCH, SMA;\u00a0DAMACENO, EFC;\u00a0SOUZA, TS;\u00a0POLIQUESI, CB;\u00a0TRUPPEL, TC;\u00a0SOUZA, C. Segrega\u00e7\u00e3o de res\u00edduos nos servi\u00e7os de sa\u00fade: a educa\u00e7\u00e3o ambiental em um hospital-escola. Cogitare Enfermagem (UFPR), v. 12, p. 183-188, 2007. WOLFF, LDG; MAZUR, CS; BARROS, CB; WIEZBK, C; QUADROS, VAS. Dimensionamento de pessoal de enfermagem na unidade semi-intensiva de um hospital universit\u00e1rio<br \/> <a href=\"https:\/\/saude.ufpr.br\/nesc\/artigos-2007\/\" class=\"button success small readmore\">Leia mais<\/a><\/p>\n","protected":false},"author":1583,"featured_media":0,"parent":0,"menu_order":0,"comment_status":"closed","ping_status":"closed","template":"","meta":{"_acf_changed":false,"_uag_custom_page_level_css":"","footnotes":""},"class_list":["post-107","page","type-page","status-publish","hentry"],"acf":[],"featured_image_src":null,"uagb_featured_image_src":{"full":false,"thumbnail":false,"medium":false,"medium_large":false,"large":false,"1536x1536":false,"2048x2048":false,"noticias-thumb":false,"banners-thumb":false,"maisnoticias-thumb":false,"post-thumbnail":false},"uagb_author_info":{"display_name":"guilherme albuquerque","author_link":"https:\/\/saude.ufpr.br\/nesc\/author\/guilherme\/"},"uagb_comment_info":0,"uagb_excerpt":"MACEDO, LC;\u00a0LAROCCA, LM;\u00a0PERNA, PO;\u00a0CHAVES, MMN; MUNTSCH, SMA;\u00a0DAMACENO, EFC;\u00a0SOUZA, TS;\u00a0POLIQUESI, CB;\u00a0TRUPPEL, TC;\u00a0SOUZA, C. Segrega\u00e7\u00e3o de res\u00edduos nos servi\u00e7os de sa\u00fade: a educa\u00e7\u00e3o ambiental em um hospital-escola. Cogitare Enfermagem (UFPR), v. 12, p. 183-188, 2007. WOLFF, LDG; MAZUR, CS; BARROS, CB; WIEZBK, C; QUADROS, VAS. Dimensionamento de pessoal de enfermagem na unidade semi-intensiva de um hospital universit\u00e1rio&hellip;","publishpress_future_action":{"enabled":false,"date":"2026-04-11 09:26:13","action":"change-status","newStatus":"draft","terms":[],"taxonomy":"","extraData":[]},"publishpress_future_workflow_manual_trigger":{"enabledWorkflows":[]},"_links":{"self":[{"href":"https:\/\/saude.ufpr.br\/nesc\/wp-json\/wp\/v2\/pages\/107","targetHints":{"allow":["GET"]}}],"collection":[{"href":"https:\/\/saude.ufpr.br\/nesc\/wp-json\/wp\/v2\/pages"}],"about":[{"href":"https:\/\/saude.ufpr.br\/nesc\/wp-json\/wp\/v2\/types\/page"}],"author":[{"embeddable":true,"href":"https:\/\/saude.ufpr.br\/nesc\/wp-json\/wp\/v2\/users\/1583"}],"replies":[{"embeddable":true,"href":"https:\/\/saude.ufpr.br\/nesc\/wp-json\/wp\/v2\/comments?post=107"}],"version-history":[{"count":1,"href":"https:\/\/saude.ufpr.br\/nesc\/wp-json\/wp\/v2\/pages\/107\/revisions"}],"predecessor-version":[{"id":108,"href":"https:\/\/saude.ufpr.br\/nesc\/wp-json\/wp\/v2\/pages\/107\/revisions\/108"}],"wp:attachment":[{"href":"https:\/\/saude.ufpr.br\/nesc\/wp-json\/wp\/v2\/media?parent=107"}],"curies":[{"name":"wp","href":"https:\/\/api.w.org\/{rel}","templated":true}]}}