{"id":109,"date":"2016-04-08T12:40:01","date_gmt":"2016-04-08T12:40:01","guid":{"rendered":"https:\/\/saude.ufpr.br\/nesc\/?page_id=109"},"modified":"2016-04-08T12:40:01","modified_gmt":"2016-04-08T12:40:01","slug":"artigos-2006","status":"publish","type":"page","link":"https:\/\/saude.ufpr.br\/nesc\/artigos-2006\/","title":{"rendered":"Artigos 2006"},"content":{"rendered":"<p style=\"text-align: justify\"><span style=\"color: #000000\">ALBUQUERQUE, GSC; JULIANO, RC; REHDER, R; SBALQUEIRO, RN; YOKOYAMA, RA; WATANABE, SS. <strong>Avalia\u00e7\u00e3o do Cumprimento das Normas de Controle de Infec\u00e7\u00e3o em Unidade de Sa\u00fade do SUS de Curitiba<\/strong>. Revista do M\u00e9dico Residente (HUEC), v. 8, p. 100-104, 2006.<\/span><\/p>\n<p style=\"text-align: justify\"><span style=\"color: #000000\">ALBUQUERQUE, GSC; OGATA, BR; AKIYOSHI, CA; HENRIQUES, CO; PACHECO, HHY; SATO, MH; SHIRASAKI, RTS; HIROSE, TE.<strong>Estudo dos Acidentes de Trabalho Notificados pela Cat e em Servi\u00e7o de Pronto Socorro de Curitiba<\/strong>. Revista do M\u00e9dico Residente (HUEC), v. 8, p. 49-55, 2006.<\/span><\/p>\n<p style=\"text-align: justify\"><span style=\"color: #000000\">CHAVES, MMN; VERBURG, D. <strong><a style=\"color: #000000\" href=\"http:\/\/ojs.c3sl.ufpr.br\/ojs\/index.php\/refased\/article\/view\/7977\/5625\" target=\"_blank\">O perfil de crian\u00e7as expostas ao v\u00edrus HIV em um servi\u00e7o p\u00fablico no munic\u00edpio de Curitiba-PR<\/a><\/strong>. Fam\u00edlia, Sa\u00fade e Desenvolvimento (UFPR), v. 8, p. 242-250, 2006.<\/span><\/p>\n<p style=\"text-align: justify\"><span style=\"color: #000000\">CHAVES, MMN; CRUZARA, AC. <strong><a style=\"color: #000000\" href=\"http:\/\/ojs.c3sl.ufpr.br\/ojs2\/index.php\/refased\/article\/view\/7987\/5632\" target=\"_blank\">Reflex\u00e3o sobre a demanda &#8216;cont\u00ednua&#8217; em uma Unidade de Sa\u00fade de um munic\u00edpio da regi\u00e3o metropolitana de Curitiba-PR<\/a><\/strong>. Fam\u00edlia, Sa\u00fade e Desenvolvimento (UFPR), v. 9, p. 128-137, 2006.<\/span><\/p>\n<p style=\"text-align: justify\"><span style=\"color: #000000\">KAMI, MTM; LAROCCA, LM. <strong><a style=\"color: #000000\" href=\"http:\/\/ojs.c3sl.ufpr.br\/ojs\/index.php\/refased\/article\/view\/7975\/5624\" target=\"_blank\">Reconhecimento da realidade objetiva dos idosos residentes na Vila Torres: do estrutural ao singular<\/a><\/strong>. Fam\u00edlia, Sa\u00fade e Desenvolvimento (UFPR), v. 8, p. 233-241, 2006.<\/span><\/p>\n","protected":false},"excerpt":{"rendered":"<p>ALBUQUERQUE, GSC; JULIANO, RC; REHDER, R; SBALQUEIRO, RN; YOKOYAMA, RA; WATANABE, SS. Avalia\u00e7\u00e3o do Cumprimento das Normas de Controle de Infec\u00e7\u00e3o em Unidade de Sa\u00fade do SUS de Curitiba. Revista do M\u00e9dico Residente (HUEC), v. 8, p. 100-104, 2006. ALBUQUERQUE, GSC; OGATA, BR; AKIYOSHI, CA; HENRIQUES, CO; PACHECO, HHY; SATO, MH; SHIRASAKI, RTS; HIROSE, TE.Estudo<br \/> <a href=\"https:\/\/saude.ufpr.br\/nesc\/artigos-2006\/\" class=\"button success small readmore\">Leia mais<\/a><\/p>\n","protected":false},"author":1583,"featured_media":0,"parent":0,"menu_order":0,"comment_status":"closed","ping_status":"closed","template":"","meta":{"_acf_changed":false,"_uag_custom_page_level_css":"","footnotes":""},"class_list":["post-109","page","type-page","status-publish","hentry"],"acf":[],"featured_image_src":null,"uagb_featured_image_src":{"full":false,"thumbnail":false,"medium":false,"medium_large":false,"large":false,"1536x1536":false,"2048x2048":false,"noticias-thumb":false,"banners-thumb":false,"maisnoticias-thumb":false,"post-thumbnail":false},"uagb_author_info":{"display_name":"guilherme albuquerque","author_link":"https:\/\/saude.ufpr.br\/nesc\/author\/guilherme\/"},"uagb_comment_info":0,"uagb_excerpt":"ALBUQUERQUE, GSC; JULIANO, RC; REHDER, R; SBALQUEIRO, RN; YOKOYAMA, RA; WATANABE, SS. Avalia\u00e7\u00e3o do Cumprimento das Normas de Controle de Infec\u00e7\u00e3o em Unidade de Sa\u00fade do SUS de Curitiba. Revista do M\u00e9dico Residente (HUEC), v. 8, p. 100-104, 2006. ALBUQUERQUE, GSC; OGATA, BR; AKIYOSHI, CA; HENRIQUES, CO; PACHECO, HHY; SATO, MH; SHIRASAKI, RTS; HIROSE, TE.Estudo&hellip;","publishpress_future_action":{"enabled":false,"date":"2026-04-11 09:26:13","action":"change-status","newStatus":"draft","terms":[],"taxonomy":"","extraData":[]},"publishpress_future_workflow_manual_trigger":{"enabledWorkflows":[]},"_links":{"self":[{"href":"https:\/\/saude.ufpr.br\/nesc\/wp-json\/wp\/v2\/pages\/109","targetHints":{"allow":["GET"]}}],"collection":[{"href":"https:\/\/saude.ufpr.br\/nesc\/wp-json\/wp\/v2\/pages"}],"about":[{"href":"https:\/\/saude.ufpr.br\/nesc\/wp-json\/wp\/v2\/types\/page"}],"author":[{"embeddable":true,"href":"https:\/\/saude.ufpr.br\/nesc\/wp-json\/wp\/v2\/users\/1583"}],"replies":[{"embeddable":true,"href":"https:\/\/saude.ufpr.br\/nesc\/wp-json\/wp\/v2\/comments?post=109"}],"version-history":[{"count":1,"href":"https:\/\/saude.ufpr.br\/nesc\/wp-json\/wp\/v2\/pages\/109\/revisions"}],"predecessor-version":[{"id":110,"href":"https:\/\/saude.ufpr.br\/nesc\/wp-json\/wp\/v2\/pages\/109\/revisions\/110"}],"wp:attachment":[{"href":"https:\/\/saude.ufpr.br\/nesc\/wp-json\/wp\/v2\/media?parent=109"}],"curies":[{"name":"wp","href":"https:\/\/api.w.org\/{rel}","templated":true}]}}