{"id":111,"date":"2016-04-08T12:40:44","date_gmt":"2016-04-08T12:40:44","guid":{"rendered":"https:\/\/saude.ufpr.br\/nesc\/?page_id=111"},"modified":"2016-04-08T12:40:44","modified_gmt":"2016-04-08T12:40:44","slug":"artigos-2005","status":"publish","type":"page","link":"https:\/\/saude.ufpr.br\/nesc\/artigos-2005\/","title":{"rendered":"Artigos 2005"},"content":{"rendered":"<p style=\"text-align: justify\"><span style=\"color: #000000\">ALBUQUERQUE, GSC; RISTOW, CM; BERRI, DT; CLOCK, FC; RIBAS FILHO, JM; YAMAMOTO, CT; FAVARO, M. <strong>Perfil dos Pacientes que foram a \u00d3bito por Tuberculose em Curitiba<\/strong>. Revista do M\u00e9dico Residente (HUEC), v. 7, p. 74-78, 2005.<\/span><\/p>\n<p style=\"text-align: justify\"><span style=\"color: #000000\">RATTI, A; PEREIRA, MTF; CENTA, ML.\u00a0<strong><a style=\"color: #000000\" href=\"2.2.4\/index.php\/refased\/article\/view\/8054\/5676\" target=\"_blank\">A relev\u00e2ncia da cultura no cuidado \u00e0s fam\u00edlias<\/a><\/strong>. Fam\u00edlia, Sa\u00fade e Desenvolvimento, v. 7, n. 1, 2005<strong>.<\/strong><\/span><\/p>\n<p style=\"text-align: justify\"><span style=\"color: #000000\">SANTOS, AC. <strong><a style=\"color: #000000\" href=\"2.2.4\/index.php\/refased\/article\/view\/8033\/5656\" target=\"_blank\">A inser\u00e7\u00e3o do nutricionista na Estrat\u00e9gia da Sa\u00fade da Fam\u00edlia: o olhar de diferentes trabalhadores da sa\u00fade<\/a><\/strong>. Fam\u00edlia, Sa\u00fade e Desenvolvimento, v. 7, n. 3, 2005.<\/span><\/p>\n<p style=\"text-align: justify\"><span style=\"color: #000000\">LAROCCA, LM; MARQUES, VRB. <strong><a style=\"color: #000000\" href=\"http:\/\/ojs.c3sl.ufpr.br\/ojs-2.2.4\/index.php\/cogitare\/article\/view\/4682\/3629\" target=\"_blank\">Quando a higiene se torna p\u00fablica: sa\u00fade e estado<\/a><\/strong>. Cogitare Enfermagem (UFPR), v. 10, n. 1, p. 75-80, 2005.<\/span><\/p>\n<p style=\"text-align: justify\"><span style=\"color: #000000\">MARCON, PM; MEYER, MJ; WOLFF, LDG. <strong><a style=\"color: #000000\" href=\"http:\/\/ojs.c3sl.ufpr.br\/ojs2\/index.php\/cogitare\/article\/view\/4686\/3630\" target=\"_blank\">O processo de tomada de decis\u00e3o do enfermeiro no exerc\u00edcio de suas fun\u00e7\u00f5es administrativas<\/a><\/strong>. Cogitare Enfermagem (UFPR), v. 10, p. 87-88, 2005.<\/span><\/p>\n<p style=\"text-align: justify\"><span style=\"color: #000000\">GARCIA, J; SVOBODA, WK; CHRYSSAFIDIS, A; DESOUZAMALANSKI, L; SHIOZAWA, M; TEIXEIRA, G; LUDWIG, G; DASILVA, L; HILST, C. <a style=\"color: #000000\" href=\"http:\/\/www.ncbi.nlm.nih.gov\/pubmed\/16006040\" target=\"_blank\"><strong>Sero-epidemiological survey for toxoplasmosis in wild New World monkeys ( spp.; ) at the Paran\u00e1 river basin, Paran\u00e1 State, Brazil<\/strong><\/a>. Veterinary Parasitology, v. 133, p. 307-311, 2005.<\/span><\/p>\n","protected":false},"excerpt":{"rendered":"<p>ALBUQUERQUE, GSC; RISTOW, CM; BERRI, DT; CLOCK, FC; RIBAS FILHO, JM; YAMAMOTO, CT; FAVARO, M. Perfil dos Pacientes que foram a \u00d3bito por Tuberculose em Curitiba. Revista do M\u00e9dico Residente (HUEC), v. 7, p. 74-78, 2005. RATTI, A; PEREIRA, MTF; CENTA, ML.\u00a0A relev\u00e2ncia da cultura no cuidado \u00e0s fam\u00edlias. Fam\u00edlia, Sa\u00fade e Desenvolvimento, v. 7,<br \/> <a href=\"https:\/\/saude.ufpr.br\/nesc\/artigos-2005\/\" class=\"button success small readmore\">Leia mais<\/a><\/p>\n","protected":false},"author":1583,"featured_media":0,"parent":0,"menu_order":0,"comment_status":"closed","ping_status":"closed","template":"","meta":{"_acf_changed":false,"_uag_custom_page_level_css":"","footnotes":""},"class_list":["post-111","page","type-page","status-publish","hentry"],"acf":[],"featured_image_src":null,"uagb_featured_image_src":{"full":false,"thumbnail":false,"medium":false,"medium_large":false,"large":false,"1536x1536":false,"2048x2048":false,"noticias-thumb":false,"banners-thumb":false,"maisnoticias-thumb":false,"post-thumbnail":false},"uagb_author_info":{"display_name":"guilherme albuquerque","author_link":"https:\/\/saude.ufpr.br\/nesc\/author\/guilherme\/"},"uagb_comment_info":0,"uagb_excerpt":"ALBUQUERQUE, GSC; RISTOW, CM; BERRI, DT; CLOCK, FC; RIBAS FILHO, JM; YAMAMOTO, CT; FAVARO, M. Perfil dos Pacientes que foram a \u00d3bito por Tuberculose em Curitiba. Revista do M\u00e9dico Residente (HUEC), v. 7, p. 74-78, 2005. RATTI, A; PEREIRA, MTF; CENTA, ML.\u00a0A relev\u00e2ncia da cultura no cuidado \u00e0s fam\u00edlias. Fam\u00edlia, Sa\u00fade e Desenvolvimento, v. 7,&hellip;","publishpress_future_action":{"enabled":false,"date":"2026-04-11 09:26:14","action":"change-status","newStatus":"draft","terms":[],"taxonomy":"","extraData":[]},"publishpress_future_workflow_manual_trigger":{"enabledWorkflows":[]},"_links":{"self":[{"href":"https:\/\/saude.ufpr.br\/nesc\/wp-json\/wp\/v2\/pages\/111","targetHints":{"allow":["GET"]}}],"collection":[{"href":"https:\/\/saude.ufpr.br\/nesc\/wp-json\/wp\/v2\/pages"}],"about":[{"href":"https:\/\/saude.ufpr.br\/nesc\/wp-json\/wp\/v2\/types\/page"}],"author":[{"embeddable":true,"href":"https:\/\/saude.ufpr.br\/nesc\/wp-json\/wp\/v2\/users\/1583"}],"replies":[{"embeddable":true,"href":"https:\/\/saude.ufpr.br\/nesc\/wp-json\/wp\/v2\/comments?post=111"}],"version-history":[{"count":1,"href":"https:\/\/saude.ufpr.br\/nesc\/wp-json\/wp\/v2\/pages\/111\/revisions"}],"predecessor-version":[{"id":112,"href":"https:\/\/saude.ufpr.br\/nesc\/wp-json\/wp\/v2\/pages\/111\/revisions\/112"}],"wp:attachment":[{"href":"https:\/\/saude.ufpr.br\/nesc\/wp-json\/wp\/v2\/media?parent=111"}],"curies":[{"name":"wp","href":"https:\/\/api.w.org\/{rel}","templated":true}]}}