{"id":113,"date":"2016-04-08T12:41:03","date_gmt":"2016-04-08T12:41:03","guid":{"rendered":"https:\/\/saude.ufpr.br\/nesc\/?page_id=113"},"modified":"2016-04-08T12:41:03","modified_gmt":"2016-04-08T12:41:03","slug":"artigos-2004","status":"publish","type":"page","link":"https:\/\/saude.ufpr.br\/nesc\/artigos-2004\/","title":{"rendered":"Artigos 2004"},"content":{"rendered":"<p style=\"text-align: justify\"><span style=\"color: #000000\">VARGAS, APA; MARQUES, DR; RAUEN, G;\u00a0ALBUQUERQUE, GSC. <strong>Avalia\u00e7\u00e3o de um Programa antitabagismo<\/strong>. Revista do M\u00e9dico Residente (HUEC), Curitiba, v. 6, n. 1, p. 8-11, 2004.<\/span><\/p>\n<p style=\"text-align: justify\"><span style=\"color: #000000\">ALBUQUERQUE, GSC; VIEIRA, SC; OTTOBONI, LS; FONSECA, FV. <strong>An\u00e1lise do Programa de Combate \u00e0s Car\u00eancias Nutricionais e do Bolsa Alimenta\u00e7\u00e3o com estrat\u00e9gias de recupera\u00e7\u00e3o do estado nutricional das crian\u00e7as desnutridas e de baixa renda da \u00e1rea 60 de abrang\u00eancia da Unidade de Sa\u00fade Vila Verde<\/strong>. Revista do M\u00e9dico Residente (HUEC), Curitiba, v. 5, n. 3, p. 80-83, 2004.<\/span><\/p>\n<p style=\"text-align: justify\"><span style=\"color: #000000\">PONTES, DBA; ARA\u00daJO, EGS. <strong><a style=\"color: #000000\" href=\"http:\/\/ojs.c3sl.ufpr.br\/ojs\/index.php\/refased\/article\/view\/8076\/5695\" target=\"_blank\">Determina\u00e7\u00e3o social da c\u00e1rie dent\u00e1ria na denti\u00e7\u00e3o dec\u00eddua: aprofundando o conhecimento da realidade local<\/a><\/strong>. Fam\u00edlia, Sa\u00fade e Desenvolvimento (UFPR), v. 6, n. 1, 2004.<\/span><\/p>\n<p style=\"text-align: justify\"><span style=\"color: #000000\">ABREU, MAT; GEVAERD, SP; BUFFON, MCM; CORDELLINI, JVF. <strong><a style=\"color: #000000\" href=\"2.2.4\/index.php\/refased\/article\/view\/8064\/5684\" target=\"_blank\">An\u00e1lise do perfil dos profissionais de sa\u00fade bucal da Secretaria Municipal de Sa\u00fade de Curitiba na abordagem ao adolescente<\/a><\/strong>. Fam\u00edlia, Sa\u00fade e Desenvolvimento (UFPR), v. 6, n. 2, 2004.<\/span><\/p>\n<p style=\"text-align: justify\"><span style=\"color: #000000\">MAFRA, MRP; CHAVES, MMN. <strong><a style=\"color: #000000\" href=\"2.2.4\/index.php\/refased\/article\/view\/8065\/5685\" target=\"_blank\">O processo de territorializa\u00e7\u00e3o e a aten\u00e7\u00e3o \u00e0 sa\u00fade no Programa Sa\u00fade da Fam\u00edlia<\/a><\/strong>. Fam\u00edlia, Sa\u00fade e Desenvolvimento (UFPR), v. 6, n. 2, 2004.<\/span><\/p>\n<p style=\"text-align: justify\"><span style=\"color: #000000\">MACHADO, LV; LAROCCA, LM. <strong><a style=\"color: #000000\" href=\"http:\/\/ojs.c3sl.ufpr.br\/ojs2\/index.php\/cogitare\/article\/viewFile\/1720\/1428\" target=\"_blank\">Intercorr\u00eancias mam\u00e1rias e desmame precoce &#8211; uma abordagem comunicacional<\/a><\/strong>. Cogitare Enfermagem (UFPR), v. 9, n. 2, p. 89-98, 2004.<\/span><\/p>\n<p style=\"text-align: justify\"><span style=\"color: #000000\">PEREIRA, OEDG; VOLPI, JH; SACHWEH, MS; GRAEML, KS; ZONIN, W. <strong>Quest\u00f5es Socioambientais Decorrentes da IMplanta\u00e7\u00e3o do Complexo Industrial Ayrton Senna em S\u00e3o Jos\u00e9 dos Pinhais<\/strong>. \u00c1gora (Ca\u00e7ador), v. 11, p. 86-86, 2004.<\/span><\/p>\n","protected":false},"excerpt":{"rendered":"<p>VARGAS, APA; MARQUES, DR; RAUEN, G;\u00a0ALBUQUERQUE, GSC. Avalia\u00e7\u00e3o de um Programa antitabagismo. Revista do M\u00e9dico Residente (HUEC), Curitiba, v. 6, n. 1, p. 8-11, 2004. ALBUQUERQUE, GSC; VIEIRA, SC; OTTOBONI, LS; FONSECA, FV. An\u00e1lise do Programa de Combate \u00e0s Car\u00eancias Nutricionais e do Bolsa Alimenta\u00e7\u00e3o com estrat\u00e9gias de recupera\u00e7\u00e3o do estado nutricional das crian\u00e7as desnutridas<br \/> <a href=\"https:\/\/saude.ufpr.br\/nesc\/artigos-2004\/\" class=\"button success small readmore\">Leia mais<\/a><\/p>\n","protected":false},"author":1583,"featured_media":0,"parent":0,"menu_order":0,"comment_status":"closed","ping_status":"closed","template":"","meta":{"_acf_changed":false,"_uag_custom_page_level_css":"","footnotes":""},"class_list":["post-113","page","type-page","status-publish","hentry"],"acf":[],"featured_image_src":null,"uagb_featured_image_src":{"full":false,"thumbnail":false,"medium":false,"medium_large":false,"large":false,"1536x1536":false,"2048x2048":false,"noticias-thumb":false,"banners-thumb":false,"maisnoticias-thumb":false,"post-thumbnail":false},"uagb_author_info":{"display_name":"guilherme albuquerque","author_link":"https:\/\/saude.ufpr.br\/nesc\/author\/guilherme\/"},"uagb_comment_info":0,"uagb_excerpt":"VARGAS, APA; MARQUES, DR; RAUEN, G;\u00a0ALBUQUERQUE, GSC. Avalia\u00e7\u00e3o de um Programa antitabagismo. Revista do M\u00e9dico Residente (HUEC), Curitiba, v. 6, n. 1, p. 8-11, 2004. ALBUQUERQUE, GSC; VIEIRA, SC; OTTOBONI, LS; FONSECA, FV. An\u00e1lise do Programa de Combate \u00e0s Car\u00eancias Nutricionais e do Bolsa Alimenta\u00e7\u00e3o com estrat\u00e9gias de recupera\u00e7\u00e3o do estado nutricional das crian\u00e7as desnutridas&hellip;","publishpress_future_action":{"enabled":false,"date":"2026-04-11 09:26:14","action":"change-status","newStatus":"draft","terms":[],"taxonomy":"","extraData":[]},"publishpress_future_workflow_manual_trigger":{"enabledWorkflows":[]},"_links":{"self":[{"href":"https:\/\/saude.ufpr.br\/nesc\/wp-json\/wp\/v2\/pages\/113","targetHints":{"allow":["GET"]}}],"collection":[{"href":"https:\/\/saude.ufpr.br\/nesc\/wp-json\/wp\/v2\/pages"}],"about":[{"href":"https:\/\/saude.ufpr.br\/nesc\/wp-json\/wp\/v2\/types\/page"}],"author":[{"embeddable":true,"href":"https:\/\/saude.ufpr.br\/nesc\/wp-json\/wp\/v2\/users\/1583"}],"replies":[{"embeddable":true,"href":"https:\/\/saude.ufpr.br\/nesc\/wp-json\/wp\/v2\/comments?post=113"}],"version-history":[{"count":1,"href":"https:\/\/saude.ufpr.br\/nesc\/wp-json\/wp\/v2\/pages\/113\/revisions"}],"predecessor-version":[{"id":114,"href":"https:\/\/saude.ufpr.br\/nesc\/wp-json\/wp\/v2\/pages\/113\/revisions\/114"}],"wp:attachment":[{"href":"https:\/\/saude.ufpr.br\/nesc\/wp-json\/wp\/v2\/media?parent=113"}],"curies":[{"name":"wp","href":"https:\/\/api.w.org\/{rel}","templated":true}]}}