{"id":117,"date":"2016-04-08T12:41:38","date_gmt":"2016-04-08T12:41:38","guid":{"rendered":"https:\/\/saude.ufpr.br\/nesc\/?page_id=117"},"modified":"2016-04-08T12:41:38","modified_gmt":"2016-04-08T12:41:38","slug":"artigos-2002","status":"publish","type":"page","link":"https:\/\/saude.ufpr.br\/nesc\/artigos-2002\/","title":{"rendered":"Artigos 2002"},"content":{"rendered":"<p style=\"text-align: justify\"><span style=\"color: #000000\">CHAVES, MMN; KR\u00dcGER, M. <strong>Educa\u00e7\u00e3o em sa\u00fade nas escolas: uma parceria com a enfermagem na preven\u00e7\u00e3o das DST\/AIDS e gravidez n\u00e3o planejada<\/strong>. S\u00e9rie Did\u00e1tica Enfermagem no Sus, v. 8, p. 81-99, 2002.<\/span><\/p>\n<p style=\"text-align: justify\"><span style=\"color: #000000\">SILVA, RZ; RIOS, EM; VOSGERAU, MZS; LEAL, LF; YUNES, RA; MIGUEL, OG; CECHINEL FILHO, V. <a style=\"color: #000000\" href=\"http:\/\/ojs.c3sl.ufpr.br\/ojs2\/index.php\/academica\/article\/view\/502\/415\" target=\"_blank\"><strong>Investiga\u00e7\u00e3o Fitoqu\u00edmica e Avalia\u00e7\u00e3o da Atividade Antibacteriana da Mikania lanuginosa DC (ASTERACEAE)<\/strong><\/a>. Vis\u00e3o Acad\u00eamica (Curitiba. Impresso), Universidade Federal do Paran\u00e1, v. 3, n. 2, p. 59-63, 2002.<\/span><\/p>\n<p style=\"text-align: justify\"><span style=\"color: #000000\">CUNHA, O; CUNHA, AF; SOUZA, C; COSSEAU, I; GALLI, MA; RODASKI, S; SVOBODA, WK; SANTOS, R. <a style=\"color: #000000\" href=\"http:\/\/revistas.unipar.br\/veterinaria\/article\/view\/747\/654\" target=\"_blank\"><strong>Nova T\u00e9cnica para Descorna em Bovinos<\/strong><\/a>. Arquivos de Ci\u00eancias Veterin\u00e1rias e Zoologia da Unipar, v. 5, n. 1, p. 59-63, 2002.<\/span><\/p>\n","protected":false},"excerpt":{"rendered":"<p>CHAVES, MMN; KR\u00dcGER, M. Educa\u00e7\u00e3o em sa\u00fade nas escolas: uma parceria com a enfermagem na preven\u00e7\u00e3o das DST\/AIDS e gravidez n\u00e3o planejada. S\u00e9rie Did\u00e1tica Enfermagem no Sus, v. 8, p. 81-99, 2002. SILVA, RZ; RIOS, EM; VOSGERAU, MZS; LEAL, LF; YUNES, RA; MIGUEL, OG; CECHINEL FILHO, V. Investiga\u00e7\u00e3o Fitoqu\u00edmica e Avalia\u00e7\u00e3o da Atividade Antibacteriana da<br \/> <a href=\"https:\/\/saude.ufpr.br\/nesc\/artigos-2002\/\" class=\"button success small readmore\">Leia mais<\/a><\/p>\n","protected":false},"author":1583,"featured_media":0,"parent":0,"menu_order":0,"comment_status":"closed","ping_status":"closed","template":"","meta":{"_acf_changed":false,"_uag_custom_page_level_css":"","footnotes":""},"class_list":["post-117","page","type-page","status-publish","hentry"],"acf":[],"featured_image_src":null,"uagb_featured_image_src":{"full":false,"thumbnail":false,"medium":false,"medium_large":false,"large":false,"1536x1536":false,"2048x2048":false,"noticias-thumb":false,"banners-thumb":false,"maisnoticias-thumb":false,"post-thumbnail":false},"uagb_author_info":{"display_name":"guilherme albuquerque","author_link":"https:\/\/saude.ufpr.br\/nesc\/author\/guilherme\/"},"uagb_comment_info":0,"uagb_excerpt":"CHAVES, MMN; KR\u00dcGER, M. Educa\u00e7\u00e3o em sa\u00fade nas escolas: uma parceria com a enfermagem na preven\u00e7\u00e3o das DST\/AIDS e gravidez n\u00e3o planejada. S\u00e9rie Did\u00e1tica Enfermagem no Sus, v. 8, p. 81-99, 2002. SILVA, RZ; RIOS, EM; VOSGERAU, MZS; LEAL, LF; YUNES, RA; MIGUEL, OG; CECHINEL FILHO, V. Investiga\u00e7\u00e3o Fitoqu\u00edmica e Avalia\u00e7\u00e3o da Atividade Antibacteriana da&hellip;","publishpress_future_action":{"enabled":false,"date":"2026-04-11 12:18:55","action":"change-status","newStatus":"draft","terms":[],"taxonomy":"","extraData":[]},"publishpress_future_workflow_manual_trigger":{"enabledWorkflows":[]},"_links":{"self":[{"href":"https:\/\/saude.ufpr.br\/nesc\/wp-json\/wp\/v2\/pages\/117","targetHints":{"allow":["GET"]}}],"collection":[{"href":"https:\/\/saude.ufpr.br\/nesc\/wp-json\/wp\/v2\/pages"}],"about":[{"href":"https:\/\/saude.ufpr.br\/nesc\/wp-json\/wp\/v2\/types\/page"}],"author":[{"embeddable":true,"href":"https:\/\/saude.ufpr.br\/nesc\/wp-json\/wp\/v2\/users\/1583"}],"replies":[{"embeddable":true,"href":"https:\/\/saude.ufpr.br\/nesc\/wp-json\/wp\/v2\/comments?post=117"}],"version-history":[{"count":1,"href":"https:\/\/saude.ufpr.br\/nesc\/wp-json\/wp\/v2\/pages\/117\/revisions"}],"predecessor-version":[{"id":118,"href":"https:\/\/saude.ufpr.br\/nesc\/wp-json\/wp\/v2\/pages\/117\/revisions\/118"}],"wp:attachment":[{"href":"https:\/\/saude.ufpr.br\/nesc\/wp-json\/wp\/v2\/media?parent=117"}],"curies":[{"name":"wp","href":"https:\/\/api.w.org\/{rel}","templated":true}]}}