{"id":139,"date":"2016-04-08T13:37:57","date_gmt":"2016-04-08T13:37:57","guid":{"rendered":"https:\/\/saude.ufpr.br\/nesc\/?page_id=139"},"modified":"2016-04-08T13:37:57","modified_gmt":"2016-04-08T13:37:57","slug":"historico","status":"publish","type":"page","link":"https:\/\/saude.ufpr.br\/nesc\/historico\/","title":{"rendered":"Hist\u00f3rico"},"content":{"rendered":"<h1 style=\"text-align: center\"><span style=\"color: #3366ff\">O N\u00facleo de Estudos em Sa\u00fade Coletiva da Universidade Federal do Paran\u00e1<\/span><\/h1>\n<p>&nbsp;<\/p>\n<p style=\"margin: 0cm;margin-bottom: .0001pt;text-align: justify;text-indent: 35.4pt\">Em 1994, o Minist\u00e9rio da Sa\u00fade implantou oficialmente, no pa\u00eds, o Programa de Sa\u00fade da Fam\u00edlia (PSF). Desde esta \u00e9poca datam as primeiras atividades na \u00e1rea da Sa\u00fade da Fam\u00edlia, na UFPR. Elas foram desenvolvidas, inicialmente, por um grupo restrito de professores e alunos, em conjunto com profissionais de alguns servi\u00e7os de sa\u00fade (estaduais e municipais).<\/p>\n<p style=\"margin: 0cm;margin-bottom: .0001pt;text-align: justify;text-indent: 35.4pt\">Em 1996, a Secretaria de Estado da Sa\u00fade do Paran\u00e1, juntamente com as Universidades Estaduais e as Secretaria Municipais de Sa\u00fade, desencadeou um amplo debate sobre o modelo de sa\u00fade vigente. O objetivo era o de propor um projeto para \u201cconcorrer\u201d a um dos dez (10) P\u00f3los de Capacita\u00e7\u00e3o, Forma\u00e7\u00e3o e Educa\u00e7\u00e3o Permanente de Pessoal para Sa\u00fade da Fam\u00edlia que o M. S. ent\u00e3o planejava implantar no pa\u00eds. A proposta originada daquele trabalho foi contemplada e o Paran\u00e1 organizou seu P\u00f3lo, articulado em cinco (5) P\u00f3los regionais, com sedes em: Curitiba, Londrina, Maring\u00e1, Cascavel e Ponta Grossa, al\u00e9m de com uma coordena\u00e7\u00e3o estadual localizada, desde o in\u00edcio, na Escola de Sa\u00fade P\u00fablica, da Secretaria de Sa\u00fade do Estado do Paran\u00e1 (SESA).<\/p>\n<p style=\"margin: 0cm;margin-bottom: .0001pt;text-align: justify;text-indent: 35.4pt\">Vale lembrar que um nome que sempre esteve ligado a essas iniciativas, tanto no \u00e2mbito acad\u00eamico como dos servi\u00e7os, foi o do Prof. Dante Roman\u00f3, m\u00e9dico e docente da UFPR, que agregava elementos de experi\u00eancias em Sa\u00fade da Fam\u00edlia do Canad\u00e1 e de Cuba para estimular a reflex\u00e3o.<\/p>\n<p style=\"margin: 0cm;margin-bottom: .0001pt;text-align: justify;text-indent: 35.4pt\">Este mesmo processo levou a que, em dezembro do mesmo ano de 1996, um grupo de professores do Setor de Ci\u00eancias da Sa\u00fade da UFPR e do Hospital de Cl\u00ednicas iniciasse estudos e discuss\u00f5es acerca do PSF. Este grupo logo se prop\u00f4s a realizar de uma s\u00e9rie de atividades tais como:<\/p>\n<p style=\"margin: 0cm;margin-bottom: .0001pt;text-align: justify;text-indent: 35.4pt\">Eventos de extens\u00e3o universit\u00e1ria visando a sensibiliza\u00e7\u00e3o e atualiza\u00e7\u00e3o de professores e alunos sobre a Sa\u00fade da Fam\u00edlia;<\/p>\n<p style=\"margin: 0cm;margin-bottom: .0001pt;text-align: justify;text-indent: 35.4pt\">Curso de extens\u00e3o universit\u00e1ria para m\u00e9dicos e enfermeiras que j\u00e1 atuavam em equipes de Sa\u00fade da Fam\u00edlia no Estado do Paran\u00e1;<\/p>\n<p style=\"margin: 0cm;margin-bottom: .0001pt;text-align: justify;text-indent: 35.4pt\">Curso de Especializa\u00e7\u00e3o em Sa\u00fade Coletiva \u2013 \u00c1rea de Concentra\u00e7\u00e3o em Sa\u00fade da Fam\u00edlia;<\/p>\n<p style=\"text-align: justify;margin: 0cm 0cm .0001pt 35.4pt\">Elabora\u00e7\u00e3o de projeto de pesquisa para avalia\u00e7\u00e3o de impacto nas Unidades de Sa\u00fade em que se implantou o PSF.<\/p>\n<p style=\"margin: 0cm;margin-bottom: .0001pt;text-align: justify;text-indent: 35.4pt\">Este grupo serviu para engajar, internamente, a UFPR nas atividades relacionadas \u00e0 Sa\u00fade da Fam\u00edlia, fortalecendo sua participa\u00e7\u00e3o no P\u00f3lo Estadual\/P\u00f3lo Regional. O grupo entendia que o trabalho assim desenvolvido poderia contribuir com a efetiva aproxima\u00e7\u00e3o entre ensino universit\u00e1rio e realidade de sa\u00fade da popula\u00e7\u00e3o e dos servi\u00e7os de sa\u00fade, fortalecendo a integra\u00e7\u00e3o ensino\/servi\u00e7o e a criticidade na forma\u00e7\u00e3o de futuros profissionais, t\u00e3o buscadas pelos docentes.<\/p>\n<p style=\"margin: 0cm;margin-bottom: .0001pt;text-align: justify;text-indent: 35.4pt\">Foi este grupo que, em 1998, prop\u00f5e a cria\u00e7\u00e3o oficial de um N\u00facleo de Estudos em Sa\u00fade da Fam\u00edlia (NESF). Submetida a proposta ao Conselho Setorial do Setor de Ci\u00eancias da Sa\u00fade, o NESF foi aprovado como \u00f3rg\u00e3o auxiliar do mesmo Setor, em reuni\u00e3o realizada no dia 25 de maio de 1998. O NESF foi oficializado em 02 de dezembro de 1998, conforme Resolu\u00e7\u00e3o n\u00ba 22\/98 do Conselho de Planejamento e Administra\u00e7\u00e3o da UFPR.<\/p>\n<p style=\"margin: 0cm;margin-bottom: .0001pt;text-align: justify;text-indent: 35.4pt\">A participa\u00e7\u00e3o de institui\u00e7\u00f5es externas \u00e0 Universidade no NESF se deu com mais intensidade at\u00e9 a realiza\u00e7\u00e3o da 1\u00aa turma do Curso de Especializa\u00e7\u00e3o em Sa\u00fade Coletiva \u2013 \u00c1rea de Concentra\u00e7\u00e3o em Sa\u00fade da Fam\u00edlia. Passada esta fase, as freq\u00fc\u00eancias ao N\u00facleo foram se restringindo mais aos docentes e estudantes da UFPR, mas ampliando esta participa\u00e7\u00e3o, j\u00e1 que as atividades do P\u00f3lo tamb\u00e9m foram aglutinando docentes de outros departamentos tamb\u00e9m interessados em Sa\u00fade da Fam\u00edlia.<\/p>\n<p style=\"margin: 0cm;margin-bottom: .0001pt;text-align: justify;text-indent: 35.4pt\">Em 27 de mar\u00e7o de 1998 se inicia a 1\u00aa turma do Curso de Especializa\u00e7\u00e3o em Sa\u00fade Coletiva \u2013 \u00c1rea de Concentra\u00e7\u00e3o em Sa\u00fade da Fam\u00edlia, contemplando nesse grupo principalmente m\u00e9dicos e enfermeiras da Secretaria Municipal de Sa\u00fade de Curitiba, mas tamb\u00e9m de outros munic\u00edpios do Estado: Fazenda Rio Grande, Matel\u00e2ndia, Mal. C\u00e2ndido Rondon e Mandaguari. Nessa \u00e9poca, a SMS de Curitiba j\u00e1 contava com cerca de 70 equipes de PSF atuantes, o que levou o grupo a decidir pela prioridade nos profissionais citados.<\/p>\n<p style=\"margin: 0cm;margin-bottom: .0001pt;text-align: justify;text-indent: 35.4pt\">O NESF, portanto, j\u00e1 conta com mais de oito (8) anos de trabalhos, nos quais alunos, professores e profissionais de sa\u00fade t\u00eam se encontrado e fomentado o debate sobre a Sa\u00fade da Fam\u00edlia e a inclus\u00e3o de conte\u00fados relacionados nas gradua\u00e7\u00f5es dos cursos do Setor de Ci\u00eancias da Sa\u00fade: Enfermagem, Nutri\u00e7\u00e3o, Medicina, Odontologia, Farm\u00e1cia e Terapia Ocupacional.<\/p>\n<p style=\"margin: 0cm;margin-bottom: .0001pt;text-align: justify;text-indent: 35.4pt\">Uma das participa\u00e7\u00f5es mais engajadas do NESF foi junto ao P\u00f3lo Estadual de Capacita\u00e7\u00e3o, Forma\u00e7\u00e3o e Educa\u00e7\u00e3o Permanente de Pessoal para Sa\u00fade da Fam\u00edlia do Paran\u00e1, desde sua instala\u00e7\u00e3o (1996), tendo assumido a coordena\u00e7\u00e3o do P\u00f3lo Regional de Curitiba e Regi\u00e3o Metropolitana. Atualmente, o P\u00f3lo de Sa\u00fade da Fam\u00edlia foi transformado em P\u00f3lo Estadual de Educa\u00e7\u00e3o Permanente, conforme proposta do governo Lula.<\/p>\n<p style=\"margin: 0cm;margin-bottom: .0001pt;text-align: justify;text-indent: 35.4pt\">A primeira coordena\u00e7\u00e3o do NESF, bem como todo o processo de instala\u00e7\u00e3o ocorreu sob a orienta\u00e7\u00e3o da Prof. Maria Lourdes Gisi (Depto. Enfermagem). Com sua aposentadoria, foi escolhido como coordenador o Prof Paulo de Oliveira Perna (Depto. Enfermagem). Na seq\u00fc\u00eancia, foram coordenadores a Prof. Elizabeth Garzuze da Silva Ara\u00fajo (Depto. Sa\u00fade Comunit\u00e1ria) e a Psic\u00f3loga Tania Dallalana (Hospital de Cl\u00ednicas). Atualmente, a coordena\u00e7\u00e3o est\u00e1 mais uma vez com o NESF o Prof. Paulo de Oliveira Perna (Depto. Enfermagem).<\/p>\n<p style=\"margin: 0cm;margin-bottom: .0001pt;text-align: justify;text-indent: 35.4pt\">Al\u00e9m disso, o NESF manteve sempre atuante um grupo de Extens\u00e3o em Sa\u00fade da Fam\u00edlia, tendo realizado atividades nos munic\u00edpios de Colombo e Curitiba. No momento, o projeto de extens\u00e3o precisa ser retomado.<\/p>\n<p style=\"margin: 0cm;margin-bottom: .0001pt;text-align: justify\">Neste ano de 2006, por decis\u00e3o dos participantes, a designa\u00e7\u00e3o NESF passa a ser substitu\u00edda por NESC, N\u00facleo de Estudos em Sa\u00fade Coletiva. Tal iniciativa se baseou no fato de que os integrantes do n\u00facleo v\u00eam se caracterizando por ampliar o escopo de sua atua\u00e7\u00e3o para al\u00e9m do campo espec\u00edfico da Sa\u00fade da Fam\u00edlia. Assim, com as perspectiva de uma nova forma de comunica\u00e7\u00e3o \u2013 a p\u00e1gina na Internet \u2013 julgou-se mais adequada a nova designa\u00e7\u00e3o, j\u00e1 que exprime melhor o trabalho do grupo.<\/p>\n","protected":false},"excerpt":{"rendered":"<p>O N\u00facleo de Estudos em Sa\u00fade Coletiva da Universidade Federal do Paran\u00e1 &nbsp; Em 1994, o Minist\u00e9rio da Sa\u00fade implantou oficialmente, no pa\u00eds, o Programa de Sa\u00fade da Fam\u00edlia (PSF). Desde esta \u00e9poca datam as primeiras atividades na \u00e1rea da Sa\u00fade da Fam\u00edlia, na UFPR. Elas foram desenvolvidas, inicialmente, por um grupo restrito de professores<br \/> <a href=\"https:\/\/saude.ufpr.br\/nesc\/historico\/\" class=\"button success small readmore\">Leia mais<\/a><\/p>\n","protected":false},"author":1583,"featured_media":0,"parent":0,"menu_order":0,"comment_status":"closed","ping_status":"closed","template":"","meta":{"_acf_changed":false,"_uag_custom_page_level_css":"","footnotes":""},"class_list":["post-139","page","type-page","status-publish","hentry"],"acf":[],"featured_image_src":null,"uagb_featured_image_src":{"full":false,"thumbnail":false,"medium":false,"medium_large":false,"large":false,"1536x1536":false,"2048x2048":false,"noticias-thumb":false,"banners-thumb":false,"maisnoticias-thumb":false,"post-thumbnail":false},"uagb_author_info":{"display_name":"guilherme albuquerque","author_link":"https:\/\/saude.ufpr.br\/nesc\/author\/guilherme\/"},"uagb_comment_info":0,"uagb_excerpt":"O N\u00facleo de Estudos em Sa\u00fade Coletiva da Universidade Federal do Paran\u00e1 &nbsp; Em 1994, o Minist\u00e9rio da Sa\u00fade implantou oficialmente, no pa\u00eds, o Programa de Sa\u00fade da Fam\u00edlia (PSF). Desde esta \u00e9poca datam as primeiras atividades na \u00e1rea da Sa\u00fade da Fam\u00edlia, na UFPR. Elas foram desenvolvidas, inicialmente, por um grupo restrito de professores&hellip;","publishpress_future_action":{"enabled":false,"date":"2026-04-11 08:09:41","action":"change-status","newStatus":"draft","terms":[],"taxonomy":"","extraData":[]},"publishpress_future_workflow_manual_trigger":{"enabledWorkflows":[]},"_links":{"self":[{"href":"https:\/\/saude.ufpr.br\/nesc\/wp-json\/wp\/v2\/pages\/139","targetHints":{"allow":["GET"]}}],"collection":[{"href":"https:\/\/saude.ufpr.br\/nesc\/wp-json\/wp\/v2\/pages"}],"about":[{"href":"https:\/\/saude.ufpr.br\/nesc\/wp-json\/wp\/v2\/types\/page"}],"author":[{"embeddable":true,"href":"https:\/\/saude.ufpr.br\/nesc\/wp-json\/wp\/v2\/users\/1583"}],"replies":[{"embeddable":true,"href":"https:\/\/saude.ufpr.br\/nesc\/wp-json\/wp\/v2\/comments?post=139"}],"version-history":[{"count":2,"href":"https:\/\/saude.ufpr.br\/nesc\/wp-json\/wp\/v2\/pages\/139\/revisions"}],"predecessor-version":[{"id":141,"href":"https:\/\/saude.ufpr.br\/nesc\/wp-json\/wp\/v2\/pages\/139\/revisions\/141"}],"wp:attachment":[{"href":"https:\/\/saude.ufpr.br\/nesc\/wp-json\/wp\/v2\/media?parent=139"}],"curies":[{"name":"wp","href":"https:\/\/api.w.org\/{rel}","templated":true}]}}