{"id":142,"date":"2016-04-08T13:56:48","date_gmt":"2016-04-08T13:56:48","guid":{"rendered":"https:\/\/saude.ufpr.br\/nesc\/?page_id=142"},"modified":"2016-04-08T14:34:25","modified_gmt":"2016-04-08T14:34:25","slug":"residencia-multiprofissional-em-saude-da-familia","status":"publish","type":"page","link":"https:\/\/saude.ufpr.br\/nesc\/residencia-multiprofissional-em-saude-da-familia\/","title":{"rendered":"Resid\u00eancia Multiprofissional em Sa\u00fade da Fam\u00edlia"},"content":{"rendered":"<h1><span style=\"color: #3366ff\"><strong>Hist\u00f3rico<\/strong><\/span><\/h1>\n<ul>\n<li>\n<h3><span style=\"color: #3366ff\"><strong>1999<\/strong><\/span><\/h3>\n<\/li>\n<\/ul>\n<p>O Departamento de Aten\u00e7\u00e3o B\u00e1sica, do Minist\u00e9rio da Sa\u00fade e pessoas do Movimento da Reforma Sanit\u00e1ria se articulam para criar um modelo de Resid\u00eancia Multiprofissional \u2013 o resgate da sa\u00fade p\u00fablica com enfoque na promo\u00e7\u00e3o da sa\u00fade, integralidade da aten\u00e7\u00e3o e o acolhimento.<\/p>\n<ul>\n<li>\n<h3><span style=\"color: #3366ff\"><strong>2000<\/strong><\/span><\/h3>\n<\/li>\n<\/ul>\n<p>Apresenta\u00e7\u00e3o na UFPR de proposta de Programa de Resid\u00eancia para financiamento pelo MS.<\/p>\n<ul>\n<li>\n<h3><span style=\"color: #3366ff\"><strong>2002<\/strong><\/span><\/h3>\n<\/li>\n<\/ul>\n<p>Aprovado pela Resolu\u00e7\u00e3o do Conselho de Ensino e Pesquisa (CEPE) n\u00ba 300.<\/p>\n<p>-Execu\u00e7\u00e3o do Programa UFPR:<\/p>\n<ol>\n<li>Setor de Ci\u00eancias da Sa\u00fade; Departamento de Enfermagem; N\u00facleo de Estudos em Sa\u00fade da Fam\u00edlia (NESF); FUNPAR (Funda\u00e7\u00e3o da Universidade Federal do Paran\u00e1).<\/li>\n<\/ol>\n<p>-Parcerias:<\/p>\n<ol>\n<li>Munic\u00edpio de Colombo\/Pr. Rede B\u00e1sica de Aten\u00e7\u00e3o \u00e0 Sa\u00fade (Quatro Unidades de Sa\u00fade-PSF); 2\u00aa Regional de Sa\u00fade-SESA; Hospital das Cl\u00ednicas, Curso de Odontologia (UFPR), Hospital do Trabalhador e Farm\u00e1cia-Escola \u2013UFPR.<\/li>\n<\/ol>\n<hr \/>\n<p>&nbsp;<\/p>\n<h2><strong>\u00a0<\/strong><span style=\"color: #3366ff\"><strong>1\u00aa Turma (2002-2004\/20 vagas)<\/strong><\/span><\/h2>\n<p>Programa aprovado pelo Minist\u00e9rio da Sa\u00fade no processo licitat\u00f3rio da Carta Conv\u00eanio\/MS 25.000-061370\/2000-52.<\/p>\n<ul>\n<li>Recursos financeiros: R$ 1.441.440,00<\/li>\n<li>Coordena\u00e7\u00e3o: Prof\u00aa Maria Marta Nolasco Chaves (Depto. Enfermagem)<\/li>\n<li>Per\u00edodo de desenvolvimento: 01\/06\/2002 a 30\/06\/2004<\/li>\n<li>Carga Hor\u00e1ria Total do Programa: 5520 horas<br \/>\nTe\u00f3rica: 828 hs<br \/>\nPr\u00e1tica: 4692 hs<\/li>\n<li>Regime de Trabalho do Residente: Integral, com Dedica\u00e7\u00e3o Exclusiva<\/li>\n<li>Pr\u00e1tica:<\/li>\n<\/ul>\n<ol>\n<li>R1 \u2013 nas Unidades de Sa\u00fade da Fam\u00edlia de Colombo.<\/li>\n<li>R2 \u2013 Unidades de Sa\u00fade da Fam\u00edlia e Unidades de Alta Complexidade (Hospital das Cl\u00ednicas, Hospital do Trabalhador<\/li>\n<\/ol>\n<ul>\n<li>Aprovados: 7 nutricionistas, 6 enfermeiros, 6 odont\u00f3logos e 1 m\u00e9dico<\/li>\n<\/ul>\n<p><strong>\u00a0<\/strong><\/p>\n<h2><span style=\"color: #3366ff\"><strong>2\u00aa Turma (2005-2007\/20 vagas)<\/strong><\/span><\/h2>\n<p style=\"margin: 0cm;margin-bottom: .0001pt;text-align: justify;text-indent: 35.4pt\">Programa aprovado pelo Minist\u00e9rio da Sa\u00fade Portaria n\u00ba 388 de 21 de dezembro de 2004 (publicada no D.O.U. \u2013 Se\u00e7\u00e3o 1, de 23\/12\/2004)<\/p>\n<ul>\n<li>Recursos financeiros: R$ 1.570.357,80<\/li>\n<li>Coordena\u00e7\u00e3o: Prof\u00aa Maria Marta Nolasco Chaves (Depto. Enfermagem)<\/li>\n<li>Per\u00edodo de desenvolvimento: 14\/02\/2005 a 12\/02\/2007<\/li>\n<li>Carga Hor\u00e1ria Total do Programa: 5520 horas.<\/li>\n<li>Carga Hor\u00e1ria Te\u00f3rica: 828 horas.<\/li>\n<li>Carga Hor\u00e1ria Pr\u00e1tica: 4692 hs<\/li>\n<li>Regime de Trabalho do Residente: Integral, com Dedica\u00e7\u00e3o Exclusiva<\/li>\n<li>Pr\u00e1tica:<\/li>\n<\/ul>\n<ol>\n<li>R1 \u2013 nas Unidades de Sa\u00fade da Fam\u00edlia de Colombo.<\/li>\n<li>R2 \u2013 Unidades de Sa\u00fade da Fam\u00edlia e Unidades de Alta Complexidade (Hospital das Cl\u00ednicas, Hospital do Trabalhador; Curso de Odontologia da UFPR; Farm\u00e1cia-Escola da UFPR<\/li>\n<\/ol>\n<ul>\n<li>Aprovados: 4 nutricionistas, 4 farmac\u00eauticos, 3 odont\u00f3logos e 2 enfermeiros (apenas um concluinte com t\u00edtulo de Aperfei\u00e7oamento).<\/li>\n<li>Temas do conte\u00fado program\u00e1tico:<\/li>\n<\/ul>\n<ol>\n<li>Reforma Sanit\u00e1ria Brasileira;<\/li>\n<li>Princ\u00edpios e Diretrizes do Sistema \u00danico de Sa\u00fade;<\/li>\n<li>Diretrizes da Estrat\u00e9gia de Sa\u00fade da Fam\u00edlia na Aten\u00e7\u00e3o B\u00e1sica;<\/li>\n<li>Abordagem familiar;<\/li>\n<li>Epidemiologia;<br \/>\nSistemas de Informa\u00e7\u00e3o em Sa\u00fade;<\/li>\n<li>Pacto dos Indicadores;<\/li>\n<li>NOAS e \u00e1reas m\u00ednimas preconizadas pela NOAS para a organiza\u00e7\u00e3o da Aten\u00e7\u00e3o B\u00e1sica: Sa\u00fade da Crian\u00e7a; Sa\u00fade da Mulher; Sa\u00fade Bucal; Controle da Hipertens\u00e3o; Controle da Diabete; Controle da Tuberculose e da Hansen\u00edase; Seguran\u00e7a alimentar e nutricional; Planejamento e Administra\u00e7\u00e3o em Sa\u00fade.<\/li>\n<\/ol>\n<hr \/>\n<p>&nbsp;<\/p>\n<h4><span style=\"color: #3366ff\"><strong>Atividades nas USF desenvolvidas pelos Residentes<\/strong><\/span><\/h4>\n<p style=\"margin: 0cm;margin-bottom: .0001pt;text-align: justify;text-indent: 35.4pt\">Cada equipe de residentes ficou respons\u00e1vel pela aten\u00e7\u00e3o \u00e0 sa\u00fade de 150 a 200 fam\u00edlias das \u00e1reas de maior risco social;<\/p>\n<p style=\"margin: 0cm;margin-bottom: .0001pt;text-align: justify;text-indent: 35.4pt\">Visitas domiciliares \u00e0s fam\u00edlias adscritas (v\u00ednculo e conhecimento das condi\u00e7\u00f5es de vida);<\/p>\n<p style=\"margin: 0cm;margin-bottom: .0001pt;text-align: justify;text-indent: 35.4pt\">Aten\u00e7\u00e3o integral \u00e0 sa\u00fade individualizada em situa\u00e7\u00f5es especiais (visita domiciliar, consulta cl\u00ednica, atendimento hospitalar e especializado).<\/p>\n<p><strong>\u00a0<\/strong><\/p>\n<h4><span style=\"color: #3366ff\"><strong>Nota Complementar<\/strong><\/span><\/h4>\n<p style=\"margin: 0cm;margin-bottom: .0001pt;text-align: justify;text-indent: 35.4pt\">Em 05 de setembro de 2006 foi feita solicita\u00e7\u00e3o \u00e0 Comiss\u00e3o Nacional de Resid\u00eancia M\u00e9dica (COREME) para credenciamento do Programa de Resid\u00eancia em Medicina de Fam\u00edlia e Comunidade na UFPR.<\/p>\n<p style=\"margin: 0cm;margin-bottom: .0001pt;text-align: justify;text-indent: 35.4pt\">Em 22 de novembro de 2006, a COREME outorgou o credenciamento provis\u00f3rio do Programa de Resid\u00eancia em Medicina de Fam\u00edlia e Comunidade na UFPR, com 04 vagas para R1 e 04 vagas para R2.<\/p>\n<p style=\"margin: 0cm;margin-bottom: .0001pt;text-align: justify;text-indent: 35.4pt\">Segue, internamente \u00e0 UFPR, as disposi\u00e7\u00f5es da Resolu\u00e7\u00e3o n\u00ba 18\/02 do CEPE.<\/p>\n","protected":false},"excerpt":{"rendered":"<p>Hist\u00f3rico 1999 O Departamento de Aten\u00e7\u00e3o B\u00e1sica, do Minist\u00e9rio da Sa\u00fade e pessoas do Movimento da Reforma Sanit\u00e1ria se articulam para criar um modelo de Resid\u00eancia Multiprofissional \u2013 o resgate da sa\u00fade p\u00fablica com enfoque na promo\u00e7\u00e3o da sa\u00fade, integralidade da aten\u00e7\u00e3o e o acolhimento. 2000 Apresenta\u00e7\u00e3o na UFPR de proposta de Programa de Resid\u00eancia<br \/> <a href=\"https:\/\/saude.ufpr.br\/nesc\/residencia-multiprofissional-em-saude-da-familia\/\" class=\"button success small readmore\">Leia mais<\/a><\/p>\n","protected":false},"author":1583,"featured_media":0,"parent":0,"menu_order":0,"comment_status":"closed","ping_status":"closed","template":"","meta":{"_acf_changed":false,"_uag_custom_page_level_css":"","footnotes":""},"class_list":["post-142","page","type-page","status-publish","hentry"],"acf":[],"featured_image_src":null,"uagb_featured_image_src":{"full":false,"thumbnail":false,"medium":false,"medium_large":false,"large":false,"1536x1536":false,"2048x2048":false,"noticias-thumb":false,"banners-thumb":false,"maisnoticias-thumb":false,"post-thumbnail":false},"uagb_author_info":{"display_name":"guilherme albuquerque","author_link":"https:\/\/saude.ufpr.br\/nesc\/author\/guilherme\/"},"uagb_comment_info":0,"uagb_excerpt":"Hist\u00f3rico 1999 O Departamento de Aten\u00e7\u00e3o B\u00e1sica, do Minist\u00e9rio da Sa\u00fade e pessoas do Movimento da Reforma Sanit\u00e1ria se articulam para criar um modelo de Resid\u00eancia Multiprofissional \u2013 o resgate da sa\u00fade p\u00fablica com enfoque na promo\u00e7\u00e3o da sa\u00fade, integralidade da aten\u00e7\u00e3o e o acolhimento. 2000 Apresenta\u00e7\u00e3o na UFPR de proposta de Programa de Resid\u00eancia&hellip;","publishpress_future_action":{"enabled":false,"date":"2026-04-10 16:23:28","action":"change-status","newStatus":"draft","terms":[],"taxonomy":"","extraData":[]},"publishpress_future_workflow_manual_trigger":{"enabledWorkflows":[]},"_links":{"self":[{"href":"https:\/\/saude.ufpr.br\/nesc\/wp-json\/wp\/v2\/pages\/142","targetHints":{"allow":["GET"]}}],"collection":[{"href":"https:\/\/saude.ufpr.br\/nesc\/wp-json\/wp\/v2\/pages"}],"about":[{"href":"https:\/\/saude.ufpr.br\/nesc\/wp-json\/wp\/v2\/types\/page"}],"author":[{"embeddable":true,"href":"https:\/\/saude.ufpr.br\/nesc\/wp-json\/wp\/v2\/users\/1583"}],"replies":[{"embeddable":true,"href":"https:\/\/saude.ufpr.br\/nesc\/wp-json\/wp\/v2\/comments?post=142"}],"version-history":[{"count":3,"href":"https:\/\/saude.ufpr.br\/nesc\/wp-json\/wp\/v2\/pages\/142\/revisions"}],"predecessor-version":[{"id":154,"href":"https:\/\/saude.ufpr.br\/nesc\/wp-json\/wp\/v2\/pages\/142\/revisions\/154"}],"wp:attachment":[{"href":"https:\/\/saude.ufpr.br\/nesc\/wp-json\/wp\/v2\/media?parent=142"}],"curies":[{"name":"wp","href":"https:\/\/api.w.org\/{rel}","templated":true}]}}