{"id":152,"date":"2016-04-08T14:16:14","date_gmt":"2016-04-08T14:16:14","guid":{"rendered":"https:\/\/saude.ufpr.br\/nesc\/?page_id=152"},"modified":"2016-06-07T18:55:48","modified_gmt":"2016-06-07T18:55:48","slug":"especializacao","status":"publish","type":"page","link":"https:\/\/saude.ufpr.br\/nesc\/especializacao\/","title":{"rendered":"Especializa\u00e7\u00e3o"},"content":{"rendered":"<h1 style=\"text-align: justify;\"><span style=\"color: #3366ff;\"><strong>Hist\u00f3rico<\/strong><\/span><\/h1>\n<ul>\n<li style=\"text-align: justify;\">\n<h3><span style=\"color: #3366ff;\"><strong>1999<\/strong><\/span><\/h3>\n<\/li>\n<\/ul>\n<p style=\"margin: 0cm; margin-bottom: .0001pt; text-align: justify; text-indent: 35.4pt;\"><span style=\"color: #000000;\">A proposta inicial do Curso foi aprovada pelos Deptos. de Enfermagem e Toco-Ginecologia em 13 de outubro de 1997; pelo Depto. de Sa\u00fade Comunit\u00e1ria em 11 de dezembro de 1997 e pelo Depto. de Pediatria em 5 de janeiro de 1998. Em 11 de dezembro de 1997, a 2\u00aa C\u00e2mara do Conselho Setorial do Setor de Ci\u00eancias da Sa\u00fade apreciou a proposta. Em 03 de mar\u00e7o de 1998, o Conselho de Planejamento e Administra\u00e7\u00e3o (COPLAD) da UFPR aprovou a proposta.<\/span><\/p>\n<p style=\"margin: 0cm; margin-bottom: .0001pt; text-align: justify; text-indent: 35.4pt;\"><span style=\"color: #000000;\">Aprovado pelo Parecer do Conselho de Ensino e Pesquisa (CEP) n.\u00ba 242\/98, de 13 de mar\u00e7o de 1998.<\/span><\/p>\n<p style=\"margin: 0cm; margin-bottom: .0001pt; text-align: justify; text-indent: 35.4pt;\"><span style=\"color: #000000;\">Sistema \u00danico de Sa\u00fade), por meio de conv\u00eanio com a Secretaria de Estado da Sa\u00fade\/Instituto de Sa\u00fade do Paran\u00e1\/Escola de Sa\u00fade P\u00fablica do Paran\u00e1\/P\u00f3lo Estadual de Capacita\u00e7\u00e3o, Forma\u00e7\u00e3o e Educa\u00e7\u00e3o Permanente em Sa\u00fade da Fam\u00edlia do Paran\u00e1.<\/span><\/p>\n<p style=\"margin: 0cm; margin-bottom: .0001pt; text-align: justify; text-indent: 35.4pt;\"><span style=\"color: #000000;\">Total do financiamento: R$ 95.000,00<\/span><\/p>\n<p style=\"margin: 0cm; margin-bottom: .0001pt; text-align: justify; text-indent: 35.4pt;\"><span style=\"color: #000000;\">Foi feito contrato com a FUNPAR para administrar o conv\u00eanio.<\/span><br \/>\n<span style=\"color: #000000;\"> In\u00edcio em 27 de mar\u00e7o de 1998 e t\u00e9rmino em final de junho de 1999.<\/span><\/p>\n<p style=\"margin: 0cm; margin-bottom: .0001pt; text-align: justify; text-indent: 35.4pt;\"><span style=\"color: #000000;\">Coordena\u00e7\u00e3o: Prof\u00aa Dra. Maria Lourdes Gisi (Depto. Sa\u00fade Comunit\u00e1ria) e vice-coordena\u00e7\u00e3o de Marizilda Martins Gavrilof (Depto. Pediatria). Em mar\u00e7o de 1999, por motivo de aposentadoria da Prof\u00aa Maria Lourdes, assume a coordena\u00e7\u00e3o a Prof\u00aa Dr\u00aa Maria L\u00facia da Silveira (Depto. Sa\u00fade Comunit\u00e1ria), e como vice-coordenador o Prof. Paulo de Oliveira Perna (Depto. Enfermagem)<\/span><\/p>\n<p style=\"margin: 0cm; margin-bottom: .0001pt; text-align: justify; text-indent: 35.4pt;\"><span style=\"color: #000000;\">Colabora\u00e7\u00e3o dos Deptos. de Sa\u00fade Comunit\u00e1ria, Enfermagem, Pediatria e Toco-Ginecologia.<\/span><\/p>\n<p style=\"margin: 0cm; margin-bottom: .0001pt; text-align: justify; text-indent: 35.4pt;\"><span style=\"color: #000000;\">Carga hor\u00e1ria total de 525 h., em 4 m\u00f3dulos, com 45 vagas, ofertadas para m\u00e9dicos e enfermeiros empregados em servi\u00e7os municipais de sa\u00fade de Curitiba e regi\u00e3o metropolitana e outros munic\u00edpios do Paran\u00e1.<\/span><\/p>\n<p style=\"margin: 0cm; margin-bottom: .0001pt; text-align: justify; text-indent: 35.4pt;\"><span style=\"color: #000000;\">Receberam o t\u00edtulo referente \u00e0 Especializa\u00e7\u00e3o 37 profissionais, e de Aperfei\u00e7oamento, 07 profissionais.<\/span><\/p>\n<p style=\"margin: 0cm; margin-bottom: .0001pt; text-align: justify; text-indent: 35.4pt;\"><span style=\"color: #000000;\">Utilizadas as instala\u00e7\u00f5es do Setor de Ci\u00eancias da Sa\u00fade da UFPR<\/span><\/p>\n<ul>\n<li style=\"margin: 0cm; margin-bottom: .0001pt; text-align: justify;\">\n<h3><span style=\"color: #3366ff;\"><strong>1999<\/strong><\/span><\/h3>\n<\/li>\n<\/ul>\n<p style=\"margin: 0cm; margin-bottom: .0001pt; text-align: justify; text-indent: 35.4pt;\"><span style=\"color: #000000;\">Valendo a mesma aprova\u00e7\u00e3o pelo Parecer do Conselho de Ensino e Pesquisa (CEP) n.\u00ba 242\/98, de 13 de mar\u00e7o de 1998.<\/span><\/p>\n<p style=\"margin: 0cm; margin-bottom: .0001pt; text-align: justify; text-indent: 35.4pt;\"><span style=\"color: #000000;\">Coordenadora: Prof\u00aa. Maria L\u00facia da Silveira \u2013 Depto. de Sa\u00fade Comunit\u00e1ria (mestre)<\/span><\/p>\n<p style=\"margin: 0cm; margin-bottom: .0001pt; text-align: justify; text-indent: 35.4pt;\"><span style=\"color: #000000;\">Por falta de recursos p\u00fablicos para financiar o curso, e diante da grande procura apresentada por profissionais de servi\u00e7o, o N\u00facleo de Estudos em Sa\u00fade da Fam\u00edlia\/UFPR decidiu abrir uma custeada pelos pr\u00f3prios alunos, mediante pagamento de mensalidades. (15 mensalidades de R$ 237,00)<\/span><\/p>\n<p style=\"margin: 0cm; margin-bottom: .0001pt; text-align: justify; text-indent: 35.4pt;\"><span style=\"color: #000000;\">Vice-Coordenador: Prof. Paulo de Oliveira Perna \u2013 Depto. de Enfermagem (mestre)<\/span><\/p>\n<p style=\"margin: 0cm; margin-bottom: .0001pt; text-align: justify; text-indent: 35.4pt;\"><span style=\"color: #000000;\">In\u00edcio em 13 de agosto de 1999 e encerramento dos cr\u00e9ditos te\u00f3ricos em 10 de junho de 2000<\/span><\/p>\n<p style=\"margin: 0cm; margin-bottom: .0001pt; text-align: justify; text-indent: 35.4pt;\"><span style=\"color: #000000;\">Vagas abertas a qualquer profissional de curso superior interessado.<\/span><\/p>\n<p style=\"margin: 0cm; margin-bottom: .0001pt; text-align: justify; text-indent: 35.4pt;\"><span style=\"color: #000000;\">26 alunos receberam titula\u00e7\u00e3o na Especializa\u00e7\u00e3o (11 m\u00e9dicos, 07 enfermeiros, 06 dentistas e 02 assistentes sociais)<\/span><\/p>\n<p style=\"margin: 0cm; margin-bottom: .0001pt; text-align: justify; text-indent: 35.4pt;\"><span style=\"color: #000000;\">08 alunos receberam titula\u00e7\u00e3o no Aperfei\u00e7oamento (04 enfermeiros, 01 m\u00e9dico, 01 nutricionista e 01 pedagoga)<\/span><\/p>\n<ul>\n<li style=\"margin: 0cm; margin-bottom: .0001pt; text-align: justify;\">\n<h3><span style=\"color: #3366ff;\"><strong>2002<\/strong><\/span><\/h3>\n<\/li>\n<\/ul>\n<p style=\"margin: 0cm; margin-bottom: .0001pt; text-align: justify; text-indent: 35.4pt;\"><span style=\"color: #000000;\">Foram abertas duas turmas concomitantes: uma para atender a Capital (turma A) e outra para a Regi\u00e3o Metropolitana de Curitiba (turma B), embora na implementa\u00e7\u00e3o as turmas tenham sido compostas de alunos dos dois segmentos, para melhor enriquecer os trabalho.<\/span><\/p>\n<p style=\"margin: 0cm; margin-bottom: .0001pt; text-align: justify;\"><span style=\"color: #000000;\"><strong>Turma A<\/strong><\/span><\/p>\n<p style=\"margin: 0cm; margin-bottom: .0001pt; text-align: justify; text-indent: 35.4pt;\"><span style=\"color: #000000;\">Aprova\u00e7\u00e3o pelo CEPE, sob n\u00ba 301\/02 de 17 de maio de 2002<\/span><\/p>\n<p style=\"margin: 0cm; margin-bottom: .0001pt; text-align: justify; text-indent: 35.4pt;\"><span style=\"color: #000000;\">Financiamento com recursos do Banco Interamericano de Desenvolvimento\/Minist\u00e9rio da Sa\u00fade, contrato n\u00ba 1234\/2001, no valor total de R$ 128.863,20, mediante processo de licita\u00e7\u00e3o.<\/span><\/p>\n<p style=\"margin: 0cm; margin-bottom: .0001pt; text-align: justify; text-indent: 35.4pt;\"><span style=\"color: #000000;\">Unidade respons\u00e1vel: Departamento de Sa\u00fade Comunit\u00e1ria<\/span><\/p>\n<p style=\"margin: 0cm; margin-bottom: .0001pt; text-align: justify; text-indent: 35.4pt;\"><span style=\"color: #000000;\">In\u00edcio em 07 de junho de 2002 e t\u00e9rmino (encerramento dos cr\u00e9ditos te\u00f3ricos) em 02 de agosto de 2003; prazo final para entrega das monografias: 02 de fevereiro de 2004 (entrega das monografias)<\/span><\/p>\n<p style=\"margin: 0cm; margin-bottom: .0001pt; text-align: justify; text-indent: 35.4pt;\"><span style=\"color: #000000;\">Coordenador: Prof. Ms. Ipojucan Calisto Fraiz (Depto. Sa\u00fade Comunit\u00e1ria)<\/span><\/p>\n<p style=\"margin: 0cm; margin-bottom: .0001pt; text-align: justify; text-indent: 35.4pt;\"><span style=\"color: #000000;\">Vice-coordenador: Prof. Ms. Paulo de Oliveira Perna (Depto. Enfermagem)<\/span><\/p>\n<p style=\"margin: 0cm; margin-bottom: .0001pt; text-align: justify; text-indent: 35.4pt;\"><span style=\"color: #000000;\">Instala\u00e7\u00f5es do Setor de Ci\u00eancias da Sa\u00fade e do Setor de Humanas (D. Pedro I e II)<\/span><\/p>\n<p style=\"margin: 0cm; margin-bottom: .0001pt; text-align: justify; text-indent: 35.4pt;\"><span style=\"color: #000000;\">T\u00edtulo de Especializa\u00e7\u00e3o: 35 profissionais (16 odont\u00f3logos, 11 enfermeiros, 05 m\u00e9dicos, 01 assistente social, 01 farmac\u00eautico e 01 fisioterapeuta)<\/span><\/p>\n<p style=\"margin: 0cm; margin-bottom: .0001pt; text-align: justify; text-indent: 35.4pt;\"><span style=\"color: #000000;\">Carga hor\u00e1ria: 610 horas<\/span><\/p>\n<p style=\"margin: 0cm; margin-bottom: .0001pt; text-align: justify; text-indent: 35.4pt;\"><span style=\"color: #000000;\">T\u00edtulo de Aperfei\u00e7oamento: 02 profissionais<\/span><\/p>\n<p style=\"margin: 0cm; margin-bottom: .0001pt; text-align: justify;\"><span style=\"color: #000000;\"><strong>Turma B<\/strong><\/span><\/p>\n<p style=\"margin: 0cm; margin-bottom: .0001pt; text-align: justify; text-indent: 35.4pt;\"><span style=\"color: #000000;\">Aprova\u00e7\u00e3o pelo CEPE, sob n\u00ba 301\/02 de 17 de maio de 2002<\/span><\/p>\n<p style=\"margin: 0cm; margin-bottom: .0001pt; text-align: justify; text-indent: 35.4pt;\"><span style=\"color: #000000;\">Financiamento com recursos do Banco Interamericano de Desenvolvimento\/Minist\u00e9rio da Sa\u00fade, contrato n\u00ba 124\/2001, no valor total de R$ 128.863,20, mediante processo de licita\u00e7\u00e3o.<\/span><\/p>\n<p style=\"margin: 0cm; margin-bottom: .0001pt; text-align: justify; text-indent: 35.4pt;\"><span style=\"color: #000000;\">Unidade respons\u00e1vel: Departamento de Sa\u00fade Comunit\u00e1ria<\/span><\/p>\n<p style=\"margin: 0cm; margin-bottom: .0001pt; text-align: justify; text-indent: 35.4pt;\"><span style=\"color: #000000;\">In\u00edcio em 04 de outubro de 2002 e T\u00e9rmino (encerramento dos cr\u00e9ditos te\u00f3ricos) em 31 de dezembro de 2003; prazo final para entrega das monografias: 31 de mar\u00e7o de 2004 (entrega das monografias)<\/span><\/p>\n<p style=\"margin: 0cm; margin-bottom: .0001pt; text-align: justify; text-indent: 35.4pt;\"><span style=\"color: #000000;\">Coordenador: Prof\u00aa Ms. Elizabeth Garzuze da Silva Ara\u00fajo (Depto. Sa\u00fade Comunit\u00e1ria, at\u00e9 a data de 31 de julho de 2003, deixando por motivo de aposentadoria) e Prof\u00aa Ms. Marilene da Cruz Magalh\u00e3es Buffon (Depto. Sa\u00fade Comunit\u00e1ria, a partir de 01 de agosto de 2003 at\u00e9 o t\u00e9rmino do curso)<\/span><\/p>\n<p style=\"margin: 0cm; margin-bottom: .0001pt; text-align: justify; text-indent: 35.4pt;\"><span style=\"color: #000000;\">Instala\u00e7\u00f5es do Setor de Ci\u00eancias da Sa\u00fade e do Setor de Humanas (D. Pedro I e II), al\u00e9m da Biblioteca do Setor de Ci\u00eancias da Sa\u00fade, sede centro.<\/span><\/p>\n<p style=\"margin: 0cm; margin-bottom: .0001pt; text-align: justify; text-indent: 35.4pt;\"><span style=\"color: #000000;\">Vice-coordenador: Prof\u00aa Ms. Marilene da Cruz Magalh\u00e3es Buffon (at\u00e9 31\/07)<\/span><\/p>\n<p style=\"margin: 0cm; margin-bottom: .0001pt; text-align: justify; text-indent: 35.4pt;\"><span style=\"color: #000000;\">Carga hor\u00e1ria: 610 horas<\/span><\/p>\n<p style=\"margin: 0cm; margin-bottom: .0001pt; text-align: justify; text-indent: 35.4pt;\"><span style=\"color: #000000;\">T\u00edtulo de Especializa\u00e7\u00e3o: 40 profissionais (16 enfermeiros, 14 odont\u00f3logos, 04 m\u00e9dicos, 03 nutricionistas, 01 fisioterapeuta, 01 psic\u00f3logo e 01 assistente social)<\/span><\/p>\n<p style=\"margin: 0cm; margin-bottom: .0001pt; text-align: justify; text-indent: 35.4pt;\"><span style=\"color: #000000;\">T\u00edtulo de Aperfei\u00e7oamento: 01 profissional<\/span><\/p>\n<ul>\n<li style=\"margin: 0cm; margin-bottom: .0001pt; text-align: justify;\">\n<h3><span style=\"color: #3366ff;\"><strong>2004<\/strong><\/span><\/h3>\n<\/li>\n<\/ul>\n<p style=\"margin: 0cm; margin-bottom: .0001pt; text-align: justify; text-indent: 35.4pt;\"><span style=\"color: #000000;\">Valendo a mesma aprova\u00e7\u00e3o pelo CEPE, sob n\u00ba 301\/02 de 17 de maio de 2002<\/span><\/p>\n<p style=\"margin: 0cm; margin-bottom: .0001pt; text-align: justify; text-indent: 35.4pt;\"><span style=\"color: #000000;\">Financiamento com recursos do Banco Interamericano de Desenvolvimento\/Minist\u00e9rio da Sa\u00fade, autorizado pela Portaria n\u00ba 297, de 21\/09\/2004, no Valor total de R$ 294.956,91<\/span><\/p>\n<p style=\"margin: 0cm; margin-bottom: .0001pt; text-align: justify; text-indent: 35.4pt;\"><span style=\"color: #000000;\">Unidade Respons\u00e1vel: Departamento de Sa\u00fade Comunit\u00e1ria<\/span><\/p>\n<p style=\"margin: 0cm; margin-bottom: .0001pt; text-align: justify; text-indent: 35.4pt;\"><span style=\"color: #000000;\">In\u00edcio em 18 de setembro de 2004 e t\u00e9rmino em 17 de setembro de 2005 (para os cr\u00e9ditos te\u00f3ricos), com entrega final das monografias em 09 de dezembro de 2005.<\/span><\/p>\n<p style=\"margin: 0cm; margin-bottom: .0001pt; text-align: justify; text-indent: 35.4pt;\"><span style=\"color: #000000;\">Coordenadora: Prof\u00aa Dr\u00aa Marilene da Cruz Magalh\u00e3es Buffon (Depto. Sa\u00fade Comunit\u00e1ria)<\/span><\/p>\n<p style=\"margin: 0cm; margin-bottom: .0001pt; text-align: justify; text-indent: 35.4pt;\"><span style=\"color: #000000;\">Instala\u00e7\u00f5es do Setor de Ci\u00eancias da Sa\u00fade na sede Centro e no Jardim Bot\u00e2nico, al\u00e9m das Bibliotecas de ambas as sedes<\/span><\/p>\n<p style=\"margin: 0cm; margin-bottom: .0001pt; text-align: justify; text-indent: 35.4pt;\"><span style=\"color: #000000;\">Vice-Coordenador: Prof. Ms. Paulo de Oliveira Perna (Depto. Enfermagem)<\/span><\/p>\n<p style=\"margin: 0cm; margin-bottom: .0001pt; text-align: justify; text-indent: 35.4pt;\"><span style=\"color: #000000;\">T\u00edtulo de Especializa\u00e7\u00e3o: 41 profissionais (21 odont\u00f3logos, 16 enfermeiros, 4 m\u00e9dicos e 01 assistente social)<\/span><\/p>\n<p style=\"margin: 0cm; margin-bottom: .0001pt; text-align: justify; text-indent: 35.4pt;\"><span style=\"color: #000000;\">T\u00edtulo de Aperfei\u00e7oamento: 04 profissionais<\/span><\/p>\n<ul>\n<li style=\"margin: 0cm; margin-bottom: .0001pt; text-align: justify;\">\n<h3><span style=\"color: #3366ff;\"><strong>2007<\/strong><\/span><\/h3>\n<\/li>\n<\/ul>\n<p style=\"margin: 0cm; margin-bottom: .0001pt; text-align: justify; text-indent: 35.4pt;\"><span style=\"color: #000000;\">7\u00aa edi\u00e7\u00e3o do Curso de Especializa\u00e7\u00e3o em Sa\u00fade Coletiva, \u00e1rea de Concentra\u00e7\u00e3o em Sa\u00fade da Fam\u00edlia.<\/span><\/p>\n<p style=\"margin: 0cm; margin-bottom: .0001pt; text-align: justify; text-indent: 35.4pt;\"><span style=\"color: #000000;\">Ao todo, foram 55 alunos: 20 Enfermeiros, 04 Farmac\u00eauticos, 01 Fisioterapeuta, 06 Fonoaudi\u00f3logos, 07 M\u00e9dicos, 12 Cirurgi\u00f5es-Dentistas e 04 Psic\u00f3logos. \u201d Houve 5 desist\u00eancias.<\/span><\/p>\n<p style=\"margin: 0cm; margin-bottom: .0001pt; text-align: justify; text-indent: 35.4pt;\"><span style=\"color: #000000;\">Turma foi exclusivamente composta de profissionais de sa\u00fade do Munic\u00edpio de Arauc\u00e1ria, com financiamento p\u00fablico, garantido pelo pr\u00f3prio munic\u00edpio.<\/span><\/p>\n<p style=\"margin: 0cm; margin-bottom: .0001pt; text-align: justify; text-indent: 35.4pt;\"><span style=\"color: #000000;\">Coordena\u00e7\u00e3o da Prof\u00aa Dr\u00aa Marilene da Cruz Magalh\u00e3es Buffon, do Departamento de Sa\u00fade Comunit\u00e1ria da UFPR.<\/span><\/p>\n<p style=\"margin: 0cm; margin-bottom: .0001pt; text-align: justify; text-indent: 35.4pt;\"><span style=\"color: #000000;\">Aulas ministradas no campus central do Setor de Ci\u00eancias da Sa\u00fade, \u00e0s sextas-feiras e s\u00e1bados, de 15 em 15 dias (salvo exce\u00e7\u00f5es).<\/span><\/p>\n<p style=\"margin: 0cm; margin-bottom: .0001pt; text-align: justify; text-indent: 35.4pt;\"><span style=\"color: #000000;\">O Curso teve uma carga hor\u00e1ria total de 886 horas (teoria: 532h. \u2013 pr\u00e1tica: 354h), e assim composto: \u2013 M\u00f3dulo I: Capacita\u00e7\u00e3o Pedag\u00f3gica e Metodologia da Pesquisa (104h) \u2013 M\u00f3dulo II: Conhecendo a Sa\u00fade da Fam\u00edlia (90h) \u2013 M\u00f3dulo III: Epidemiologia e Planejamento (264h) \u2013 M\u00f3dulo IV: Promovendo, Prevenindo e Assistindo a Sa\u00fade da Fam\u00edlia (428 h)<\/span><\/p>\n<p style=\"margin: 0cm; margin-bottom: .0001pt; text-align: justify; text-indent: 35.4pt;\"><span style=\"color: #000000;\">As aulas tiveram in\u00edcio em agosto\/2007 e t\u00e9rmino em novembro\/2008, ap\u00f3s a entrega das monografias.<\/span><\/p>\n","protected":false},"excerpt":{"rendered":"<p>Hist\u00f3rico 1999 A proposta inicial do Curso foi aprovada pelos Deptos. de Enfermagem e Toco-Ginecologia em 13 de outubro de 1997; pelo Depto. de Sa\u00fade Comunit\u00e1ria em 11 de dezembro de 1997 e pelo Depto. de Pediatria em 5 de janeiro de 1998. Em 11 de dezembro de 1997, a 2\u00aa C\u00e2mara do Conselho Setorial<br \/> <a href=\"https:\/\/saude.ufpr.br\/nesc\/especializacao\/\" class=\"button success small readmore\">Leia mais<\/a><\/p>\n","protected":false},"author":1583,"featured_media":0,"parent":0,"menu_order":0,"comment_status":"closed","ping_status":"closed","template":"","meta":{"_acf_changed":false,"_uag_custom_page_level_css":"","footnotes":""},"class_list":["post-152","page","type-page","status-publish","hentry"],"acf":[],"featured_image_src":null,"uagb_featured_image_src":{"full":false,"thumbnail":false,"medium":false,"medium_large":false,"large":false,"1536x1536":false,"2048x2048":false,"noticias-thumb":false,"banners-thumb":false,"maisnoticias-thumb":false,"post-thumbnail":false},"uagb_author_info":{"display_name":"guilherme albuquerque","author_link":"https:\/\/saude.ufpr.br\/nesc\/author\/guilherme\/"},"uagb_comment_info":0,"uagb_excerpt":"Hist\u00f3rico 1999 A proposta inicial do Curso foi aprovada pelos Deptos. de Enfermagem e Toco-Ginecologia em 13 de outubro de 1997; pelo Depto. de Sa\u00fade Comunit\u00e1ria em 11 de dezembro de 1997 e pelo Depto. de Pediatria em 5 de janeiro de 1998. Em 11 de dezembro de 1997, a 2\u00aa C\u00e2mara do Conselho Setorial&hellip;","publishpress_future_action":{"enabled":false,"date":"2026-04-10 18:35:56","action":"change-status","newStatus":"draft","terms":[],"taxonomy":"","extraData":[]},"publishpress_future_workflow_manual_trigger":{"enabledWorkflows":[]},"_links":{"self":[{"href":"https:\/\/saude.ufpr.br\/nesc\/wp-json\/wp\/v2\/pages\/152","targetHints":{"allow":["GET"]}}],"collection":[{"href":"https:\/\/saude.ufpr.br\/nesc\/wp-json\/wp\/v2\/pages"}],"about":[{"href":"https:\/\/saude.ufpr.br\/nesc\/wp-json\/wp\/v2\/types\/page"}],"author":[{"embeddable":true,"href":"https:\/\/saude.ufpr.br\/nesc\/wp-json\/wp\/v2\/users\/1583"}],"replies":[{"embeddable":true,"href":"https:\/\/saude.ufpr.br\/nesc\/wp-json\/wp\/v2\/comments?post=152"}],"version-history":[{"count":3,"href":"https:\/\/saude.ufpr.br\/nesc\/wp-json\/wp\/v2\/pages\/152\/revisions"}],"predecessor-version":[{"id":222,"href":"https:\/\/saude.ufpr.br\/nesc\/wp-json\/wp\/v2\/pages\/152\/revisions\/222"}],"wp:attachment":[{"href":"https:\/\/saude.ufpr.br\/nesc\/wp-json\/wp\/v2\/media?parent=152"}],"curies":[{"name":"wp","href":"https:\/\/api.w.org\/{rel}","templated":true}]}}