{"id":375,"date":"2016-12-19T12:11:38","date_gmt":"2016-12-19T12:11:38","guid":{"rendered":"https:\/\/saude.ufpr.br\/nesc\/?page_id=375"},"modified":"2017-09-12T16:37:43","modified_gmt":"2017-09-12T16:37:43","slug":"2008-2","status":"publish","type":"page","link":"https:\/\/saude.ufpr.br\/nesc\/eventos\/2008-2\/","title":{"rendered":"2008"},"content":{"rendered":"<ul>\n<li><a href=\"https:\/\/saude.ufpr.br\/nesc\/finalizacao-turma-especializacao-saude-coletiva-2008\/\" target=\"_blank\" rel=\"noopener\"><strong>Finaliza\u00e7\u00e3o Turma Especializa\u00e7\u00e3o Sa\u00fade Coletiva \u2013 2008<\/strong><\/a><\/li>\n<\/ul>\n","protected":false},"excerpt":{"rendered":"<p>Finaliza\u00e7\u00e3o Turma Especializa\u00e7\u00e3o Sa\u00fade Coletiva \u2013 2008<\/p>\n","protected":false},"author":1583,"featured_media":0,"parent":10,"menu_order":0,"comment_status":"closed","ping_status":"closed","template":"","meta":{"_acf_changed":false,"_uag_custom_page_level_css":"","footnotes":""},"class_list":["post-375","page","type-page","status-publish","hentry"],"acf":[],"featured_image_src":null,"uagb_featured_image_src":{"full":false,"thumbnail":false,"medium":false,"medium_large":false,"large":false,"1536x1536":false,"2048x2048":false,"noticias-thumb":false,"banners-thumb":false,"maisnoticias-thumb":false,"post-thumbnail":false},"uagb_author_info":{"display_name":"guilherme albuquerque","author_link":"https:\/\/saude.ufpr.br\/nesc\/author\/guilherme\/"},"uagb_comment_info":0,"uagb_excerpt":"Finaliza\u00e7\u00e3o Turma Especializa\u00e7\u00e3o Sa\u00fade Coletiva \u2013 2008","publishpress_future_action":{"enabled":false,"date":"2026-04-11 08:09:43","action":"change-status","newStatus":"draft","terms":[],"taxonomy":"","extraData":[]},"publishpress_future_workflow_manual_trigger":{"enabledWorkflows":[]},"_links":{"self":[{"href":"https:\/\/saude.ufpr.br\/nesc\/wp-json\/wp\/v2\/pages\/375","targetHints":{"allow":["GET"]}}],"collection":[{"href":"https:\/\/saude.ufpr.br\/nesc\/wp-json\/wp\/v2\/pages"}],"about":[{"href":"https:\/\/saude.ufpr.br\/nesc\/wp-json\/wp\/v2\/types\/page"}],"author":[{"embeddable":true,"href":"https:\/\/saude.ufpr.br\/nesc\/wp-json\/wp\/v2\/users\/1583"}],"replies":[{"embeddable":true,"href":"https:\/\/saude.ufpr.br\/nesc\/wp-json\/wp\/v2\/comments?post=375"}],"version-history":[{"count":2,"href":"https:\/\/saude.ufpr.br\/nesc\/wp-json\/wp\/v2\/pages\/375\/revisions"}],"predecessor-version":[{"id":897,"href":"https:\/\/saude.ufpr.br\/nesc\/wp-json\/wp\/v2\/pages\/375\/revisions\/897"}],"up":[{"embeddable":true,"href":"https:\/\/saude.ufpr.br\/nesc\/wp-json\/wp\/v2\/pages\/10"}],"wp:attachment":[{"href":"https:\/\/saude.ufpr.br\/nesc\/wp-json\/wp\/v2\/media?parent=375"}],"curies":[{"name":"wp","href":"https:\/\/api.w.org\/{rel}","templated":true}]}}