{"id":377,"date":"2016-12-19T12:11:43","date_gmt":"2016-12-19T12:11:43","guid":{"rendered":"https:\/\/saude.ufpr.br\/nesc\/?page_id=377"},"modified":"2017-09-12T18:30:17","modified_gmt":"2017-09-12T18:30:17","slug":"2009-2","status":"publish","type":"page","link":"https:\/\/saude.ufpr.br\/nesc\/eventos\/2009-2\/","title":{"rendered":"2009"},"content":{"rendered":"<ul>\n<li><a href=\"https:\/\/saude.ufpr.br\/nesc\/coleta-sangue-adrianopolis\/\" target=\"_blank\" rel=\"noopener\"><strong>Coleta Sangue \u2013 Adrian\u00f3polis<\/strong><\/a><\/li>\n<li><a href=\"https:\/\/saude.ufpr.br\/nesc\/reuniao-comunidade-adrianopolis-vila-mota\/\" target=\"_blank\" rel=\"noopener\"><strong>Reuni\u00e3o Comunidade &#8211; Adrian\u00f3polis, Vila Mota<\/strong><\/a><\/li>\n<li><a href=\"https:\/\/saude.ufpr.br\/nesc\/reuniao-comunidade-adrianopolis-vila-mota-2\/\" target=\"_blank\" rel=\"noopener\"><strong>Reuni\u00e3o Comunidade \u2013 Adrian\u00f3polis, Vila Mota<\/strong><\/a><\/li>\n<li><a href=\"https:\/\/saude.ufpr.br\/nesc\/audiencia-publica-sobre-chumbo-em-adrianopolis\/\" target=\"_blank\" rel=\"noopener\"><strong>Audi\u00eancia P\u00fablica sobre Chumbo em Adrian\u00f3polis<\/strong><\/a><\/li>\n<\/ul>\n","protected":false},"excerpt":{"rendered":"<p>Coleta Sangue \u2013 Adrian\u00f3polis Reuni\u00e3o Comunidade &#8211; Adrian\u00f3polis, Vila Mota Reuni\u00e3o Comunidade \u2013 Adrian\u00f3polis, Vila Mota Audi\u00eancia P\u00fablica sobre Chumbo em Adrian\u00f3polis<\/p>\n","protected":false},"author":1583,"featured_media":0,"parent":10,"menu_order":0,"comment_status":"closed","ping_status":"closed","template":"","meta":{"_acf_changed":false,"_uag_custom_page_level_css":"","footnotes":""},"class_list":["post-377","page","type-page","status-publish","hentry"],"acf":[],"featured_image_src":null,"uagb_featured_image_src":{"full":false,"thumbnail":false,"medium":false,"medium_large":false,"large":false,"1536x1536":false,"2048x2048":false,"noticias-thumb":false,"banners-thumb":false,"maisnoticias-thumb":false,"post-thumbnail":false},"uagb_author_info":{"display_name":"guilherme albuquerque","author_link":"https:\/\/saude.ufpr.br\/nesc\/author\/guilherme\/"},"uagb_comment_info":0,"uagb_excerpt":"Coleta Sangue \u2013 Adrian\u00f3polis Reuni\u00e3o Comunidade &#8211; Adrian\u00f3polis, Vila Mota Reuni\u00e3o Comunidade \u2013 Adrian\u00f3polis, Vila Mota Audi\u00eancia P\u00fablica sobre Chumbo em Adrian\u00f3polis","publishpress_future_action":{"enabled":false,"date":"2026-04-12 16:27:32","action":"change-status","newStatus":"draft","terms":[],"taxonomy":"","extraData":[]},"publishpress_future_workflow_manual_trigger":{"enabledWorkflows":[]},"_links":{"self":[{"href":"https:\/\/saude.ufpr.br\/nesc\/wp-json\/wp\/v2\/pages\/377","targetHints":{"allow":["GET"]}}],"collection":[{"href":"https:\/\/saude.ufpr.br\/nesc\/wp-json\/wp\/v2\/pages"}],"about":[{"href":"https:\/\/saude.ufpr.br\/nesc\/wp-json\/wp\/v2\/types\/page"}],"author":[{"embeddable":true,"href":"https:\/\/saude.ufpr.br\/nesc\/wp-json\/wp\/v2\/users\/1583"}],"replies":[{"embeddable":true,"href":"https:\/\/saude.ufpr.br\/nesc\/wp-json\/wp\/v2\/comments?post=377"}],"version-history":[{"count":7,"href":"https:\/\/saude.ufpr.br\/nesc\/wp-json\/wp\/v2\/pages\/377\/revisions"}],"predecessor-version":[{"id":962,"href":"https:\/\/saude.ufpr.br\/nesc\/wp-json\/wp\/v2\/pages\/377\/revisions\/962"}],"up":[{"embeddable":true,"href":"https:\/\/saude.ufpr.br\/nesc\/wp-json\/wp\/v2\/pages\/10"}],"wp:attachment":[{"href":"https:\/\/saude.ufpr.br\/nesc\/wp-json\/wp\/v2\/media?parent=377"}],"curies":[{"name":"wp","href":"https:\/\/api.w.org\/{rel}","templated":true}]}}