{"id":379,"date":"2016-12-19T12:11:53","date_gmt":"2016-12-19T12:11:53","guid":{"rendered":"https:\/\/saude.ufpr.br\/nesc\/?page_id=379"},"modified":"2017-09-12T18:25:00","modified_gmt":"2017-09-12T18:25:00","slug":"2010-2","status":"publish","type":"page","link":"https:\/\/saude.ufpr.br\/nesc\/eventos\/2010-2\/","title":{"rendered":"2010"},"content":{"rendered":"<ul>\n<li><a href=\"https:\/\/saude.ufpr.br\/nesc\/curso-toxicologia-clinica\/\" target=\"_blank\" rel=\"noopener\"><strong>Curso Toxicologia Cl\u00ednica<\/strong><\/a><\/li>\n<li><a href=\"https:\/\/saude.ufpr.br\/nesc\/reuniao-na-camara-de-vereadores-de-rio-azul\/\" target=\"_blank\" rel=\"noopener\"><strong>Reuni\u00e3o na C\u00e2mara de Vereadores de Rio Azul<\/strong><\/a><\/li>\n<li><a href=\"https:\/\/saude.ufpr.br\/nesc\/498-2\/\" target=\"_blank\" rel=\"noopener\"><strong>Pesquisa Sobre Agrot\u00f3xicos \u2013 Rio Azul<\/strong><\/a><\/li>\n<li><a href=\"https:\/\/saude.ufpr.br\/nesc\/conferencia-epidemiologia-critica-breilh\/\" target=\"_blank\" rel=\"noopener\"><strong>Confer\u00eancia Epidemiologia Cr\u00edtica \u2013 Breilh<\/strong><\/a><\/li>\n<li><a href=\"https:\/\/saude.ufpr.br\/nesc\/curso-epidemiologia-critica-breilh\/\" target=\"_blank\" rel=\"noopener\"><strong>Curso Epidemiologia Cr\u00edtica \u2013 Breilh<\/strong><\/a><\/li>\n<li><a href=\"https:\/\/saude.ufpr.br\/nesc\/finalizacao-turma-de-residencia-2010\/\" target=\"_blank\" rel=\"noopener\"><strong>Finaliza\u00e7\u00e3o Turma de Resid\u00eancia 2010<\/strong><\/a><\/li>\n<li><a href=\"https:\/\/saude.ufpr.br\/nesc\/530-2\/\" target=\"_blank\" rel=\"noopener\"><strong>Oficina Sa\u00fade do Trabalhador Rural &#8211; Cuiab\u00e1<\/strong><\/a><\/li>\n<\/ul>\n","protected":false},"excerpt":{"rendered":"<p>Curso Toxicologia Cl\u00ednica Reuni\u00e3o na C\u00e2mara de Vereadores de Rio Azul Pesquisa Sobre Agrot\u00f3xicos \u2013 Rio Azul Confer\u00eancia Epidemiologia Cr\u00edtica \u2013 Breilh Curso Epidemiologia Cr\u00edtica \u2013 Breilh Finaliza\u00e7\u00e3o Turma de Resid\u00eancia 2010 Oficina Sa\u00fade do Trabalhador Rural &#8211; Cuiab\u00e1<\/p>\n","protected":false},"author":1583,"featured_media":0,"parent":10,"menu_order":0,"comment_status":"closed","ping_status":"closed","template":"","meta":{"_acf_changed":false,"_uag_custom_page_level_css":"","footnotes":""},"class_list":["post-379","page","type-page","status-publish","hentry"],"acf":[],"featured_image_src":null,"uagb_featured_image_src":{"full":false,"thumbnail":false,"medium":false,"medium_large":false,"large":false,"1536x1536":false,"2048x2048":false,"noticias-thumb":false,"banners-thumb":false,"maisnoticias-thumb":false,"post-thumbnail":false},"uagb_author_info":{"display_name":"guilherme albuquerque","author_link":"https:\/\/saude.ufpr.br\/nesc\/author\/guilherme\/"},"uagb_comment_info":0,"uagb_excerpt":"Curso Toxicologia Cl\u00ednica Reuni\u00e3o na C\u00e2mara de Vereadores de Rio Azul Pesquisa Sobre Agrot\u00f3xicos \u2013 Rio Azul Confer\u00eancia Epidemiologia Cr\u00edtica \u2013 Breilh Curso Epidemiologia Cr\u00edtica \u2013 Breilh Finaliza\u00e7\u00e3o Turma de Resid\u00eancia 2010 Oficina Sa\u00fade do Trabalhador Rural &#8211; Cuiab\u00e1","publishpress_future_action":{"enabled":false,"date":"2026-04-12 15:10:03","action":"change-status","newStatus":"draft","terms":[],"taxonomy":"","extraData":[]},"publishpress_future_workflow_manual_trigger":{"enabledWorkflows":[]},"_links":{"self":[{"href":"https:\/\/saude.ufpr.br\/nesc\/wp-json\/wp\/v2\/pages\/379","targetHints":{"allow":["GET"]}}],"collection":[{"href":"https:\/\/saude.ufpr.br\/nesc\/wp-json\/wp\/v2\/pages"}],"about":[{"href":"https:\/\/saude.ufpr.br\/nesc\/wp-json\/wp\/v2\/types\/page"}],"author":[{"embeddable":true,"href":"https:\/\/saude.ufpr.br\/nesc\/wp-json\/wp\/v2\/users\/1583"}],"replies":[{"embeddable":true,"href":"https:\/\/saude.ufpr.br\/nesc\/wp-json\/wp\/v2\/comments?post=379"}],"version-history":[{"count":9,"href":"https:\/\/saude.ufpr.br\/nesc\/wp-json\/wp\/v2\/pages\/379\/revisions"}],"predecessor-version":[{"id":956,"href":"https:\/\/saude.ufpr.br\/nesc\/wp-json\/wp\/v2\/pages\/379\/revisions\/956"}],"up":[{"embeddable":true,"href":"https:\/\/saude.ufpr.br\/nesc\/wp-json\/wp\/v2\/pages\/10"}],"wp:attachment":[{"href":"https:\/\/saude.ufpr.br\/nesc\/wp-json\/wp\/v2\/media?parent=379"}],"curies":[{"name":"wp","href":"https:\/\/api.w.org\/{rel}","templated":true}]}}