{"id":381,"date":"2016-12-19T12:12:00","date_gmt":"2016-12-19T12:12:00","guid":{"rendered":"https:\/\/saude.ufpr.br\/nesc\/?page_id=381"},"modified":"2017-09-12T18:15:42","modified_gmt":"2017-09-12T18:15:42","slug":"2011-2","status":"publish","type":"page","link":"https:\/\/saude.ufpr.br\/nesc\/eventos\/2011-2\/","title":{"rendered":"2011"},"content":{"rendered":"<ul>\n<li><a href=\"https:\/\/saude.ufpr.br\/nesc\/reuniao-profissionais-da-saude-rio-azul\/\" target=\"_blank\" rel=\"noopener\"><strong>Reuni\u00e3o Profissionais da Sa\u00fade \u2013 Rio Azul<\/strong><\/a><\/li>\n<li><a href=\"https:\/\/saude.ufpr.br\/nesc\/reuniao-coletivo-triufo-sao-joao\/\" target=\"_blank\" rel=\"noopener\"><strong>Reuni\u00e3o Coletivo Triufo \u2013 S\u00e3o Jo\u00e3o<\/strong><\/a><\/li>\n<li><a href=\"https:\/\/saude.ufpr.br\/nesc\/projeto-de-extensao-rio-azul\/\" target=\"_blank\" rel=\"noopener\"><strong>Projeto de Extens\u00e3o \u2013 Rio Azul<\/strong><\/a><\/li>\n<li><a href=\"https:\/\/saude.ufpr.br\/nesc\/projeto-de-extensao-adrianopolis\/\" target=\"_blank\" rel=\"noopener\"><strong>Projeto de Extens\u00e3o \u2013 Adrian\u00f3polis<\/strong><\/a><\/li>\n<li><a href=\"https:\/\/saude.ufpr.br\/nesc\/encontro-de-saude-coletiva\/\" target=\"_blank\" rel=\"noopener\"><strong>Encontro de Sa\u00fade Coletiva<\/strong><\/a><\/li>\n<li><a href=\"https:\/\/saude.ufpr.br\/nesc\/oficina-toxicologia-clinica-fiocruz-helena-machado\/\" target=\"_blank\" rel=\"noopener\"><strong>Oficina Toxicologia Cl\u00ednica Fiocruz \u2013 Helena Machado<\/strong><\/a><\/li>\n<li><a href=\"https:\/\/saude.ufpr.br\/nesc\/pre-conferencia-municipal-de-saude-rio-azul\/\" target=\"_blank\" rel=\"noopener\"><strong>Pr\u00e9-Confer\u00eancia Municipal de Sa\u00fade \u2013 Rio Azul<\/strong><\/a><\/li>\n<li><a href=\"https:\/\/saude.ufpr.br\/nesc\/avaliacao-clinica-1a-etapa-para-pesquisa-sobre-agrotoxico-rio-azul\/\" target=\"_blank\" rel=\"noopener\"><strong>Avalia\u00e7\u00e3o Cl\u00ednica \u2013 1\u00aa Etapa para Pesquisa Sobre Agrot\u00f3xico \u2013 Rio Azul<\/strong><\/a><\/li>\n<li><a href=\"https:\/\/saude.ufpr.br\/nesc\/avaliacao-clinica-2a-etapa-para-pesquisa-sobre-agrotoxico-rio-azul\/\" target=\"_blank\" rel=\"noopener\"><strong>Avalia\u00e7\u00e3o Cl\u00ednica \u2013 2\u00aa Etapa para Pesquisa Sobre Agrot\u00f3xico \u2013 Rio Azul<\/strong><\/a><\/li>\n<li><strong><a href=\"https:\/\/saude.ufpr.br\/nesc\/historico\/\" target=\"_blank\" rel=\"noopener\">Reuni\u00e3o de Estudos \u2013 NESC<\/a><\/strong><\/li>\n<li><a href=\"https:\/\/saude.ufpr.br\/nesc\/coleta-de-exames-para-pesquisa-sobre-agrotoxicos-rio-azul\/\" target=\"_blank\" rel=\"noopener\"><strong>Coleta de Exames para Pesquisa sobre Agrot\u00f3xicos \u2013 Rio Azul<\/strong><\/a><\/li>\n<\/ul>\n","protected":false},"excerpt":{"rendered":"<p>Reuni\u00e3o Profissionais da Sa\u00fade \u2013 Rio Azul Reuni\u00e3o Coletivo Triufo \u2013 S\u00e3o Jo\u00e3o Projeto de Extens\u00e3o \u2013 Rio Azul Projeto de Extens\u00e3o \u2013 Adrian\u00f3polis Encontro de Sa\u00fade Coletiva Oficina Toxicologia Cl\u00ednica Fiocruz \u2013 Helena Machado Pr\u00e9-Confer\u00eancia Municipal de Sa\u00fade \u2013 Rio Azul Avalia\u00e7\u00e3o Cl\u00ednica \u2013 1\u00aa Etapa para Pesquisa Sobre Agrot\u00f3xico \u2013 Rio Azul Avalia\u00e7\u00e3o<br \/> <a href=\"https:\/\/saude.ufpr.br\/nesc\/eventos\/2011-2\/\" class=\"button success small readmore\">Leia mais<\/a><\/p>\n","protected":false},"author":1583,"featured_media":0,"parent":10,"menu_order":0,"comment_status":"closed","ping_status":"closed","template":"","meta":{"_acf_changed":false,"_uag_custom_page_level_css":"","footnotes":""},"class_list":["post-381","page","type-page","status-publish","hentry"],"acf":[],"featured_image_src":null,"uagb_featured_image_src":{"full":false,"thumbnail":false,"medium":false,"medium_large":false,"large":false,"1536x1536":false,"2048x2048":false,"noticias-thumb":false,"banners-thumb":false,"maisnoticias-thumb":false,"post-thumbnail":false},"uagb_author_info":{"display_name":"guilherme albuquerque","author_link":"https:\/\/saude.ufpr.br\/nesc\/author\/guilherme\/"},"uagb_comment_info":0,"uagb_excerpt":"Reuni\u00e3o Profissionais da Sa\u00fade \u2013 Rio Azul Reuni\u00e3o Coletivo Triufo \u2013 S\u00e3o Jo\u00e3o Projeto de Extens\u00e3o \u2013 Rio Azul Projeto de Extens\u00e3o \u2013 Adrian\u00f3polis Encontro de Sa\u00fade Coletiva Oficina Toxicologia Cl\u00ednica Fiocruz \u2013 Helena Machado Pr\u00e9-Confer\u00eancia Municipal de Sa\u00fade \u2013 Rio Azul Avalia\u00e7\u00e3o Cl\u00ednica \u2013 1\u00aa Etapa para Pesquisa Sobre Agrot\u00f3xico \u2013 Rio Azul Avalia\u00e7\u00e3o&hellip;","publishpress_future_action":{"enabled":false,"date":"2026-04-11 08:09:43","action":"change-status","newStatus":"draft","terms":[],"taxonomy":"","extraData":[]},"publishpress_future_workflow_manual_trigger":{"enabledWorkflows":[]},"_links":{"self":[{"href":"https:\/\/saude.ufpr.br\/nesc\/wp-json\/wp\/v2\/pages\/381","targetHints":{"allow":["GET"]}}],"collection":[{"href":"https:\/\/saude.ufpr.br\/nesc\/wp-json\/wp\/v2\/pages"}],"about":[{"href":"https:\/\/saude.ufpr.br\/nesc\/wp-json\/wp\/v2\/types\/page"}],"author":[{"embeddable":true,"href":"https:\/\/saude.ufpr.br\/nesc\/wp-json\/wp\/v2\/users\/1583"}],"replies":[{"embeddable":true,"href":"https:\/\/saude.ufpr.br\/nesc\/wp-json\/wp\/v2\/comments?post=381"}],"version-history":[{"count":13,"href":"https:\/\/saude.ufpr.br\/nesc\/wp-json\/wp\/v2\/pages\/381\/revisions"}],"predecessor-version":[{"id":948,"href":"https:\/\/saude.ufpr.br\/nesc\/wp-json\/wp\/v2\/pages\/381\/revisions\/948"}],"up":[{"embeddable":true,"href":"https:\/\/saude.ufpr.br\/nesc\/wp-json\/wp\/v2\/pages\/10"}],"wp:attachment":[{"href":"https:\/\/saude.ufpr.br\/nesc\/wp-json\/wp\/v2\/media?parent=381"}],"curies":[{"name":"wp","href":"https:\/\/api.w.org\/{rel}","templated":true}]}}