{"id":394,"date":"2016-12-19T12:30:16","date_gmt":"2016-12-19T12:30:16","guid":{"rendered":"https:\/\/saude.ufpr.br\/nesc\/?page_id=394"},"modified":"2017-09-12T16:32:10","modified_gmt":"2017-09-12T16:32:10","slug":"confraternizacao-nesc","status":"publish","type":"page","link":"https:\/\/saude.ufpr.br\/nesc\/eventos\/2007-2\/confraternizacao-nesc\/","title":{"rendered":"Avalia\u00e7\u00e3o Resid\u00eancia em Colombo"},"content":{"rendered":"<p><a href=\"https:\/\/saude.ufpr.br\/nesc\/wp-content\/uploads\/sites\/11\/2016\/12\/DSCN1430.jpg\"><img fetchpriority=\"high\" decoding=\"async\" class=\"alignnone wp-image-397\" src=\"https:\/\/saude.ufpr.br\/nesc\/wp-content\/uploads\/sites\/11\/2016\/12\/DSCN1430-1024x768.jpg\" alt=\"DSCN1430\" width=\"478\" height=\"359\" srcset=\"https:\/\/saude.ufpr.br\/nesc\/wp-content\/uploads\/sites\/11\/2016\/12\/DSCN1430-1024x768.jpg 1024w, https:\/\/saude.ufpr.br\/nesc\/wp-content\/uploads\/sites\/11\/2016\/12\/DSCN1430-300x225.jpg 300w, https:\/\/saude.ufpr.br\/nesc\/wp-content\/uploads\/sites\/11\/2016\/12\/DSCN1430-768x576.jpg 768w\" sizes=\"(max-width: 478px) 100vw, 478px\" \/><\/a>\u00a0 \u00a0\u00a0<a href=\"https:\/\/saude.ufpr.br\/nesc\/wp-content\/uploads\/sites\/11\/2016\/12\/DSCN1433.jpg\"><img decoding=\"async\" class=\"alignnone wp-image-398\" src=\"https:\/\/saude.ufpr.br\/nesc\/wp-content\/uploads\/sites\/11\/2016\/12\/DSCN1433-1024x768.jpg\" alt=\"DSCN1433\" width=\"478\" height=\"359\" srcset=\"https:\/\/saude.ufpr.br\/nesc\/wp-content\/uploads\/sites\/11\/2016\/12\/DSCN1433-1024x768.jpg 1024w, https:\/\/saude.ufpr.br\/nesc\/wp-content\/uploads\/sites\/11\/2016\/12\/DSCN1433-300x225.jpg 300w, https:\/\/saude.ufpr.br\/nesc\/wp-content\/uploads\/sites\/11\/2016\/12\/DSCN1433-768x576.jpg 768w\" sizes=\"(max-width: 478px) 100vw, 478px\" \/><\/a>\u00a0<a href=\"https:\/\/saude.ufpr.br\/nesc\/wp-content\/uploads\/sites\/11\/2016\/12\/DSCN1441.jpg\"><img decoding=\"async\" class=\"alignnone wp-image-399\" src=\"https:\/\/saude.ufpr.br\/nesc\/wp-content\/uploads\/sites\/11\/2016\/12\/DSCN1441-1024x768.jpg\" alt=\"DSCN1441\" width=\"478\" height=\"359\" srcset=\"https:\/\/saude.ufpr.br\/nesc\/wp-content\/uploads\/sites\/11\/2016\/12\/DSCN1441-1024x768.jpg 1024w, https:\/\/saude.ufpr.br\/nesc\/wp-content\/uploads\/sites\/11\/2016\/12\/DSCN1441-300x225.jpg 300w, https:\/\/saude.ufpr.br\/nesc\/wp-content\/uploads\/sites\/11\/2016\/12\/DSCN1441-768x576.jpg 768w\" sizes=\"(max-width: 478px) 100vw, 478px\" \/><\/a>\u00a0 \u00a0\u00a0<a href=\"https:\/\/saude.ufpr.br\/nesc\/wp-content\/uploads\/sites\/11\/2016\/12\/FSCN1810.jpg\"><img loading=\"lazy\" decoding=\"async\" class=\"alignnone wp-image-400\" src=\"https:\/\/saude.ufpr.br\/nesc\/wp-content\/uploads\/sites\/11\/2016\/12\/FSCN1810-1024x768.jpg\" alt=\"FSCN1810\" width=\"478\" height=\"359\" srcset=\"https:\/\/saude.ufpr.br\/nesc\/wp-content\/uploads\/sites\/11\/2016\/12\/FSCN1810-1024x768.jpg 1024w, https:\/\/saude.ufpr.br\/nesc\/wp-content\/uploads\/sites\/11\/2016\/12\/FSCN1810-300x225.jpg 300w, https:\/\/saude.ufpr.br\/nesc\/wp-content\/uploads\/sites\/11\/2016\/12\/FSCN1810-768x576.jpg 768w\" sizes=\"(max-width: 478px) 100vw, 478px\" \/><\/a><\/p>\n","protected":false},"excerpt":{"rendered":"<p>\u00a0 \u00a0\u00a0\u00a0\u00a0 \u00a0\u00a0<\/p>\n","protected":false},"author":1583,"featured_media":0,"parent":373,"menu_order":0,"comment_status":"closed","ping_status":"closed","template":"","meta":{"_acf_changed":false,"_uag_custom_page_level_css":"","footnotes":""},"class_list":["post-394","page","type-page","status-publish","hentry"],"acf":[],"featured_image_src":null,"uagb_featured_image_src":{"full":false,"thumbnail":false,"medium":false,"medium_large":false,"large":false,"1536x1536":false,"2048x2048":false,"noticias-thumb":false,"banners-thumb":false,"maisnoticias-thumb":false,"post-thumbnail":false},"uagb_author_info":{"display_name":"guilherme albuquerque","author_link":"https:\/\/saude.ufpr.br\/nesc\/author\/guilherme\/"},"uagb_comment_info":0,"uagb_excerpt":"\u00a0 \u00a0\u00a0\u00a0\u00a0 \u00a0\u00a0","publishpress_future_action":{"enabled":false,"date":"2026-04-11 09:26:13","action":"change-status","newStatus":"draft","terms":[],"taxonomy":"","extraData":[]},"publishpress_future_workflow_manual_trigger":{"enabledWorkflows":[]},"_links":{"self":[{"href":"https:\/\/saude.ufpr.br\/nesc\/wp-json\/wp\/v2\/pages\/394","targetHints":{"allow":["GET"]}}],"collection":[{"href":"https:\/\/saude.ufpr.br\/nesc\/wp-json\/wp\/v2\/pages"}],"about":[{"href":"https:\/\/saude.ufpr.br\/nesc\/wp-json\/wp\/v2\/types\/page"}],"author":[{"embeddable":true,"href":"https:\/\/saude.ufpr.br\/nesc\/wp-json\/wp\/v2\/users\/1583"}],"replies":[{"embeddable":true,"href":"https:\/\/saude.ufpr.br\/nesc\/wp-json\/wp\/v2\/comments?post=394"}],"version-history":[{"count":2,"href":"https:\/\/saude.ufpr.br\/nesc\/wp-json\/wp\/v2\/pages\/394\/revisions"}],"predecessor-version":[{"id":402,"href":"https:\/\/saude.ufpr.br\/nesc\/wp-json\/wp\/v2\/pages\/394\/revisions\/402"}],"up":[{"embeddable":true,"href":"https:\/\/saude.ufpr.br\/nesc\/wp-json\/wp\/v2\/pages\/373"}],"wp:attachment":[{"href":"https:\/\/saude.ufpr.br\/nesc\/wp-json\/wp\/v2\/media?parent=394"}],"curies":[{"name":"wp","href":"https:\/\/api.w.org\/{rel}","templated":true}]}}