{"id":426,"date":"2016-12-19T13:02:59","date_gmt":"2016-12-19T13:02:59","guid":{"rendered":"https:\/\/saude.ufpr.br\/nesc\/?page_id=426"},"modified":"2017-09-12T18:30:27","modified_gmt":"2017-09-12T18:30:27","slug":"audiencia-publica-sobre-chumbo-em-adrianopolis","status":"publish","type":"page","link":"https:\/\/saude.ufpr.br\/nesc\/eventos\/2009-2\/audiencia-publica-sobre-chumbo-em-adrianopolis\/","title":{"rendered":"Audi\u00eancia P\u00fablica sobre Chumbo em Adrian\u00f3polis"},"content":{"rendered":"<p><a href=\"https:\/\/saude.ufpr.br\/nesc\/wp-content\/uploads\/sites\/11\/2016\/12\/Audi\u00eancia-P\u00fablica-Adrian\u00f3polis-18fev.2009-1.jpg\"><img fetchpriority=\"high\" decoding=\"async\" class=\"alignnone wp-image-427\" src=\"https:\/\/saude.ufpr.br\/nesc\/wp-content\/uploads\/sites\/11\/2016\/12\/Audi\u00eancia-P\u00fablica-Adrian\u00f3polis-18fev.2009-1-1024x768.jpg\" alt=\"Audi\u00eancia P\u00fablica Adrian\u00f3polis-18fev.2009 (1)\" width=\"478\" height=\"359\" srcset=\"https:\/\/saude.ufpr.br\/nesc\/wp-content\/uploads\/sites\/11\/2016\/12\/Audi\u00eancia-P\u00fablica-Adrian\u00f3polis-18fev.2009-1-1024x768.jpg 1024w, https:\/\/saude.ufpr.br\/nesc\/wp-content\/uploads\/sites\/11\/2016\/12\/Audi\u00eancia-P\u00fablica-Adrian\u00f3polis-18fev.2009-1-300x225.jpg 300w, https:\/\/saude.ufpr.br\/nesc\/wp-content\/uploads\/sites\/11\/2016\/12\/Audi\u00eancia-P\u00fablica-Adrian\u00f3polis-18fev.2009-1-768x576.jpg 768w\" sizes=\"(max-width: 478px) 100vw, 478px\" \/><\/a> <a href=\"https:\/\/saude.ufpr.br\/nesc\/wp-content\/uploads\/sites\/11\/2016\/12\/Audi\u00eancia-P\u00fablica-Adrian\u00f3polis-18fev.2009-6.jpg\"><img decoding=\"async\" class=\"alignnone wp-image-428\" src=\"https:\/\/saude.ufpr.br\/nesc\/wp-content\/uploads\/sites\/11\/2016\/12\/Audi\u00eancia-P\u00fablica-Adrian\u00f3polis-18fev.2009-6-1024x768.jpg\" alt=\"Audi\u00eancia P\u00fablica Adrian\u00f3polis-18fev.2009 (6)\" width=\"478\" height=\"359\" srcset=\"https:\/\/saude.ufpr.br\/nesc\/wp-content\/uploads\/sites\/11\/2016\/12\/Audi\u00eancia-P\u00fablica-Adrian\u00f3polis-18fev.2009-6-1024x768.jpg 1024w, https:\/\/saude.ufpr.br\/nesc\/wp-content\/uploads\/sites\/11\/2016\/12\/Audi\u00eancia-P\u00fablica-Adrian\u00f3polis-18fev.2009-6-300x225.jpg 300w, https:\/\/saude.ufpr.br\/nesc\/wp-content\/uploads\/sites\/11\/2016\/12\/Audi\u00eancia-P\u00fablica-Adrian\u00f3polis-18fev.2009-6-768x576.jpg 768w\" sizes=\"(max-width: 478px) 100vw, 478px\" \/><\/a> <a href=\"https:\/\/saude.ufpr.br\/nesc\/wp-content\/uploads\/sites\/11\/2016\/12\/Audi\u00eancia-P\u00fablica-Adrian\u00f3polis-18fev.2009-13.jpg\"><img decoding=\"async\" class=\"alignnone wp-image-429\" src=\"https:\/\/saude.ufpr.br\/nesc\/wp-content\/uploads\/sites\/11\/2016\/12\/Audi\u00eancia-P\u00fablica-Adrian\u00f3polis-18fev.2009-13-1024x768.jpg\" alt=\"Audi\u00eancia P\u00fablica Adrian\u00f3polis-18fev.2009 (13)\" width=\"478\" height=\"359\" srcset=\"https:\/\/saude.ufpr.br\/nesc\/wp-content\/uploads\/sites\/11\/2016\/12\/Audi\u00eancia-P\u00fablica-Adrian\u00f3polis-18fev.2009-13-1024x768.jpg 1024w, https:\/\/saude.ufpr.br\/nesc\/wp-content\/uploads\/sites\/11\/2016\/12\/Audi\u00eancia-P\u00fablica-Adrian\u00f3polis-18fev.2009-13-300x225.jpg 300w, https:\/\/saude.ufpr.br\/nesc\/wp-content\/uploads\/sites\/11\/2016\/12\/Audi\u00eancia-P\u00fablica-Adrian\u00f3polis-18fev.2009-13-768x576.jpg 768w\" sizes=\"(max-width: 478px) 100vw, 478px\" \/><\/a> <a href=\"https:\/\/saude.ufpr.br\/nesc\/wp-content\/uploads\/sites\/11\/2016\/12\/Audi\u00eancia-P\u00fablica-Adrian\u00f3polis-18fev.2009.jpg\"><img loading=\"lazy\" decoding=\"async\" class=\"alignnone wp-image-430\" src=\"https:\/\/saude.ufpr.br\/nesc\/wp-content\/uploads\/sites\/11\/2016\/12\/Audi\u00eancia-P\u00fablica-Adrian\u00f3polis-18fev.2009-1024x768.jpg\" alt=\"Audi\u00eancia P\u00fablica Adrian\u00f3polis-18fev.2009\" width=\"478\" height=\"359\" srcset=\"https:\/\/saude.ufpr.br\/nesc\/wp-content\/uploads\/sites\/11\/2016\/12\/Audi\u00eancia-P\u00fablica-Adrian\u00f3polis-18fev.2009-1024x768.jpg 1024w, https:\/\/saude.ufpr.br\/nesc\/wp-content\/uploads\/sites\/11\/2016\/12\/Audi\u00eancia-P\u00fablica-Adrian\u00f3polis-18fev.2009-300x225.jpg 300w, https:\/\/saude.ufpr.br\/nesc\/wp-content\/uploads\/sites\/11\/2016\/12\/Audi\u00eancia-P\u00fablica-Adrian\u00f3polis-18fev.2009-768x576.jpg 768w\" sizes=\"(max-width: 478px) 100vw, 478px\" \/><\/a><\/p>\n","protected":false},"excerpt":{"rendered":"","protected":false},"author":1583,"featured_media":0,"parent":377,"menu_order":0,"comment_status":"closed","ping_status":"closed","template":"","meta":{"_acf_changed":false,"_uag_custom_page_level_css":"","footnotes":""},"class_list":["post-426","page","type-page","status-publish","hentry"],"acf":[],"featured_image_src":null,"uagb_featured_image_src":{"full":false,"thumbnail":false,"medium":false,"medium_large":false,"large":false,"1536x1536":false,"2048x2048":false,"noticias-thumb":false,"banners-thumb":false,"maisnoticias-thumb":false,"post-thumbnail":false},"uagb_author_info":{"display_name":"guilherme albuquerque","author_link":"https:\/\/saude.ufpr.br\/nesc\/author\/guilherme\/"},"uagb_comment_info":0,"uagb_excerpt":null,"publishpress_future_action":{"enabled":false,"date":"2026-04-13 01:08:29","action":"change-status","newStatus":"draft","terms":[],"taxonomy":"","extraData":[]},"publishpress_future_workflow_manual_trigger":{"enabledWorkflows":[]},"_links":{"self":[{"href":"https:\/\/saude.ufpr.br\/nesc\/wp-json\/wp\/v2\/pages\/426","targetHints":{"allow":["GET"]}}],"collection":[{"href":"https:\/\/saude.ufpr.br\/nesc\/wp-json\/wp\/v2\/pages"}],"about":[{"href":"https:\/\/saude.ufpr.br\/nesc\/wp-json\/wp\/v2\/types\/page"}],"author":[{"embeddable":true,"href":"https:\/\/saude.ufpr.br\/nesc\/wp-json\/wp\/v2\/users\/1583"}],"replies":[{"embeddable":true,"href":"https:\/\/saude.ufpr.br\/nesc\/wp-json\/wp\/v2\/comments?post=426"}],"version-history":[{"count":1,"href":"https:\/\/saude.ufpr.br\/nesc\/wp-json\/wp\/v2\/pages\/426\/revisions"}],"predecessor-version":[{"id":431,"href":"https:\/\/saude.ufpr.br\/nesc\/wp-json\/wp\/v2\/pages\/426\/revisions\/431"}],"up":[{"embeddable":true,"href":"https:\/\/saude.ufpr.br\/nesc\/wp-json\/wp\/v2\/pages\/377"}],"wp:attachment":[{"href":"https:\/\/saude.ufpr.br\/nesc\/wp-json\/wp\/v2\/media?parent=426"}],"curies":[{"name":"wp","href":"https:\/\/api.w.org\/{rel}","templated":true}]}}