{"id":53,"date":"2016-03-31T20:12:03","date_gmt":"2016-03-31T20:12:03","guid":{"rendered":"https:\/\/saude.ufpr.br\/nesc\/?page_id=53"},"modified":"2017-09-12T17:46:45","modified_gmt":"2017-09-12T17:46:45","slug":"2013-2","status":"publish","type":"page","link":"https:\/\/saude.ufpr.br\/nesc\/eventos\/2013-2\/","title":{"rendered":"2013"},"content":{"rendered":"<h1><span style=\"color: #3366ff;\">19 de outubro de 2013<\/span><\/h1>\n<p>No dia 19 de outubro, membros do NESC foram convidados a apresentar os resultados da pesquisa sobre sa\u00fade de fumicultores, realizada em Rio Azul-PR, durante evento ocorrido no munic\u00edpio de Prudent\u00f3polis-PR. Naquele munic\u00edpio, na comunidade rural de Marcondes, aconteceu a I Feira das Sementes Crioulas, da Biodiversidade e em Favor da Vida e da Liberdade, promovida pelo Instituto Os Guardi\u00f5es da Natureza (ING) e com apoio de diversas outras entidades. O objetivo do evento foi o de prestigiar e promover as pr\u00e1ticas seculares de agricultura familiar, diante da intensa press\u00e3o que comunidades tradicionais v\u00eam sofrendo para deixar ou modificar tais pr\u00e1ticas, ao mesmo tempo em que se busca organizar formas alternativas de garantia de renda aos pequenos produtores, tais como o ecoturismo na regi\u00e3o. Al\u00e9m do NESC, estiveram no evento o Secret\u00e1rio Nacional de Agricultura Familiar, Valter Bianchini, o promotor Saint-Clair Honorato Santos, do Centro de Apoio Operacional das Promotorias de Prote\u00e7\u00e3o ao Meio Ambiente, t\u00e9cnicos da Secretaria de Estado da Sa\u00fade do Paran\u00e1, Emater e outros. O NESC foi convidado pela presidente do ING, advogada Vania Mara Moreira dos Santos, militante na causa dos pequenos agricultores.<\/p>\n<h1><\/h1>\n<hr \/>\n<h1><span style=\"color: #3366ff;\">14 de outubro de 2013<\/span><\/h1>\n<p>No \u00faltimo dia 14 de outubro, o Prof. Guillermo Foladori, da Universidad Autonoma de Zacatecas (M\u00e9xico), foi convidado pelo NESC para fazer uma prele\u00e7\u00e3o sobre o tema de seu livro, editado no Brasil em 2001, pela Editora da Unicamp, \u201cLimites do desenvolvimento sustent\u00e1vel\u201d. Em resumo, o prof. teceu uma cr\u00edtica contundente \u00e0s explica\u00e7\u00f5es correntes, tanto no meio cient\u00edfico quanto na m\u00eddia, sobre as chamadas crises ambientais. Para ele, tais explica\u00e7\u00f5es sempre se reportam ao tratamento t\u00e9cnico ou tecnol\u00f3gico dos problemas ambientais, e quase nunca ao aspecto central, que \u00e9 o modelo de produ\u00e7\u00e3o hoje hegem\u00f4nico. Assim, o foco das solu\u00e7\u00f5es ou se concentra em como proceder com os insumos\/recursos f\u00edsicos, no sentido de economiz\u00e1-los (vide o caso da \u00e1gua, da madeira, de certos minerais, petr\u00f3leo, etc.), dado que seu desaparecimento implicaria em s\u00e9rios problemas para a reprodu\u00e7\u00e3o humana; ou ent\u00e3o, o foco das solu\u00e7\u00f5es se dirige ao tratamento dos res\u00edduos j\u00e1 resultantes dos processos produtivos. Neste \u00faltimo caso, entram em campo as diversas formas de reciclagem e de disposi\u00e7\u00e3o final dos rejeitos, ou seja, sempre indica\u00e7\u00f5es t\u00e9cnicas. Como se v\u00ea, afirma o professor, o que nunca se coloca em xeque \u00e9 a l\u00f3gica do sistema capitalista de produ\u00e7\u00e3o, ou seja, a an\u00e1lise quase nunca \u00e9 de natureza social\/econ\u00f4mica ou pol\u00edtica. A l\u00f3gica do lucro incessante, que \u00e9 intr\u00ednseca \u00e0quele modo de produ\u00e7\u00e3o, exige uma produ\u00e7\u00e3o, quase sempre ca\u00f3tica, de bens e produtos que se destinam antes \u00e0 acumula\u00e7\u00e3o do que ao atendimento das reais necessidades humanas. Da\u00ed resultam a superprodu\u00e7\u00e3o, o superconsumo e correspondentes altos n\u00edveis de polui\u00e7\u00e3o e produ\u00e7\u00e3o de lixo e dejetos, em escala praticamente incontrol\u00e1vel. Em resumo, esta forma de encarar a \u201csolu\u00e7\u00e3o\u201d dos problemas ambientais seria aquela embutida no conceito de \u201cdesenvolvimento sustent\u00e1vel\u201d, ou seja, solu\u00e7\u00f5es que passam longe da exig\u00eancia de mudan\u00e7as sociais e do modo de produ\u00e7\u00e3o, mas solu\u00e7\u00f5es t\u00e3o somente de ordem t\u00e9cnica, que n\u00e3o amea\u00e7am, em \u00faltima an\u00e1lise, a continuidade do modo capitalista de produ\u00e7\u00e3o.<\/p>\n<h1><\/h1>\n<hr \/>\n<h1><span style=\"color: #3366ff;\">17 de junho de 2013<\/span><\/h1>\n<p>O Prof. Francisco Antonio de Castro Lacaz \u00e9 conhecido pela sua produ\u00e7\u00e3o cr\u00edtica no campo da Sa\u00fade do Trabalhador. Docente da Universidade de S\u00e3o Paulo, no \u00faltimo dia 17 de junho de 2013, no Setor de Ci\u00eancias da Sa\u00fade (centro), o professor foi convidado pelo N\u00facleo de Estudos da Sa\u00fade para falar sobre a \u201cSa\u00fade do Profissional de Sa\u00fade\u201d. O professor discorreu sobre suas experi\u00eancias em assessorar o movimento sindical nos anos 80. Em seguida, apresentou, em linhas gerais, o desenvolvimento da pesquisa que coordena \u201cGest\u00e3o do trabalho em sa\u00fade em dois sistemas municipais do Estado de S\u00e3o Paulo: implica\u00e7\u00f5es operacionais e psicossociais para uma pol\u00edtica de pessoal\u201d. Segundo o Prof. Lacaz, a ado\u00e7\u00e3o, nos servi\u00e7os p\u00fablicos de sa\u00fade, de formas de gest\u00e3o do trabalho que precarizam direitos, contratos, rela\u00e7\u00f5es e condi\u00e7\u00f5es\/processos de trabalho \u00e9, hoje, uma regra. Os objetivos do projeto, cuja abordagem metodol\u00f3gica \u00e9 qualiquantitativa, s\u00e3o a identifica\u00e7\u00e3o e a an\u00e1lise das formas de gest\u00e3o nos sistemas locais (p\u00fablicos) de sa\u00fade de dois munic\u00edpios de S\u00e3o Paulo (Embu e Guarulhos), as poss\u00edveis repercuss\u00f5es psicossociais na sa\u00fade dos trabalhadores e as formas de resist\u00eancia. A perspectiva \u00e9 que, a partir dos resultados do estudo, sejam adotadas pol\u00edticas de prote\u00e7\u00e3o e promo\u00e7\u00e3o da sa\u00fade dos trabalhadores que atuam nos tr\u00eas n\u00edveis de complexidade daqueles sistemas de sa\u00fade, mediante mudan\u00e7as de processos de gest\u00e3o do trabalho e de estruturas de atendimento para o cuidado de trabalhadores acometidos de quadros m\u00f3rbidos associados \u00e0s repercuss\u00f5es psicossociais, como a fadiga e o estresse patol\u00f3gico e a s\u00edndrome de burnout, por exemplo.<\/p>\n<hr \/>\n<ul>\n<li><a href=\"https:\/\/saude.ufpr.br\/nesc\/evento-extensao-limites-do-desenvolvimento-sustentavel\/\" target=\"_blank\" rel=\"noopener\"><strong>Evento Extens\u00e3o \u2013 Limites do Desenvolvimento Sustent\u00e1vel<\/strong><\/a><\/li>\n<li><a href=\"https:\/\/saude.ufpr.br\/nesc\/evento-extensao-saude-do-trabalhador-da-saude\/\" target=\"_blank\" rel=\"noopener\"><strong>Evento Extens\u00e3o \u2013 Sa\u00fade do Trabalhador da Sa\u00fade<\/strong><\/a><\/li>\n<li><a href=\"https:\/\/saude.ufpr.br\/nesc\/evento-extensao-sistema-saude-cuba\/\" target=\"_blank\" rel=\"noopener\"><strong>Evento Extens\u00e3o \u2013 Sistema Sa\u00fade Cuba<\/strong><\/a><\/li>\n<li><a href=\"https:\/\/saude.ufpr.br\/nesc\/seminario-para-apresentacao-de-resultados-da-pesquisa-em-rio-azul-camara-vereadores\/\" target=\"_blank\" rel=\"noopener\"><strong>Semin\u00e1rio para Apresenta\u00e7\u00e3o de Resultados da Pesquisa em Rio Azul \u2013 C\u00e2mara Vereadores<\/strong><\/a><\/li>\n<li><a href=\"https:\/\/saude.ufpr.br\/nesc\/evento-de-extensao-sistemas-de-saude-no-mundo-i\/\" target=\"_blank\" rel=\"noopener\"><strong>Evento de Extens\u00e3o \u2013 Sistemas de Sa\u00fade no Mundo I<\/strong><\/a><\/li>\n<li><a href=\"https:\/\/saude.ufpr.br\/nesc\/evento-de-extensao-sistemas-de-saude-no-mundo-ii\/\" target=\"_blank\" rel=\"noopener\"><strong>Evento de Extens\u00e3o \u2013 Sistemas de Sa\u00fade no Mundo II<\/strong><\/a><\/li>\n<li><a href=\"https:\/\/saude.ufpr.br\/nesc\/seminario-trabalho-que-adoece\/\" target=\"_blank\" rel=\"noopener\"><strong>Semin\u00e1rio \u2013 Trabalho que Adoece<\/strong><\/a><\/li>\n<li><a href=\"https:\/\/saude.ufpr.br\/nesc\/lancamento-protocolo-de-avaliacao-de-intoxicacoes-cronicas-por-agrotoxicos\/\" target=\"_blank\" rel=\"noopener\"><strong>Lan\u00e7amento Protocolo de Avalia\u00e7\u00e3o de Intoxica\u00e7\u00f5es Cr\u00f4nicas por Agrot\u00f3xicos<\/strong><\/a><\/li>\n<li><a href=\"https:\/\/saude.ufpr.br\/nesc\/seminario-universidad-andina-simon-bolivar-quito-equador-2\/\" target=\"_blank\" rel=\"noopener\"><strong>Semin\u00e1rio Universidad Andina Sim\u00f3n Bol\u00edvar \u2013 Quito, Equador<\/strong><\/a><\/li>\n<\/ul>\n","protected":false},"excerpt":{"rendered":"<p>19 de outubro de 2013 No dia 19 de outubro, membros do NESC foram convidados a apresentar os resultados da pesquisa sobre sa\u00fade de fumicultores, realizada em Rio Azul-PR, durante evento ocorrido no munic\u00edpio de Prudent\u00f3polis-PR. Naquele munic\u00edpio, na comunidade rural de Marcondes, aconteceu a I Feira das Sementes Crioulas, da Biodiversidade e em Favor<br \/> <a href=\"https:\/\/saude.ufpr.br\/nesc\/eventos\/2013-2\/\" class=\"button success small readmore\">Leia mais<\/a><\/p>\n","protected":false},"author":15,"featured_media":0,"parent":10,"menu_order":0,"comment_status":"closed","ping_status":"closed","template":"","meta":{"_acf_changed":false,"_uag_custom_page_level_css":"","footnotes":""},"class_list":["post-53","page","type-page","status-publish","hentry"],"acf":[],"featured_image_src":null,"uagb_featured_image_src":{"full":false,"thumbnail":false,"medium":false,"medium_large":false,"large":false,"1536x1536":false,"2048x2048":false,"noticias-thumb":false,"banners-thumb":false,"maisnoticias-thumb":false,"post-thumbnail":false},"uagb_author_info":{"display_name":"Andrea Jankoski","author_link":"https:\/\/saude.ufpr.br\/nesc\/author\/andrea\/"},"uagb_comment_info":0,"uagb_excerpt":"19 de outubro de 2013 No dia 19 de outubro, membros do NESC foram convidados a apresentar os resultados da pesquisa sobre sa\u00fade de fumicultores, realizada em Rio Azul-PR, durante evento ocorrido no munic\u00edpio de Prudent\u00f3polis-PR. Naquele munic\u00edpio, na comunidade rural de Marcondes, aconteceu a I Feira das Sementes Crioulas, da Biodiversidade e em Favor&hellip;","publishpress_future_action":{"enabled":false,"date":"2026-04-12 13:31:58","action":"change-status","newStatus":"draft","terms":[],"taxonomy":"","extraData":[]},"publishpress_future_workflow_manual_trigger":{"enabledWorkflows":[]},"_links":{"self":[{"href":"https:\/\/saude.ufpr.br\/nesc\/wp-json\/wp\/v2\/pages\/53","targetHints":{"allow":["GET"]}}],"collection":[{"href":"https:\/\/saude.ufpr.br\/nesc\/wp-json\/wp\/v2\/pages"}],"about":[{"href":"https:\/\/saude.ufpr.br\/nesc\/wp-json\/wp\/v2\/types\/page"}],"author":[{"embeddable":true,"href":"https:\/\/saude.ufpr.br\/nesc\/wp-json\/wp\/v2\/users\/15"}],"replies":[{"embeddable":true,"href":"https:\/\/saude.ufpr.br\/nesc\/wp-json\/wp\/v2\/comments?post=53"}],"version-history":[{"count":16,"href":"https:\/\/saude.ufpr.br\/nesc\/wp-json\/wp\/v2\/pages\/53\/revisions"}],"predecessor-version":[{"id":930,"href":"https:\/\/saude.ufpr.br\/nesc\/wp-json\/wp\/v2\/pages\/53\/revisions\/930"}],"up":[{"embeddable":true,"href":"https:\/\/saude.ufpr.br\/nesc\/wp-json\/wp\/v2\/pages\/10"}],"wp:attachment":[{"href":"https:\/\/saude.ufpr.br\/nesc\/wp-json\/wp\/v2\/media?parent=53"}],"curies":[{"name":"wp","href":"https:\/\/api.w.org\/{rel}","templated":true}]}}