{"id":596,"date":"2016-12-20T17:47:53","date_gmt":"2016-12-20T17:47:53","guid":{"rendered":"https:\/\/saude.ufpr.br\/nesc\/?page_id=596"},"modified":"2017-09-12T18:08:14","modified_gmt":"2017-09-12T18:08:14","slug":"pre-conferencia-municipal-de-saude-rio-azul","status":"publish","type":"page","link":"https:\/\/saude.ufpr.br\/nesc\/eventos\/2011-2\/pre-conferencia-municipal-de-saude-rio-azul\/","title":{"rendered":"Pr\u00e9-Confer\u00eancia Municipal de Sa\u00fade &#8211; Rio Azul"},"content":{"rendered":"<p><a href=\"https:\/\/saude.ufpr.br\/nesc\/wp-content\/uploads\/sites\/11\/2016\/12\/DSCN3059.jpg\"><img fetchpriority=\"high\" decoding=\"async\" class=\"alignnone wp-image-597\" src=\"https:\/\/saude.ufpr.br\/nesc\/wp-content\/uploads\/sites\/11\/2016\/12\/DSCN3059-1024x768.jpg\" alt=\"DSCN3059\" width=\"478\" height=\"359\" srcset=\"https:\/\/saude.ufpr.br\/nesc\/wp-content\/uploads\/sites\/11\/2016\/12\/DSCN3059-1024x768.jpg 1024w, https:\/\/saude.ufpr.br\/nesc\/wp-content\/uploads\/sites\/11\/2016\/12\/DSCN3059-300x225.jpg 300w, https:\/\/saude.ufpr.br\/nesc\/wp-content\/uploads\/sites\/11\/2016\/12\/DSCN3059-768x576.jpg 768w\" sizes=\"(max-width: 478px) 100vw, 478px\" \/><\/a>\u00a0\u00a0<a href=\"https:\/\/saude.ufpr.br\/nesc\/wp-content\/uploads\/sites\/11\/2016\/12\/DSCN3020.jpg\"><img decoding=\"async\" class=\"alignnone wp-image-599\" src=\"https:\/\/saude.ufpr.br\/nesc\/wp-content\/uploads\/sites\/11\/2016\/12\/DSCN3020-1024x768.jpg\" alt=\"DSCN3020\" width=\"478\" height=\"359\" srcset=\"https:\/\/saude.ufpr.br\/nesc\/wp-content\/uploads\/sites\/11\/2016\/12\/DSCN3020-1024x768.jpg 1024w, https:\/\/saude.ufpr.br\/nesc\/wp-content\/uploads\/sites\/11\/2016\/12\/DSCN3020-300x225.jpg 300w, https:\/\/saude.ufpr.br\/nesc\/wp-content\/uploads\/sites\/11\/2016\/12\/DSCN3020-768x576.jpg 768w\" sizes=\"(max-width: 478px) 100vw, 478px\" \/><\/a> <a href=\"https:\/\/saude.ufpr.br\/nesc\/wp-content\/uploads\/sites\/11\/2016\/12\/DSCN3030.jpg\"><img decoding=\"async\" class=\"alignnone wp-image-600\" src=\"https:\/\/saude.ufpr.br\/nesc\/wp-content\/uploads\/sites\/11\/2016\/12\/DSCN3030-1024x768.jpg\" alt=\"DSCN3030\" width=\"478\" height=\"359\" srcset=\"https:\/\/saude.ufpr.br\/nesc\/wp-content\/uploads\/sites\/11\/2016\/12\/DSCN3030-1024x768.jpg 1024w, https:\/\/saude.ufpr.br\/nesc\/wp-content\/uploads\/sites\/11\/2016\/12\/DSCN3030-300x225.jpg 300w, https:\/\/saude.ufpr.br\/nesc\/wp-content\/uploads\/sites\/11\/2016\/12\/DSCN3030-768x576.jpg 768w\" sizes=\"(max-width: 478px) 100vw, 478px\" \/><\/a> <a href=\"https:\/\/saude.ufpr.br\/nesc\/wp-content\/uploads\/sites\/11\/2016\/12\/DSCN3032.jpg\"><img loading=\"lazy\" decoding=\"async\" class=\"alignnone wp-image-601\" src=\"https:\/\/saude.ufpr.br\/nesc\/wp-content\/uploads\/sites\/11\/2016\/12\/DSCN3032-1024x768.jpg\" alt=\"DSCN3032\" width=\"478\" height=\"359\" srcset=\"https:\/\/saude.ufpr.br\/nesc\/wp-content\/uploads\/sites\/11\/2016\/12\/DSCN3032-1024x768.jpg 1024w, https:\/\/saude.ufpr.br\/nesc\/wp-content\/uploads\/sites\/11\/2016\/12\/DSCN3032-300x225.jpg 300w, https:\/\/saude.ufpr.br\/nesc\/wp-content\/uploads\/sites\/11\/2016\/12\/DSCN3032-768x576.jpg 768w\" sizes=\"(max-width: 478px) 100vw, 478px\" \/><\/a> <a href=\"https:\/\/saude.ufpr.br\/nesc\/wp-content\/uploads\/sites\/11\/2016\/12\/DSCN3039.jpg\"><img loading=\"lazy\" decoding=\"async\" class=\"alignnone wp-image-602\" src=\"https:\/\/saude.ufpr.br\/nesc\/wp-content\/uploads\/sites\/11\/2016\/12\/DSCN3039-1024x768.jpg\" alt=\"DSCN3039\" width=\"478\" height=\"359\" srcset=\"https:\/\/saude.ufpr.br\/nesc\/wp-content\/uploads\/sites\/11\/2016\/12\/DSCN3039-1024x768.jpg 1024w, https:\/\/saude.ufpr.br\/nesc\/wp-content\/uploads\/sites\/11\/2016\/12\/DSCN3039-300x225.jpg 300w, https:\/\/saude.ufpr.br\/nesc\/wp-content\/uploads\/sites\/11\/2016\/12\/DSCN3039-768x576.jpg 768w\" sizes=\"(max-width: 478px) 100vw, 478px\" \/><\/a> <a href=\"https:\/\/saude.ufpr.br\/nesc\/wp-content\/uploads\/sites\/11\/2016\/12\/DSCN3040.jpg\"><img loading=\"lazy\" decoding=\"async\" class=\"alignnone wp-image-603\" src=\"https:\/\/saude.ufpr.br\/nesc\/wp-content\/uploads\/sites\/11\/2016\/12\/DSCN3040-1024x768.jpg\" alt=\"DSCN3040\" width=\"478\" height=\"359\" srcset=\"https:\/\/saude.ufpr.br\/nesc\/wp-content\/uploads\/sites\/11\/2016\/12\/DSCN3040-1024x768.jpg 1024w, https:\/\/saude.ufpr.br\/nesc\/wp-content\/uploads\/sites\/11\/2016\/12\/DSCN3040-300x225.jpg 300w, https:\/\/saude.ufpr.br\/nesc\/wp-content\/uploads\/sites\/11\/2016\/12\/DSCN3040-768x576.jpg 768w\" sizes=\"(max-width: 478px) 100vw, 478px\" \/><\/a> <a href=\"https:\/\/saude.ufpr.br\/nesc\/wp-content\/uploads\/sites\/11\/2016\/12\/DSCN3056.jpg\"><img loading=\"lazy\" decoding=\"async\" class=\"alignnone wp-image-604\" src=\"https:\/\/saude.ufpr.br\/nesc\/wp-content\/uploads\/sites\/11\/2016\/12\/DSCN3056-1024x768.jpg\" alt=\"DSCN3056\" width=\"478\" height=\"359\" srcset=\"https:\/\/saude.ufpr.br\/nesc\/wp-content\/uploads\/sites\/11\/2016\/12\/DSCN3056-1024x768.jpg 1024w, https:\/\/saude.ufpr.br\/nesc\/wp-content\/uploads\/sites\/11\/2016\/12\/DSCN3056-300x225.jpg 300w, https:\/\/saude.ufpr.br\/nesc\/wp-content\/uploads\/sites\/11\/2016\/12\/DSCN3056-768x576.jpg 768w\" sizes=\"(max-width: 478px) 100vw, 478px\" \/><\/a><\/p>\n","protected":false},"excerpt":{"rendered":"<p>\u00a0\u00a0<\/p>\n","protected":false},"author":1583,"featured_media":0,"parent":381,"menu_order":0,"comment_status":"closed","ping_status":"closed","template":"","meta":{"_acf_changed":false,"_uag_custom_page_level_css":"","footnotes":""},"class_list":["post-596","page","type-page","status-publish","hentry"],"acf":[],"featured_image_src":null,"uagb_featured_image_src":{"full":false,"thumbnail":false,"medium":false,"medium_large":false,"large":false,"1536x1536":false,"2048x2048":false,"noticias-thumb":false,"banners-thumb":false,"maisnoticias-thumb":false,"post-thumbnail":false},"uagb_author_info":{"display_name":"guilherme albuquerque","author_link":"https:\/\/saude.ufpr.br\/nesc\/author\/guilherme\/"},"uagb_comment_info":0,"uagb_excerpt":"\u00a0\u00a0","publishpress_future_action":{"enabled":false,"date":"2026-05-02 12:39:26","action":"change-status","newStatus":"draft","terms":[],"taxonomy":"","extraData":[]},"publishpress_future_workflow_manual_trigger":{"enabledWorkflows":[]},"_links":{"self":[{"href":"https:\/\/saude.ufpr.br\/nesc\/wp-json\/wp\/v2\/pages\/596","targetHints":{"allow":["GET"]}}],"collection":[{"href":"https:\/\/saude.ufpr.br\/nesc\/wp-json\/wp\/v2\/pages"}],"about":[{"href":"https:\/\/saude.ufpr.br\/nesc\/wp-json\/wp\/v2\/types\/page"}],"author":[{"embeddable":true,"href":"https:\/\/saude.ufpr.br\/nesc\/wp-json\/wp\/v2\/users\/1583"}],"replies":[{"embeddable":true,"href":"https:\/\/saude.ufpr.br\/nesc\/wp-json\/wp\/v2\/comments?post=596"}],"version-history":[{"count":1,"href":"https:\/\/saude.ufpr.br\/nesc\/wp-json\/wp\/v2\/pages\/596\/revisions"}],"predecessor-version":[{"id":605,"href":"https:\/\/saude.ufpr.br\/nesc\/wp-json\/wp\/v2\/pages\/596\/revisions\/605"}],"up":[{"embeddable":true,"href":"https:\/\/saude.ufpr.br\/nesc\/wp-json\/wp\/v2\/pages\/381"}],"wp:attachment":[{"href":"https:\/\/saude.ufpr.br\/nesc\/wp-json\/wp\/v2\/media?parent=596"}],"curies":[{"name":"wp","href":"https:\/\/api.w.org\/{rel}","templated":true}]}}