{"id":642,"date":"2016-12-20T18:05:12","date_gmt":"2016-12-20T18:05:12","guid":{"rendered":"https:\/\/saude.ufpr.br\/nesc\/?page_id=642"},"modified":"2017-09-12T17:55:48","modified_gmt":"2017-09-12T17:55:48","slug":"2-evinci","status":"publish","type":"page","link":"https:\/\/saude.ufpr.br\/nesc\/eventos\/2012-2\/2-evinci\/","title":{"rendered":"2\u00b0 EVINCI"},"content":{"rendered":"<p><a href=\"https:\/\/saude.ufpr.br\/nesc\/wp-content\/uploads\/sites\/11\/2016\/12\/Trab.-Contamina\u00e7\u00e3o-Agrot\u00f3xicos-20o.EVINCI-2012-001.jpg\"><img fetchpriority=\"high\" decoding=\"async\" class=\"alignnone  wp-image-643\" src=\"https:\/\/saude.ufpr.br\/nesc\/wp-content\/uploads\/sites\/11\/2016\/12\/Trab.-Contamina\u00e7\u00e3o-Agrot\u00f3xicos-20o.EVINCI-2012-001-1024x744.jpg\" alt=\"Trab. Contamina\u00e7\u00e3o Agrot\u00f3xicos-20o.EVINCI-2012 001\" width=\"610\" height=\"443\" srcset=\"https:\/\/saude.ufpr.br\/nesc\/wp-content\/uploads\/sites\/11\/2016\/12\/Trab.-Contamina\u00e7\u00e3o-Agrot\u00f3xicos-20o.EVINCI-2012-001-1024x744.jpg 1024w, https:\/\/saude.ufpr.br\/nesc\/wp-content\/uploads\/sites\/11\/2016\/12\/Trab.-Contamina\u00e7\u00e3o-Agrot\u00f3xicos-20o.EVINCI-2012-001-300x218.jpg 300w, https:\/\/saude.ufpr.br\/nesc\/wp-content\/uploads\/sites\/11\/2016\/12\/Trab.-Contamina\u00e7\u00e3o-Agrot\u00f3xicos-20o.EVINCI-2012-001-768x558.jpg 768w\" sizes=\"(max-width: 610px) 100vw, 610px\" \/><\/a><\/p>\n","protected":false},"excerpt":{"rendered":"","protected":false},"author":1583,"featured_media":0,"parent":639,"menu_order":0,"comment_status":"closed","ping_status":"closed","template":"","meta":{"_acf_changed":false,"_uag_custom_page_level_css":"","footnotes":""},"class_list":["post-642","page","type-page","status-publish","hentry"],"acf":[],"featured_image_src":null,"uagb_featured_image_src":{"full":false,"thumbnail":false,"medium":false,"medium_large":false,"large":false,"1536x1536":false,"2048x2048":false,"noticias-thumb":false,"banners-thumb":false,"maisnoticias-thumb":false,"post-thumbnail":false},"uagb_author_info":{"display_name":"guilherme albuquerque","author_link":"https:\/\/saude.ufpr.br\/nesc\/author\/guilherme\/"},"uagb_comment_info":0,"uagb_excerpt":null,"publishpress_future_action":{"enabled":false,"date":"2026-04-12 15:08:50","action":"change-status","newStatus":"draft","terms":[],"taxonomy":"","extraData":[]},"publishpress_future_workflow_manual_trigger":{"enabledWorkflows":[]},"_links":{"self":[{"href":"https:\/\/saude.ufpr.br\/nesc\/wp-json\/wp\/v2\/pages\/642","targetHints":{"allow":["GET"]}}],"collection":[{"href":"https:\/\/saude.ufpr.br\/nesc\/wp-json\/wp\/v2\/pages"}],"about":[{"href":"https:\/\/saude.ufpr.br\/nesc\/wp-json\/wp\/v2\/types\/page"}],"author":[{"embeddable":true,"href":"https:\/\/saude.ufpr.br\/nesc\/wp-json\/wp\/v2\/users\/1583"}],"replies":[{"embeddable":true,"href":"https:\/\/saude.ufpr.br\/nesc\/wp-json\/wp\/v2\/comments?post=642"}],"version-history":[{"count":1,"href":"https:\/\/saude.ufpr.br\/nesc\/wp-json\/wp\/v2\/pages\/642\/revisions"}],"predecessor-version":[{"id":644,"href":"https:\/\/saude.ufpr.br\/nesc\/wp-json\/wp\/v2\/pages\/642\/revisions\/644"}],"up":[{"embeddable":true,"href":"https:\/\/saude.ufpr.br\/nesc\/wp-json\/wp\/v2\/pages\/639"}],"wp:attachment":[{"href":"https:\/\/saude.ufpr.br\/nesc\/wp-json\/wp\/v2\/media?parent=642"}],"curies":[{"name":"wp","href":"https:\/\/api.w.org\/{rel}","templated":true}]}}