{"id":65,"date":"2016-04-08T11:43:54","date_gmt":"2016-04-08T11:43:54","guid":{"rendered":"https:\/\/saude.ufpr.br\/nesc\/?page_id=65"},"modified":"2017-09-12T18:56:08","modified_gmt":"2017-09-12T18:56:08","slug":"monografias","status":"publish","type":"page","link":"https:\/\/saude.ufpr.br\/nesc\/producao\/monografias\/","title":{"rendered":"Monografias"},"content":{"rendered":"<p style=\"padding-left: 30px;\"><strong><span style=\"color: #0000ff;\"><a href=\"https:\/\/saude.ufpr.br\/nesc\/residencia-multiprofissional-em-saude-da-familia-turma-2002-2004\/\" target=\"_blank\" rel=\"noopener\">Resid\u00eancia Multiprofissional em Sa\u00fade da Fam\u00edlia | Turma 2002-2004<\/a><\/span><\/strong><\/p>\n<p style=\"padding-left: 30px;\"><strong><span style=\"color: #0000ff;\"><a href=\"https:\/\/saude.ufpr.br\/nesc\/residencia-multiprofissional-em-saude-da-familia-turma-2005-2007\/\" target=\"_blank\" rel=\"noopener\">Resid\u00eancia Multiprofissional em Sa\u00fade da Fam\u00edlia | Turma 2005-2007<\/a><\/span><\/strong><\/p>\n<p style=\"padding-left: 30px;\"><strong><span style=\"color: #0000ff;\"><a href=\"https:\/\/saude.ufpr.br\/nesc\/especializacao-turma-1998\/\" target=\"_blank\" rel=\"noopener\">Especializa\u00e7\u00e3o | Turma 1998<\/a><\/span><\/strong><\/p>\n<p style=\"padding-left: 30px;\"><strong><span style=\"color: #0000ff;\"><a href=\"https:\/\/saude.ufpr.br\/nesc\/especializacao-turma-1999\/\" target=\"_blank\" rel=\"noopener\">Especializa\u00e7\u00e3o | Turma 1999<\/a><\/span><\/strong><\/p>\n<p style=\"padding-left: 30px;\"><strong><span style=\"color: #0000ff;\"><a href=\"https:\/\/saude.ufpr.br\/nesc\/especializacao-turma-2002a\/\" target=\"_blank\" rel=\"noopener\">Especializa\u00e7\u00e3o | Turma 2002A<\/a><\/span><\/strong><\/p>\n<p style=\"padding-left: 30px;\"><strong><span style=\"color: #0000ff;\"><a href=\"https:\/\/saude.ufpr.br\/nesc\/especializacao-turma-2002b\/\" target=\"_blank\" rel=\"noopener\">Especializa\u00e7\u00e3o | Turma 2002B<\/a><\/span><\/strong><\/p>\n<p style=\"padding-left: 30px;\"><strong><span style=\"color: #0000ff;\"><a href=\"https:\/\/saude.ufpr.br\/nesc\/especializacao-turma-2004\/\" target=\"_blank\" rel=\"noopener\">Especializa\u00e7\u00e3o | Turma 2004<\/a><\/span><\/strong><\/p>\n<p style=\"padding-left: 30px;\"><strong>\u00a0<\/strong><\/p>\n","protected":false},"excerpt":{"rendered":"<p>Resid\u00eancia Multiprofissional em Sa\u00fade da Fam\u00edlia | Turma 2002-2004 Resid\u00eancia Multiprofissional em Sa\u00fade da Fam\u00edlia | Turma 2005-2007 Especializa\u00e7\u00e3o | Turma 1998 Especializa\u00e7\u00e3o | Turma 1999 Especializa\u00e7\u00e3o | Turma 2002A Especializa\u00e7\u00e3o | Turma 2002B Especializa\u00e7\u00e3o | Turma 2004 \u00a0<\/p>\n","protected":false},"author":1583,"featured_media":0,"parent":12,"menu_order":0,"comment_status":"closed","ping_status":"closed","template":"","meta":{"_acf_changed":false,"_uag_custom_page_level_css":"","footnotes":""},"class_list":["post-65","page","type-page","status-publish","hentry"],"acf":[],"featured_image_src":null,"uagb_featured_image_src":{"full":false,"thumbnail":false,"medium":false,"medium_large":false,"large":false,"1536x1536":false,"2048x2048":false,"noticias-thumb":false,"banners-thumb":false,"maisnoticias-thumb":false,"post-thumbnail":false},"uagb_author_info":{"display_name":"guilherme albuquerque","author_link":"https:\/\/saude.ufpr.br\/nesc\/author\/guilherme\/"},"uagb_comment_info":0,"uagb_excerpt":"Resid\u00eancia Multiprofissional em Sa\u00fade da Fam\u00edlia | Turma 2002-2004 Resid\u00eancia Multiprofissional em Sa\u00fade da Fam\u00edlia | Turma 2005-2007 Especializa\u00e7\u00e3o | Turma 1998 Especializa\u00e7\u00e3o | Turma 1999 Especializa\u00e7\u00e3o | Turma 2002A Especializa\u00e7\u00e3o | Turma 2002B Especializa\u00e7\u00e3o | Turma 2004 \u00a0","publishpress_future_action":{"enabled":false,"date":"2026-04-11 09:26:14","action":"change-status","newStatus":"draft","terms":[],"taxonomy":"","extraData":[]},"publishpress_future_workflow_manual_trigger":{"enabledWorkflows":[]},"_links":{"self":[{"href":"https:\/\/saude.ufpr.br\/nesc\/wp-json\/wp\/v2\/pages\/65","targetHints":{"allow":["GET"]}}],"collection":[{"href":"https:\/\/saude.ufpr.br\/nesc\/wp-json\/wp\/v2\/pages"}],"about":[{"href":"https:\/\/saude.ufpr.br\/nesc\/wp-json\/wp\/v2\/types\/page"}],"author":[{"embeddable":true,"href":"https:\/\/saude.ufpr.br\/nesc\/wp-json\/wp\/v2\/users\/1583"}],"replies":[{"embeddable":true,"href":"https:\/\/saude.ufpr.br\/nesc\/wp-json\/wp\/v2\/comments?post=65"}],"version-history":[{"count":8,"href":"https:\/\/saude.ufpr.br\/nesc\/wp-json\/wp\/v2\/pages\/65\/revisions"}],"predecessor-version":[{"id":982,"href":"https:\/\/saude.ufpr.br\/nesc\/wp-json\/wp\/v2\/pages\/65\/revisions\/982"}],"up":[{"embeddable":true,"href":"https:\/\/saude.ufpr.br\/nesc\/wp-json\/wp\/v2\/pages\/12"}],"wp:attachment":[{"href":"https:\/\/saude.ufpr.br\/nesc\/wp-json\/wp\/v2\/media?parent=65"}],"curies":[{"name":"wp","href":"https:\/\/api.w.org\/{rel}","templated":true}]}}