{"id":78,"date":"2016-04-08T12:04:37","date_gmt":"2016-04-08T12:04:37","guid":{"rendered":"https:\/\/saude.ufpr.br\/nesc\/?page_id=78"},"modified":"2017-09-12T18:43:45","modified_gmt":"2017-09-12T18:43:45","slug":"especializacao-turma-1999","status":"publish","type":"page","link":"https:\/\/saude.ufpr.br\/nesc\/producao\/monografias\/especializacao-turma-1999\/","title":{"rendered":"Especializa\u00e7\u00e3o | Turma 1999"},"content":{"rendered":"<h3 style=\"text-align: center;\">Angelmar Constantino Roman \u2013 Informatiza\u00e7\u00e3o Simplificada Do Prontu\u00e1rio Cl\u00ednico Do PSF Atrav\u00e9s Da Constru\u00e7\u00e3o De Um Sum\u00e1rio Din\u00e2mico Do Paciente<\/h3>\n<div>\n<p align=\"justify\">O prontu\u00e1rio cl\u00ednico dos Programas de atendimento \u00e0 Sa\u00fade da Fam\u00edlia (PSF) tem seguido o modelo tradicional (em papel ou sua transcri\u00e7\u00e3o literal para meio eletr\u00f4nico), insuficiente, como ferramenta, para a abordagem individual\/familiar globalizada, pr\u00f3pria dessa estrat\u00e9gia de assist\u00eancia. A desej\u00e1vel informatiza\u00e7\u00e3o completa dos registros de atendimento, ou seja, a implanta\u00e7\u00e3o do chamado Prontu\u00e1rio Eletr\u00f4nico, por\u00e9m, envolve investimentos em equipamentos com grande capacidade de armazenamento, constru\u00e7\u00e3o e manuten\u00e7\u00e3o de um sofisticado sistema l\u00f3gico, al\u00e9m de readapta\u00e7\u00e3o de todo o modo como a equipe de sa\u00fade faz as anota\u00e7\u00f5es dos pacientes. Atrav\u00e9s de levantamento bibliogr\u00e1fico foi idealizado um modelo de Resumo de sa\u00fade do paciente e de roteiro de exame peri\u00f3dico. Esse modelo, que denominamos Sum\u00e1rio Din\u00e2mico do Paciente (SDP), foi informatizado e um prot\u00f3tipo consta do disquete anexo, que complementa este trabalho. Tal instrumento convive com o prontu\u00e1rio em papel (para as anota\u00e7\u00f5es do atendimento por demanda) e consiste de um sistema de telas baseadas em um banco de dados com as informa\u00e7\u00f5es mais relevantes do paciente e seus familiares, de modo a apoiar o profissional de sa\u00fade nas revis\u00f5es peri\u00f3dicas de sa\u00fade, na vigil\u00e2ncia \u00e0 sa\u00fade e nos atendimentos eventuais dirigidos \u00e0 queixa.<\/p>\n<hr \/>\n<\/div>\n<h3 style=\"text-align: center;\">Dalton Ant\u00f4nio Slongo; Vilma Steingr\u00e4ber Slongo \u2013 As Fam\u00edlias Da \u201cUnidade De Sa\u00fade De Rio Das Antas \u2013 SC\u201d E O Seu Conhecimento Sobre A Hepatite<\/h3>\n<div>\n<p align=\"justify\">A educa\u00e7\u00e3o em sa\u00fade se mostra muito necess\u00e1ria como medida para evidenciar as causas de doen\u00e7as infecto-contagiosas, como \u00e9 o caso da hepatite, que pode ter transmiss\u00e3o fecal, parenteral ou sexual. A comunidade pesquisada mostrou que o indiv\u00edduo com menor n\u00edvel de escolaridade apresenta maior desconhecimento sobre as formas de preven\u00e7\u00e3o. E que determinados grupos de pessoas, como donas-de-casa, trabalhadores de ind\u00fastria de alimentos e prestadores de servi\u00e7os de limpeza exigem maior aten\u00e7\u00e3o, como mostra a pesquisa, porque pelas suas fun\u00e7\u00f5es exercem papel importante na cadeia de transmiss\u00e3o das enfermidades infecto-contagiosas. A hepatite, que na maior parte dos casos \u00e9 considerada benigna, porque evolui para a recupera\u00e7\u00e3o completa do quadro cl\u00ednico sem deixar complica\u00e7\u00f5es, em outras situa\u00e7\u00f5es pode apresentar um quadro cl\u00ednico fulminante, ou ainda, uma forma cr\u00f4nica pode evoluir para cirrose e c\u00e2ncer hep\u00e1tico. Como o saneamento b\u00e1sico e as condi\u00e7\u00f5es s\u00f3cio-econ\u00f4micas da popula\u00e7\u00e3o interferem diretamente na transmiss\u00e3o, as autoridades sanit\u00e1rias devem ser orientadas para o correto destino dos dejetos, bem como intensificar a vacina\u00e7\u00e3o de indiv\u00edduos de maior risco. A pesquisa feita na Unidade de Sa\u00fade nos mostrou a necessidade de interven\u00e7\u00e3o educativa da popula\u00e7\u00e3o, porque os riscos de contamina\u00e7\u00e3o pelo v\u00edrus da hepatite est\u00e3o na depend\u00eancia direta das condi\u00e7\u00f5es de higiene. Sendo assim, a melhor maneira de reduzir os danos \u00e9 a preven\u00e7\u00e3o, que \u00e9 conseguida pela Educa\u00e7\u00e3o em Sa\u00fade, onde a equipe de Sa\u00fade da Fam\u00edlia, trabalhando em conjunto, poder\u00e1 melhorar os n\u00fameros deste mal, possibilitando \u00e0 popula\u00e7\u00e3o melhores condi\u00e7\u00f5es de vida e um futuro mais promissor.<\/p>\n<hr \/>\n<\/div>\n<h3 style=\"text-align: center;\">Eliane N. P. Linhares; Sueli Yajima \u2013 Necessidade E Perspectivas Da Forma\u00e7\u00e3o Na Gradua\u00e7\u00e3o, P\u00f3s-Gradua\u00e7\u00e3o E Servi\u00e7o Em Sa\u00fade Da Fam\u00edlia<\/h3>\n<div>\n<p align=\"justify\">O trabalho demonstra, num primeiro momento, a apreens\u00e3o te\u00f3rica que orienta a pr\u00e1tica do PSF, enquanto uma estrat\u00e9gia de pol\u00edtica governamental, implantada em diferentes pa\u00edses, como Canad\u00e1, Inglaterra, Cuba, Estados Unidos e, mais recentemente, no Brasil. Aponta referenciais e estrat\u00e9gias de pr\u00e1ticas diferenciadas que v\u00eam influenciando a implanta\u00e7\u00e3o do PSF na sociedade brasileira. Num segundo momento, evidencia-se a quest\u00e3o central que trata das perspectivas da forma\u00e7\u00e3o dos profissionais m\u00e9dicos e dentistas da Secretaria Municipal de Sa\u00fade de Curitiba e que atuam no PSF, enfocando a caracteriza\u00e7\u00e3o desta realidade nos aspectos de forma\u00e7\u00e3o profissional na gradua\u00e7\u00e3o e servi\u00e7o, bem como as necessidades espec\u00edficas na atua\u00e7\u00e3o cl\u00ednica, abordagem familiar e comunit\u00e1ria. Enfoca ainda o desenvolvimento de habilidades, a constitui\u00e7\u00e3o de conhecimentos ampliados e espec\u00edficos para atua\u00e7\u00e3o dos profissionais do PSF.<\/p>\n<hr \/>\n<\/div>\n<div><\/div>\n<h3 style=\"text-align: center;\">F\u00e1tima Martinez Slomp \u2013 Melhora Quantitativa Dos Preventivos De C\u00e2ncer Uterino Colhidos Nos Domic\u00edlios No Programa Sa\u00fade Da Fam\u00edlia De Guarapuava (PR)<\/h3>\n<div>\n<p align=\"justify\">O trabalho apresentado ocorreu no munic\u00edpio de Guarapuava (PR), que tem uma popula\u00e7\u00e3o de 160 mil habitantes. A \u00e1rea pesquisada foi a do bairro Jardim das Am\u00e9ricas, onde o Programa Sa\u00fade da Fam\u00edlia est\u00e1 atuando j\u00e1 h\u00e1 2 anos. Este programa tem como princ\u00edpio realizar visitas domiciliares atrav\u00e9s de uma equipe de profissionais que conta com 1 m\u00e9dico, 1 enfermeira, 1 auxiliar de enfermagem e 6 ACSs (Agentes Comunit\u00e1rios de Sa\u00fade) e leva os cuidados preventivos necess\u00e1rios e orienta\u00e7\u00f5es cont\u00ednuas \u00e0 comunidade. Nele, a autora procedeu a avalia\u00e7\u00e3o do Programa Preventivo Educativo em Coleta de Exame Citopatol\u00f3gico de Colo Uterino com mulheres na faixa de 15 a 70 anos de idade, abrangendo o per\u00edodo de outubro de 1999 a setembro de 2000. Essas mulheres foram visitadas em seus domic\u00edlios durante 1 ano, em car\u00e1ter ininterrupto. Observou-se que a situa\u00e7\u00e3o das mesmas em rela\u00e7\u00e3o \u00e0 coleta de preventivos era deficiente, por diversos fatores como: dist\u00e2ncia ao Posto de Sa\u00fade, vergonha, tabu, proibi\u00e7\u00e3o do companheiro, cultura, desconhecimento da import\u00e2ncia do exame entre outros. Para a realiza\u00e7\u00e3o dos exames foram utilizados m\u00e9todos de setoriza\u00e7\u00e3o das \u00e1reas de abrang\u00eancia do Programa e divididas entre os ACSs (Agentes Comunit\u00e1rios de Sa\u00fade); os question\u00e1rio foram aplicados em entrevistas com a comunidade e, posteriormente, os agendamentos para os exames foram feitos. A cada lote de resultados dos exames eram, portanto, levantados os dados de avalia\u00e7\u00e3o.<\/p>\n<hr \/>\n<\/div>\n<h3 style=\"text-align: center;\"><\/h3>\n<div><\/div>\n<h3 style=\"text-align: center;\">Francisca De Lara \u2013 Trabalhando Com Fam\u00edlias De Crian\u00e7as Portadoras De Feilceton\u00faria: Uma An\u00e1lise Sociocultural<\/h3>\n<div>\n<p align=\"justify\">O presente trabalho est\u00e1 sendo apresentado como conclus\u00e3o do Curso de Especializa\u00e7\u00e3o em Sa\u00fade Coletiva, \u00c1rea de concentra\u00e7\u00e3o em Sa\u00fade da Fam\u00edlia, onde foi realizada pesquisa junto aos familiares de crian\u00e7as portadores de fenilceton\u00faria em tratamento na Unidade de Endocrinologia Pedi\u00e1trica do Hospital de Cl\u00ednicas da UFPR. Foram analisados os fatores socioculturais relacionados ao tratamento. A fundamenta\u00e7\u00e3o te\u00f3rica trata, primeiramente, a respeito da educa\u00e7\u00e3o, que consiste no ato de buscar o aperfei\u00e7oamento do homem para a vida em sociedade e da educa\u00e7\u00e3o para a sa\u00fade, que evidencia a import\u00e2ncia da auto-educa\u00e7\u00e3o e do tratamento m\u00e9dico com benef\u00edcio s\u00f3cio-cultural que o portador de doen\u00e7a cr\u00f4nica necessita para garantir sua qualidade de vida. Em seguida, refere-se \u00e0 fenilceton\u00faria, doen\u00e7a cr\u00f4nica de transmiss\u00e3o gen\u00e9tica, causada pela defici\u00eancia da atividade da enzima fenilalanina-hidroxilase, respons\u00e1vel pela convers\u00e3o de fenilalanina em tirosina. A falta desta enzima ocasiona o aumento de fenilalanina no sangue. O diagn\u00f3stico e o tratamento precoce permitem o desenvolvimento intelectual normal da crian\u00e7a. O tratamento consiste numa dieta rigorosa para restringir a ingest\u00e3o de fenilalanina ao m\u00ednimo. Enfatizam-se tamb\u00e9m as dificuldades dos profissionais de sa\u00fade, limitados \u00e0s vari\u00e1veis socioculturais. Citam-se as caracter\u00edsticas dos servi\u00e7os onde o trabalho e as dificuldades pelas quais passam as fam\u00edlias de crian\u00e7as portadoras de doen\u00e7as cr\u00f4nicas e sua inser\u00e7\u00e3o na comunidade.<\/p>\n<hr \/>\n<\/div>\n<h3><\/h3>\n<div style=\"text-align: center;\"><\/div>\n<h3 style=\"text-align: center;\">Isedi Jung; Raquel Luciany Cassapula \u2013 Uso De V\u00eddeo Educativo Para Orienta\u00e7\u00e3o De Pacientes E Acompanhantes Em Sala De Espera<\/h3>\n<div style=\"text-align: center;\">\n<p align=\"justify\">O objetivo do presente trabalho \u00e9 avaliar a receptividade de pacientes e acompanhantes nos ambulat\u00f3rios de Epilepsia e Neuro-infec\u00e7\u00e3o \u00e0 apresenta\u00e7\u00e3o de v\u00eddeos educativos na sala de espera. M\u00e9todo: na sala de espera do ambulat\u00f3rio de Epilepsia e Neuro-infec\u00e7\u00e3o, a Assistente Social com experi\u00eancia na \u00e1rea prop\u00f5e aos presentes que assistam aos v\u00eddeos sobre Epilepsia, Ten\u00edase, Cisticercose e Aids, que esclarecem sobre estas patologias e os cuidados com o paciente. Os v\u00eddeos t\u00eam a dura\u00e7\u00e3o m\u00e9dia de 20 minutos. Ao t\u00e9rmino, foi solicitado a todos, pacientes e acompanhantes, que respondessem a um question\u00e1rio com 11 perguntas de avalia\u00e7\u00e3o qualitativas, seis quest\u00f5es de avalia\u00e7\u00e3o da compreens\u00e3o do conte\u00fado sobre Neurocisticercose e Aids (anexo). Foram respondidos 208 question\u00e1rios, 130 por pacientes e 78 por acompanhantes. A m\u00e9dia das idades foi de 40 anos, sendo 71% do sexo feminino. Quanto \u00e0 escolaridade: 14,42% de analfabetos\/1\u00ba grau; 57,68% do 1\u00ba grau; 20,67% do 2\u00ba grau e 2,88% do 3\u00ba grau. Consideraram excelentes ou boas as proje\u00e7\u00f5es de v\u00eddeo educativo 69,71%, citando ser \u00fatil para passar o tempo de espera da consulta. A explica\u00e7\u00e3o pr\u00e9via serve para esclarecer o assunto e desperta o interesse para 82,69%, fazendo com que se sintam mais \u00e0 vontade 57,69%, devendo ser mais detalhada para 23,07%. A forma de apresenta\u00e7\u00e3o \u00e9 boa para 63,94%, a dura\u00e7\u00e3o adequada para 95,19% e a repeti\u00e7\u00e3o do v\u00eddeo poderia ocorrer para 36,53%. O conte\u00fado foi considerado f\u00e1cil de entender por 77,88%, completo por 54,32%, interessante por 25,00% e dif\u00edcil por 5,28%. Ademais, 36,05% aceitam a apresenta\u00e7\u00e3o de v\u00eddeos tamb\u00e9m sobre outros assuntos, e 74,03% sobre outras doen\u00e7as.<\/p>\n<hr \/>\n<\/div>\n<h3 style=\"text-align: center;\">Jos\u00e9 Carlos Jacomel \u2013 Um Panorama Sobre Odontogeriatria<\/h3>\n<div style=\"text-align: center;\">\n<p align=\"justify\">Esta pesquisa relata aspectos de interesse entre a Odontologia e a Geriatria. Vem de encontro a uma conscientiza\u00e7\u00e3o dos profissionais da classe odontol\u00f3gica e disciplinas da \u00e1rea de sa\u00fade, e tamb\u00e9m de algumas profiss\u00f5es afins que ela engloba num contexto geral da sociedade. Apresenta uma vis\u00e3o abrangente sobre a sa\u00fade oral das pessoas idosas, discorrendo sobre aspectos fisiol\u00f3gicos do envelhecimento dos componentes da cavidade oral e apresentados, tamb\u00e9m, os principais processos patol\u00f3gicos que afetam a sa\u00fade destes indiv\u00edduos. Traz conhecimentos relacionados com a sa\u00fade bucal da terceira idade, direcionando conhecimentos que podem trazer uma melhoria na qualidade de vida desta popula\u00e7\u00e3o, exigindo por partes dos profissionais uma revis\u00e3o dos seus conhecimentos t\u00e9cnicos e cient\u00edficos, e o vasto campo de trabalho que \u00e9 oferecido. A pr\u00e1tica da Odontologia Geri\u00e1trica envolve um amplo conhecimento de cl\u00ednica odontol\u00f3gica no adulto e de muitos aspectos da Odontologia Social e Preventiva. Al\u00e9m disso, \u00e9 importante salientar considera\u00e7\u00f5es aos transtornos mentais e de atitude do idoso. Esta deve incluir assuntos n\u00e3o associados necessariamente com a pr\u00e1tica odontol\u00f3gica. Alguma reflex\u00e3o deve ser dirigida no sentido de situar e tratar o idoso dentro da comunidade. O padr\u00e3o de odontologia oferecido ao idoso deve refletir o interesse do cirurgi\u00e3o-dentista em rela\u00e7\u00e3o a estas pessoas e seu papel na sociedade, bem como a responsabilidade da pr\u00f3pria sociedade para com elas.<\/p>\n<hr \/>\n<\/div>\n<h3 style=\"text-align: center;\">Jos\u00e9 Techy; Milton Slongo; Olenir Bonato \u2013 Uso De Fitoter\u00e1picos Pela Popula\u00e7\u00e3o Do Munic\u00edpio De Agudos Do Sul\/PR No Tratamento Da Hipertens\u00e3o Arterial Leve<\/h3>\n<div style=\"text-align: center;\">\n<p align=\"justify\">Foi institu\u00eddo um grupo de alunos do curso de Especializa\u00e7\u00e3o em Sa\u00fade Coletiva da Universidade Federal do Paran\u00e1, juntamente com os professores e alunos de Farmacologia da Universidade Tuiuti do Paran\u00e1, para realiza\u00e7\u00e3o da pesquisa junto \u00e0 popula\u00e7\u00e3o do Munic\u00edpio de Agudos do Sul, com o intuito de fazer um levantamento de plantas medicinais aplicadas no combate a doen\u00e7as, destacando-se as que poderiam ser \u00fateis no tratamento de Hipertens\u00e3o Arterial Leve. Entre as noventa e cinco plantas empregadas pela comunidade para os mais variados fins, as citadas com maior freq\u00fc\u00eancia foram: alecrim, boldo, capim-lim\u00e3o, erva cidreira, c\u00e2nfora, hortel\u00e3 e losna. A maioria apresenta um efeito calmante, raz\u00e3o pela qual s\u00e3o utilizadas como agentes anti-hipertensivos pelas pessoas entrevistadas. Utilizou-se um question\u00e1rio como m\u00e9todo, a fim de realizar as entrevistas. Cento e quarenta e tr\u00eas fam\u00edlias responderam as perguntas referentes a plantas medicinais de que mais faziam uso em caso de alguma doen\u00e7a. A an\u00e1lise do trabalho mostrou que a comunidade entrevistada vem utilizando plantas que, por seu efeito calmante, reduzem os n\u00edveis press\u00f3ricos do sangue. O resultado alcan\u00e7ado com tal trabalho demonstrou algumas restri\u00e7\u00f5es quanto ao uso individual e espont\u00e2neo de plantas medicinais pelas fam\u00edlias visitadas. N\u00e3o foi poss\u00edvel, por\u00e9m, aprofundar o estudo do uso de fitoter\u00e1picos no tratamento de Hipertens\u00e3o Arterial Leve, pois seria necess\u00e1rio um contato mais prolongado com a popula\u00e7\u00e3o.<\/p>\n<hr \/>\n<\/div>\n<h3 style=\"text-align: center;\"><\/h3>\n<div style=\"text-align: center;\"><\/div>\n<h3 style=\"text-align: center;\">Meiry Kakitani Takata \u2013 A Evolu\u00e7\u00e3o Dos Modelos Assistenciais Na Odontologia At\u00e9 A Implanta\u00e7\u00e3o Do Programa De Sa\u00fade Da Fam\u00edlia Na Secretaria Municipal Da Sa\u00fade De Curitiba<\/h3>\n<div style=\"text-align: center;\">\n<p align=\"justify\">Este trabalho apresenta a evolu\u00e7\u00e3o dos modelos assistenciais da Odontologia no munic\u00edpio de Curitiba, relatando desde a odontologia escolar, odontologia simplificada, odontologia integral at\u00e9 a implanta\u00e7\u00e3o da odontologia no Programa Sa\u00fade da Fam\u00edlia \u2013 PSF, fazendo tamb\u00e9m uma descri\u00e7\u00e3o dos acontecimentos pol\u00edticos para situar os modelos num contexto hist\u00f3rico. A tentativa de compreender o momento atual e tra\u00e7ar caminhos para o futuro se d\u00e1 observando o passado.<\/p>\n<\/div>\n","protected":false},"excerpt":{"rendered":"<p>Angelmar Constantino Roman \u2013 Informatiza\u00e7\u00e3o Simplificada Do Prontu\u00e1rio Cl\u00ednico Do PSF Atrav\u00e9s Da Constru\u00e7\u00e3o De Um Sum\u00e1rio Din\u00e2mico Do Paciente O prontu\u00e1rio cl\u00ednico dos Programas de atendimento \u00e0 Sa\u00fade da Fam\u00edlia (PSF) tem seguido o modelo tradicional (em papel ou sua transcri\u00e7\u00e3o literal para meio eletr\u00f4nico), insuficiente, como ferramenta, para a abordagem individual\/familiar globalizada, pr\u00f3pria<br \/> <a href=\"https:\/\/saude.ufpr.br\/nesc\/producao\/monografias\/especializacao-turma-1999\/\" class=\"button success small readmore\">Leia mais<\/a><\/p>\n","protected":false},"author":1583,"featured_media":0,"parent":65,"menu_order":0,"comment_status":"closed","ping_status":"closed","template":"","meta":{"_acf_changed":false,"_uag_custom_page_level_css":"","footnotes":""},"class_list":["post-78","page","type-page","status-publish","hentry"],"acf":[],"featured_image_src":null,"uagb_featured_image_src":{"full":false,"thumbnail":false,"medium":false,"medium_large":false,"large":false,"1536x1536":false,"2048x2048":false,"noticias-thumb":false,"banners-thumb":false,"maisnoticias-thumb":false,"post-thumbnail":false},"uagb_author_info":{"display_name":"guilherme albuquerque","author_link":"https:\/\/saude.ufpr.br\/nesc\/author\/guilherme\/"},"uagb_comment_info":0,"uagb_excerpt":"Angelmar Constantino Roman \u2013 Informatiza\u00e7\u00e3o Simplificada Do Prontu\u00e1rio Cl\u00ednico Do PSF Atrav\u00e9s Da Constru\u00e7\u00e3o De Um Sum\u00e1rio Din\u00e2mico Do Paciente O prontu\u00e1rio cl\u00ednico dos Programas de atendimento \u00e0 Sa\u00fade da Fam\u00edlia (PSF) tem seguido o modelo tradicional (em papel ou sua transcri\u00e7\u00e3o literal para meio eletr\u00f4nico), insuficiente, como ferramenta, para a abordagem individual\/familiar globalizada, pr\u00f3pria&hellip;","publishpress_future_action":{"enabled":false,"date":"2026-04-11 15:31:13","action":"change-status","newStatus":"draft","terms":[],"taxonomy":"","extraData":[]},"publishpress_future_workflow_manual_trigger":{"enabledWorkflows":[]},"_links":{"self":[{"href":"https:\/\/saude.ufpr.br\/nesc\/wp-json\/wp\/v2\/pages\/78","targetHints":{"allow":["GET"]}}],"collection":[{"href":"https:\/\/saude.ufpr.br\/nesc\/wp-json\/wp\/v2\/pages"}],"about":[{"href":"https:\/\/saude.ufpr.br\/nesc\/wp-json\/wp\/v2\/types\/page"}],"author":[{"embeddable":true,"href":"https:\/\/saude.ufpr.br\/nesc\/wp-json\/wp\/v2\/users\/1583"}],"replies":[{"embeddable":true,"href":"https:\/\/saude.ufpr.br\/nesc\/wp-json\/wp\/v2\/comments?post=78"}],"version-history":[{"count":2,"href":"https:\/\/saude.ufpr.br\/nesc\/wp-json\/wp\/v2\/pages\/78\/revisions"}],"predecessor-version":[{"id":971,"href":"https:\/\/saude.ufpr.br\/nesc\/wp-json\/wp\/v2\/pages\/78\/revisions\/971"}],"up":[{"embeddable":true,"href":"https:\/\/saude.ufpr.br\/nesc\/wp-json\/wp\/v2\/pages\/65"}],"wp:attachment":[{"href":"https:\/\/saude.ufpr.br\/nesc\/wp-json\/wp\/v2\/media?parent=78"}],"curies":[{"name":"wp","href":"https:\/\/api.w.org\/{rel}","templated":true}]}}