{"id":828,"date":"2016-12-21T12:27:12","date_gmt":"2016-12-21T12:27:12","guid":{"rendered":"https:\/\/saude.ufpr.br\/nesc\/?page_id=828"},"modified":"2017-09-12T17:20:21","modified_gmt":"2017-09-12T17:20:21","slug":"lancamento-do-dossie-sobre-agrotoxicos-da-abrasco","status":"publish","type":"page","link":"https:\/\/saude.ufpr.br\/nesc\/eventos\/2015-2\/lancamento-do-dossie-sobre-agrotoxicos-da-abrasco\/","title":{"rendered":"Lan\u00e7amento do Dossi\u00ea sobre Agrot\u00f3xicos da Abrasco"},"content":{"rendered":"<p><a href=\"https:\/\/saude.ufpr.br\/nesc\/wp-content\/uploads\/sites\/11\/2016\/12\/DSC_1338.jpg\"><img fetchpriority=\"high\" decoding=\"async\" class=\"alignnone  wp-image-829\" src=\"https:\/\/saude.ufpr.br\/nesc\/wp-content\/uploads\/sites\/11\/2016\/12\/DSC_1338-1024x576.jpg\" alt=\"DSC_1338\" width=\"478\" height=\"269\" srcset=\"https:\/\/saude.ufpr.br\/nesc\/wp-content\/uploads\/sites\/11\/2016\/12\/DSC_1338-1024x576.jpg 1024w, https:\/\/saude.ufpr.br\/nesc\/wp-content\/uploads\/sites\/11\/2016\/12\/DSC_1338-300x169.jpg 300w, https:\/\/saude.ufpr.br\/nesc\/wp-content\/uploads\/sites\/11\/2016\/12\/DSC_1338-768x432.jpg 768w\" sizes=\"(max-width: 478px) 100vw, 478px\" \/><\/a> <a href=\"https:\/\/saude.ufpr.br\/nesc\/wp-content\/uploads\/sites\/11\/2016\/12\/DSC_1339.jpg\"><img decoding=\"async\" class=\"alignnone  wp-image-830\" src=\"https:\/\/saude.ufpr.br\/nesc\/wp-content\/uploads\/sites\/11\/2016\/12\/DSC_1339-1024x576.jpg\" alt=\"DSC_1339\" width=\"478\" height=\"269\" srcset=\"https:\/\/saude.ufpr.br\/nesc\/wp-content\/uploads\/sites\/11\/2016\/12\/DSC_1339-1024x576.jpg 1024w, https:\/\/saude.ufpr.br\/nesc\/wp-content\/uploads\/sites\/11\/2016\/12\/DSC_1339-300x169.jpg 300w, https:\/\/saude.ufpr.br\/nesc\/wp-content\/uploads\/sites\/11\/2016\/12\/DSC_1339-768x432.jpg 768w\" sizes=\"(max-width: 478px) 100vw, 478px\" \/><\/a> <a href=\"https:\/\/saude.ufpr.br\/nesc\/wp-content\/uploads\/sites\/11\/2016\/12\/DSC_1340.jpg\"><img decoding=\"async\" class=\"alignnone  wp-image-831\" src=\"https:\/\/saude.ufpr.br\/nesc\/wp-content\/uploads\/sites\/11\/2016\/12\/DSC_1340-1024x576.jpg\" alt=\"DSC_1340\" width=\"478\" height=\"269\" srcset=\"https:\/\/saude.ufpr.br\/nesc\/wp-content\/uploads\/sites\/11\/2016\/12\/DSC_1340-1024x576.jpg 1024w, https:\/\/saude.ufpr.br\/nesc\/wp-content\/uploads\/sites\/11\/2016\/12\/DSC_1340-300x169.jpg 300w, https:\/\/saude.ufpr.br\/nesc\/wp-content\/uploads\/sites\/11\/2016\/12\/DSC_1340-768x432.jpg 768w\" sizes=\"(max-width: 478px) 100vw, 478px\" \/><\/a> <a href=\"https:\/\/saude.ufpr.br\/nesc\/wp-content\/uploads\/sites\/11\/2016\/12\/DSC_1342.jpg\"><img loading=\"lazy\" decoding=\"async\" class=\"alignnone  wp-image-832\" src=\"https:\/\/saude.ufpr.br\/nesc\/wp-content\/uploads\/sites\/11\/2016\/12\/DSC_1342-1024x576.jpg\" alt=\"DSC_1342\" width=\"478\" height=\"269\" srcset=\"https:\/\/saude.ufpr.br\/nesc\/wp-content\/uploads\/sites\/11\/2016\/12\/DSC_1342-1024x576.jpg 1024w, https:\/\/saude.ufpr.br\/nesc\/wp-content\/uploads\/sites\/11\/2016\/12\/DSC_1342-300x169.jpg 300w, https:\/\/saude.ufpr.br\/nesc\/wp-content\/uploads\/sites\/11\/2016\/12\/DSC_1342-768x432.jpg 768w\" sizes=\"(max-width: 478px) 100vw, 478px\" \/><\/a> <a href=\"https:\/\/saude.ufpr.br\/nesc\/wp-content\/uploads\/sites\/11\/2016\/12\/DSC_1346.jpg\"><img loading=\"lazy\" decoding=\"async\" class=\"alignnone  wp-image-833\" src=\"https:\/\/saude.ufpr.br\/nesc\/wp-content\/uploads\/sites\/11\/2016\/12\/DSC_1346-1024x576.jpg\" alt=\"DSC_1346\" width=\"478\" height=\"269\" srcset=\"https:\/\/saude.ufpr.br\/nesc\/wp-content\/uploads\/sites\/11\/2016\/12\/DSC_1346-1024x576.jpg 1024w, https:\/\/saude.ufpr.br\/nesc\/wp-content\/uploads\/sites\/11\/2016\/12\/DSC_1346-300x169.jpg 300w, https:\/\/saude.ufpr.br\/nesc\/wp-content\/uploads\/sites\/11\/2016\/12\/DSC_1346-768x432.jpg 768w\" sizes=\"(max-width: 478px) 100vw, 478px\" \/><\/a> <a href=\"https:\/\/saude.ufpr.br\/nesc\/wp-content\/uploads\/sites\/11\/2016\/12\/DSC_1349.jpg\"><img loading=\"lazy\" decoding=\"async\" class=\"alignnone  wp-image-834\" src=\"https:\/\/saude.ufpr.br\/nesc\/wp-content\/uploads\/sites\/11\/2016\/12\/DSC_1349-1024x576.jpg\" alt=\"DSC_1349\" width=\"478\" height=\"269\" srcset=\"https:\/\/saude.ufpr.br\/nesc\/wp-content\/uploads\/sites\/11\/2016\/12\/DSC_1349-1024x576.jpg 1024w, https:\/\/saude.ufpr.br\/nesc\/wp-content\/uploads\/sites\/11\/2016\/12\/DSC_1349-300x169.jpg 300w, https:\/\/saude.ufpr.br\/nesc\/wp-content\/uploads\/sites\/11\/2016\/12\/DSC_1349-768x432.jpg 768w\" sizes=\"(max-width: 478px) 100vw, 478px\" \/><\/a> <a href=\"https:\/\/saude.ufpr.br\/nesc\/wp-content\/uploads\/sites\/11\/2016\/12\/DSC_1350.jpg\"><img loading=\"lazy\" decoding=\"async\" class=\"alignnone  wp-image-835\" src=\"https:\/\/saude.ufpr.br\/nesc\/wp-content\/uploads\/sites\/11\/2016\/12\/DSC_1350-1024x576.jpg\" alt=\"DSC_1350\" width=\"478\" height=\"269\" srcset=\"https:\/\/saude.ufpr.br\/nesc\/wp-content\/uploads\/sites\/11\/2016\/12\/DSC_1350-1024x576.jpg 1024w, https:\/\/saude.ufpr.br\/nesc\/wp-content\/uploads\/sites\/11\/2016\/12\/DSC_1350-300x169.jpg 300w, https:\/\/saude.ufpr.br\/nesc\/wp-content\/uploads\/sites\/11\/2016\/12\/DSC_1350-768x432.jpg 768w\" sizes=\"(max-width: 478px) 100vw, 478px\" \/><\/a> <a href=\"https:\/\/saude.ufpr.br\/nesc\/wp-content\/uploads\/sites\/11\/2016\/12\/DSC_1351.jpg\"><img loading=\"lazy\" decoding=\"async\" class=\"alignnone  wp-image-836\" src=\"https:\/\/saude.ufpr.br\/nesc\/wp-content\/uploads\/sites\/11\/2016\/12\/DSC_1351-1024x576.jpg\" alt=\"DSC_1351\" width=\"478\" height=\"269\" srcset=\"https:\/\/saude.ufpr.br\/nesc\/wp-content\/uploads\/sites\/11\/2016\/12\/DSC_1351-1024x576.jpg 1024w, https:\/\/saude.ufpr.br\/nesc\/wp-content\/uploads\/sites\/11\/2016\/12\/DSC_1351-300x169.jpg 300w, https:\/\/saude.ufpr.br\/nesc\/wp-content\/uploads\/sites\/11\/2016\/12\/DSC_1351-768x432.jpg 768w\" sizes=\"(max-width: 478px) 100vw, 478px\" \/><\/a> <a href=\"https:\/\/saude.ufpr.br\/nesc\/wp-content\/uploads\/sites\/11\/2016\/12\/DSC_1355.jpg\"><img loading=\"lazy\" decoding=\"async\" class=\"alignnone  wp-image-837\" src=\"https:\/\/saude.ufpr.br\/nesc\/wp-content\/uploads\/sites\/11\/2016\/12\/DSC_1355-1024x576.jpg\" alt=\"DSC_1355\" width=\"478\" height=\"269\" srcset=\"https:\/\/saude.ufpr.br\/nesc\/wp-content\/uploads\/sites\/11\/2016\/12\/DSC_1355-1024x576.jpg 1024w, https:\/\/saude.ufpr.br\/nesc\/wp-content\/uploads\/sites\/11\/2016\/12\/DSC_1355-300x169.jpg 300w, https:\/\/saude.ufpr.br\/nesc\/wp-content\/uploads\/sites\/11\/2016\/12\/DSC_1355-768x432.jpg 768w\" sizes=\"(max-width: 478px) 100vw, 478px\" \/><\/a> <a href=\"https:\/\/saude.ufpr.br\/nesc\/wp-content\/uploads\/sites\/11\/2016\/12\/DSC_1356.jpg\"><img loading=\"lazy\" decoding=\"async\" class=\"alignnone  wp-image-838\" src=\"https:\/\/saude.ufpr.br\/nesc\/wp-content\/uploads\/sites\/11\/2016\/12\/DSC_1356-1024x576.jpg\" alt=\"DSC_1356\" width=\"478\" height=\"269\" srcset=\"https:\/\/saude.ufpr.br\/nesc\/wp-content\/uploads\/sites\/11\/2016\/12\/DSC_1356-1024x576.jpg 1024w, https:\/\/saude.ufpr.br\/nesc\/wp-content\/uploads\/sites\/11\/2016\/12\/DSC_1356-300x169.jpg 300w, https:\/\/saude.ufpr.br\/nesc\/wp-content\/uploads\/sites\/11\/2016\/12\/DSC_1356-768x432.jpg 768w\" sizes=\"(max-width: 478px) 100vw, 478px\" \/><\/a> <a href=\"https:\/\/saude.ufpr.br\/nesc\/wp-content\/uploads\/sites\/11\/2016\/12\/DSC_1358.jpg\"><img loading=\"lazy\" decoding=\"async\" class=\"alignnone  wp-image-839\" src=\"https:\/\/saude.ufpr.br\/nesc\/wp-content\/uploads\/sites\/11\/2016\/12\/DSC_1358-1024x576.jpg\" alt=\"DSC_1358\" width=\"478\" height=\"269\" srcset=\"https:\/\/saude.ufpr.br\/nesc\/wp-content\/uploads\/sites\/11\/2016\/12\/DSC_1358-1024x576.jpg 1024w, https:\/\/saude.ufpr.br\/nesc\/wp-content\/uploads\/sites\/11\/2016\/12\/DSC_1358-300x169.jpg 300w, https:\/\/saude.ufpr.br\/nesc\/wp-content\/uploads\/sites\/11\/2016\/12\/DSC_1358-768x432.jpg 768w\" sizes=\"(max-width: 478px) 100vw, 478px\" \/><\/a><\/p>\n","protected":false},"excerpt":{"rendered":"","protected":false},"author":1583,"featured_media":0,"parent":844,"menu_order":0,"comment_status":"closed","ping_status":"closed","template":"","meta":{"_acf_changed":false,"_uag_custom_page_level_css":"","footnotes":""},"class_list":["post-828","page","type-page","status-publish","hentry"],"acf":[],"featured_image_src":null,"uagb_featured_image_src":{"full":false,"thumbnail":false,"medium":false,"medium_large":false,"large":false,"1536x1536":false,"2048x2048":false,"noticias-thumb":false,"banners-thumb":false,"maisnoticias-thumb":false,"post-thumbnail":false},"uagb_author_info":{"display_name":"guilherme albuquerque","author_link":"https:\/\/saude.ufpr.br\/nesc\/author\/guilherme\/"},"uagb_comment_info":0,"uagb_excerpt":null,"publishpress_future_action":{"enabled":false,"date":"2026-04-11 15:31:13","action":"change-status","newStatus":"draft","terms":[],"taxonomy":"","extraData":[]},"publishpress_future_workflow_manual_trigger":{"enabledWorkflows":[]},"_links":{"self":[{"href":"https:\/\/saude.ufpr.br\/nesc\/wp-json\/wp\/v2\/pages\/828","targetHints":{"allow":["GET"]}}],"collection":[{"href":"https:\/\/saude.ufpr.br\/nesc\/wp-json\/wp\/v2\/pages"}],"about":[{"href":"https:\/\/saude.ufpr.br\/nesc\/wp-json\/wp\/v2\/types\/page"}],"author":[{"embeddable":true,"href":"https:\/\/saude.ufpr.br\/nesc\/wp-json\/wp\/v2\/users\/1583"}],"replies":[{"embeddable":true,"href":"https:\/\/saude.ufpr.br\/nesc\/wp-json\/wp\/v2\/comments?post=828"}],"version-history":[{"count":1,"href":"https:\/\/saude.ufpr.br\/nesc\/wp-json\/wp\/v2\/pages\/828\/revisions"}],"predecessor-version":[{"id":840,"href":"https:\/\/saude.ufpr.br\/nesc\/wp-json\/wp\/v2\/pages\/828\/revisions\/840"}],"up":[{"embeddable":true,"href":"https:\/\/saude.ufpr.br\/nesc\/wp-json\/wp\/v2\/pages\/844"}],"wp:attachment":[{"href":"https:\/\/saude.ufpr.br\/nesc\/wp-json\/wp\/v2\/media?parent=828"}],"curies":[{"name":"wp","href":"https:\/\/api.w.org\/{rel}","templated":true}]}}