{"id":844,"date":"2016-12-21T12:28:50","date_gmt":"2016-12-21T12:28:50","guid":{"rendered":"https:\/\/saude.ufpr.br\/nesc\/?page_id=844"},"modified":"2017-09-12T17:20:52","modified_gmt":"2017-09-12T17:20:52","slug":"2015-2","status":"publish","type":"page","link":"https:\/\/saude.ufpr.br\/nesc\/eventos\/2015-2\/","title":{"rendered":"2015"},"content":{"rendered":"<ul>\n<li><strong><a href=\"https:\/\/saude.ufpr.br\/nesc\/lancamento-do-dossie-sobre-agrotoxicos-da-abrasco\/\" target=\"_blank\" rel=\"noopener\">Lan\u00e7amento do Dossi\u00ea sobre Agrot\u00f3xicos da Abrasco<\/a><\/strong><\/li>\n<li><strong><a href=\"https:\/\/saude.ufpr.br\/nesc\/i-encontro-enfermagem-do-sindsaude\/\" target=\"_blank\" rel=\"noopener\">I Encontro Enfermagem do Sindsaude<\/a><\/strong><\/li>\n<\/ul>\n","protected":false},"excerpt":{"rendered":"<p>Lan\u00e7amento do Dossi\u00ea sobre Agrot\u00f3xicos da Abrasco I Encontro Enfermagem do Sindsaude<\/p>\n","protected":false},"author":1583,"featured_media":0,"parent":10,"menu_order":0,"comment_status":"closed","ping_status":"closed","template":"","meta":{"_acf_changed":false,"_uag_custom_page_level_css":"","footnotes":""},"class_list":["post-844","page","type-page","status-publish","hentry"],"acf":[],"featured_image_src":null,"uagb_featured_image_src":{"full":false,"thumbnail":false,"medium":false,"medium_large":false,"large":false,"1536x1536":false,"2048x2048":false,"noticias-thumb":false,"banners-thumb":false,"maisnoticias-thumb":false,"post-thumbnail":false},"uagb_author_info":{"display_name":"guilherme albuquerque","author_link":"https:\/\/saude.ufpr.br\/nesc\/author\/guilherme\/"},"uagb_comment_info":0,"uagb_excerpt":"Lan\u00e7amento do Dossi\u00ea sobre Agrot\u00f3xicos da Abrasco I Encontro Enfermagem do Sindsaude","publishpress_future_action":{"enabled":false,"date":"2026-04-11 08:09:42","action":"change-status","newStatus":"draft","terms":[],"taxonomy":"","extraData":[]},"publishpress_future_workflow_manual_trigger":{"enabledWorkflows":[]},"_links":{"self":[{"href":"https:\/\/saude.ufpr.br\/nesc\/wp-json\/wp\/v2\/pages\/844","targetHints":{"allow":["GET"]}}],"collection":[{"href":"https:\/\/saude.ufpr.br\/nesc\/wp-json\/wp\/v2\/pages"}],"about":[{"href":"https:\/\/saude.ufpr.br\/nesc\/wp-json\/wp\/v2\/types\/page"}],"author":[{"embeddable":true,"href":"https:\/\/saude.ufpr.br\/nesc\/wp-json\/wp\/v2\/users\/1583"}],"replies":[{"embeddable":true,"href":"https:\/\/saude.ufpr.br\/nesc\/wp-json\/wp\/v2\/comments?post=844"}],"version-history":[{"count":5,"href":"https:\/\/saude.ufpr.br\/nesc\/wp-json\/wp\/v2\/pages\/844\/revisions"}],"predecessor-version":[{"id":911,"href":"https:\/\/saude.ufpr.br\/nesc\/wp-json\/wp\/v2\/pages\/844\/revisions\/911"}],"up":[{"embeddable":true,"href":"https:\/\/saude.ufpr.br\/nesc\/wp-json\/wp\/v2\/pages\/10"}],"wp:attachment":[{"href":"https:\/\/saude.ufpr.br\/nesc\/wp-json\/wp\/v2\/media?parent=844"}],"curies":[{"name":"wp","href":"https:\/\/api.w.org\/{rel}","templated":true}]}}