{"id":92,"date":"2016-04-08T12:35:33","date_gmt":"2016-04-08T12:35:33","guid":{"rendered":"https:\/\/saude.ufpr.br\/nesc\/?page_id=92"},"modified":"2016-04-08T12:35:33","modified_gmt":"2016-04-08T12:35:33","slug":"artigos-2014","status":"publish","type":"page","link":"https:\/\/saude.ufpr.br\/nesc\/artigos-2014\/","title":{"rendered":"Artigos 2014"},"content":{"rendered":"<p style=\"text-align: justify\"><span style=\"color: #000000\">PERNA, P.O.; CHAVES, M.M.N. <a style=\"color: #000000\" href=\"http:\/\/dx.doi.org\/10.5380\/ce.v19i2.36968\" target=\"_blank\"><strong>Os 40 anos do Curso de Enfermagem da Universidade Federal do Paran\u00e1<\/strong><\/a>. Cogitare Enfermagem, v. 19, p. 211-212, 2014.<\/span><\/p>\n<p style=\"text-align: justify\"><span style=\"color: #000000\">PAULA, M.; PERES, A.M.; BERNARDINO, E.; EDUARDO, E.A.; SADE, P.M.C.;\u00a0LAROCCA, L.M<strong>.<\/strong> <a style=\"color: #000000\" href=\"http:\/\/reme.org.br\/artigo\/detalhes\/939\" target=\"_blank\"><strong>Caracter\u00edsticas do processo de trabalho do enfermeiro da estrat\u00e9gia de sa\u00fade da fam\u00edlia<\/strong><\/a>. REME. Revista Mineira de Enfermagem, v.18, p. 463 &#8211; 470, 2014.<\/span><\/p>\n<p style=\"text-align: justify\"><span style=\"color: #000000\">MELANDA, V.S.; LAROCCA, L.M.; ALMEIDA, W.G.; OLIVEIRA, C.A.; NASR, A.M.L.F.; SILVA, J.C.S.E. <a style=\"color: #000000\" href=\"http:\/\/www.uel.br\/revistas\/uel\/index.php\/espacoparasaude\/article\/download\/18855\/pdf_32\" target=\"_blank\"><strong>SISTEMATIZA\u00c7\u00c3O DA INVESTIGA\u00c7\u00c3O DO \u00d3BITO MATERNO: UMA PROPOSTA DE FERRAMENTA PARA MONOTORAMENTO<\/strong><\/a>. Espa\u00e7o para a sa\u00fade (Impresso), v.15, p. 68 &#8211; 74, 2014.<\/span><\/p>\n","protected":false},"excerpt":{"rendered":"<p>PERNA, P.O.; CHAVES, M.M.N. Os 40 anos do Curso de Enfermagem da Universidade Federal do Paran\u00e1. Cogitare Enfermagem, v. 19, p. 211-212, 2014. PAULA, M.; PERES, A.M.; BERNARDINO, E.; EDUARDO, E.A.; SADE, P.M.C.;\u00a0LAROCCA, L.M. Caracter\u00edsticas do processo de trabalho do enfermeiro da estrat\u00e9gia de sa\u00fade da fam\u00edlia. REME. Revista Mineira de Enfermagem, v.18, p. 463<br \/> <a href=\"https:\/\/saude.ufpr.br\/nesc\/artigos-2014\/\" class=\"button success small readmore\">Leia mais<\/a><\/p>\n","protected":false},"author":1583,"featured_media":0,"parent":0,"menu_order":0,"comment_status":"closed","ping_status":"closed","template":"","meta":{"_acf_changed":false,"_uag_custom_page_level_css":"","footnotes":""},"class_list":["post-92","page","type-page","status-publish","hentry"],"acf":[],"featured_image_src":null,"uagb_featured_image_src":{"full":false,"thumbnail":false,"medium":false,"medium_large":false,"large":false,"1536x1536":false,"2048x2048":false,"noticias-thumb":false,"banners-thumb":false,"maisnoticias-thumb":false,"post-thumbnail":false},"uagb_author_info":{"display_name":"guilherme albuquerque","author_link":"https:\/\/saude.ufpr.br\/nesc\/author\/guilherme\/"},"uagb_comment_info":0,"uagb_excerpt":"PERNA, P.O.; CHAVES, M.M.N. Os 40 anos do Curso de Enfermagem da Universidade Federal do Paran\u00e1. Cogitare Enfermagem, v. 19, p. 211-212, 2014. PAULA, M.; PERES, A.M.; BERNARDINO, E.; EDUARDO, E.A.; SADE, P.M.C.;\u00a0LAROCCA, L.M. Caracter\u00edsticas do processo de trabalho do enfermeiro da estrat\u00e9gia de sa\u00fade da fam\u00edlia. REME. Revista Mineira de Enfermagem, v.18, p. 463&hellip;","publishpress_future_action":{"enabled":false,"date":"2026-04-11 09:26:14","action":"change-status","newStatus":"draft","terms":[],"taxonomy":"","extraData":[]},"publishpress_future_workflow_manual_trigger":{"enabledWorkflows":[]},"_links":{"self":[{"href":"https:\/\/saude.ufpr.br\/nesc\/wp-json\/wp\/v2\/pages\/92","targetHints":{"allow":["GET"]}}],"collection":[{"href":"https:\/\/saude.ufpr.br\/nesc\/wp-json\/wp\/v2\/pages"}],"about":[{"href":"https:\/\/saude.ufpr.br\/nesc\/wp-json\/wp\/v2\/types\/page"}],"author":[{"embeddable":true,"href":"https:\/\/saude.ufpr.br\/nesc\/wp-json\/wp\/v2\/users\/1583"}],"replies":[{"embeddable":true,"href":"https:\/\/saude.ufpr.br\/nesc\/wp-json\/wp\/v2\/comments?post=92"}],"version-history":[{"count":1,"href":"https:\/\/saude.ufpr.br\/nesc\/wp-json\/wp\/v2\/pages\/92\/revisions"}],"predecessor-version":[{"id":93,"href":"https:\/\/saude.ufpr.br\/nesc\/wp-json\/wp\/v2\/pages\/92\/revisions\/93"}],"wp:attachment":[{"href":"https:\/\/saude.ufpr.br\/nesc\/wp-json\/wp\/v2\/media?parent=92"}],"curies":[{"name":"wp","href":"https:\/\/api.w.org\/{rel}","templated":true}]}}