{"id":94,"date":"2016-04-08T12:36:25","date_gmt":"2016-04-08T12:36:25","guid":{"rendered":"https:\/\/saude.ufpr.br\/nesc\/?page_id=94"},"modified":"2016-04-08T12:36:34","modified_gmt":"2016-04-08T12:36:34","slug":"artigos-2013","status":"publish","type":"page","link":"https:\/\/saude.ufpr.br\/nesc\/artigos-2013\/","title":{"rendered":"Artigos 2013"},"content":{"rendered":"<p style=\"text-align: justify\"><span style=\"color: #000000\">CHAVES, M.M.N.; EGRY, EY. <a style=\"color: #000000\" href=\"http:\/\/dx.doi.org\/10.5380\/ce.v18i4.34929\" target=\"_blank\"><strong>COMPET\u00caNCIA AVALIATIVA DO ENFERMEIRO PARA O RECONHECIMENTO E ENFRENTAMENTO DAS NECESSIDADES EM SA\u00daDE DAS FAM\u00cdLIAS<\/strong><\/a>. Cogitare Enfermagem (UFPR), v. 18, p. 729-735, 2013.<\/span><\/p>\n<p style=\"text-align: justify\"><span style=\"color: #000000\">PAES, M.R.; SILVA, T.L.; CHAVES, M.M.N.; MAFTUM, M.A. <a style=\"color: #000000\" href=\"http:\/\/dx.doi.org\/10.4025\/cienccuidsaude.v12i2.14207\" target=\"_blank\"><strong>O papel do hospital geral na rede de aten\u00e7\u00e3o \u00e0 sa\u00fade mental no Brasil<\/strong><\/a>. Ci\u00eancia, Cuidado &amp; Sa\u00fade, v. 12, p. 407-4012, 2013.<\/span><\/p>\n<p style=\"text-align: justify\"><span style=\"color: #000000\">GESSNER, R.; LAROCCA, L.M.; CHAVES, M.M.N.; MOREIRA, S.D.R.; WISTUBA, E.S.; SOUZA, S.J.P. <strong><a style=\"color: #000000\" href=\"www.scielo.br\/pdf\/sdeb\/v37n99\/a09v37n99.pdf\" target=\"_blank\">AS NOTIFICA\u00c7\u00d5ES DE ACIDENTES DE TRABALHO COM MATERIAL BIOL\u00d3GICO EM UM HOSPITAL DE ENSINO DE CURITIBA\/PR<\/a><\/strong>. Saude em Debate, v.37, p. 619 &#8211; 627, 2013.<\/span><\/p>\n<p style=\"text-align: justify\"><span style=\"color: #000000\">LIMAS, F.M.; LAROCCA, L.M.; AQUINO, G.S.; CHAVES, M.M.N.; MEDEIROS, A.R.P.; COELHO, A.P.C. <strong><a style=\"color: #000000\" href=\"http:\/\/www.tempusactas.unb.br\/index.php\/tempus\/article\/download\/1346\/1149\" target=\"_blank\">DETERMINA\u00c7\u00c3O SOCIAL DA TUBERCULOSE: AN\u00c1LISE DA REALIDADE OBJETIVA DO AGRAVO EM UM SERVI\u00c7O DE EPIDEMIOLOGIA HOSPITALAR<\/a><\/strong>. Tempus: Actas de Sa\u00fade Coletiva, v.7, p. 97 &#8211; 105, 2013.<\/span><\/p>\n<p style=\"text-align: justify\"><span style=\"color: #000000\">KALINOWSKI, C.; PERES, A.M.; MASSOQUETI, R.M.D.; LAROCCA, L.M.; CUNHA, I.C.K.O.; GONCALVES, L.S.; TRUPPEL, R.C.<strong><a style=\"color: #000000\" href=\"http:\/\/www.scielo.br\/pdf\/icse\/v17n47\/aop4413.pdf\" target=\"_blank\">METODOLOGIAS PARTICIPATIVAS NO ENSINO DA ADMINISTRA\u00c7\u00c3O EM ENFERMAGEM<\/a><\/strong>. Interface (Botucatu. Online), v.17, p. 545 &#8211; 553, 2013.<\/span><\/p>\n<p style=\"text-align: justify\"><span style=\"color: #000000\">GESSNER, R.; MACEDO, L.C.; FONSECA, R.M.G.S.; LAROCCA, L.M. <strong><a style=\"color: #000000\" href=\"http:\/\/dx.doi.org\/10.5380\/ce.v18i1.31316\" target=\"_blank\">O MANEJO DOS RES\u00cdDUOS DOS SERVI\u00c7OS DE SA\u00daDE: UM PROBLEMA A SER ENFRENTADO<\/a><\/strong>. Cogitare Enfermagem (UFPR), v.18, p. 117 &#8211; 123, 2013.<\/span><\/p>\n<p style=\"text-align: justify\"><span style=\"color: #000000\">MARTINS, C. S.; SARTORI, M. T.; DIETRICH, H. L. D.; KLEM, F. B.; DALLAGNOL, C.; ALBUQUERQUE, G. S. C.; PERNA, P. O.; MEHANNA, S. <strong><a style=\"color: #000000\" href=\"http:\/\/www.saudeemdebate.org.br\/UserFiles_Padrao\/File\/RSDv37n98.pdf\" target=\"_blank\">Conhecimento dos usu\u00e1rios, trabalhadores da sa\u00fade e gestores sobre conselheiros e Conselhos de Sa\u00fade<\/a><\/strong>. Saude em Debate, v.37, p. 437-445, 2013.<\/span><\/p>\n<p style=\"text-align: justify\"><span style=\"color: #000000\">ALBUQUERQUE, G.S.C.; TORRES, A.A.R.; NASCIMENTO, B.; MARTIN, B.M.; GRACIA, D.F.K.; ORLANDO, J.M.M.; BASSO, R.P.; PERNA, P.O. <strong><a style=\"color: #000000\" href=\"http:\/\/www.scielo.br\/pdf\/tes\/v11n2\/a09v11n2.pdf\" target=\"_blank\">Educa\u00e7\u00e3o pelo trabalho para a forma\u00e7\u00e3o do m\u00e9dico<\/a><\/strong>. Trabalho, Educa\u00e7\u00e3o e Sa\u00fade (Online), v. 11, p. 411-430, 2013<strong>.<\/strong><\/span><\/p>\n<p style=\"text-align: justify\"><span style=\"color: #000000\">ZANIN, FC; FREITAS, JAR; KUNZLE, LA; TOSTES, RA. <strong><a style=\"color: #000000\" href=\"http:\/.andes.org.br\/imprensa\/publicacoes\/imp-pub-1235501438.pdf\" target=\"_blank\">REUNI no campus de Palotina da UFPR: trabalho docente e a\u00e7\u00e3o sindical<\/a><\/strong>. Universidade e Sociedade (Bras\u00edlia), v. XXII, p. 74-83, 2013.<\/span><\/p>\n<p style=\"text-align: justify\"><span style=\"color: #000000\">LAROCCA, LM; RABONE JUNIOR, J;\u00a0<a style=\"color: #000000\" title=\"Clique para visualizar o curr\u00edculo\" href=\"http:\/\/lattes.cnpq.br\/6847497686302514\" target=\"_blank\">LUCCAS, DS<\/a>. <strong><a style=\"color: #000000\" href=\"http:\/\/ccs.ufsc.br\/revistaccs\/ojs\/index.php\/REVCCS\/article\/view\/153\" target=\"_blank\">O programa de agentes comunit\u00e1rios de sa\u00fade sob a \u00f3tica de Norbert Elias<\/a><\/strong>. Revista Ci\u00eancias da Sa\u00fade (UFSC), v. 31, p. 34-41, 2013.<\/span><\/p>\n<p style=\"text-align: justify\"><span style=\"color: #000000\">GUIMARAES, AN; BORBA, LO;\u00a0LAROCCA, LM; MAFTUM, MA.<a style=\"color: #000000\" href=\"http:\/\/www.scielo.br\/pdf\/tce\/v22n2\/v22n2a12.pdf\" target=\"_blank\"> <strong>Tratamento em sa\u00fade mental no modelo manicomial (1960 a 2000): hist\u00f3rias narradas por profissionais de enfermagem<\/strong><\/a>. Texto &amp; Contexto Enfermagem (UFSC. Impresso), v. 22, p. 361-369, 2013.<\/span><\/p>\n<p style=\"text-align: justify\"><span style=\"color: #000000\">GESSNER, R;\u00a0<a style=\"color: #000000\" title=\"Clique para visualizar o curr\u00edculo\" href=\"http:\/\/lattes.cnpq.br\/7929386229912337\" target=\"_blank\">MACEDO, LC<\/a>; FONSECA, RMGS;\u00a0LAROCCA, LM. <strong><a style=\"color: #000000\" href=\"http:\/\/ojs.c3sl.ufpr.br\/ojs2\/index.php\/cogitare\/article\/view\/31316\/20023\" target=\"_blank\">O manejo dos res\u00edduos dos servi\u00e7os de sa\u00fade: um problema a ser enfrentado<\/a><\/strong>. Cogitare Enfermagem (UFPR), v. 18, p. 117-123, 2013.<\/span><\/p>\n<p style=\"text-align: justify\"><span style=\"color: #000000\">RAIMONDO, ML; LABRONICI, LM;\u00a0LAROCCA, LM. <strong><a style=\"color: #000000\" href=\"http:\/\/ojs.c3sl.ufpr.br\/ojs2\/index.php\/cogitare\/article\/view\/26539\/20012\" target=\"_blank\">Retrospecto de ocorr\u00eancias de viol\u00eancia contra a mulher registradas em uma delegacia especial<\/a><\/strong>. Cogitare Enfermagem (UFPR), v. 18, p. 43-49, 2013.<\/span><\/p>\n<p style=\"text-align: justify\"><span style=\"color: #000000\">MARTINS, CM; MOHAMED, A; GUIMAR\u00c3ES, AMS; DE BARROS, CC; PAMPUCH, RS; SVOBODA, WK; GARCIA, RCM; FERREIRA, F; BIONDO, AW. <a style=\"color: #000000\" href=\"http:\/\/www.sciencedirect.com\/science\/article\/pii\/S0167587712003327\" target=\"_blank\"><strong>Impact of demographic characteristics in pet ownership: Modeling animal count according to owners income and age<\/strong><\/a>. Preventive Veterinary Medicine (Print), v. 109, p. 213-218, 2013.<\/span><\/p>\n","protected":false},"excerpt":{"rendered":"<p>CHAVES, M.M.N.; EGRY, EY. COMPET\u00caNCIA AVALIATIVA DO ENFERMEIRO PARA O RECONHECIMENTO E ENFRENTAMENTO DAS NECESSIDADES EM SA\u00daDE DAS FAM\u00cdLIAS. Cogitare Enfermagem (UFPR), v. 18, p. 729-735, 2013. PAES, M.R.; SILVA, T.L.; CHAVES, M.M.N.; MAFTUM, M.A. O papel do hospital geral na rede de aten\u00e7\u00e3o \u00e0 sa\u00fade mental no Brasil. Ci\u00eancia, Cuidado &amp; Sa\u00fade, v. 12,<br \/> <a href=\"https:\/\/saude.ufpr.br\/nesc\/artigos-2013\/\" class=\"button success small readmore\">Leia mais<\/a><\/p>\n","protected":false},"author":1583,"featured_media":0,"parent":0,"menu_order":0,"comment_status":"closed","ping_status":"closed","template":"","meta":{"_acf_changed":false,"_uag_custom_page_level_css":"","footnotes":""},"class_list":["post-94","page","type-page","status-publish","hentry"],"acf":[],"featured_image_src":null,"uagb_featured_image_src":{"full":false,"thumbnail":false,"medium":false,"medium_large":false,"large":false,"1536x1536":false,"2048x2048":false,"noticias-thumb":false,"banners-thumb":false,"maisnoticias-thumb":false,"post-thumbnail":false},"uagb_author_info":{"display_name":"guilherme albuquerque","author_link":"https:\/\/saude.ufpr.br\/nesc\/author\/guilherme\/"},"uagb_comment_info":0,"uagb_excerpt":"CHAVES, M.M.N.; EGRY, EY. COMPET\u00caNCIA AVALIATIVA DO ENFERMEIRO PARA O RECONHECIMENTO E ENFRENTAMENTO DAS NECESSIDADES EM SA\u00daDE DAS FAM\u00cdLIAS. Cogitare Enfermagem (UFPR), v. 18, p. 729-735, 2013. PAES, M.R.; SILVA, T.L.; CHAVES, M.M.N.; MAFTUM, M.A. O papel do hospital geral na rede de aten\u00e7\u00e3o \u00e0 sa\u00fade mental no Brasil. Ci\u00eancia, Cuidado &amp; Sa\u00fade, v. 12,&hellip;","publishpress_future_action":{"enabled":false,"date":"2026-04-11 09:26:14","action":"change-status","newStatus":"draft","terms":[],"taxonomy":"","extraData":[]},"publishpress_future_workflow_manual_trigger":{"enabledWorkflows":[]},"_links":{"self":[{"href":"https:\/\/saude.ufpr.br\/nesc\/wp-json\/wp\/v2\/pages\/94","targetHints":{"allow":["GET"]}}],"collection":[{"href":"https:\/\/saude.ufpr.br\/nesc\/wp-json\/wp\/v2\/pages"}],"about":[{"href":"https:\/\/saude.ufpr.br\/nesc\/wp-json\/wp\/v2\/types\/page"}],"author":[{"embeddable":true,"href":"https:\/\/saude.ufpr.br\/nesc\/wp-json\/wp\/v2\/users\/1583"}],"replies":[{"embeddable":true,"href":"https:\/\/saude.ufpr.br\/nesc\/wp-json\/wp\/v2\/comments?post=94"}],"version-history":[{"count":1,"href":"https:\/\/saude.ufpr.br\/nesc\/wp-json\/wp\/v2\/pages\/94\/revisions"}],"predecessor-version":[{"id":95,"href":"https:\/\/saude.ufpr.br\/nesc\/wp-json\/wp\/v2\/pages\/94\/revisions\/95"}],"wp:attachment":[{"href":"https:\/\/saude.ufpr.br\/nesc\/wp-json\/wp\/v2\/media?parent=94"}],"curies":[{"name":"wp","href":"https:\/\/api.w.org\/{rel}","templated":true}]}}