{"id":96,"date":"2016-04-08T12:36:56","date_gmt":"2016-04-08T12:36:56","guid":{"rendered":"https:\/\/saude.ufpr.br\/nesc\/?page_id=96"},"modified":"2016-04-08T12:36:56","modified_gmt":"2016-04-08T12:36:56","slug":"artigos-2012","status":"publish","type":"page","link":"https:\/\/saude.ufpr.br\/nesc\/artigos-2012\/","title":{"rendered":"Artigos 2012"},"content":{"rendered":"<p style=\"text-align: justify\"><span style=\"color: #000000\">SILVA, FFS; PINTO, JVMMC; PINTO, JV; PREISLER, L;\u00a0ALBUQUERQUE, GSC; PERNA, PO; PINTO, NF; MORONTE, EA; MURAKAMI, Y; FERREIRA, HP. <strong>Protocolo para diagn\u00f3stico das intoxica\u00e7\u00f5es cr\u00f4nicas por agrot\u00f3xicos<\/strong>. Revista Brasileira de Toxicologia, v. 25, p. 79, 2012.<\/span><\/p>\n<p style=\"text-align: justify\"><span style=\"color: #000000\">CHAVES, MMN;\u00a0EGRY, <a style=\"color: #000000\" title=\"Clique para visualizar o curr\u00edculo\" href=\"http:\/\/lattes.cnpq.br\/1345735545670360\" target=\"_blank\">EY<\/a>. <strong><a style=\"color: #000000\" href=\"http:\/\/www.scielo.br\/pdf\/reeusp\/v46n6\/20.pdf\" target=\"_blank\">Confer\u00eancias Municipais de Sa\u00fade: o movimento social organizado na constru\u00e7\u00e3o de interven\u00e7\u00f5es em sa\u00fade<\/a><\/strong>. Revista da Escola de Enfermagem da USP (Impresso), v. 46, p. 1423, 2012.<\/span><\/p>\n<p style=\"text-align: justify\"><span style=\"color: #000000\">MEDEIROS, ARP;\u00a0LAROCCA, LM;\u00a0CHAVES, MMN; MEIER, MJ; WALL, ML. <strong><a style=\"color: #000000\" href=\"http:\/\/www.scielo.br\/pdf\/reeusp\/v46n6\/32.pdf\" target=\"_blank\">A epidemiologia como referencial te\u00f3rico-metodol\u00f3gico no processo de trabalho do enfermeiro<\/a><\/strong>. Revista da Escola de Enfermagem da USP (Impresso), v. 465, p. 1519, 2012.<\/span><\/p>\n<p style=\"text-align: justify\"><span style=\"color: #000000\">ZANIN, FC; FREITAS, JAR; KUNZLE, LA. <strong><a style=\"color: #000000\" href=\"http:\/.andes.org.br\/imprensa\/publicacoes\/imp-pub-1235501438.pdf\" target=\"_blank\">Estou doente profissionalmente: relato de experi\u00eancia da APUFPR-SSind e reflex\u00f5es sobre interven\u00e7\u00f5es sindicais na sa\u00fade do trabalhador docente<\/a><\/strong>. Universidade e Sociedade (Bras\u00edlia), v. 50, p. 106-121, 2012.<\/span><\/p>\n<p style=\"text-align: justify\"><span style=\"color: #000000\">GODOI, JSM;\u00a0<a style=\"color: #000000\" title=\"Clique para visualizar o curr\u00edculo\" href=\"http:\/\/lattes.cnpq.br\/5950935849374221\" target=\"_blank\">GON\u00c7ALVES, LS<\/a>;\u00a0WOLFF, LDG;\u00a0<a style=\"color: #000000\" title=\"Clique para visualizar o curr\u00edculo\" href=\"http:\/\/lattes.cnpq.br\/2172559545856592\" target=\"_blank\">PERES, AM.<\/a> <a style=\"color: #000000\" href=\"http:\/\/www.jhi-sbis.saude.ws\/ojs-jhi\/index.php\/jhi-sbis\/article\/view\/146\/106\"><strong>O uso do prontu\u00e1rio eletr\u00f4nico por enfermeiros em Unidades B\u00e1sicas de Sa\u00fade brasileiras<\/strong><\/a>. Journal of Health Informatics, v. 4, p. 3-9, 2012.<\/span><\/p>\n<p style=\"text-align: justify\"><span style=\"color: #000000\">VIECZOREK, AL; WOLFF, LDG. <a style=\"color: #000000\" href=\"http:\/\/www.objnursing.uff.br\/index.php\/nursing\/article\/view\/3562\" target=\"_blank\"><strong>Evaluation of Human Milk Banks in Paran\u00e1 br: a comparative study<\/strong><\/a>. Online Brazilian Journal of Nursing, v. 11, 2012.<\/span><\/p>\n<p style=\"text-align: justify\"><span style=\"color: #000000\">GON\u00c7ALVES, LS; WOLFF, LDG; STAGGERS, N; PERES, AM. <strong>Nursing informatics competencies: an analysis of the latest research<\/strong>. Journal of the American Medical Informatics Association, v. 1, p. 127-131, 2012.<\/span><\/p>\n<p style=\"text-align: justify\"><span style=\"color: #000000\">CAMARGO, AM; SILVA, APB; WOLFF, LDG; SOARES, VMN; OLIVEIRA, CG. <a style=\"color: #000000\" href=\"http:\/\/seer.uscs.edu.br\/index.php\/revista_ciencias_saude\/article\/view\/1475\/1205\" target=\"_blank\"><strong>Abordagens grupais em sa\u00fade coletiva: a vis\u00e3o de usu\u00e1rios e profissionais de enfermagem<\/strong><\/a>. Revista Brasileira de Ci\u00eancias da Sa\u00fade (IMES), v. 10, p. 1-9, 2012.<\/span><\/p>\n<p style=\"text-align: justify\"><span style=\"color: #000000\">LIMA, K; BERNARDINO, E; WOLFF, LDG; PERES, AM. <strong><a style=\"color: #000000\" href=\"http:\/\/ojs.c3sl.ufpr.br\/ojs2\/index.php\/cogitare\/article\/view\/21274\/19052\" target=\"_blank\">Caracter\u00edsticas da produ\u00e7\u00e3o cient\u00edfica de enfermagem acerca de transplantes de c\u00e9lulas-tronco hematopoi\u00e9ticas<\/a><\/strong>. Cogitare Enfermagem (UFPR), v. 17, n. 3, p. 568-573, 2012.<\/span><\/p>\n<p style=\"text-align: justify\"><span style=\"color: #000000\">TINTI, DL; VOSGERAU, MZS; KLUGE, DC. <a style=\"color: #000000\" href=\"http:\/\/www.litoral.ufpr.br\/sites\/default\/files\/Diversa2012-1vf%20(1).pdf\" target=\"_blank\"><strong>Resolu\u00e7\u00e3o alternativa de conflitos: estrag\u00e9gia curricular para a forma\u00e7\u00e3o integral do ser<\/strong><\/a>. Divers@! (Matinhos), v. 5, p. 8-26, 2012.<\/span><\/p>\n<p style=\"text-align: justify\"><span style=\"color: #000000\">MENONCIN, F; ALFIERI, AF; ALFIERI, AF; LORENZETTI, E; HEADLEY, SA; PASSOS, FC; SILVESTRE, T; ZAGO, L; MOTTIN, V; MONTIANI-FERREIRA, F; LANGE, R; SVOBODA, WK; GOMES, EC. <a style=\"color: #000000\" href=\"http:\/\/onlinelibrary.wiley.com\/doi\/10.1111\/j.1600-0684.2012.00557.x\/abstract\" target=\"_blank\"><strong>The evaluation of enteric viruses in asymptomatic free-ranging non-human primates (Alouatta guariba clamitans, Alouatta caraya, Callithrix spp., Callithrix penicillata, and Leontopithecus caissara) in southern Brazil<\/strong><\/a>. Journal of Medical Primatology, v. 41, p. 304-308, 2012.<\/span><\/p>\n","protected":false},"excerpt":{"rendered":"<p>SILVA, FFS; PINTO, JVMMC; PINTO, JV; PREISLER, L;\u00a0ALBUQUERQUE, GSC; PERNA, PO; PINTO, NF; MORONTE, EA; MURAKAMI, Y; FERREIRA, HP. Protocolo para diagn\u00f3stico das intoxica\u00e7\u00f5es cr\u00f4nicas por agrot\u00f3xicos. Revista Brasileira de Toxicologia, v. 25, p. 79, 2012. CHAVES, MMN;\u00a0EGRY, EY. Confer\u00eancias Municipais de Sa\u00fade: o movimento social organizado na constru\u00e7\u00e3o de interven\u00e7\u00f5es em sa\u00fade. Revista da<br \/> <a href=\"https:\/\/saude.ufpr.br\/nesc\/artigos-2012\/\" class=\"button success small readmore\">Leia mais<\/a><\/p>\n","protected":false},"author":1583,"featured_media":0,"parent":0,"menu_order":0,"comment_status":"closed","ping_status":"closed","template":"","meta":{"_acf_changed":false,"_uag_custom_page_level_css":"","footnotes":""},"class_list":["post-96","page","type-page","status-publish","hentry"],"acf":[],"featured_image_src":null,"uagb_featured_image_src":{"full":false,"thumbnail":false,"medium":false,"medium_large":false,"large":false,"1536x1536":false,"2048x2048":false,"noticias-thumb":false,"banners-thumb":false,"maisnoticias-thumb":false,"post-thumbnail":false},"uagb_author_info":{"display_name":"guilherme albuquerque","author_link":"https:\/\/saude.ufpr.br\/nesc\/author\/guilherme\/"},"uagb_comment_info":0,"uagb_excerpt":"SILVA, FFS; PINTO, JVMMC; PINTO, JV; PREISLER, L;\u00a0ALBUQUERQUE, GSC; PERNA, PO; PINTO, NF; MORONTE, EA; MURAKAMI, Y; FERREIRA, HP. Protocolo para diagn\u00f3stico das intoxica\u00e7\u00f5es cr\u00f4nicas por agrot\u00f3xicos. Revista Brasileira de Toxicologia, v. 25, p. 79, 2012. CHAVES, MMN;\u00a0EGRY, EY. Confer\u00eancias Municipais de Sa\u00fade: o movimento social organizado na constru\u00e7\u00e3o de interven\u00e7\u00f5es em sa\u00fade. Revista da&hellip;","publishpress_future_action":{"enabled":false,"date":"2026-04-11 10:46:25","action":"change-status","newStatus":"draft","terms":[],"taxonomy":"","extraData":[]},"publishpress_future_workflow_manual_trigger":{"enabledWorkflows":[]},"_links":{"self":[{"href":"https:\/\/saude.ufpr.br\/nesc\/wp-json\/wp\/v2\/pages\/96","targetHints":{"allow":["GET"]}}],"collection":[{"href":"https:\/\/saude.ufpr.br\/nesc\/wp-json\/wp\/v2\/pages"}],"about":[{"href":"https:\/\/saude.ufpr.br\/nesc\/wp-json\/wp\/v2\/types\/page"}],"author":[{"embeddable":true,"href":"https:\/\/saude.ufpr.br\/nesc\/wp-json\/wp\/v2\/users\/1583"}],"replies":[{"embeddable":true,"href":"https:\/\/saude.ufpr.br\/nesc\/wp-json\/wp\/v2\/comments?post=96"}],"version-history":[{"count":1,"href":"https:\/\/saude.ufpr.br\/nesc\/wp-json\/wp\/v2\/pages\/96\/revisions"}],"predecessor-version":[{"id":97,"href":"https:\/\/saude.ufpr.br\/nesc\/wp-json\/wp\/v2\/pages\/96\/revisions\/97"}],"wp:attachment":[{"href":"https:\/\/saude.ufpr.br\/nesc\/wp-json\/wp\/v2\/media?parent=96"}],"curies":[{"name":"wp","href":"https:\/\/api.w.org\/{rel}","templated":true}]}}