{"id":98,"date":"2016-04-08T12:37:18","date_gmt":"2016-04-08T12:37:18","guid":{"rendered":"https:\/\/saude.ufpr.br\/nesc\/?page_id=98"},"modified":"2016-04-14T00:54:55","modified_gmt":"2016-04-14T00:54:55","slug":"arigos-2011","status":"publish","type":"page","link":"https:\/\/saude.ufpr.br\/nesc\/arigos-2011\/","title":{"rendered":"Arigos 2011"},"content":{"rendered":"<p style=\"text-align: justify\"><span style=\"color: #000000\">PERNA, PO. <strong><a style=\"color: #000000\" href=\"http:\/\/ojs.c3sl.ufpr.br\/ojs\/index.php\/cogitare\/article\/view\/25429\/17045\" target=\"_blank\">A precariza\u00e7\u00e3o do trabalho docente em universidades p\u00fablicas brasileiras<\/a><\/strong>. Cogitare Enfermagem (UFPR), v. 16, n. 4, p. 605-605, 2011.<\/span><\/p>\n<p style=\"text-align: justify\"><span style=\"color: #000000\">GAFURI, AM; MARTIN, BM; ROCHA, CP; SILVA, FR; LONGO, RL;\u00a0ALBUQUERQUE, GSC. <strong><a style=\"color: #000000\" href=\"http:\/\/ojs.c3sl.ufpr.br\/ojs\/index.php\/cogitare\/article\/view\/24218\/16228\" target=\"_blank\">Avalia\u00e7\u00e3o do cuidado ao usu\u00e1rio portador de diabetes em unidade de sa\u00fade<\/a><\/strong>. Cogitare Enfermagem (UFPR), v. 16, n. 3, p. 443-447, 2011.<\/span><\/p>\n<p style=\"text-align: justify\"><span style=\"color: #000000\">CHAVES, MMN; FARIAS, FCSA; APOST\u00d3LICO, MR; CUBAS, MR;\u00a0EGRY, EY. <strong><a style=\"color: #000000\" href=\"http:\/\/www.scielo.br\/pdf\/reeusp\/v45n1\/28.pdf\" target=\"_blank\">Amamenta\u00e7\u00e3o: a pr\u00e1tica do enfermeiro na perspectiva da Classifica\u00e7\u00e3o Internacional de Pr\u00e1ticas de Enfermagem em Sa\u00fade Coletiva<\/a><\/strong>. Revista da Escola de Enfermagem da USP (Impresso), v. 45, p. 199-205, 2011.<\/span><\/p>\n<p style=\"text-align: justify\"><span style=\"color: #000000\">OLIVEIRA, GP; PERES, AM;\u00a0CHAVES, MMN; EDUARDO, EA. <strong><a style=\"color: #000000\" href=\"http:\/\/ojs.c3sl.ufpr.br\/ojs2\/index.php\/cogitare\/article\/view\/24220\/16229\" target=\"_blank\">Os desafios para a interven\u00e7\u00e3o em sa\u00fade na estrat\u00e9gia Sa\u00fade da Fam\u00edlia segundo os profissionais<\/a><\/strong>. Cogitare Enfermagem (UFPR), v. 16, n. 3, p. 448-454, 2011.<\/span><\/p>\n<p style=\"text-align: justify\"><span style=\"color: #000000\">CHAVES, MMN;\u00a0LAROCCA, LM; PERES, AM. <strong><a style=\"color: #000000\" href=\"http:\/\/www.revistas.usp.br\/reeusp\/article\/view\/40891\/44349\" target=\"_blank\">Enfermagem em sa\u00fade coletiva: a constru\u00e7\u00e3o do conhecimento cr\u00edtico sobre a realidade de sa\u00fade<\/a><\/strong>. Revista da Escola de Enfermagem da USP (Impresso), v. 45, p. 1701-1704, 2011.<\/span><\/p>\n<p style=\"text-align: justify\"><span style=\"color: #000000\">CATRAIO, ITFF;\u00a0LAROCCA, LM; MOREIRA, SDR; MEDEIROS, ARP; HIGAKI, NM. <strong><a style=\"color: #000000\" href=\"http:\/\/www.uniandrade.br\/revistauniandrade\/index.php\/revistauniandrade\/article\/view\/24\/18\" target=\"_blank\">A determina\u00e7\u00e3o social da mal\u00e1ria: um estudo de caso na epidemilogia hospitalar<\/a><\/strong>. Revista Uniandrade (Impresso), v. 12, p. 125-132, 2011.<\/span><\/p>\n<p style=\"text-align: justify\"><span style=\"color: #000000\">SOUZA, RHS;\u00a0LAROCCA, LM; MEDEIROS, ARP. <strong><a style=\"color: #000000\" href=\"http:\/\/ojs.c3sl.ufpr.br\/ojs2\/index.php\/cogitare\/article\/view\/25446\/17070\" target=\"_blank\">Capacita\u00e7\u00e3o em educa\u00e7\u00e3o a dist\u00e2ncia: reflex\u00f5es de um cursista<\/a><\/strong>. Cogitare Enfermagem (UFPR), v. 16, p. 745-748, 2011.<\/span><\/p>\n<p style=\"text-align: justify\"><span style=\"color: #000000\">ALEXANDRE, AMC; MACIEL, KF; FERNANDES, APP; PERES, AM; WOLFF, LDG; MANTOVANI, MF; MAZZA, VA. <a style=\"color: #000000\" href=\"http:\/\/www.scielo.br\/pdf\/tce\/v20n2\/a04v20n2.pdf\" target=\"_blank\"><strong>Rede social de apoio no Brasil: grupos e linhas de pesquisa<\/strong><\/a>. Texto &amp; Contexto Enfermagem (UFSC. Impresso), v. 20, p. 241-246, 2011.<\/span><\/p>\n<p style=\"text-align: justify\"><span style=\"color: #000000\">SEIFFERT, LS; WOLFF, LDG; WALL, ML. <a style=\"color: #000000\" href=\"http:\/\/ojs.c3sl.ufpr.br\/ojs2\/index.php\/cogitare\/article\/viewFile\/24293\/16302\" target=\"_blank\"><strong>A expertise de Nightingale e o Manual Brasileiro de Acredita\u00e7\u00e3o de Organiza\u00e7\u00f5es de Sa\u00fade<\/strong><\/a>. Cogitare Enfermagem (UFPR), v. 16, p. 556-559, 2011.<\/span><\/p>\n<p style=\"text-align: justify\"><span style=\"color: #000000\">KALINOWSKI, LC; PRZENYCZKA, RP; WOLFF, LDG; LACERDA, MR. <strong><a style=\"color: #000000\" href=\"http:\/\/www.revista.ufpe.br\/revistaenfermagem\/index.php\/revista\/article\/view\/1954\" target=\"_blank\">Analysis of research groups in Brazil approaching Human Care<\/a><\/strong>. Revista de enfermagem UFPE on line, v. 5, n. 8, p. 1911-1919, 2011.<\/span><\/p>\n<p style=\"text-align: justify\"><span style=\"color: #000000\">RIBAS, JD; JOHANN, DA; DANSKI, MTR; MEIER, MJ; WOLFF, LDG. <a style=\"color: #000000\" href=\"http:\/\/ojs.c3sl.ufpr.br\/ojs2\/index.php\/cogitare\/article\/view\/23841\/17062\" target=\"_blank\"><strong>O processo de organiza\u00e7\u00e3o do Grupo de Pesquisa Tecnologia e Inova\u00e7\u00e3o em Sa\u00fade TIS<\/strong><\/a>. Cogitare Enfermagem (UFPR), v. 16, p. 695-701, 2011.<\/span><\/p>\n<p style=\"text-align: justify\"><span style=\"color: #000000\">GOMES, RM; SCHRAIBER, LB. <a style=\"color: #000000\" href=\"http:\/\/www.scielo.br\/pdf\/icse\/v15n37\/a02v15n37.pdf\" target=\"_blank\"><strong>A dial\u00e9tica humaniza\u00e7\u00e3o-aliena\u00e7\u00e3o como recurso \u00e0 compreens\u00e3o cr\u00edtica da desumaniza\u00e7\u00e3o das pr\u00e1ticas de sa\u00fade: alguns elementos conceituais<\/strong><\/a>. Interface (Botucatu. Impresso), v. 15, p. 339-350, 2011.<\/span><\/p>\n<p style=\"text-align: justify\"><span style=\"color: #000000\">VOSGERAU, MZS; SOARES, DA; SOUZA, RKT; MATSUO, T; CARVALHO, GS. <a style=\"color: #000000\" href=\"http:\/\/www.scielo.br\/pdf\/csc\/v16s1\/a99v16s1.pdf\" target=\"_blank\"><strong>Consumo de medicamentos entre adultos na \u00e1rea de abrang\u00eancia de uma Unidade Sa\u00fade da Fam\u00edlia<\/strong><\/a>. Ci\u00eancia e Sa\u00fade Coletiva (Impresso), v. 16, p. 1629-1638-9, 2011.<\/span><\/p>\n<p style=\"text-align: justify\"><span style=\"color: #000000\">VOSGERAU, MZS; SOARES, DA; SOUZA, RKT. <a style=\"color: #000000\" href=\"http:\/\/www.scielo.br\/pdf\/rbepid\/v14n2\/07.pdf\" target=\"_blank\"><strong>Utiliza\u00e7\u00e3o de gen\u00e9ricos em \u00e1rea de atua\u00e7\u00e3o da equipe de Sa\u00fade da Fam\u00edlia em munic\u00edpio do sul do Brasil<\/strong><\/a>. Revista Brasileira de Epidemiologia (Impresso), v. 14, p. 253-263, 2011.<\/span><\/p>\n<p style=\"text-align: justify\"><span style=\"color: #000000\">VOSGERAU, MZS; CABRERA, M; SOUZA, RKT. <a style=\"color: #000000\" href=\"http:\/\/sociedades.cardiol.br\/socerj\/revista\/2011_02\/a_2011_v24_n02_03saude.pdf\" target=\"_blank\"><strong>Sa\u00fade da Fam\u00edlia e Utiliza\u00e7\u00e3o de medicamentos antihipertensivos e anti-diab\u00e9ticos<\/strong><\/a>. Revista da SOCERJ, v. 24, p. 95-104, 2011.<\/span><\/p>\n<p style=\"text-align: justify\"><span style=\"color: #000000\">SANTOS, LP; VOSGERAU, MZS; PORTUGAL, GP; BLUM, DA; PADILHA, C; GUNHA, ML; BUZATO, LFTF; ORLONSKI, P. <a style=\"color: #000000\" href=\"http:\/\/www.unifal-mg.edu.br\/extensao\/files\/image\/arquivos\/revista_conexao_ano7v1.pdf\" target=\"_blank\"><strong>A Universidade Estadual de Ponta Grossa no Projeto Rondon: Promo\u00e7\u00e3o da sa\u00fade, cidadania e cultura no interior do Estado de Goi\u00e1s<\/strong><\/a>. Revista Conex\u00e3o UEPG, v. 7, p. 26-35, 2011.<\/span><\/p>\n<p style=\"text-align: justify\"><span style=\"color: #000000\">AGUIAR, L; LUDWIG, G; ROPER, J; SVOBODA, WK; NAVARRO, IT; PASSOS, FC. <a style=\"color: #000000\" href=\"http:\/\/www.bioone.org\/doi\/abs\/10.1896\/044.018.0201\" target=\"_blank\"><strong>Howler and capuchin monkey densities in riparian forests on islands and adjacent shores on the Upper Paran\u00e1 River, southern Brazil<\/strong><\/a>. Neotropical Primates, v. 18, p. 39-43, 2011.<\/span><\/p>\n","protected":false},"excerpt":{"rendered":"<p>PERNA, PO. A precariza\u00e7\u00e3o do trabalho docente em universidades p\u00fablicas brasileiras. Cogitare Enfermagem (UFPR), v. 16, n. 4, p. 605-605, 2011. GAFURI, AM; MARTIN, BM; ROCHA, CP; SILVA, FR; LONGO, RL;\u00a0ALBUQUERQUE, GSC. Avalia\u00e7\u00e3o do cuidado ao usu\u00e1rio portador de diabetes em unidade de sa\u00fade. Cogitare Enfermagem (UFPR), v. 16, n. 3, p. 443-447, 2011. CHAVES,<br \/> <a href=\"https:\/\/saude.ufpr.br\/nesc\/arigos-2011\/\" class=\"button success small readmore\">Leia mais<\/a><\/p>\n","protected":false},"author":1583,"featured_media":0,"parent":0,"menu_order":0,"comment_status":"closed","ping_status":"closed","template":"","meta":{"_acf_changed":false,"_uag_custom_page_level_css":"","footnotes":""},"class_list":["post-98","page","type-page","status-publish","hentry"],"acf":[],"featured_image_src":null,"uagb_featured_image_src":{"full":false,"thumbnail":false,"medium":false,"medium_large":false,"large":false,"1536x1536":false,"2048x2048":false,"noticias-thumb":false,"banners-thumb":false,"maisnoticias-thumb":false,"post-thumbnail":false},"uagb_author_info":{"display_name":"guilherme albuquerque","author_link":"https:\/\/saude.ufpr.br\/nesc\/author\/guilherme\/"},"uagb_comment_info":0,"uagb_excerpt":"PERNA, PO. A precariza\u00e7\u00e3o do trabalho docente em universidades p\u00fablicas brasileiras. Cogitare Enfermagem (UFPR), v. 16, n. 4, p. 605-605, 2011. GAFURI, AM; MARTIN, BM; ROCHA, CP; SILVA, FR; LONGO, RL;\u00a0ALBUQUERQUE, GSC. Avalia\u00e7\u00e3o do cuidado ao usu\u00e1rio portador de diabetes em unidade de sa\u00fade. Cogitare Enfermagem (UFPR), v. 16, n. 3, p. 443-447, 2011. CHAVES,&hellip;","publishpress_future_action":{"enabled":false,"date":"2026-04-12 13:31:56","action":"change-status","newStatus":"draft","terms":[],"taxonomy":"","extraData":[]},"publishpress_future_workflow_manual_trigger":{"enabledWorkflows":[]},"_links":{"self":[{"href":"https:\/\/saude.ufpr.br\/nesc\/wp-json\/wp\/v2\/pages\/98","targetHints":{"allow":["GET"]}}],"collection":[{"href":"https:\/\/saude.ufpr.br\/nesc\/wp-json\/wp\/v2\/pages"}],"about":[{"href":"https:\/\/saude.ufpr.br\/nesc\/wp-json\/wp\/v2\/types\/page"}],"author":[{"embeddable":true,"href":"https:\/\/saude.ufpr.br\/nesc\/wp-json\/wp\/v2\/users\/1583"}],"replies":[{"embeddable":true,"href":"https:\/\/saude.ufpr.br\/nesc\/wp-json\/wp\/v2\/comments?post=98"}],"version-history":[{"count":1,"href":"https:\/\/saude.ufpr.br\/nesc\/wp-json\/wp\/v2\/pages\/98\/revisions"}],"predecessor-version":[{"id":99,"href":"https:\/\/saude.ufpr.br\/nesc\/wp-json\/wp\/v2\/pages\/98\/revisions\/99"}],"wp:attachment":[{"href":"https:\/\/saude.ufpr.br\/nesc\/wp-json\/wp\/v2\/media?parent=98"}],"curies":[{"name":"wp","href":"https:\/\/api.w.org\/{rel}","templated":true}]}}