{"id":1198,"date":"2025-07-18T18:21:25","date_gmt":"2025-07-18T18:21:25","guid":{"rendered":"https:\/\/saude.ufpr.br\/npscf\/?page_id=1198"},"modified":"2026-02-23T12:50:13","modified_gmt":"2026-02-23T12:50:13","slug":"comite-e-conselho","status":"publish","type":"page","link":"https:\/\/saude.ufpr.br\/npscf\/comite-e-conselho\/","title":{"rendered":"Comit\u00ea e Conselho"},"content":{"rendered":"<p><strong>Coordena\u00e7\u00e3o<\/strong> : Dra. Luana Mota Ferreira<\/p>\n<p><strong>Vice-Coordena\u00e7\u00e3o: <\/strong>Dra. Francinete Ramos Campos<br \/>\n<strong><br \/>\nComit\u00ea Gestor (CG): <\/strong><\/p>\n<ul>\n<li>Dra. Francinete Ramos Campos<\/li>\n<li>Dra. Luana Mota Ferreira<\/li>\n<li>Dr. Roberto Pontarolo<\/li>\n<li>Dr. Rilton Alves de Freitas<\/li>\n<li>Dra. Camila Klocker<\/li>\n<li>Dra. Vivian R. M. Valdameri<\/li>\n<\/ul>\n<p><strong>Conselho T\u00e9cnico Cient\u00edfico (CTC):<br \/>\n<\/strong><\/p>\n<ul>\n<li>Dra. Francinete Ramos Campos<\/li>\n<li>Dra. Luana Mota Ferreira<\/li>\n<li>Dr. Roberto Pontarolo<\/li>\n<li>Dr. Rilton Alves de Freitas<\/li>\n<li>Dra. Camila Klocker<\/li>\n<li>Dra. Vivian R. M. Valdameri<\/li>\n<li>Dra. Josiane de F\u00e1tima Gaspari Dias<\/li>\n<li>Dra. Tha\u00eds Martins Guimar\u00e3es<\/li>\n<li>Dra. Thalita Gilda Santos<\/li>\n<li>Dr. Glaucio Valdameri<\/li>\n<li>Dr. Fabio Seigi Murakami<\/li>\n<li>Dra. Fabiane Rego<\/li>\n<li>Dra. Deise Prehs Montrucchio<\/li>\n<li>Dra. Marilis D. Miguel<\/li>\n<li>Dra. Astrid Wiens Souza<\/li>\n<li>Dra. Jaqueline Carneiro<\/li>\n<li>Marcel Henrique Marcondes Sari<\/li>\n<li>Marcelo Pedrosa Gomes<\/li>\n<li>Antonio Eduardo Matoso Mendes<\/li>\n<\/ul>\n<p>A elei\u00e7\u00e3o de 02 (dois) representantes membros do CG para Coordena\u00e7\u00e3o e Vice-Coordena\u00e7\u00e3o, por um mandato de 02 (dois) anos, ser\u00e1 convocada pelo CG, permitida 01 (uma) recondu\u00e7\u00e3o.<br \/>\nO Comit\u00ea Gestor realizar\u00e1 reuni\u00f5es peri\u00f3dicas no m\u00ednimo 2 (duas) vezes ao ano, instalando-se com a presen\u00e7a da maioria dos membros em datas convocadas pelo Coordenador ou por iniciativa de pelo menos 1\/3 (um ter\u00e7o) de seus membros, com anteced\u00eancia m\u00ednima de 48 (quarenta e oito) horas.<\/p>\n","protected":false},"excerpt":{"rendered":"<p>Coordena\u00e7\u00e3o : Dra. Luana Mota Ferreira Vice-Coordena\u00e7\u00e3o: Dra. Francinete Ramos Campos Comit\u00ea Gestor (CG): Dra. Francinete Ramos Campos Dra. Luana Mota Ferreira Dr. Roberto Pontarolo Dr. Rilton Alves de Freitas Dra. Camila Klocker Dra. Vivian R. M. Valdameri Conselho T\u00e9cnico Cient\u00edfico (CTC): Dra. Francinete Ramos Campos Dra. Luana Mota Ferreira Dr. Roberto Pontarolo Dr. Rilton<br \/> <a href=\"https:\/\/saude.ufpr.br\/npscf\/comite-e-conselho\/\" class=\"button success small readmore\">Leia mais<\/a><\/p>\n","protected":false},"author":15,"featured_media":0,"parent":0,"menu_order":0,"comment_status":"closed","ping_status":"closed","template":"","meta":{"_acf_changed":false,"_uag_custom_page_level_css":"","footnotes":""},"class_list":["post-1198","page","type-page","status-publish","hentry"],"acf":[],"featured_image_src":null,"uagb_featured_image_src":{"full":false,"thumbnail":false,"medium":false,"medium_large":false,"large":false,"1536x1536":false,"2048x2048":false,"noticias-thumb":false,"banners-thumb":false,"maisnoticias-thumb":false,"post-thumbnail":false},"uagb_author_info":{"display_name":"Andrea Jankoski","author_link":"https:\/\/saude.ufpr.br\/npscf\/author\/andrea\/"},"uagb_comment_info":0,"uagb_excerpt":"Coordena\u00e7\u00e3o : Dra. Luana Mota Ferreira Vice-Coordena\u00e7\u00e3o: Dra. Francinete Ramos Campos Comit\u00ea Gestor (CG): Dra. Francinete Ramos Campos Dra. Luana Mota Ferreira Dr. Roberto Pontarolo Dr. Rilton Alves de Freitas Dra. Camila Klocker Dra. Vivian R. M. Valdameri Conselho T\u00e9cnico Cient\u00edfico (CTC): Dra. Francinete Ramos Campos Dra. Luana Mota Ferreira Dr. Roberto Pontarolo Dr. Rilton&hellip;","publishpress_future_action":{"enabled":false,"date":"2026-05-02 23:57:35","action":"change-status","newStatus":"draft","terms":[],"taxonomy":"","extraData":[]},"publishpress_future_workflow_manual_trigger":{"enabledWorkflows":[]},"_links":{"self":[{"href":"https:\/\/saude.ufpr.br\/npscf\/wp-json\/wp\/v2\/pages\/1198","targetHints":{"allow":["GET"]}}],"collection":[{"href":"https:\/\/saude.ufpr.br\/npscf\/wp-json\/wp\/v2\/pages"}],"about":[{"href":"https:\/\/saude.ufpr.br\/npscf\/wp-json\/wp\/v2\/types\/page"}],"author":[{"embeddable":true,"href":"https:\/\/saude.ufpr.br\/npscf\/wp-json\/wp\/v2\/users\/15"}],"replies":[{"embeddable":true,"href":"https:\/\/saude.ufpr.br\/npscf\/wp-json\/wp\/v2\/comments?post=1198"}],"version-history":[{"count":9,"href":"https:\/\/saude.ufpr.br\/npscf\/wp-json\/wp\/v2\/pages\/1198\/revisions"}],"predecessor-version":[{"id":2576,"href":"https:\/\/saude.ufpr.br\/npscf\/wp-json\/wp\/v2\/pages\/1198\/revisions\/2576"}],"wp:attachment":[{"href":"https:\/\/saude.ufpr.br\/npscf\/wp-json\/wp\/v2\/media?parent=1198"}],"curies":[{"name":"wp","href":"https:\/\/api.w.org\/{rel}","templated":true}]}}