{"id":12,"date":"2015-02-26T18:56:50","date_gmt":"2015-02-26T18:56:50","guid":{"rendered":"http:\/\/saude.local\/gmpi\/?page_id=12"},"modified":"2025-08-21T18:35:20","modified_gmt":"2025-08-21T18:35:20","slug":"infraestrutura","status":"publish","type":"page","link":"https:\/\/saude.ufpr.br\/npscf\/infraestrutura\/","title":{"rendered":"Infraestrutura"},"content":{"rendered":"\n<table id=\"tablepress-2\" class=\"tablepress tablepress-id-2\">\n<thead>\n<tr class=\"row-1\">\n\t<th class=\"column-1\">Infraestrutura utilizada<\/th><th class=\"column-2\">Campus<\/th><th class=\"column-3\">Servidor Respons\u00e1vel<\/th><th class=\"column-4\">E-mail<\/th>\n<\/tr>\n<\/thead>\n<tbody class=\"row-striping row-hover\">\n<tr class=\"row-2\">\n\t<td class=\"column-1\"><a href=\"https:\/\/www.prppg.ufpr.br\/site\/ppgfarmaceuticas\/pb\/central-analitica\/\" target=\"_blank\">Central Anal\u00edtica do PPG-CF da UFPR<\/a><\/td><td class=\"column-2\">Bot\u00e2nico<\/td><td class=\"column-3\">Francinete Ramos Campos<\/td><td class=\"column-4\">francampos@ufpr.br<\/td>\n<\/tr>\n<tr class=\"row-3\">\n\t<td class=\"column-1\"><a href=\"https:\/\/saude.ufpr.br\/fesc\/\" target=\"_blank\">Farm\u00e1cia Escola<\/a><\/td><td class=\"column-2\">Reitoria<\/td><td class=\"column-3\">Camila Klocker Costa<\/td><td class=\"column-4\">camilacosta@ufpr.br<\/td>\n<\/tr>\n<tr class=\"row-4\">\n\t<td class=\"column-1\"><\/td><td class=\"column-2\"><\/td><td class=\"column-3\">Rossana Calegari dos Santos<\/td><td class=\"column-4\">rossana@ufpr.br<\/td>\n<\/tr>\n<tr class=\"row-5\">\n\t<td class=\"column-1\">Centro de Estudos em Biofarm\u00e1cia<\/td><td class=\"column-2\">Bot\u00e2nico<\/td><td class=\"column-3\">Roberto Pontarolo<\/td><td class=\"column-4\">pontarolo@ufpr.br<\/td>\n<\/tr>\n<tr class=\"row-6\">\n\t<td class=\"column-1\"><\/td><td class=\"column-2\"><\/td><td class=\"column-3\">Luana Mota Ferreira<\/td><td class=\"column-4\">luanamota@ufpr.br<\/td>\n<\/tr>\n<tr class=\"row-7\">\n\t<td class=\"column-1\">Laborat\u00f3rio de Controle de Qualidade I<\/td><td class=\"column-2\">Bot\u00e2nico<\/td><td class=\"column-3\">Roberto Pontarolo<\/td><td class=\"column-4\">pontarolo@ufpr.br<\/td>\n<\/tr>\n<tr class=\"row-8\">\n\t<td class=\"column-1\"><\/td><td class=\"column-2\"><\/td><td class=\"column-3\">Luana Mota Ferreira<\/td><td class=\"column-4\">luanamota@ufpr.br<\/td>\n<\/tr>\n<tr class=\"row-9\">\n\t<td class=\"column-1\"><a href=\"https:\/\/biopol.ufpr.br\/\" target=\"_blank\">Laborat\u00f3rio de Biopol\u00edmeros (BIOPOL)<\/a><\/td><td class=\"column-2\">Bot\u00e2nico<\/td><td class=\"column-3\">Rilton Alves de Freitas<\/td><td class=\"column-4\">rilton@ufpr.br<\/td>\n<\/tr>\n<tr class=\"row-10\">\n\t<td class=\"column-1\"><\/td><td class=\"column-2\"><\/td><td class=\"column-3\">Karina Bettega Felipe<\/td><td class=\"column-4\">karinabettega@ufpr.br<\/td>\n<\/tr>\n<tr class=\"row-11\">\n\t<td class=\"column-1\"><\/td><td class=\"column-2\"><\/td><td class=\"column-3\">Jaqueline Carneiro<\/td><td class=\"column-4\">jaquelinecarneiro@ufpr.br<\/td>\n<\/tr>\n<tr class=\"row-12\">\n\t<td class=\"column-1\"><a href=\"https:\/\/cpdm.ufpr.br\/\" target=\"_blank\">Laborat\u00f3rio do Grupo de Pesquisa em Doen\u00e7as Metab\u00f3licas (GPDM)<\/a><\/td><td class=\"column-2\">Bot\u00e2nico<\/td><td class=\"column-3\">Fabiane Rego<\/td><td class=\"column-4\">rego@ufpr.br<\/td>\n<\/tr>\n<tr class=\"row-13\">\n\t<td class=\"column-1\"><\/td><td class=\"column-2\"><\/td><td class=\"column-3\">Marcel Herique Marcondes Sari<\/td><td class=\"column-4\">marcelsari@ufpr.br<\/td>\n<\/tr>\n<tr class=\"row-14\">\n\t<td class=\"column-1\">Laborat\u00f3rio de Tecnologia Farmac\u00eautica<\/td><td class=\"column-2\">Bot\u00e2nico<\/td><td class=\"column-3\">Fabio Seigi Murakami<\/td><td class=\"column-4\">fsmurakami@ufpr.br<\/td>\n<\/tr>\n<tr class=\"row-15\">\n\t<td class=\"column-1\"><\/td><td class=\"column-2\"><\/td><td class=\"column-3\">Jaqueline Carneiro<\/td><td class=\"column-4\">jaquelinecarneiro@ufpr.br<\/td>\n<\/tr>\n<tr class=\"row-16\">\n\t<td class=\"column-1\">Laborat\u00f3rio de Fitoqu\u00edmica<\/td><td class=\"column-2\">Bot\u00e2nico<\/td><td class=\"column-3\">Obd\u00falio Gomes Miguel<\/td><td class=\"column-4\">obdulio@ufpr.br<\/td>\n<\/tr>\n<tr class=\"row-17\">\n\t<td class=\"column-1\">Laborat\u00f3rio de Farmacot\u00e9cnica<\/td><td class=\"column-2\">Bot\u00e2nico<\/td><td class=\"column-3\">Marilis D. Miguel<\/td><td class=\"column-4\">dallarmi@ufpr.br<\/td>\n<\/tr>\n<tr class=\"row-18\">\n\t<td class=\"column-1\">Laborat\u00f3rio de Controle de Qualidade Biol\u00f3gico<\/td><td class=\"column-2\">Bot\u00e2nico<\/td><td class=\"column-3\">Tha\u00eds Martins Guimar\u00e3es<\/td><td class=\"column-4\">thais.guimaraes@ufpr.br<\/td>\n<\/tr>\n<tr class=\"row-19\">\n\t<td class=\"column-1\"><a href=\"https:\/\/labicem.ufpr.br\/\" target=\"_blank\">Laborat\u00f3rios de Bioci\u00eancias e Espectrometria de Massas (LABICEM)<\/a><\/td><td class=\"column-2\">Bot\u00e2nico<\/td><td class=\"column-3\">Francinete Ramos Campos<\/td><td class=\"column-4\">francampos@ufpr.br<\/td>\n<\/tr>\n<tr class=\"row-20\">\n\t<td class=\"column-1\"><a href=\"https:\/\/lcdr.ufpr.br\/portal\/\" target=\"_blank\">Laboratory of Cancer Drug Resistance (LCDR)<\/a><\/td><td class=\"column-2\">Bot\u00e2nico<\/td><td class=\"column-3\">Glaucio Valdameri<\/td><td class=\"column-4\">gvaldameri@ufpr.br<\/td>\n<\/tr>\n<tr class=\"row-21\">\n\t<td class=\"column-1\"><\/td><td class=\"column-2\"><\/td><td class=\"column-3\">Vivian Rotuno Moure Valdameri<\/td><td class=\"column-4\">vivian.moure@ufpr.br<\/td>\n<\/tr>\n<tr class=\"row-22\">\n\t<td class=\"column-1\">Laborat\u00f3rio de Farmacognosia<\/td><td class=\"column-2\">Bot\u00e2nico<\/td><td class=\"column-3\">Thalita Gilda Santos<\/td><td class=\"column-4\">thalitagilda@ufpr.br<\/td>\n<\/tr>\n<\/tbody>\n<\/table>\n<!-- #tablepress-2 from cache -->\n","protected":false},"excerpt":{"rendered":"","protected":false},"author":1615,"featured_media":0,"parent":0,"menu_order":0,"comment_status":"open","ping_status":"open","template":"","meta":{"_acf_changed":false,"_uag_custom_page_level_css":"","footnotes":""},"class_list":["post-12","page","type-page","status-publish","hentry"],"acf":[],"featured_image_src":null,"uagb_featured_image_src":{"full":false,"thumbnail":false,"medium":false,"medium_large":false,"large":false,"1536x1536":false,"2048x2048":false,"noticias-thumb":false,"banners-thumb":false,"maisnoticias-thumb":false,"post-thumbnail":false},"uagb_author_info":{"display_name":"Guilherme","author_link":"https:\/\/saude.ufpr.br\/npscf\/author\/guilhermematos\/"},"uagb_comment_info":0,"uagb_excerpt":null,"publishpress_future_action":{"enabled":false,"date":"2026-05-02 15:39:00","action":"change-status","newStatus":"draft","terms":[],"taxonomy":"","extraData":[]},"publishpress_future_workflow_manual_trigger":{"enabledWorkflows":[]},"_links":{"self":[{"href":"https:\/\/saude.ufpr.br\/npscf\/wp-json\/wp\/v2\/pages\/12","targetHints":{"allow":["GET"]}}],"collection":[{"href":"https:\/\/saude.ufpr.br\/npscf\/wp-json\/wp\/v2\/pages"}],"about":[{"href":"https:\/\/saude.ufpr.br\/npscf\/wp-json\/wp\/v2\/types\/page"}],"author":[{"embeddable":true,"href":"https:\/\/saude.ufpr.br\/npscf\/wp-json\/wp\/v2\/users\/1615"}],"replies":[{"embeddable":true,"href":"https:\/\/saude.ufpr.br\/npscf\/wp-json\/wp\/v2\/comments?post=12"}],"version-history":[{"count":14,"href":"https:\/\/saude.ufpr.br\/npscf\/wp-json\/wp\/v2\/pages\/12\/revisions"}],"predecessor-version":[{"id":1595,"href":"https:\/\/saude.ufpr.br\/npscf\/wp-json\/wp\/v2\/pages\/12\/revisions\/1595"}],"wp:attachment":[{"href":"https:\/\/saude.ufpr.br\/npscf\/wp-json\/wp\/v2\/media?parent=12"}],"curies":[{"name":"wp","href":"https:\/\/api.w.org\/{rel}","templated":true}]}}