{"id":1344,"date":"2025-08-11T12:49:54","date_gmt":"2025-08-11T12:49:54","guid":{"rendered":"https:\/\/saude.ufpr.br\/npscf\/?page_id=1344"},"modified":"2025-09-10T12:57:52","modified_gmt":"2025-09-10T12:57:52","slug":"contato","status":"publish","type":"page","link":"https:\/\/saude.ufpr.br\/npscf\/contato\/","title":{"rendered":"Contato"},"content":{"rendered":"\t\t<div data-elementor-type=\"wp-page\" data-elementor-id=\"1344\" class=\"elementor elementor-1344\">\n\t\t\t\t<div class=\"elementor-element elementor-element-e125497 e-flex e-con-boxed e-con e-parent\" data-id=\"e125497\" data-element_type=\"container\" data-e-type=\"container\">\n\t\t\t\t\t<div class=\"e-con-inner\">\n\t\t<div class=\"elementor-element elementor-element-52a31d7 e-con-full e-flex e-con e-child\" data-id=\"52a31d7\" data-element_type=\"container\" data-e-type=\"container\">\n\t\t\t\t<div class=\"elementor-element elementor-element-cca67cd elementor-widget__width-initial eael-contact-form-7-button-align-left eael-contact-form-7-button-custom elementor-widget elementor-widget-eael-contact-form-7\" data-id=\"cca67cd\" data-element_type=\"widget\" data-e-type=\"widget\" data-widget_type=\"eael-contact-form-7.default\">\n\t\t\t\t\t<div class=\"eael-contact-form-7-wrapper\">\n                <div class=\"eael-contact-form eael-contact-form-7 eael-contact-form-cca67cd placeholder-show eael-contact-form-align-center\"><div class=\"eael-contact-form-7-heading\"><h3 class=\"eael-contact-form-title eael-contact-form-7-title\">\n                                    Entre em contato\n                                <\/h3><\/div>\n<div class=\"wpcf7 no-js\" id=\"wpcf7-f1281-o1\" lang=\"pt-BR\" dir=\"ltr\" data-wpcf7-id=\"1281\">\n<div class=\"screen-reader-response\"><p role=\"status\" aria-live=\"polite\" aria-atomic=\"true\"><\/p> <ul><\/ul><\/div>\n<form action=\"\/npscf\/wp-json\/wp\/v2\/pages\/1344#wpcf7-f1281-o1\" method=\"post\" class=\"wpcf7-form init\" aria-label=\"Formul\u00e1rios de contato\" novalidate=\"novalidate\" data-status=\"init\">\n<fieldset class=\"hidden-fields-container\"><input type=\"hidden\" name=\"_wpcf7\" value=\"1281\" \/><input type=\"hidden\" name=\"_wpcf7_version\" value=\"6.1.5\" \/><input type=\"hidden\" name=\"_wpcf7_locale\" value=\"pt_BR\" \/><input type=\"hidden\" name=\"_wpcf7_unit_tag\" value=\"wpcf7-f1281-o1\" \/><input type=\"hidden\" name=\"_wpcf7_container_post\" value=\"0\" \/><input type=\"hidden\" name=\"_wpcf7_posted_data_hash\" value=\"\" \/>\n<\/fieldset>\n<p><label> Seu nome<br \/>\n<span class=\"wpcf7-form-control-wrap\" data-name=\"your-name\"><input size=\"40\" maxlength=\"400\" class=\"wpcf7-form-control wpcf7-text wpcf7-validates-as-required\" autocomplete=\"name\" aria-required=\"true\" aria-invalid=\"false\" value=\"\" type=\"text\" name=\"your-name\" \/><\/span> <\/label>\n<\/p>\n<p><label> Seu e-mail<br \/>\n<span class=\"wpcf7-form-control-wrap\" data-name=\"your-email\"><input size=\"40\" maxlength=\"400\" class=\"wpcf7-form-control wpcf7-email wpcf7-validates-as-required wpcf7-text wpcf7-validates-as-email\" autocomplete=\"email\" aria-required=\"true\" aria-invalid=\"false\" value=\"\" type=\"email\" name=\"your-email\" \/><\/span> <\/label>\n<\/p>\n<p><label> Assunto<br \/>\n<span class=\"wpcf7-form-control-wrap\" data-name=\"your-subject\"><input size=\"40\" maxlength=\"400\" class=\"wpcf7-form-control wpcf7-text wpcf7-validates-as-required\" aria-required=\"true\" aria-invalid=\"false\" value=\"\" type=\"text\" name=\"your-subject\" \/><\/span> <\/label>\n<\/p>\n<p><label> Sua mensagem (opcional)<br \/>\n<span class=\"wpcf7-form-control-wrap\" data-name=\"your-message\"><textarea cols=\"40\" rows=\"10\" maxlength=\"2000\" class=\"wpcf7-form-control wpcf7-textarea\" aria-invalid=\"false\" name=\"your-message\"><\/textarea><\/span> <\/label>\n<\/p>\n<p><input class=\"wpcf7-form-control wpcf7-submit has-spinner\" type=\"submit\" value=\"Enviar\" \/>\n<\/p><div class=\"wpcf7-response-output\" aria-hidden=\"true\"><\/div>\n<\/form>\n<\/div>\n<\/div>\n            <\/div>\t\t\t\t<\/div>\n\t\t\t\t<\/div>\n\t\t<div class=\"elementor-element elementor-element-a12fc62 e-con-full e-flex e-con e-child\" data-id=\"a12fc62\" data-element_type=\"container\" data-e-type=\"container\">\n\t\t<div class=\"elementor-element elementor-element-57792f4 e-con-full e-flex e-con e-child\" data-id=\"57792f4\" data-element_type=\"container\" data-e-type=\"container\">\n\t\t\t\t<div class=\"elementor-element elementor-element-026f712 elementor-widget elementor-widget-text-editor\" data-id=\"026f712\" data-element_type=\"widget\" data-e-type=\"widget\" data-widget_type=\"text-editor.default\">\n\t\t\t\t\t\t\t\t\t<p><span style=\"color: #000000;\"><strong>Hor\u00e1rio de atendimento:<\/strong><\/span><\/p><p><span style=\"color: #000080;\">De segunda a sexta-feira das 8 \u00e0s 17h<\/span><\/p><p><span style=\"color: #000000;\"><strong>Endere\u00e7o<\/strong><\/span>:<\/p><p><span style=\"color: #000080;\">Av. Prefeito Loth\u00e1rio Meissner, 632 &#8211; Jardim Bot\u00e2nico, Curitiba &#8211; PR &#8211; Brasil<\/span><\/p><p><span style=\"color: #000080;\">CEP: 80210-170\u00a0<\/span><\/p><p><span style=\"color: #000080;\">Fone: (41) 3360-4162<\/span><\/p><p><span style=\"color: #000080;\">E-mail: npscf_sd@ufpr.br<\/span><\/p>\t\t\t\t\t\t\t\t<\/div>\n\t\t\t\t<div class=\"elementor-element elementor-element-ae7b091 elementor-widget elementor-widget-google_maps\" data-id=\"ae7b091\" data-element_type=\"widget\" data-e-type=\"widget\" data-widget_type=\"google_maps.default\">\n\t\t\t\t\t\t\t<div class=\"elementor-custom-embed\">\n\t\t\t<iframe loading=\"lazy\"\n\t\t\t\t\tsrc=\"https:\/\/maps.google.com\/maps?q=Av.%20Prefeito%20Loth%C3%A1rio%20Meissner%2C%20632%20-%20Jardim%20Bot%C3%A2nico&#038;t=m&#038;z=10&#038;output=embed&#038;iwloc=near\"\n\t\t\t\t\ttitle=\"Av. Prefeito Loth\u00e1rio Meissner, 632 - Jardim Bot\u00e2nico\"\n\t\t\t\t\taria-label=\"Av. Prefeito Loth\u00e1rio Meissner, 632 - Jardim Bot\u00e2nico\"\n\t\t\t><\/iframe>\n\t\t<\/div>\n\t\t\t\t\t\t<\/div>\n\t\t\t\t<\/div>\n\t\t<div class=\"elementor-element elementor-element-6f61653 e-con-full e-flex e-con e-child\" data-id=\"6f61653\" data-element_type=\"container\" data-e-type=\"container\">\n\t\t\t\t<\/div>\n\t\t\t\t<\/div>\n\t\t\t\t\t<\/div>\n\t\t\t\t<\/div>\n\t\t\t\t<\/div>\n\t\t","protected":false},"excerpt":{"rendered":"<p>Entre em contato Seu nome Seu e-mail Assunto Sua mensagem (opcional) Hor\u00e1rio de atendimento: De segunda a sexta-feira das 8 \u00e0s 17h Endere\u00e7o: Av. Prefeito Loth\u00e1rio Meissner, 632 &#8211; Jardim Bot\u00e2nico, Curitiba &#8211; PR &#8211; Brasil CEP: 80210-170\u00a0 Fone: (41) 3360-4162 E-mail: npscf_sd@ufpr.br<\/p>\n","protected":false},"author":15,"featured_media":0,"parent":0,"menu_order":0,"comment_status":"closed","ping_status":"closed","template":"","meta":{"_acf_changed":false,"_uag_custom_page_level_css":"","footnotes":""},"class_list":["post-1344","page","type-page","status-publish","hentry"],"acf":[],"featured_image_src":null,"uagb_featured_image_src":{"full":false,"thumbnail":false,"medium":false,"medium_large":false,"large":false,"1536x1536":false,"2048x2048":false,"noticias-thumb":false,"banners-thumb":false,"maisnoticias-thumb":false,"post-thumbnail":false},"uagb_author_info":{"display_name":"Andrea Jankoski","author_link":"https:\/\/saude.ufpr.br\/npscf\/author\/andrea\/"},"uagb_comment_info":0,"uagb_excerpt":"Entre em contato Seu nome Seu e-mail Assunto Sua mensagem (opcional) Hor\u00e1rio de atendimento: De segunda a sexta-feira das 8 \u00e0s 17h Endere\u00e7o: Av. Prefeito Loth\u00e1rio Meissner, 632 &#8211; Jardim Bot\u00e2nico, Curitiba &#8211; PR &#8211; Brasil CEP: 80210-170\u00a0 Fone: (41) 3360-4162 E-mail: npscf_sd@ufpr.br","publishpress_future_action":{"enabled":false,"date":"2026-05-02 15:39:00","action":"change-status","newStatus":"draft","terms":[],"taxonomy":"","extraData":[]},"publishpress_future_workflow_manual_trigger":{"enabledWorkflows":[]},"_links":{"self":[{"href":"https:\/\/saude.ufpr.br\/npscf\/wp-json\/wp\/v2\/pages\/1344","targetHints":{"allow":["GET"]}}],"collection":[{"href":"https:\/\/saude.ufpr.br\/npscf\/wp-json\/wp\/v2\/pages"}],"about":[{"href":"https:\/\/saude.ufpr.br\/npscf\/wp-json\/wp\/v2\/types\/page"}],"author":[{"embeddable":true,"href":"https:\/\/saude.ufpr.br\/npscf\/wp-json\/wp\/v2\/users\/15"}],"replies":[{"embeddable":true,"href":"https:\/\/saude.ufpr.br\/npscf\/wp-json\/wp\/v2\/comments?post=1344"}],"version-history":[{"count":32,"href":"https:\/\/saude.ufpr.br\/npscf\/wp-json\/wp\/v2\/pages\/1344\/revisions"}],"predecessor-version":[{"id":2546,"href":"https:\/\/saude.ufpr.br\/npscf\/wp-json\/wp\/v2\/pages\/1344\/revisions\/2546"}],"wp:attachment":[{"href":"https:\/\/saude.ufpr.br\/npscf\/wp-json\/wp\/v2\/media?parent=1344"}],"curies":[{"name":"wp","href":"https:\/\/api.w.org\/{rel}","templated":true}]}}