{"id":2381,"date":"2025-09-10T11:16:56","date_gmt":"2025-09-10T11:16:56","guid":{"rendered":"https:\/\/saude.ufpr.br\/npscf\/?page_id=2381"},"modified":"2025-10-03T17:19:47","modified_gmt":"2025-10-03T17:19:47","slug":"consultorias-treinamentos","status":"publish","type":"page","link":"https:\/\/saude.ufpr.br\/npscf\/consultorias-treinamentos\/","title":{"rendered":"Consultorias e Treinamentos"},"content":{"rendered":"\n<table id=\"tablepress-3\" class=\"tablepress tablepress-id-3\">\n<thead>\n<tr class=\"row-1\">\n\t<th class=\"column-1\">Servi\u00e7os<\/th><th class=\"column-2\">Procedimento<\/th><th class=\"column-3\">Informa\u00e7\u00f5es complementares\/determina\u00e7\u00f5es<\/th><th class=\"column-4\">Valor (R$)<\/th>\n<\/tr>\n<\/thead>\n<tbody class=\"row-striping row-hover\">\n<tr class=\"row-2\">\n\t<td class=\"column-1\">Consultoria\/Servi\u00e7os t\u00e9cnicos<\/td><td class=\"column-2\">Consultorias<\/td><td class=\"column-3\">Consultoria na tem\u00e1tica Cromatografia e Espectrometria de Massas.<\/td><td class=\"column-4\">400,00 (por hora)<\/td>\n<\/tr>\n<tr class=\"row-3\">\n\t<td class=\"column-1\">Consultoria\/Servi\u00e7os t\u00e9cnicos<\/td><td class=\"column-2\">Consultorias<\/td><td class=\"column-3\">Consultoria na tem\u00e1tica de ferramentas quimiom\u00e9tricas aplicadas ao desenvolvimento de formula\u00e7\u00f5es e m\u00e9todos anal\u00edticos.<\/td><td class=\"column-4\">400,00 (por hora)<\/td>\n<\/tr>\n<tr class=\"row-4\">\n\t<td class=\"column-1\">Consultoria\/Servi\u00e7os t\u00e9cnicos<\/td><td class=\"column-2\">Consultorias<\/td><td class=\"column-3\">Consultoria na tem\u00e1tica de avalia\u00e7\u00e3o de tecnologias em sa\u00fade.<\/td><td class=\"column-4\">400,00 (por hora)<\/td>\n<\/tr>\n<tr class=\"row-5\">\n\t<td class=\"column-1\">Consultoria\/Servi\u00e7os t\u00e9cnicos<\/td><td class=\"column-2\">Nota t\u00e9cnica<\/td><td class=\"column-3\">Nota t\u00e9cnica por tecnologia em Avalia\u00e7\u00e3o de Tecnologias em Sa\u00fade.<\/td><td class=\"column-4\">2.800,00 (cada)<\/td>\n<\/tr>\n<tr class=\"row-6\">\n\t<td class=\"column-1\">Consultoria\/Servi\u00e7os t\u00e9cnicos<\/td><td class=\"column-2\">Nota t\u00e9cnica<\/td><td class=\"column-3\">Nota t\u00e9cnica por demanda espec\u00edfica em Avalia\u00e7\u00e3o de Tecnologias em Sa\u00fade.<\/td><td class=\"column-4\">1.500,00 (cada)<\/td>\n<\/tr>\n<tr class=\"row-7\">\n\t<td class=\"column-1\">Consultoria\/Servi\u00e7os t\u00e9cnicos<\/td><td class=\"column-2\">Treinamentos\/cursos in loco ou in company<\/td><td class=\"column-3\">Treinamento\/cursos na tem\u00e1tica de citometria de fluxo.<\/td><td class=\"column-4\">400,00 (por hora)<\/td>\n<\/tr>\n<tr class=\"row-8\">\n\t<td class=\"column-1\">Consultoria\/Servi\u00e7os t\u00e9cnicos<\/td><td class=\"column-2\">Treinamentos\/cursos in loco ou in company<\/td><td class=\"column-3\">Treinamento\/cursos na tem\u00e1tica de an\u00e1lises de express\u00e3o g\u00eanica e proteica.<\/td><td class=\"column-4\">400,00 (por hora)<\/td>\n<\/tr>\n<tr class=\"row-9\">\n\t<td class=\"column-1\">Consultoria\/Servi\u00e7os t\u00e9cnicos<\/td><td class=\"column-2\">Consultorias<\/td><td class=\"column-3\">Pesquisa e desenvolvimento de formula\u00e7\u00f5es com produtos naturais.<\/td><td class=\"column-4\">400,00 (por hora)<\/td>\n<\/tr>\n<tr class=\"row-10\">\n\t<td class=\"column-1\">Consultoria\/Servi\u00e7os t\u00e9cnicos<\/td><td class=\"column-2\">Consultorias<\/td><td class=\"column-3\">M\u00e9todos alternativos para avalia\u00e7\u00e3o de toxicidade de produtos naturais e suas formula\u00e7\u00f5es.<\/td><td class=\"column-4\">400,00 (por hora)<\/td>\n<\/tr>\n<tr class=\"row-11\">\n\t<td class=\"column-1\">Consultoria\/Servi\u00e7os t\u00e9cnicos<\/td><td class=\"column-2\">Consultorias<\/td><td class=\"column-3\">M\u00e9todos alternativos para avalia\u00e7\u00e3o de atividades biol\u00f3gicas de produtos naturais e suas formula\u00e7\u00f5es.<\/td><td class=\"column-4\">400,00 (por hora)<\/td>\n<\/tr>\n<tr class=\"row-12\">\n\t<td class=\"column-1\">Consultoria\/Servi\u00e7os t\u00e9cnicos<\/td><td class=\"column-2\">Consultorias<\/td><td class=\"column-3\">M\u00e9todos de extra\u00e7\u00e3o de \u00f3sseo essencial e interpreta\u00e7\u00e3o de resultados de an\u00e1lises realizadas por cromatografia gasosa acoplada a espectrometria de massas.<\/td><td class=\"column-4\">300,00 (por hora)<\/td>\n<\/tr>\n<tr class=\"row-13\">\n\t<td class=\"column-1\">Consultoria\/Servi\u00e7os t\u00e9cnicos<\/td><td class=\"column-2\">Consultorias<\/td><td class=\"column-3\">Consultoria sobre aspectos legais e sanit\u00e1rios para farm\u00e1cias.<\/td><td class=\"column-4\">300,00 (por hora)<\/td>\n<\/tr>\n<tr class=\"row-14\">\n\t<td class=\"column-1\">Consultoria\/Treinamentos\/Cursos<\/td><td class=\"column-2\">Consultoria ou Treinamentos\/cursos in loco ou in company<\/td><td class=\"column-3\">Consultoria ou Treinamentos para a realiza\u00e7\u00e3o de servi\u00e7os farmac\u00eauticos em farm\u00e1cias.<\/td><td class=\"column-4\">300,00 (por hora)<\/td>\n<\/tr>\n<tr class=\"row-15\">\n\t<td class=\"column-1\">Consultoria\/Treinamentos\/Cursos<\/td><td class=\"column-2\">Consultoria ou Treinamentos\/cursos in loco ou in company.<\/td><td class=\"column-3\">Consultoria ou Treinamentos na tem\u00e1tica farm\u00e1cia magistral, incluindo procedimentos operacionais padr\u00e3o, desenvolvimento de formas farmac\u00eauticas, controle de qualidade, pontos cr\u00edticos, redu\u00e7\u00e3o de danos.<\/td><td class=\"column-4\">300,00 (por hora)<\/td>\n<\/tr>\n<tr class=\"row-16\">\n\t<td class=\"column-1\">Consultoria\/Treinamentos\/Cursos<\/td><td class=\"column-2\">Consultoria ou Treinamentos\/cursos in loco ou in company<\/td><td class=\"column-3\">Elabora\u00e7\u00e3o de certificado de an\u00e1lise de controle de qualidade de mat\u00e9rias- primas e medicamentos<\/td><td class=\"column-4\">300,00 (por hora)<\/td>\n<\/tr>\n<tr class=\"row-17\">\n\t<td class=\"column-1\">Consultoria\/Treinamentos\/Cursos<\/td><td class=\"column-2\">Consultoria ou Treinamentos\/cursos in loco ou in company.<\/td><td class=\"column-3\">Treinamento\/cursos na tem\u00e1tica de Espectroscopia de Resson\u00e2ncia Magn\u00e9tica<\/td><td class=\"column-4\">400,00 (por hora)<\/td>\n<\/tr>\n<tr class=\"row-18\">\n\t<td class=\"column-1\">Consultoria\/Treinamentos\/Cursos<\/td><td class=\"column-2\">Consultoria ou Treinamentos\/cursos in loco ou in company<\/td><td class=\"column-3\">Consultoria ou Treinamentos na tem\u00e1tica medicamentos veterin\u00e1rios, incluindo procedimentos operacionais padr\u00e3o, desenvolvimento de formas farmac\u00eauticas, estabilidade, controle de qualidade, pontos cr\u00edticos, redu\u00e7\u00e3o de danos.<\/td><td class=\"column-4\">300,00 (por hora)<\/td>\n<\/tr>\n<tr class=\"row-19\">\n\t<td class=\"column-1\">Treinamento em cultivo celular e em m\u00e9todos alternativos.<\/td><td class=\"column-2\">Treinamentos\/cursos in loco ou in company e consultorais<\/td><td class=\"column-3\">Treinamentos\/cursos in loco ou in company e consultorais.<\/td><td class=\"column-4\">400,00 (por hora)<\/td>\n<\/tr>\n<tr class=\"row-20\">\n\t<td class=\"column-1\">Treinamentos\/cursos<\/td><td class=\"column-2\">Treinamentos\/cursos in loco ou in company <\/td><td class=\"column-3\">Treinamento\/cursos na tem\u00e1tica pol\u00edmeros, col\u00f3ides, cosmetologia e tecnologia farmac\u00eautica, de cosm\u00e9ticos e alimentos.<\/td><td class=\"column-4\">400,00 (por hora)<\/td>\n<\/tr>\n<tr class=\"row-21\">\n\t<td class=\"column-1\">Treinamentos\/cursos<\/td><td class=\"column-2\">Treinamentos\/cursos in loco ou in company<\/td><td class=\"column-3\">Treinamento\/cursos na tem\u00e1tica de Cromatografia e Espectrometria de Massas.<\/td><td class=\"column-4\">400,00 (por hora)<\/td>\n<\/tr>\n<tr class=\"row-22\">\n\t<td class=\"column-1\">Treinamentos\/cursos<\/td><td class=\"column-2\">Treinamentos\/cursos in loco ou in company<\/td><td class=\"column-3\">Treinamento\/cursos na tem\u00e1tica de avalia\u00e7\u00e3o de tecnologias em sa\u00fade.<\/td><td class=\"column-4\">400,00 (por hora)<\/td>\n<\/tr>\n<\/tbody>\n<\/table>\n<!-- #tablepress-3 from cache -->\n","protected":false},"excerpt":{"rendered":"","protected":false},"author":15,"featured_media":0,"parent":0,"menu_order":0,"comment_status":"closed","ping_status":"closed","template":"","meta":{"_acf_changed":false,"_uag_custom_page_level_css":"","footnotes":""},"class_list":["post-2381","page","type-page","status-publish","hentry"],"acf":[],"featured_image_src":null,"uagb_featured_image_src":{"full":false,"thumbnail":false,"medium":false,"medium_large":false,"large":false,"1536x1536":false,"2048x2048":false,"noticias-thumb":false,"banners-thumb":false,"maisnoticias-thumb":false,"post-thumbnail":false},"uagb_author_info":{"display_name":"Andrea Jankoski","author_link":"https:\/\/saude.ufpr.br\/npscf\/author\/andrea\/"},"uagb_comment_info":0,"uagb_excerpt":null,"publishpress_future_action":{"enabled":false,"date":"2026-05-02 15:38:59","action":"change-status","newStatus":"draft","terms":[],"taxonomy":"","extraData":[]},"publishpress_future_workflow_manual_trigger":{"enabledWorkflows":[]},"_links":{"self":[{"href":"https:\/\/saude.ufpr.br\/npscf\/wp-json\/wp\/v2\/pages\/2381","targetHints":{"allow":["GET"]}}],"collection":[{"href":"https:\/\/saude.ufpr.br\/npscf\/wp-json\/wp\/v2\/pages"}],"about":[{"href":"https:\/\/saude.ufpr.br\/npscf\/wp-json\/wp\/v2\/types\/page"}],"author":[{"embeddable":true,"href":"https:\/\/saude.ufpr.br\/npscf\/wp-json\/wp\/v2\/users\/15"}],"replies":[{"embeddable":true,"href":"https:\/\/saude.ufpr.br\/npscf\/wp-json\/wp\/v2\/comments?post=2381"}],"version-history":[{"count":2,"href":"https:\/\/saude.ufpr.br\/npscf\/wp-json\/wp\/v2\/pages\/2381\/revisions"}],"predecessor-version":[{"id":2558,"href":"https:\/\/saude.ufpr.br\/npscf\/wp-json\/wp\/v2\/pages\/2381\/revisions\/2558"}],"wp:attachment":[{"href":"https:\/\/saude.ufpr.br\/npscf\/wp-json\/wp\/v2\/media?parent=2381"}],"curies":[{"name":"wp","href":"https:\/\/api.w.org\/{rel}","templated":true}]}}