{"id":72,"date":"2025-07-28T18:24:28","date_gmt":"2025-07-28T18:24:28","guid":{"rendered":"http:\/\/saude.local\/gmpi\/?page_id=72"},"modified":"2026-02-23T12:57:59","modified_gmt":"2026-02-23T12:57:59","slug":"sobre","status":"publish","type":"page","link":"https:\/\/saude.ufpr.br\/npscf\/sobre\/","title":{"rendered":"Sobre"},"content":{"rendered":"<p data-start=\"0\" data-end=\"617\">O N\u00facleo de Presta\u00e7\u00e3o de Servi\u00e7os em Ci\u00eancias Farmac\u00eauticas (NPSCF\/UFPR) \u00e9 uma estrutura multiusu\u00e1ria, integradora e interdisciplinar, criada em julho de 2023 por iniciativa da Prof\u00aa. Dr\u00aa Francinete Ramos Campos, com o objetivo de fomentar o desenvolvimento cient\u00edfico, tecnol\u00f3gico e a intera\u00e7\u00e3o entre ensino, pesquisa, extens\u00e3o e inova\u00e7\u00e3o em Ci\u00eancias Farmac\u00eauticas e \u00e1reas correlatas. Sediado no Pr\u00e9dio da Farm\u00e1cia (Campus Bot\u00e2nico), o NPSCF re\u00fane laborat\u00f3rios, pesquisadores, equipamentos anal\u00edticos e unidades de servi\u00e7o da UFPR em uma rede colaborativa destinada a atender a demandas internas e externas.<\/p>\n<p data-start=\"619\" data-end=\"1217\" data-is-last-node=\"\" data-is-only-node=\"\">Sua miss\u00e3o \u00e9 promover a integra\u00e7\u00e3o entre ensino, pesquisa, extens\u00e3o e inova\u00e7\u00e3o tecnol\u00f3gica por meio do uso compartilhado de infraestrutura e oferta de servi\u00e7os t\u00e9cnico-cient\u00edficos de alta qualidade. Nesse contexto, o NPSCF fornece servi\u00e7os laboratoriais e consultorias altamente especializadas, incentiva a inova\u00e7\u00e3o e amplia a intera\u00e7\u00e3o entre universidade e sociedade, al\u00e9m de promover a forma\u00e7\u00e3o e capacita\u00e7\u00e3o de recursos humanos em gradua\u00e7\u00e3o e p\u00f3s-gradua\u00e7\u00e3o.<\/p>\n","protected":false},"excerpt":{"rendered":"<p>O N\u00facleo de Presta\u00e7\u00e3o de Servi\u00e7os em Ci\u00eancias Farmac\u00eauticas (NPSCF\/UFPR) \u00e9 uma estrutura multiusu\u00e1ria, integradora e interdisciplinar, criada em julho de 2023 por iniciativa da Prof\u00aa. Dr\u00aa Francinete Ramos Campos, com o objetivo de fomentar o desenvolvimento cient\u00edfico, tecnol\u00f3gico e a intera\u00e7\u00e3o entre ensino, pesquisa, extens\u00e3o e inova\u00e7\u00e3o em Ci\u00eancias Farmac\u00eauticas e \u00e1reas correlatas. Sediado<br \/> <a href=\"https:\/\/saude.ufpr.br\/npscf\/sobre\/\" class=\"button success small readmore\">Leia mais<\/a><\/p>\n","protected":false},"author":15,"featured_media":0,"parent":0,"menu_order":0,"comment_status":"open","ping_status":"closed","template":"","meta":{"_acf_changed":false,"_uag_custom_page_level_css":"","footnotes":""},"class_list":["post-72","page","type-page","status-publish","hentry"],"acf":[],"featured_image_src":null,"uagb_featured_image_src":{"full":false,"thumbnail":false,"medium":false,"medium_large":false,"large":false,"1536x1536":false,"2048x2048":false,"noticias-thumb":false,"banners-thumb":false,"maisnoticias-thumb":false,"post-thumbnail":false},"uagb_author_info":{"display_name":"Andrea Jankoski","author_link":"https:\/\/saude.ufpr.br\/npscf\/author\/andrea\/"},"uagb_comment_info":0,"uagb_excerpt":"O N\u00facleo de Presta\u00e7\u00e3o de Servi\u00e7os em Ci\u00eancias Farmac\u00eauticas (NPSCF\/UFPR) \u00e9 uma estrutura multiusu\u00e1ria, integradora e interdisciplinar, criada em julho de 2023 por iniciativa da Prof\u00aa. Dr\u00aa Francinete Ramos Campos, com o objetivo de fomentar o desenvolvimento cient\u00edfico, tecnol\u00f3gico e a intera\u00e7\u00e3o entre ensino, pesquisa, extens\u00e3o e inova\u00e7\u00e3o em Ci\u00eancias Farmac\u00eauticas e \u00e1reas correlatas. Sediado&hellip;","publishpress_future_action":{"enabled":false,"date":"2026-05-02 15:39:00","action":"change-status","newStatus":"draft","terms":[],"taxonomy":"","extraData":[]},"publishpress_future_workflow_manual_trigger":{"enabledWorkflows":[]},"_links":{"self":[{"href":"https:\/\/saude.ufpr.br\/npscf\/wp-json\/wp\/v2\/pages\/72","targetHints":{"allow":["GET"]}}],"collection":[{"href":"https:\/\/saude.ufpr.br\/npscf\/wp-json\/wp\/v2\/pages"}],"about":[{"href":"https:\/\/saude.ufpr.br\/npscf\/wp-json\/wp\/v2\/types\/page"}],"author":[{"embeddable":true,"href":"https:\/\/saude.ufpr.br\/npscf\/wp-json\/wp\/v2\/users\/15"}],"replies":[{"embeddable":true,"href":"https:\/\/saude.ufpr.br\/npscf\/wp-json\/wp\/v2\/comments?post=72"}],"version-history":[{"count":8,"href":"https:\/\/saude.ufpr.br\/npscf\/wp-json\/wp\/v2\/pages\/72\/revisions"}],"predecessor-version":[{"id":2581,"href":"https:\/\/saude.ufpr.br\/npscf\/wp-json\/wp\/v2\/pages\/72\/revisions\/2581"}],"wp:attachment":[{"href":"https:\/\/saude.ufpr.br\/npscf\/wp-json\/wp\/v2\/media?parent=72"}],"curies":[{"name":"wp","href":"https:\/\/api.w.org\/{rel}","templated":true}]}}