{"id":925,"date":"2017-10-18T15:34:07","date_gmt":"2017-10-18T15:34:07","guid":{"rendered":"http:\/\/saude.local\/gmpi\/?page_id=925"},"modified":"2025-08-11T12:49:42","modified_gmt":"2025-08-11T12:49:42","slug":"eventos","status":"publish","type":"page","link":"https:\/\/saude.ufpr.br\/npscf\/eventos\/","title":{"rendered":"eventos"},"content":{"rendered":"<h4>Entre em contato por meio do formul\u00e1rio<\/h4>\n<form action=\"\/npscf\/wp-admin\/admin-ajax.php#wpcf7-f1281-o1\" method=\"post\" novalidate=\"novalidate\" aria-label=\"Formul\u00e1rios de contato\" data-status=\"init\">\n<fieldset><input name=\"_wpcf7\" type=\"hidden\" value=\"1281\" \/><input name=\"_wpcf7_version\" type=\"hidden\" value=\"6.1.1\" \/><input name=\"_wpcf7_locale\" type=\"hidden\" value=\"pt_BR\" \/><input name=\"_wpcf7_unit_tag\" type=\"hidden\" value=\"wpcf7-f1281-o1\" \/><input name=\"_wpcf7_container_post\" type=\"hidden\" value=\"0\" \/><input name=\"_wpcf7_posted_data_hash\" type=\"hidden\" value=\"\" \/><\/fieldset>\n<p><label> Seu nome<br \/>\n<input autocomplete=\"name\" maxlength=\"400\" name=\"your-name\" size=\"40\" type=\"text\" value=\"\" aria-required=\"true\" aria-invalid=\"false\" \/> <\/label><\/p>\n<p><label> Seu e-mail<br \/>\n<input autocomplete=\"email\" maxlength=\"400\" name=\"your-email\" size=\"40\" type=\"email\" value=\"\" aria-required=\"true\" aria-invalid=\"false\" \/> <\/label><\/p>\n<p><label> Assunto<br \/>\n<input maxlength=\"400\" name=\"your-subject\" size=\"40\" type=\"text\" value=\"\" aria-required=\"true\" aria-invalid=\"false\" \/> <\/label><\/p>\n<p><label> Sua mensagem (opcional)<br \/>\n<textarea cols=\"40\" maxlength=\"2000\" name=\"your-message\" rows=\"10\" aria-invalid=\"false\"><\/textarea> <\/label><\/p>\n<p><input type=\"submit\" value=\"Enviar\" \/><\/p>\n<\/form>\n<p><strong>Endere\u00e7o<\/strong>:<\/p>\n<p>Av. Prefeito Loth\u00e1rio Meissner, 632 &#8211; Jardim Bot\u00e2nico,\u00a0CEP 80210-170 &#8211; Curitiba &#8211; PR &#8211; Brasil<\/p>\n<p>Fone: 41 3360-4162<\/p>\n<p>E-mail: npscf_sd@ufpr.br<\/p>\n<p><iframe title=\"Av. Prefeito Loth\u00e1rio Meissner, 632 - Jardim Bot\u00e2nico\" src=\"https:\/\/maps.google.com\/maps?q=Av.%20Prefeito%20Loth%C3%A1rio%20Meissner%2C%20632%20-%20Jardim%20Bot%C3%A2nico&amp;t=m&amp;z=10&amp;output=embed&amp;iwloc=near\" aria-label=\"Av. Prefeito Loth\u00e1rio Meissner, 632 - Jardim Bot\u00e2nico\"><\/iframe><\/p>\n","protected":false},"excerpt":{"rendered":"<p>Entre em contato por meio do formul\u00e1rio Seu nome Seu e-mail Assunto Sua mensagem (opcional) Endere\u00e7o: Av. Prefeito Loth\u00e1rio Meissner, 632 &#8211; Jardim Bot\u00e2nico,\u00a0CEP 80210-170 &#8211; Curitiba &#8211; PR &#8211; Brasil Fone: 41 3360-4162 E-mail: npscf_sd@ufpr.br<\/p>\n","protected":false},"author":1615,"featured_media":0,"parent":0,"menu_order":0,"comment_status":"closed","ping_status":"closed","template":"","meta":{"_acf_changed":false,"_uag_custom_page_level_css":"","footnotes":""},"class_list":["post-925","page","type-page","status-publish","hentry"],"acf":[],"featured_image_src":null,"uagb_featured_image_src":{"full":false,"thumbnail":false,"medium":false,"medium_large":false,"large":false,"1536x1536":false,"2048x2048":false,"noticias-thumb":false,"banners-thumb":false,"maisnoticias-thumb":false,"post-thumbnail":false},"uagb_author_info":{"display_name":"Guilherme","author_link":"https:\/\/saude.ufpr.br\/npscf\/author\/guilhermematos\/"},"uagb_comment_info":0,"uagb_excerpt":"Entre em contato por meio do formul\u00e1rio Seu nome Seu e-mail Assunto Sua mensagem (opcional) Endere\u00e7o: Av. Prefeito Loth\u00e1rio Meissner, 632 &#8211; Jardim Bot\u00e2nico,\u00a0CEP 80210-170 &#8211; Curitiba &#8211; PR &#8211; Brasil Fone: 41 3360-4162 E-mail: npscf_sd@ufpr.br","publishpress_future_action":{"enabled":false,"date":"2026-05-02 23:57:36","action":"change-status","newStatus":"draft","terms":[],"taxonomy":"","extraData":[]},"publishpress_future_workflow_manual_trigger":{"enabledWorkflows":[]},"_links":{"self":[{"href":"https:\/\/saude.ufpr.br\/npscf\/wp-json\/wp\/v2\/pages\/925","targetHints":{"allow":["GET"]}}],"collection":[{"href":"https:\/\/saude.ufpr.br\/npscf\/wp-json\/wp\/v2\/pages"}],"about":[{"href":"https:\/\/saude.ufpr.br\/npscf\/wp-json\/wp\/v2\/types\/page"}],"author":[{"embeddable":true,"href":"https:\/\/saude.ufpr.br\/npscf\/wp-json\/wp\/v2\/users\/1615"}],"replies":[{"embeddable":true,"href":"https:\/\/saude.ufpr.br\/npscf\/wp-json\/wp\/v2\/comments?post=925"}],"version-history":[{"count":25,"href":"https:\/\/saude.ufpr.br\/npscf\/wp-json\/wp\/v2\/pages\/925\/revisions"}],"predecessor-version":[{"id":1346,"href":"https:\/\/saude.ufpr.br\/npscf\/wp-json\/wp\/v2\/pages\/925\/revisions\/1346"}],"wp:attachment":[{"href":"https:\/\/saude.ufpr.br\/npscf\/wp-json\/wp\/v2\/media?parent=925"}],"curies":[{"name":"wp","href":"https:\/\/api.w.org\/{rel}","templated":true}]}}