{"id":128,"date":"2016-02-23T12:30:18","date_gmt":"2016-02-23T12:30:18","guid":{"rendered":"https:\/\/saude.ufpr.br\/nutricao\/?page_id=128"},"modified":"2026-03-30T16:10:40","modified_gmt":"2026-03-30T19:10:40","slug":"contato","status":"publish","type":"page","link":"https:\/\/saude.ufpr.br\/nutricao\/contato\/","title":{"rendered":""},"content":{"rendered":"<div class=\"uSg02\">\n<div class=\"lDdSm l8Tnu\">\n<div class=\"_Tm_J\">\n<div class=\"kcAOr t9ThB\" data-testid=\"RecipientWell\">\n<div class=\"eW8In\"><\/div>\n<\/div>\n<\/div>\n<\/div>\n<\/div>\n<div class=\"l8Tnu T3idP\"><\/div>\n<div id=\"UniqueMessageBody\" class=\"XbIp4 jmmB7 GNqVo allowTextSelection OuGoX\" role=\"document\" aria-label=\"Corpo da mensagem\">\n<div class=\"rps_db39\">\n<div dir=\"ltr\">\n<div class=\"x_gmail_default\"><\/div>\n<div>\n<div class=\"x_gmail_default\"><b>Secretaria<\/b><\/div>\n<div class=\"x_gmail_default\"><b>\u00a0<\/b><\/div>\n<p class=\"x_MsoNormal\"><b>Hor\u00e1rio de\u00a0 funcionamento : Ter\u00e7a e quinta das 8h00 \u00e0s 17h00 &#8211; Atendimento Presencial.<\/b><\/p>\n<p class=\"x_MsoNormal\"><b> Segunda, quarta e sexta das 08h \u00e0s 17h &#8211; Trabalho Remoto.<\/b><\/p>\n<p class=\"x_MsoNormal\"><b>(intervalo de almo\u00e7o &#8211; 12h30 \u00e0s 13h30)<\/b><\/p>\n<p class=\"x_MsoNormal\"><b>E-mail:<\/b>\u00a0<a href=\"mailto:coonutri@ufpr.br\" data-linkindex=\"0\">coonutri@ufpr.br<\/a><\/p>\n<p class=\"x_MsoNormal\"><b>Telefone de contato<\/b>: 3360-4056<\/p>\n<p class=\"x_MsoNormal\">Servidora Giselle Am\u00e1bily Silva<\/p>\n<p class=\"x_MsoNormal\"><b>Coordena\u00e7\u00e3o<\/b><\/p>\n<p class=\"x_MsoNormal\"><b>Telefone de contato<\/b>: 3360-4055<\/p>\n<p class=\"x_MsoNormal\"><b>Coordenadora:<\/b>\u00a0Professora Regina Maria Ferreira Lang<\/p>\n<p class=\"x_MsoNormal\"><b>E-mail<\/b>:\u00a0<a href=\"mailto:reginalang@ufpr.br\" data-linkindex=\"1\">reginalang@ufpr.br<\/a><\/p>\n<p class=\"x_MsoNormal\"><b>Vice-coordenadora<\/b>: Professora Anabelle Retondario<\/p>\n<p class=\"x_MsoNormal\"><b>E-mail:<\/b>\u00a0<a href=\"mailto:anabelle@ufpr.br\" data-linkindex=\"2\">anabelle@ufpr.br<\/a><\/p>\n<\/div>\n<\/div>\n<\/div>\n<\/div>\n<h5><strong>Endere\u00e7o<\/strong><\/h5>\n<p>Universidade Federal do Paran\u00e1<br \/>\nSetor de Ci\u00eancias da Sa\u00fade<br \/>\nAvenida Pref. Loth\u00e1rio Meissner, 632<br \/>\nJardim Bot\u00e2nico &#8211;\u00a0Curitiba\/PR<br \/>\nCEP 80210-170<\/p>\n<h5><strong>Telefone Importantes<\/strong><\/h5>\n<p>Casa 3 \u2013 3361-3066 \/ 3361-3643<\/p>\n<p>Plant\u00e3o de Acolhimento Psicossocial \u2013 3310-2840<\/p>\n<p>Emerg\u00eancia dentro da universidade: SANT\u00c8 \u2013 3342-2525<\/p>\n<p>&nbsp;<\/p>\n<h5><strong>Sites Importantes<\/strong><\/h5>\n<p><a href=\"http:\/\/www.prograd.ufpr.br\/coafe\/uaf\/pva\/\"><img decoding=\"async\" class=\"alignnone wp-image-667\" src=\"https:\/\/saude.ufpr.br\/nutricao\/wp-content\/uploads\/sites\/15\/2018\/12\/PVA-300x175-300x175.png\" alt=\"\" width=\"266\" height=\"155\" \/><\/a>\u00a0<a href=\"http:\/\/www.prograd.ufpr.br\/coafe\/uaf\/monitoria\/\"><img decoding=\"async\" class=\"alignnone wp-image-673\" src=\"https:\/\/saude.ufpr.br\/nutricao\/wp-content\/uploads\/sites\/15\/2018\/12\/pim-300x188.png\" alt=\"\" width=\"270\" height=\"169\" \/><\/a><a href=\"http:\/\/www.celin.ufpr.br\/\"><img fetchpriority=\"high\" decoding=\"async\" class=\"alignnone wp-image-675\" src=\"https:\/\/saude.ufpr.br\/nutricao\/wp-content\/uploads\/sites\/15\/2018\/12\/celin.png\" alt=\"\" width=\"235\" height=\"235\" srcset=\"https:\/\/saude.ufpr.br\/nutricao\/wp-content\/uploads\/sites\/15\/2018\/12\/celin.png 225w, https:\/\/saude.ufpr.br\/nutricao\/wp-content\/uploads\/sites\/15\/2018\/12\/celin-150x150.png 150w\" sizes=\"(max-width: 235px) 100vw, 235px\" \/><\/a><\/p>\n<table style=\"height: 785px\" width=\"910\">\n<tbody>\n<tr>\n<td width=\"369\">Conselho Federal de Nutricionistas<\/td>\n<td width=\"298\"><a href=\"http:\/\/www.cfn.org.br\/\">http:\/\/www.cfn.org.br\/<\/a><\/td>\n<\/tr>\n<tr>\n<td width=\"369\">Conselho Regional de Nutricionistas \u2013 8\u00aa. Regi\u00e3o<\/td>\n<td width=\"298\"><a href=\"http:\/\/www.crn8.org.br\/\">http:\/\/www.crn8.org.br\/<\/a><\/td>\n<\/tr>\n<tr>\n<td width=\"369\">Centro de Integra\u00e7\u00e3o Empresa-Escola<\/td>\n<td width=\"298\"><a href=\"http:\/\/www.cieepr.org.br\/\">http:\/\/www.cieepr.org.br\/<\/a><\/td>\n<\/tr>\n<tr>\n<td width=\"369\">Portal do aluno<\/td>\n<td width=\"298\"><a href=\"https:\/\/www.portaldoaluno.ufpr.br\/\">https:\/\/www.portaldoaluno.ufpr.br\/<\/a><\/td>\n<\/tr>\n<tr>\n<td width=\"369\">Portal do professor<\/td>\n<td width=\"298\"><a href=\"http:\/doprofessor.ufpr.br\/\">http:\/doprofessor.ufpr.br\/<\/a><\/td>\n<\/tr>\n<tr>\n<td width=\"369\">N\u00facleo de Concurso \u2013 Vestibular<\/td>\n<td width=\"298\"><a href=\"http:\/\/www.nc.ufpr.br\/\">http:\/\/www.nc.ufpr.br\/<\/a><\/td>\n<\/tr>\n<tr>\n<td width=\"369\">Peri\u00f3dicos CAPES<\/td>\n<td width=\"298\"><a href=\"http:\/\/www.periodicos.capes.gov.br\/\">http:\/\/www.periodicos.capes.gov.br\/<\/a><\/td>\n<\/tr>\n<tr>\n<td width=\"369\">Programa de P\u00f3s-Gradua\u00e7\u00e3o em Seguran\u00e7a Alimentar e Nutricional<\/td>\n<td width=\"298\"><a href=\"http:\/\/www.pgnutricao.ufpr.br\/\">http:\/\/www.pgnutricao.ufpr.br\/<\/a><\/td>\n<\/tr>\n<tr>\n<td width=\"369\">Assessoria de Rela\u00e7\u00f5es Internacionais<\/td>\n<td width=\"298\"><a href=\"http:\/\/www.internacional.ufpr.br\/\">http:\/\/www.internacional.ufpr.br<\/a><\/td>\n<\/tr>\n<tr>\n<td width=\"369\">Conte Conosco<\/td>\n<td width=\"298\"><a href=\"http:\/\/www.conteconosco.ufpr.br\/\">http:\/\/www.conteconosco.ufpr.br<\/a><\/td>\n<\/tr>\n<tr>\n<td width=\"369\">Coordena\u00e7\u00e3o Geral de Alimenta\u00e7\u00e3o e Nutri\u00e7\u00e3o &#8211; Minist\u00e9rio da Sa\u00fade<\/td>\n<td width=\"298\"><a href=\"http:\/\/dab.saude.gov.brdab\/cgan.php\">http:\/\/dab.saude.gov.brdab\/cgan.php<\/a><\/td>\n<\/tr>\n<tr>\n<td width=\"369\">Fundo Nacional de Desenvolvimento da Educa\u00e7\u00e3o \u2013 Programa Nacional de Alimenta\u00e7\u00e3o Escolar<\/td>\n<td width=\"298\"><a href=\"http:\/\/www.fnde.gov.br\/programas\/alimentacao-escolar\">http:\/\/www.fnde.gov.br\/programas\/alimentacao-escolar<\/a><\/td>\n<\/tr>\n<tr>\n<td width=\"369\">Minist\u00e9rio do Desenvolvimento Social e Combate \u00e0 Fome \u2013 Seguran\u00e7a Alimentar<\/td>\n<td width=\"298\"><a href=\"http:\/\/mds.gov.br\/assuntos\/seguranca-alimentar\">http:\/\/mds.gov.br\/assuntos\/seguranca-alimentar<\/a><\/td>\n<\/tr>\n<tr>\n<td width=\"369\">Conselho Nacional de Seguran\u00e7a Alimentar e Nutricional<\/td>\n<td width=\"298\"><a href=\"http:\/\/www4.planalto.gov.br\/consea\">http:\/\/www4.planalto.gov.br\/consea<\/a><\/td>\n<\/tr>\n<\/tbody>\n<\/table>\n<p>&nbsp;<\/p>\n","protected":false},"excerpt":{"rendered":"<p>Secretaria \u00a0 Hor\u00e1rio de\u00a0 funcionamento : Ter\u00e7a e quinta das 8h00 \u00e0s 17h00 &#8211; Atendimento Presencial. Segunda, quarta e sexta das 08h \u00e0s 17h &#8211; Trabalho Remoto. (intervalo de almo\u00e7o &#8211; 12h30 \u00e0s 13h30) E-mail:\u00a0coonutri@ufpr.br Telefone de contato: 3360-4056 Servidora Giselle Am\u00e1bily Silva Coordena\u00e7\u00e3o Telefone de contato: 3360-4055 Coordenadora:\u00a0Professora Regina Maria Ferreira Lang E-mail:\u00a0reginalang@ufpr.br Vice-coordenadora:<br \/> <a href=\"https:\/\/saude.ufpr.br\/nutricao\/contato\/\" class=\"button success small readmore\">Leia mais<\/a><\/p>\n","protected":false},"author":15,"featured_media":0,"parent":0,"menu_order":0,"comment_status":"closed","ping_status":"closed","template":"","meta":{"_acf_changed":false,"_uag_custom_page_level_css":"","footnotes":""},"class_list":["post-128","page","type-page","status-publish","hentry"],"acf":[],"featured_image_src":null,"uagb_featured_image_src":{"full":false,"thumbnail":false,"medium":false,"medium_large":false,"large":false,"1536x1536":false,"2048x2048":false,"noticias-thumb":false,"banners-thumb":false,"maisnoticias-thumb":false,"post-thumbnail":false},"uagb_author_info":{"display_name":"Andrea Jankoski","author_link":"https:\/\/saude.ufpr.br\/nutricao\/author\/andrea\/"},"uagb_comment_info":0,"uagb_excerpt":"Secretaria \u00a0 Hor\u00e1rio de\u00a0 funcionamento : Ter\u00e7a e quinta das 8h00 \u00e0s 17h00 &#8211; Atendimento Presencial. Segunda, quarta e sexta das 08h \u00e0s 17h &#8211; Trabalho Remoto. (intervalo de almo\u00e7o &#8211; 12h30 \u00e0s 13h30) E-mail:\u00a0coonutri@ufpr.br Telefone de contato: 3360-4056 Servidora Giselle Am\u00e1bily Silva Coordena\u00e7\u00e3o Telefone de contato: 3360-4055 Coordenadora:\u00a0Professora Regina Maria Ferreira Lang E-mail:\u00a0reginalang@ufpr.br Vice-coordenadora:&hellip;","publishpress_future_action":{"enabled":false,"date":"2026-05-01 05:38:58","action":"change-status","newStatus":"draft","terms":[],"taxonomy":"","extraData":[]},"publishpress_future_workflow_manual_trigger":{"enabledWorkflows":[]},"_links":{"self":[{"href":"https:\/\/saude.ufpr.br\/nutricao\/wp-json\/wp\/v2\/pages\/128","targetHints":{"allow":["GET"]}}],"collection":[{"href":"https:\/\/saude.ufpr.br\/nutricao\/wp-json\/wp\/v2\/pages"}],"about":[{"href":"https:\/\/saude.ufpr.br\/nutricao\/wp-json\/wp\/v2\/types\/page"}],"author":[{"embeddable":true,"href":"https:\/\/saude.ufpr.br\/nutricao\/wp-json\/wp\/v2\/users\/15"}],"replies":[{"embeddable":true,"href":"https:\/\/saude.ufpr.br\/nutricao\/wp-json\/wp\/v2\/comments?post=128"}],"version-history":[{"count":41,"href":"https:\/\/saude.ufpr.br\/nutricao\/wp-json\/wp\/v2\/pages\/128\/revisions"}],"predecessor-version":[{"id":2976,"href":"https:\/\/saude.ufpr.br\/nutricao\/wp-json\/wp\/v2\/pages\/128\/revisions\/2976"}],"wp:attachment":[{"href":"https:\/\/saude.ufpr.br\/nutricao\/wp-json\/wp\/v2\/media?parent=128"}],"curies":[{"name":"wp","href":"https:\/\/api.w.org\/{rel}","templated":true}]}}