{"id":167,"date":"2016-02-23T12:54:41","date_gmt":"2016-02-23T12:54:41","guid":{"rendered":"https:\/\/saude.ufpr.br\/nutricao\/?page_id=167"},"modified":"2024-03-07T16:31:41","modified_gmt":"2024-03-07T19:31:41","slug":"formularios-2","status":"publish","type":"page","link":"https:\/\/saude.ufpr.br\/nutricao\/formularios-2\/","title":{"rendered":"Formul\u00e1rios"},"content":{"rendered":"<p>&nbsp;<\/p>\n<ul>\n<li><a href=\"http:\/\/www.prograd.ufpr.br\/copap\/formularios\/\">Formul\u00e1rios da PROGRAD<\/a><\/li>\n<\/ul>\n<hr \/>\n<ul>\n<li><a href=\"https:\/\/saude.ufpr.br\/nutricao\/wp-content\/uploads\/sites\/15\/2023\/04\/2-Requerimento-Geral.pdf\">Requerimento Geral<\/a><\/li>\n<\/ul>\n<hr \/>\n<ul>\n<li><a style=\"font-size: 16px\" href=\"https:\/\/saude.ufpr.br\/nutricao\/wp-content\/uploads\/sites\/15\/2016\/02\/modelo_grade_vazia.pdf\" rel=\"\">Modelo grade hor\u00e1ria vazia\u00a0<\/a><\/li>\n<\/ul>\n<hr \/>\n<ul>\n<li><a href=\"https:\/\/saude.ufpr.br\/nutricao\/wp-content\/uploads\/sites\/15\/2022\/03\/APENDICE-01-Confirmacao-de-Orientacao-e-Termo-de-Responsabilidade.pdf\" rel=\"\">Solicita\u00e7\u00e3o matr\u00edcula TCC<\/a><\/li>\n<\/ul>\n<hr \/>\n<ul>\n<li><a href=\"https:\/\/saude.ufpr.br\/nutricao\/wp-content\/uploads\/sites\/15\/2021\/09\/AJUSTE-DE-MATRICULA.pdf\">Solicita\u00e7\u00e3o de corre\u00e7\u00e3o de matr\u00edcula<\/a><\/li>\n<\/ul>\n<hr \/>\n<ul>\n<li><a href=\"https:\/\/saude.ufpr.br\/nutricao\/wp-content\/uploads\/sites\/15\/2023\/07\/APENDICE-II-e-III.docx\" rel=\"\">Requerimento Atividades Formativas<\/a><\/li>\n<\/ul>\n<hr \/>\n<ul>\n<li><a href=\"https:\/\/saude.ufpr.br\/nutricao\/wp-content\/uploads\/sites\/15\/2022\/12\/Proposta-de-Integralizacao-da-Extensao-3-1-10.pdf\" rel=\"\">Requerimento Atividades Extens\u00e3o<\/a><\/li>\n<\/ul>\n<hr \/>\n<ul>\n<li><a href=\"https:\/\/saude.ufpr.br\/nutricao\/wp-content\/uploads\/sites\/15\/2023\/03\/quebra_pre_requisito-1-1.pdf\" rel=\"\">Requerimento Quebra Pr\u00e9-requisito e Correquisito<\/a><\/li>\n<\/ul>\n<hr \/>\n<ul>\n<li><a href=\"https:\/\/saude.ufpr.br\/nutricao\/wp-content\/uploads\/sites\/15\/2018\/12\/ficha-de-avalia\u00e7\u00e3o-1.pdf\">Ficha de avalia\u00e7\u00e3o de est\u00e1gio obrigat\u00f3rio at\u00e9 2023-1<\/a><\/li>\n<li><a href=\"https:\/\/saude.ufpr.br\/nutricao\/wp-content\/uploads\/sites\/15\/2023\/07\/NOVA-Ficha-de-Avaliacao-de-Estagio-2023.pdf\">Ficha de avalia\u00e7\u00e3o de est\u00e1gio obrigat\u00f3rio a partir de 2023-2<\/a><\/li>\n<\/ul>\n<hr \/>\n<ul>\n<li><a href=\"https:\/\/saude.ufpr.br\/nutricao\/wp-content\/uploads\/sites\/15\/2018\/12\/Ficha-de-frequencia-ESt\u00e1gio-1.pdf\">Ficha de frequencia de est\u00e1gio obrigat\u00f3rio<\/a><\/li>\n<\/ul>\n<hr \/>\n<ul>\n<li><a href=\"https:\/\/saude.ufpr.br\/nutricao\/wp-content\/uploads\/sites\/15\/2021\/10\/Alteracao-de-cadastro.pdf\">Ficha para Altera\u00e7\u00e3o de Cadastro<\/a><\/li>\n<\/ul>\n<hr \/>\n<ul>\n<li><a href=\"https:\/\/saude.ufpr.br\/nutricao\/wp-content\/uploads\/sites\/15\/2022\/01\/Requerimento-de-cancelamento-de-registro.pdf\">Ficha para Cancelamento de Registro Acad\u00eamico<\/a><\/li>\n<\/ul>\n<hr \/>\n<p><strong>FORMUL\u00c1RIO PROGRAD 2024-1<\/strong><\/p>\n<p>&nbsp;<\/p>\n<p><a href=\"https:\/\/saude.ufpr.br\/nutricao\/wp-content\/uploads\/sites\/15\/2024\/03\/6-Cancelamento-de-Disciplina.pdf\">Cancelamento-de-Disciplina<\/a><\/p>\n<p><a href=\"https:\/\/saude.ufpr.br\/nutricao\/wp-content\/uploads\/sites\/15\/2024\/03\/7-Equivalencia-de-Disciplina.pdf\">Equival\u00eancia-de-Disciplina<\/a><\/p>\n<p><a href=\"https:\/\/saude.ufpr.br\/nutricao\/wp-content\/uploads\/sites\/15\/2024\/03\/Formulario_Isoladas-2.pdf\">Formul\u00e1rio disciplinas isoladas<\/a><\/p>\n<p><a href=\"https:\/\/saude.ufpr.br\/nutricao\/wp-content\/uploads\/sites\/15\/2024\/03\/Requerimento-de-cancelamento-de-registro-1.pdf\">Requerimento-de-cancelamento-de-registro<\/a><\/p>\n<p><a href=\"https:\/\/saude.ufpr.br\/nutricao\/wp-content\/uploads\/sites\/15\/2024\/03\/14-Formulario-Correcao-de-Matriculas.pdf\">Formul\u00e1rio-Corre\u00e7\u00e3o-de-Matr\u00edculas<\/a><\/p>\n<p><a href=\"https:\/\/saude.ufpr.br\/nutricao\/wp-content\/uploads\/sites\/15\/2024\/03\/7-Equivalencia-de-Disciplina-1.pdf\">Equival\u00eancia-de-Disciplina<\/a><\/p>\n<p><a href=\"https:\/\/saude.ufpr.br\/nutricao\/wp-content\/uploads\/sites\/15\/2024\/03\/Formulario_Isoladas-2-1.pdf\">Formulario Disciplinas _Isoladas<\/a><\/p>\n<p><a href=\"https:\/\/saude.ufpr.br\/nutricao\/wp-content\/uploads\/sites\/15\/2024\/03\/Requerimento-de-cancelamento-de-registro-1-2.pdf\">Requerimento-de-cancelamento-de-registro-<\/a><\/p>\n<p><a href=\"https:\/\/saude.ufpr.br\/nutricao\/wp-content\/uploads\/sites\/15\/2024\/03\/14-Formulario-Correcao-de-Matriculas-1.pdf\">Formul\u00e1rio-Corre\u00e7\u00e3o-de-Matr\u00edculas<\/a><\/p>\n<p><a href=\"https:\/\/saude.ufpr.br\/nutricao\/wp-content\/uploads\/sites\/15\/2024\/03\/11-Permanencia-no-curso.pdf\">Perman\u00eancia-no-curso<\/a><\/p>\n<p><a href=\"https:\/\/saude.ufpr.br\/nutricao\/wp-content\/uploads\/sites\/15\/2024\/03\/13-Mudanca-de-Habilitacao.pdf\">Mudan\u00e7a-de-Habilita\u00e7\u00e3o<\/a><\/p>\n<p><a href=\"https:\/\/saude.ufpr.br\/nutricao\/wp-content\/uploads\/sites\/15\/2024\/03\/8-Revisao-de-Notas.pdf\">Revis\u00e3o-de-Notas<\/a><\/p>\n<p><a href=\"https:\/\/saude.ufpr.br\/nutricao\/wp-content\/uploads\/sites\/15\/2024\/03\/12-Termo-de-Opcao-1.pdf\">Termo-de-Op\u00e7\u00e3o <\/a><\/p>\n<p><a href=\"https:\/\/saude.ufpr.br\/nutricao\/wp-content\/uploads\/sites\/15\/2024\/03\/15-Trancamento-de-curso-1.pdf\">Trancamento-de-curso<\/a><\/p>\n<p><a href=\"https:\/\/saude.ufpr.br\/nutricao\/wp-content\/uploads\/sites\/15\/2024\/03\/Alteracao-de-cadastro.pdf\">Altera\u00e7\u00e3o-de-cadastro<\/a><\/p>\n<p><a href=\"https:\/\/saude.ufpr.br\/nutricao\/wp-content\/uploads\/sites\/15\/2024\/03\/2-Requerimento-Geral.pdf\">Requerimento-Geral<\/a><\/p>\n","protected":false},"excerpt":{"rendered":"<p>&nbsp; Formul\u00e1rios da PROGRAD Requerimento Geral Modelo grade hor\u00e1ria vazia\u00a0 Solicita\u00e7\u00e3o matr\u00edcula TCC Solicita\u00e7\u00e3o de corre\u00e7\u00e3o de matr\u00edcula Requerimento Atividades Formativas Requerimento Atividades Extens\u00e3o Requerimento Quebra Pr\u00e9-requisito e Correquisito Ficha de avalia\u00e7\u00e3o de est\u00e1gio obrigat\u00f3rio at\u00e9 2023-1 Ficha de avalia\u00e7\u00e3o de est\u00e1gio obrigat\u00f3rio a partir de 2023-2 Ficha de frequencia de est\u00e1gio obrigat\u00f3rio Ficha para<br \/> <a href=\"https:\/\/saude.ufpr.br\/nutricao\/formularios-2\/\" class=\"button success small readmore\">Leia mais<\/a><\/p>\n","protected":false},"author":15,"featured_media":0,"parent":0,"menu_order":0,"comment_status":"closed","ping_status":"closed","template":"","meta":{"_acf_changed":false,"_uag_custom_page_level_css":"","footnotes":""},"class_list":["post-167","page","type-page","status-publish","hentry"],"acf":[],"featured_image_src":null,"uagb_featured_image_src":{"full":false,"thumbnail":false,"medium":false,"medium_large":false,"large":false,"1536x1536":false,"2048x2048":false,"noticias-thumb":false,"banners-thumb":false,"maisnoticias-thumb":false,"post-thumbnail":false},"uagb_author_info":{"display_name":"Andrea Jankoski","author_link":"https:\/\/saude.ufpr.br\/nutricao\/author\/andrea\/"},"uagb_comment_info":0,"uagb_excerpt":"&nbsp; Formul\u00e1rios da PROGRAD Requerimento Geral Modelo grade hor\u00e1ria vazia\u00a0 Solicita\u00e7\u00e3o matr\u00edcula TCC Solicita\u00e7\u00e3o de corre\u00e7\u00e3o de matr\u00edcula Requerimento Atividades Formativas Requerimento Atividades Extens\u00e3o Requerimento Quebra Pr\u00e9-requisito e Correquisito Ficha de avalia\u00e7\u00e3o de est\u00e1gio obrigat\u00f3rio at\u00e9 2023-1 Ficha de avalia\u00e7\u00e3o de est\u00e1gio obrigat\u00f3rio a partir de 2023-2 Ficha de frequencia de est\u00e1gio obrigat\u00f3rio Ficha para&hellip;","publishpress_future_action":{"enabled":false,"date":"2026-04-25 09:56:29","action":"change-status","newStatus":"draft","terms":[],"taxonomy":"","extraData":[]},"publishpress_future_workflow_manual_trigger":{"enabledWorkflows":[]},"_links":{"self":[{"href":"https:\/\/saude.ufpr.br\/nutricao\/wp-json\/wp\/v2\/pages\/167","targetHints":{"allow":["GET"]}}],"collection":[{"href":"https:\/\/saude.ufpr.br\/nutricao\/wp-json\/wp\/v2\/pages"}],"about":[{"href":"https:\/\/saude.ufpr.br\/nutricao\/wp-json\/wp\/v2\/types\/page"}],"author":[{"embeddable":true,"href":"https:\/\/saude.ufpr.br\/nutricao\/wp-json\/wp\/v2\/users\/15"}],"replies":[{"embeddable":true,"href":"https:\/\/saude.ufpr.br\/nutricao\/wp-json\/wp\/v2\/comments?post=167"}],"version-history":[{"count":51,"href":"https:\/\/saude.ufpr.br\/nutricao\/wp-json\/wp\/v2\/pages\/167\/revisions"}],"predecessor-version":[{"id":2241,"href":"https:\/\/saude.ufpr.br\/nutricao\/wp-json\/wp\/v2\/pages\/167\/revisions\/2241"}],"wp:attachment":[{"href":"https:\/\/saude.ufpr.br\/nutricao\/wp-json\/wp\/v2\/media?parent=167"}],"curies":[{"name":"wp","href":"https:\/\/api.w.org\/{rel}","templated":true}]}}