{"id":175,"date":"2016-02-23T17:35:34","date_gmt":"2016-02-23T17:35:34","guid":{"rendered":"https:\/\/saude.ufpr.br\/nutricao\/?page_id=175"},"modified":"2026-02-26T08:32:52","modified_gmt":"2026-02-26T11:32:52","slug":"documentos-curso","status":"publish","type":"page","link":"https:\/\/saude.ufpr.br\/nutricao\/documentos-curso\/","title":{"rendered":""},"content":{"rendered":"<h5>GRADE 2026.01<\/h5>\n<p><a href=\"https:\/\/saude.ufpr.br\/nutricao\/wp-content\/uploads\/sites\/15\/2026\/02\/Grade-2026.1.pdf\" target=\"_blank\" rel=\"noopener\">GRADE 2026.1<\/a><\/p>\n<p><strong>CALEND\u00c1RIO ACAD\u00caMICO ATUALIZADO<\/strong><\/p>\n<p><a href=\"https:\/\/saude.ufpr.br\/nutricao\/wp-content\/uploads\/sites\/15\/2025\/12\/SEI_8383838_Resolucao__Conselho_de_Ensino__Pesquisa_e_Extensao_22_25-1.pdf\" target=\"_blank\" rel=\"noopener\">RESOLU\u00c7\u00c3O N\u00ba22\/25 &#8211; CEPE<\/a><\/p>\n<h5><strong>Manual do Estudante<\/strong><\/h5>\n<h5><a href=\"https:\/\/saude.ufpr.br\/nutricao\/wp-content\/uploads\/sites\/15\/2026\/02\/Guia-Estudante-UFPR-2026.pdf\" target=\"_blank\" rel=\"noopener\">Guia Estudante UFPR-2026<\/a><\/h5>\n<p><a href=\"https:\/\/saude.ufpr.br\/nutricao\/wp-content\/uploads\/sites\/15\/2025\/08\/a5ab3b02eca75638b6641d52a8cf2cb9.pdf\" target=\"_blank\" rel=\"noopener\">Guia de Princ\u00edpios de \u00c9tica e Conduta para acad\u00eamicos de Nutri\u00e7\u00e3o\u00a0<\/a><\/p>\n<h5><strong>Portaria N\u00b0 71\/PROGRAD\/COPAC<\/strong><\/h5>\n<p style=\"padding-left: 30px\"><a href=\"https:\/\/saude.ufpr.br\/nutricao\/wp-content\/uploads\/sites\/15\/2022\/10\/SEI_UFPR-3773497-Portaria-71.pdf\">Ajuste Curricular do Curso de Nutri\u00e7\u00e3o<\/a><\/p>\n<h5><strong>Portaria N\u00b0 91\/PROGRAP\/COPPAC<\/strong><\/h5>\n<p><a href=\"https:\/\/saude.ufpr.br\/nutricao\/wp-content\/uploads\/sites\/15\/2025\/09\/SEI_UFPR-7858028-Portaria.pdf\" target=\"_blank\" rel=\"noopener\">\u00a0 \u00a0 \u00a0 \u00a0Ajuste Curricular do Curso de Nutri\u00e7\u00e3o<\/a><\/p>\n<h5><strong>Projeto Pedag\u00f3gico<\/strong><\/h5>\n<p style=\"padding-left: 30px\"><a href=\"https:\/\/saude.ufpr.br\/nutricao\/wp-content\/uploads\/sites\/15\/2024\/04\/PROJETO-PEDAGOGICO-2021.pdf\">PROJETO PEDAG\u00d3GICO <\/a><\/p>\n<h5><strong>POA<\/strong><\/h5>\n<p style=\"padding-left: 30px\"><a href=\"https:\/\/saude.ufpr.br\/nutricao\/wp-content\/uploads\/sites\/15\/2018\/08\/REGULAMENTO-POA-NUTRICAO.pdf\">Regula\u00e7\u00e3o do Programa de Orienta\u00e7\u00e3o Acad\u00eamica &#8211; POA (com formul\u00e1rios)<\/a><\/p>\n<h5><strong>TCC<\/strong><\/h5>\n<p style=\"padding-left: 30px\"><a href=\"https:\/\/saude.ufpr.br\/nutricao\/wp-content\/uploads\/sites\/15\/2023\/09\/NORMATIVA-DO-TRABALHO-DE-CONCLUSAO-DE-CURSO-Aprovado-com-apendices.pdf\">Normativa do Trabalho de Conclus\u00e3o de Curso (aprovada em 21\/08\/2023)<\/a><\/p>\n<p style=\"padding-left: 30px\"><a href=\"https:\/\/saude.ufpr.br\/nutricao\/wp-content\/uploads\/sites\/15\/2023\/09\/APENDICE-01-orientacao.pdf\">AP\u00caNDICE 01 &#8211; orienta\u00e7\u00e3o<\/a><\/p>\n<p style=\"padding-left: 30px\"><a href=\"https:\/\/saude.ufpr.br\/nutricao\/wp-content\/uploads\/sites\/15\/2023\/09\/APENDICE-02-desistencia-de-orientacao.pdf\">AP\u00caNDICE 02 &#8211; desist\u00eancia de orienta\u00e7\u00e3o<\/a><\/p>\n<p style=\"padding-left: 30px\"><a href=\"https:\/\/saude.ufpr.br\/nutricao\/wp-content\/uploads\/sites\/15\/2023\/09\/APENDICE-03-substituicao-de-orientadora.pdf\">AP\u00caNDICE 03 &#8211; substitui\u00e7\u00e3o de orientadora<\/a><\/p>\n<p style=\"padding-left: 30px\"><a href=\"https:\/\/saude.ufpr.br\/nutricao\/wp-content\/uploads\/sites\/15\/2023\/09\/APENDICE-04-ficha-de-avaliacao-membras.pdf\">AP\u00caNDICE 04 &#8211; ficha de avalia\u00e7\u00e3o membras<\/a><\/p>\n<p style=\"padding-left: 30px\"><a href=\"https:\/\/saude.ufpr.br\/nutricao\/wp-content\/uploads\/sites\/15\/2023\/09\/APENDICE-05-ficha-de-avaliacao-orientadora.pdf\">AP\u00caNDICE 05 &#8211; ficha de avalia\u00e7\u00e3o orientadora<\/a><\/p>\n<p style=\"padding-left: 30px\"><a href=\"https:\/\/saude.ufpr.br\/nutricao\/wp-content\/uploads\/sites\/15\/2023\/09\/APENDICE-06-encaminhamento-da-versao-final.pdf\">AP\u00caNDICE 06 &#8211; encaminhamento da vers\u00e3o final<\/a><\/p>\n<h5><strong>Atividades Formativas<\/strong><\/h5>\n<p style=\"padding-left: 30px\"><a href=\"https:\/\/saude.ufpr.br\/nutricao\/wp-content\/uploads\/sites\/15\/2024\/03\/Normativa-Horas-Formativas-2024.pdf\">Normas referentes \u00e0s atividades formativas do curso de Nutri\u00e7\u00e3o<\/a><\/p>\n<h5><strong>Atividades Curriculares de Extens\u00e3o<\/strong><\/h5>\n<p style=\"padding-left: 30px\"><a href=\"https:\/\/saude.ufpr.br\/nutricao\/wp-content\/uploads\/sites\/15\/2024\/03\/REGULAMENTO-DA-INTEGRALIZACAO-DA-EXTENSAO-2024.pdf\" rel=\"\">Normas referentes \u00e0s atividades de Extens\u00e3o do Curso de Nutri\u00e7\u00e3o<\/a><\/p>\n<h5><strong>NDE &#8211; N\u00facleo Docente Estruturante<\/strong><\/h5>\n<p style=\"padding-left: 30px\"><a href=\"https:\/\/saude.ufpr.br\/nutricao\/wp-content\/uploads\/sites\/15\/2021\/10\/Resolucao-79-09.pdf\">Resolu\u00e7\u00e3o n\u00b0 75\/09-CEPE<\/a><\/p>\n<h5><strong>Est\u00e1gios<\/strong><\/h5>\n<ul>\n<li><a href=\"https:\/\/saude.ufpr.br\/nutricao\/wp-content\/uploads\/sites\/15\/2025\/09\/Regulamento-de-estagio.pdf\" target=\"_blank\" rel=\"noopener\">Regulamento de est\u00e1gio-COE<\/a><\/li>\n<li><a href=\"https:\/\/saude.ufpr.br\/nutricao\/wp-content\/uploads\/sites\/15\/2021\/10\/Manual-de-Estagios.pdf\">Manual de Est\u00e1gios UFPR<\/a><\/li>\n<li><a href=\"https:\/\/saude.ufpr.br\/nutricao\/wp-content\/uploads\/sites\/15\/2023\/03\/resolucao_46_10_cepe-ESTAGIOS.pdf\">RESOLU\u00c7\u00c3O N\u00ba 46\/10-CEPE<\/a><\/li>\n<\/ul>\n<h5><strong>Resolu\u00e7\u00f5es da UFPR<\/strong><\/h5>\n<p style=\"padding-left: 30px\"><a href=\"https:\/\/saude.ufpr.br\/nutricao\/wp-content\/uploads\/sites\/15\/2018\/09\/Regimento_Geral_da_UFPR.pdf\">Regimento Geral da UFPR<\/a><\/p>\n<p style=\"padding-left: 30px\">Resolu\u00e7\u00e3o n\u00ba. 09\/94 \u2013 COUN \u2013 Disp\u00f5e sobre solenidades de Cola\u00e7\u00e3o de Grau (<a href=\"https:\/\/saude.ufpr.br\/nutricao\/wp-content\/uploads\/sites\/15\/2016\/03\/coun0994_colacao.pdf\" rel=\"\">09\/94<\/a>).<\/p>\n<p style=\"padding-left: 30px\">Resolu\u00e7\u00e3o n\u00ba. 02\/95 \u2013 COUN &#8211; Roteiro para as solenidades de Cola\u00e7\u00e3o de Grau (<a href=\"https:\/\/saude.ufpr.br\/nutricao\/wp-content\/uploads\/sites\/15\/2016\/03\/coun0295_colacao.pdf\" rel=\"\">02\/95<\/a>).<\/p>\n<p style=\"padding-left: 30px\">Resolu\u00e7\u00e3o n\u00ba. 37\/97 \u2013 CEPE \u2013 Aprova normas b\u00e1sicas de controle e registro da atividade acad\u00eamica (<a href=\"https:\/\/saude.ufpr.br\/nutricao\/wp-content\/uploads\/sites\/15\/2016\/03\/cepe3797.pdf\" rel=\"\">37\/97<\/a>).<\/p>\n<p style=\"padding-left: 30px\">Resolu\u00e7\u00e3o n\u00ba. 46\/10 \u2013 CEPE \u2013 Disp\u00f5e sobre os est\u00e1gios na Universidade Federal do Paran\u00e1 (<a href=\"https:\/\/saude.ufpr.br\/nutricao\/wp-content\/uploads\/sites\/15\/2016\/03\/cepe4610_estagios.pdf\" rel=\"\">46\/10<\/a>).<\/p>\n<p style=\"padding-left: 30px\">Resolu\u00e7\u00e3o n\u00ba. 35\/11 \u2013 CEPE \u2013 Estabelece normas para revalida\u00e7\u00e3o de diplomas (<a href=\"https:\/\/saude.ufpr.br\/nutricao\/wp-content\/uploads\/sites\/15\/2016\/03\/cepe3511_validacao_diploma.pdf\" rel=\"\">35\/11<\/a>).<\/p>\n<p style=\"padding-left: 30px\">Resolu\u00e7\u00e3o n\u00ba. 92\/13 \u2013 CEPE \u2013 Disp\u00f5e sobre dispensa de Disciplinas, de Equival\u00eancia de Disciplinas, de Exames de Adiantamento e Aproveitamento de Conhecimento (<a href=\"https:\/\/saude.ufpr.br\/nutricao\/wp-content\/uploads\/sites\/15\/2021\/10\/RESOLUCAO-N\u00b0-92.13-\u2013-CEPE.pdf\" rel=\"\">92\/13<\/a>). Alterada (<a href=\"https:\/\/saude.ufpr.br\/nutricao\/wp-content\/uploads\/sites\/15\/2018\/09\/cepe39-18.pdf\">39\/18<\/a>) + Instru\u00e7\u00e3o Normativa PROGRAD (<a href=\"https:\/\/saude.ufpr.br\/nutricao\/wp-content\/uploads\/sites\/15\/2021\/10\/INSTRUCAO-NORMATIVA-N\u00b0-01.14-\u2013-PROGRAD.pdf\">01\/14).<\/a><\/p>\n<p style=\"padding-left: 30px\">Resolu\u00e7\u00e3o n\u00ba. 95\/15 \u2013 CEPE \u2013 Disp\u00f5e sobre o Programa de Orienta\u00e7\u00e3o Acad\u00eamica (<a href=\"https:\/\/saude.ufpr.br\/nutricao\/wp-content\/uploads\/sites\/15\/2016\/03\/cepe9515_orientacao_academica.pdf\" rel=\"\">95\/15<\/a>).<\/p>\n<p style=\"padding-left: 30px\">Resolu\u00e7\u00e3o n\u00ba. 96\/15 \u2013 CEPE \u2013 Estabelece as normas para cancelamento de registro acad\u00eamico (<strong>suspensa<\/strong>).<\/p>\n<p style=\"padding-left: 30px\">Resolu\u00e7\u00e3o n\u00ba. 97\/15 \u2013 CEPE &#8211; Estabelece as normas para trancamento de curso (<a href=\"https:\/\/saude.ufpr.br\/nutricao\/wp-content\/uploads\/sites\/15\/2016\/03\/cepe9715_trancamento.pdf\" rel=\"\">97\/15<\/a>) + Instru\u00e7\u00e3o Normativa PROGRAD (<a href=\"https:\/\/saude.ufpr.br\/nutricao\/wp-content\/uploads\/sites\/15\/2018\/09\/resolucao_in_12052016-1140.pdf\">01\/16).<\/a><\/p>\n<p style=\"padding-left: 30px\">Resolu\u00e7\u00e3o N\u00ba 63\/10 \u2013 CEPE \u2013 Delega compet\u00eancia aos colegiados de curso de gradua\u00e7\u00e3o para a an\u00e1lise e julgamento dos pedidos de dispensa de pr\u00e9- requisito e co-requisito de disciplinas da Universidade Federal do Paran\u00e1 (<a href=\"https:\/\/saude.ufpr.br\/nutricao\/wp-content\/uploads\/sites\/15\/2018\/09\/resolucao_cepe_6310.pdf\">63\/10<\/a>).<\/p>\n<p style=\"padding-left: 30px\">Resolu\u00e7\u00e3o N\u00ba51\/17 &#8211; CEPE &#8211; Fixa o curr\u00edculo pleno do Curso de Nutri\u00e7\u00e3o do Setor de Ci\u00eancias da Sa\u00fade (<a href=\"https:\/\/saude.ufpr.br\/nutricao\/wp-content\/uploads\/sites\/15\/2021\/05\/Resolucao_n__51_17___CEPE.pdf\">51\/17)<\/a>.<\/p>\n<h5><strong>Outros<\/strong><\/h5>\n<p style=\"padding-left: 30px\"><a href=\"https:\/\/saude.ufpr.br\/nutricao\/wp-content\/uploads\/sites\/15\/2018\/08\/CES05.pdf\">Diretrizes Curriculares Nacional dos Cursos de Nutri\u00e7\u00e3o &#8211; MEC (CNE\/CES 5\/2001)<\/a><\/p>\n<p style=\"padding-left: 30px\"><a href=\"http:\/\/www.cfn.org.br\/wp-content\/uploads\/resolucoes\/Res_600_2018.htm\">Resolu\u00e7\u00e3o CFN sobre \u00e1reas de atua\u00e7\u00e3o do nutricionista e suas atribui\u00e7\u00f5es (CFN 600\/2018)<\/a><\/p>\n<p style=\"padding-left: 30px\"><a href=\"https:\/\/saude.ufpr.br\/nutricao\/wp-content\/uploads\/sites\/15\/2016\/02\/Lei11788Estagio.pdf\">Lei\u00a0n\u00ba. 11.788\/2008 \u2013 Disp\u00f5e sobre est\u00e1gio<\/a><\/p>\n","protected":false},"excerpt":{"rendered":"<p>GRADE 2026.01 GRADE 2026.1 CALEND\u00c1RIO ACAD\u00caMICO ATUALIZADO RESOLU\u00c7\u00c3O N\u00ba22\/25 &#8211; CEPE Manual do Estudante Guia Estudante UFPR-2026 Guia de Princ\u00edpios de \u00c9tica e Conduta para acad\u00eamicos de Nutri\u00e7\u00e3o\u00a0 Portaria N\u00b0 71\/PROGRAD\/COPAC Ajuste Curricular do Curso de Nutri\u00e7\u00e3o Portaria N\u00b0 91\/PROGRAP\/COPPAC \u00a0 \u00a0 \u00a0 \u00a0Ajuste Curricular do Curso de Nutri\u00e7\u00e3o Projeto Pedag\u00f3gico PROJETO PEDAG\u00d3GICO POA Regula\u00e7\u00e3o<br \/> <a href=\"https:\/\/saude.ufpr.br\/nutricao\/documentos-curso\/\" class=\"button success small readmore\">Leia mais<\/a><\/p>\n","protected":false},"author":15,"featured_media":0,"parent":0,"menu_order":0,"comment_status":"closed","ping_status":"closed","template":"","meta":{"_acf_changed":false,"_uag_custom_page_level_css":"","footnotes":""},"class_list":["post-175","page","type-page","status-publish","hentry"],"acf":[],"featured_image_src":null,"uagb_featured_image_src":{"full":false,"thumbnail":false,"medium":false,"medium_large":false,"large":false,"1536x1536":false,"2048x2048":false,"noticias-thumb":false,"banners-thumb":false,"maisnoticias-thumb":false,"post-thumbnail":false},"uagb_author_info":{"display_name":"Andrea Jankoski","author_link":"https:\/\/saude.ufpr.br\/nutricao\/author\/andrea\/"},"uagb_comment_info":0,"uagb_excerpt":"GRADE 2026.01 GRADE 2026.1 CALEND\u00c1RIO ACAD\u00caMICO ATUALIZADO RESOLU\u00c7\u00c3O N\u00ba22\/25 &#8211; CEPE Manual do Estudante Guia Estudante UFPR-2026 Guia de Princ\u00edpios de \u00c9tica e Conduta para acad\u00eamicos de Nutri\u00e7\u00e3o\u00a0 Portaria N\u00b0 71\/PROGRAD\/COPAC Ajuste Curricular do Curso de Nutri\u00e7\u00e3o Portaria N\u00b0 91\/PROGRAP\/COPPAC \u00a0 \u00a0 \u00a0 \u00a0Ajuste Curricular do Curso de Nutri\u00e7\u00e3o Projeto Pedag\u00f3gico PROJETO PEDAG\u00d3GICO POA Regula\u00e7\u00e3o&hellip;","publishpress_future_action":{"enabled":false,"date":"2026-04-30 07:18:38","action":"change-status","newStatus":"draft","terms":[],"taxonomy":"","extraData":[]},"publishpress_future_workflow_manual_trigger":{"enabledWorkflows":[]},"_links":{"self":[{"href":"https:\/\/saude.ufpr.br\/nutricao\/wp-json\/wp\/v2\/pages\/175","targetHints":{"allow":["GET"]}}],"collection":[{"href":"https:\/\/saude.ufpr.br\/nutricao\/wp-json\/wp\/v2\/pages"}],"about":[{"href":"https:\/\/saude.ufpr.br\/nutricao\/wp-json\/wp\/v2\/types\/page"}],"author":[{"embeddable":true,"href":"https:\/\/saude.ufpr.br\/nutricao\/wp-json\/wp\/v2\/users\/15"}],"replies":[{"embeddable":true,"href":"https:\/\/saude.ufpr.br\/nutricao\/wp-json\/wp\/v2\/comments?post=175"}],"version-history":[{"count":95,"href":"https:\/\/saude.ufpr.br\/nutricao\/wp-json\/wp\/v2\/pages\/175\/revisions"}],"predecessor-version":[{"id":2931,"href":"https:\/\/saude.ufpr.br\/nutricao\/wp-json\/wp\/v2\/pages\/175\/revisions\/2931"}],"wp:attachment":[{"href":"https:\/\/saude.ufpr.br\/nutricao\/wp-json\/wp\/v2\/media?parent=175"}],"curies":[{"name":"wp","href":"https:\/\/api.w.org\/{rel}","templated":true}]}}